{"id":19729,"date":"2025-11-24T14:01:46","date_gmt":"2025-11-24T13:01:46","guid":{"rendered":"https:\/\/portesdesiris.ch\/our-rooms\/cafe-des-jardins\/"},"modified":"2025-12-11T11:50:16","modified_gmt":"2025-12-11T10:50:16","slug":"cafe-des-jardins","status":"publish","type":"page","link":"https:\/\/portesdesiris.ch\/en\/our-rooms\/cafe-des-jardins\/","title":{"rendered":"Le Caf\u00e9 des Jardins"},"content":{"rendered":"<div class=\"wpb-content-wrapper\">\n<style type=\"text\/css\">\n\t#feslider-19729 {\n\t\tmargin-bottom: 10px;\n\t}\n<\/style>\n\n<div id=\"feslider-19729\" class=\"feslider harislab-feslider slider-pro\">\n\t<div class=\"sp-slides\">\n\n\t\n\t\t<div class=\"sp-slide\">\n\t\t\t<img decoding=\"async\" class=\"sp-image\" src=\"\" data-src=\"https:\/\/portesdesiris.ch\/wp-content\/uploads\/2025\/11\/Jardin-de-Vuillerens-2025-_MYR8312-www.lumieredujour.ch_.webp\">\n\n\t\t\t\t\t<\/div>\n\n\t\n\t\t<div class=\"sp-slide\">\n\t\t\t<img decoding=\"async\" class=\"sp-image\" src=\"\" data-src=\"https:\/\/portesdesiris.ch\/wp-content\/uploads\/2025\/11\/Jardin-de-Vuillerens-2025-_MYR8323-www.lumieredujour.ch_.webp\">\n\n\t\t\t\t\t<\/div>\n\n\t\n\t\t<div class=\"sp-slide\">\n\t\t\t<img decoding=\"async\" class=\"sp-image\" src=\"\" data-src=\"https:\/\/portesdesiris.ch\/wp-content\/uploads\/2025\/11\/Jardin-de-Vuillerens-2025-_MYR8329-www.lumieredujour.ch_.webp\">\n\n\t\t\t\t\t<\/div>\n\n\t\n\t\t<div class=\"sp-slide\">\n\t\t\t<img decoding=\"async\" class=\"sp-image\" src=\"\" data-src=\"https:\/\/portesdesiris.ch\/wp-content\/uploads\/2025\/11\/DSC06113.webp\">\n\n\t\t\t\t\t<\/div>\n\n\t\n\t\t<div class=\"sp-slide\">\n\t\t\t<img decoding=\"async\" class=\"sp-image\" src=\"\" data-src=\"https:\/\/portesdesiris.ch\/wp-content\/uploads\/2025\/11\/Jardin-de-Vuillerens-2025-_MYR8392-www.lumieredujour.ch-copie.webp\">\n\n\t\t\t\t\t<\/div>\n\n\t\n\t<\/div>\n<\/div>\n\n<p>[vc_row][vc_column][vc_column_text css=&#8221;&#8221;]<\/p>\n<h1>Un Espace \u00e0 Privatiser au C\u0153ur de l&#8217;Extraordinaire<\/h1>\n<p>Vous recherchez un lieu\u00a0surprenant et bucolique\u00a0pour une garden party intime et m\u00e9morable ? Nich\u00e9 au c\u0153ur des\u00a0jardins les plus extraordinaires de Suisse, le Caf\u00e9 des Jardins vous offre une parenth\u00e8se enchant\u00e9e.<\/p>\n<p>Transformez notre restaurant \u00e9ph\u00e9m\u00e8re en l&#8217;\u00e9crin id\u00e9al pour votre r\u00e9ception priv\u00e9e ou d\u2019entreprise. Laissez\u00a0la beaut\u00e9 de nos all\u00e9es fleuries\u00a0devenir le d\u00e9cor v\u00e9g\u00e9tal et exclusif de votre \u00e9v\u00e9nement.<\/p>\n<ul data-path-to-node=\"7\">\n<li>\n<p role=\"presentation\">Une terrasse bucolique \u00e0 l&#8217;ombre d\u00e9licate des majestueux\u00a0saules pleureurs, qui cr\u00e9ent un cocon de s\u00e9r\u00e9nit\u00e9 et de fra\u00eecheur, avec une vue imprenable sur les tr\u00e9sors floraux du Domaine.<\/p>\n<\/li>\n<li>\n<div role=\"presentation\">Un espace int\u00e9rieur accueillant et enti\u00e8rement r\u00e9nov\u00e9, offrant une atmosph\u00e8re chaleureuse et lumineuse. Le refuge parfait pour un repas convivial m\u00eame si le temps se rafra\u00eechit.<\/div>\n<\/li>\n<\/ul>\n<h3>L&#8217;Exclusivit\u00e9 de la Privatisation<\/h3>\n<p>Faites de ce lieu idyllique le v\u00f4tre en soir\u00e9e. Nous vous offrons la possibilit\u00e9 de privatiser int\u00e9gralement le Caf\u00e9 des Jardins pour donner \u00e0 vos occasions sp\u00e9ciales une dimension v\u00e9ritablement exclusive :<\/p>\n<ul data-path-to-node=\"10\">\n<li>\n<p role=\"presentation\">Soir\u00e9es Priv\u00e9es (anniversaires et fian\u00e7ailles)<\/p>\n<\/li>\n<li>\n<p role=\"presentation\">Repas d&#8217;entreprise\u00a0avec vos collaborateurs ou clients<\/p>\n<\/li>\n<\/ul>\n<p>Imaginez vos invit\u00e9s r\u00e9unis sous les \u00e9toiles, dans une ambiance feutr\u00e9e et \u00e9l\u00e9gante. Notre \u00e9quipe vous accompagnera pour cr\u00e9er un \u00e9v\u00e9nement sur mesure en collaboration avec notre traiteur exclusif et en mettant \u00e0 l&#8217;honneur une cuisine fra\u00eeche et faite maison, et les vins du Domaine.<\/p>\n<p>Ne cherchez plus le cadre parfait. Contactez-nous pour transformer cette oasis v\u00e9g\u00e9tale en votre restaurant de r\u00e9ception exclusif et hors du commun..<\/p>\n<p>Tarifs de location sur demande, musique jusqu&#8217;\u00e0 22h00, fin de l&#8217;\u00e9v\u00e9nement minuit maximum.<\/p>\n<p><strong>Capacit\u00e9 maximum 50 personnes<\/strong>[\/vc_column_text][\/vc_column][\/vc_row]<\/p>\n<\/div>","protected":false},"excerpt":{"rendered":"<p>[vc_row][vc_column][vc_column_text css=&#8221;&#8221;] Un Espace \u00e0 Privatiser au C\u0153ur de l&#8217;Extraordinaire Vous recherchez un lieu\u00a0surprenant et bucolique\u00a0pour une garden party intime et m\u00e9morable ? Nich\u00e9 au c\u0153ur des\u00a0jardins les plus extraordinaires de Suisse, le Caf\u00e9 des Jardins vous offre une parenth\u00e8se enchant\u00e9e. Transformez notre restaurant \u00e9ph\u00e9m\u00e8re en l&#8217;\u00e9crin id\u00e9al pour votre r\u00e9ception priv\u00e9e ou d\u2019entreprise. Laissez\u00a0la [&hellip;]<\/p>\n","protected":false},"author":15,"featured_media":19679,"parent":1877,"menu_order":11,"comment_status":"closed","ping_status":"closed","template":"templates\/template-resto.php","meta":{"_acf_changed":false,"footnotes":""},"class_list":["post-19729","page","type-page","status-publish","has-post-thumbnail","hentry"],"acf":[],"yoast_head":"<!-- This site is optimized with the Yoast SEO plugin v26.7 - https:\/\/yoast.com\/wordpress\/plugins\/seo\/ -->\n<title>Le Caf\u00e9 des Jardins - Portes des Iris<\/title>\n<meta name=\"description\" content=\"Nous vous offrons la possibilit\u00e9 de privatiser int\u00e9gralement le Caf\u00e9 des Jardins pour donner \u00e0 vos occasions sp\u00e9ciales une dimension v\u00e9ritablement exclusive\" \/>\n<meta name=\"robots\" content=\"index, follow, max-snippet:-1, max-image-preview:large, max-video-preview:-1\" \/>\n<link rel=\"canonical\" href=\"https:\/\/portesdesiris.ch\/en\/our-rooms\/cafe-des-jardins\/\" \/>\n<meta property=\"og:locale\" content=\"en_US\" \/>\n<meta property=\"og:type\" content=\"article\" \/>\n<meta property=\"og:title\" content=\"Le Caf\u00e9 des Jardins - Portes des Iris\" \/>\n<meta property=\"og:description\" content=\"Nous vous offrons la possibilit\u00e9 de privatiser int\u00e9gralement le Caf\u00e9 des Jardins pour donner \u00e0 vos occasions sp\u00e9ciales une dimension v\u00e9ritablement exclusive\" \/>\n<meta property=\"og:url\" content=\"https:\/\/portesdesiris.ch\/en\/our-rooms\/cafe-des-jardins\/\" \/>\n<meta property=\"og:site_name\" content=\"Portes des Iris\" \/>\n<meta property=\"article:publisher\" content=\"https:\/\/www.facebook.com\/portesdesiris\/\" \/>\n<meta property=\"article:modified_time\" content=\"2025-12-11T10:50:16+00:00\" \/>\n<meta property=\"og:image\" content=\"https:\/\/portesdesiris.ch\/wp-content\/uploads\/2025\/11\/Jardin-de-Vuillerens-2025-_MYR8329-www.lumieredujour.ch_.webp\" \/>\n\t<meta property=\"og:image:width\" content=\"1772\" \/>\n\t<meta property=\"og:image:height\" content=\"1191\" \/>\n\t<meta property=\"og:image:type\" content=\"image\/jpeg\" \/>\n<meta name=\"twitter:card\" content=\"summary_large_image\" \/>\n<meta name=\"twitter:label1\" content=\"Est. reading time\" \/>\n\t<meta name=\"twitter:data1\" content=\"2 minutes\" \/>\n<script type=\"application\/ld+json\" class=\"yoast-schema-graph\">{\"@context\":\"https:\/\/schema.org\",\"@graph\":[{\"@type\":\"WebPage\",\"@id\":\"https:\/\/portesdesiris.ch\/en\/our-rooms\/cafe-des-jardins\/\",\"url\":\"https:\/\/portesdesiris.ch\/en\/our-rooms\/cafe-des-jardins\/\",\"name\":\"Le Caf\u00e9 des Jardins - Portes des Iris\",\"isPartOf\":{\"@id\":\"https:\/\/portesdesiris.ch\/de\/#website\"},\"primaryImageOfPage\":{\"@id\":\"https:\/\/portesdesiris.ch\/en\/our-rooms\/cafe-des-jardins\/#primaryimage\"},\"image\":{\"@id\":\"https:\/\/portesdesiris.ch\/en\/our-rooms\/cafe-des-jardins\/#primaryimage\"},\"thumbnailUrl\":\"https:\/\/portesdesiris.ch\/wp-content\/uploads\/2025\/11\/Jardin-de-Vuillerens-2025-_MYR8329-www.lumieredujour.ch_.webp\",\"datePublished\":\"2025-11-24T13:01:46+00:00\",\"dateModified\":\"2025-12-11T10:50:16+00:00\",\"description\":\"Nous vous offrons la possibilit\u00e9 de privatiser int\u00e9gralement le Caf\u00e9 des Jardins pour donner \u00e0 vos occasions sp\u00e9ciales une dimension v\u00e9ritablement exclusive\",\"breadcrumb\":{\"@id\":\"https:\/\/portesdesiris.ch\/en\/our-rooms\/cafe-des-jardins\/#breadcrumb\"},\"inLanguage\":\"en-US\",\"potentialAction\":[{\"@type\":\"ReadAction\",\"target\":[\"https:\/\/portesdesiris.ch\/en\/our-rooms\/cafe-des-jardins\/\"]}]},{\"@type\":\"ImageObject\",\"inLanguage\":\"en-US\",\"@id\":\"https:\/\/portesdesiris.ch\/en\/our-rooms\/cafe-des-jardins\/#primaryimage\",\"url\":\"https:\/\/portesdesiris.ch\/wp-content\/uploads\/2025\/11\/Jardin-de-Vuillerens-2025-_MYR8329-www.lumieredujour.ch_.webp\",\"contentUrl\":\"https:\/\/portesdesiris.ch\/wp-content\/uploads\/2025\/11\/Jardin-de-Vuillerens-2025-_MYR8329-www.lumieredujour.ch_.webp\",\"width\":1772,\"height\":1191},{\"@type\":\"BreadcrumbList\",\"@id\":\"https:\/\/portesdesiris.ch\/en\/our-rooms\/cafe-des-jardins\/#breadcrumb\",\"itemListElement\":[{\"@type\":\"ListItem\",\"position\":1,\"name\":\"Accueil\",\"item\":\"https:\/\/portesdesiris.ch\/en\/\"},{\"@type\":\"ListItem\",\"position\":2,\"name\":\"Our rooms\",\"item\":\"https:\/\/portesdesiris.ch\/en\/our-rooms\/\"},{\"@type\":\"ListItem\",\"position\":3,\"name\":\"Le Caf\u00e9 des Jardins\"}]},{\"@type\":\"WebSite\",\"@id\":\"https:\/\/portesdesiris.ch\/de\/#website\",\"url\":\"https:\/\/portesdesiris.ch\/de\/\",\"name\":\"Portes des Iris\",\"description\":\"\",\"potentialAction\":[{\"@type\":\"SearchAction\",\"target\":{\"@type\":\"EntryPoint\",\"urlTemplate\":\"https:\/\/portesdesiris.ch\/de\/?s={search_term_string}\"},\"query-input\":{\"@type\":\"PropertyValueSpecification\",\"valueRequired\":true,\"valueName\":\"search_term_string\"}}],\"inLanguage\":\"en-US\"}]}<\/script>\n<!-- \/ Yoast SEO plugin. -->","yoast_head_json":{"title":"Le Caf\u00e9 des Jardins - Portes des Iris","description":"Nous vous offrons la possibilit\u00e9 de privatiser int\u00e9gralement le Caf\u00e9 des Jardins pour donner \u00e0 vos occasions sp\u00e9ciales une dimension v\u00e9ritablement exclusive","robots":{"index":"index","follow":"follow","max-snippet":"max-snippet:-1","max-image-preview":"max-image-preview:large","max-video-preview":"max-video-preview:-1"},"canonical":"https:\/\/portesdesiris.ch\/en\/our-rooms\/cafe-des-jardins\/","og_locale":"en_US","og_type":"article","og_title":"Le Caf\u00e9 des Jardins - Portes des Iris","og_description":"Nous vous offrons la possibilit\u00e9 de privatiser int\u00e9gralement le Caf\u00e9 des Jardins pour donner \u00e0 vos occasions sp\u00e9ciales une dimension v\u00e9ritablement exclusive","og_url":"https:\/\/portesdesiris.ch\/en\/our-rooms\/cafe-des-jardins\/","og_site_name":"Portes des Iris","article_publisher":"https:\/\/www.facebook.com\/portesdesiris\/","article_modified_time":"2025-12-11T10:50:16+00:00","og_image":[{"width":1772,"height":1191,"url":"https:\/\/portesdesiris.ch\/wp-content\/uploads\/2025\/11\/Jardin-de-Vuillerens-2025-_MYR8329-www.lumieredujour.ch_.webp","type":"image\/jpeg"}],"twitter_card":"summary_large_image","twitter_misc":{"Est. reading time":"2 minutes"},"schema":{"@context":"https:\/\/schema.org","@graph":[{"@type":"WebPage","@id":"https:\/\/portesdesiris.ch\/en\/our-rooms\/cafe-des-jardins\/","url":"https:\/\/portesdesiris.ch\/en\/our-rooms\/cafe-des-jardins\/","name":"Le Caf\u00e9 des Jardins - Portes des Iris","isPartOf":{"@id":"https:\/\/portesdesiris.ch\/de\/#website"},"primaryImageOfPage":{"@id":"https:\/\/portesdesiris.ch\/en\/our-rooms\/cafe-des-jardins\/#primaryimage"},"image":{"@id":"https:\/\/portesdesiris.ch\/en\/our-rooms\/cafe-des-jardins\/#primaryimage"},"thumbnailUrl":"https:\/\/portesdesiris.ch\/wp-content\/uploads\/2025\/11\/Jardin-de-Vuillerens-2025-_MYR8329-www.lumieredujour.ch_.webp","datePublished":"2025-11-24T13:01:46+00:00","dateModified":"2025-12-11T10:50:16+00:00","description":"Nous vous offrons la possibilit\u00e9 de privatiser int\u00e9gralement le Caf\u00e9 des Jardins pour donner \u00e0 vos occasions sp\u00e9ciales une dimension v\u00e9ritablement exclusive","breadcrumb":{"@id":"https:\/\/portesdesiris.ch\/en\/our-rooms\/cafe-des-jardins\/#breadcrumb"},"inLanguage":"en-US","potentialAction":[{"@type":"ReadAction","target":["https:\/\/portesdesiris.ch\/en\/our-rooms\/cafe-des-jardins\/"]}]},{"@type":"ImageObject","inLanguage":"en-US","@id":"https:\/\/portesdesiris.ch\/en\/our-rooms\/cafe-des-jardins\/#primaryimage","url":"https:\/\/portesdesiris.ch\/wp-content\/uploads\/2025\/11\/Jardin-de-Vuillerens-2025-_MYR8329-www.lumieredujour.ch_.webp","contentUrl":"https:\/\/portesdesiris.ch\/wp-content\/uploads\/2025\/11\/Jardin-de-Vuillerens-2025-_MYR8329-www.lumieredujour.ch_.webp","width":1772,"height":1191},{"@type":"BreadcrumbList","@id":"https:\/\/portesdesiris.ch\/en\/our-rooms\/cafe-des-jardins\/#breadcrumb","itemListElement":[{"@type":"ListItem","position":1,"name":"Accueil","item":"https:\/\/portesdesiris.ch\/en\/"},{"@type":"ListItem","position":2,"name":"Our rooms","item":"https:\/\/portesdesiris.ch\/en\/our-rooms\/"},{"@type":"ListItem","position":3,"name":"Le Caf\u00e9 des Jardins"}]},{"@type":"WebSite","@id":"https:\/\/portesdesiris.ch\/de\/#website","url":"https:\/\/portesdesiris.ch\/de\/","name":"Portes des Iris","description":"","potentialAction":[{"@type":"SearchAction","target":{"@type":"EntryPoint","urlTemplate":"https:\/\/portesdesiris.ch\/de\/?s={search_term_string}"},"query-input":{"@type":"PropertyValueSpecification","valueRequired":true,"valueName":"search_term_string"}}],"inLanguage":"en-US"}]}},"_links":{"self":[{"href":"https:\/\/portesdesiris.ch\/en\/wp-json\/wp\/v2\/pages\/19729","targetHints":{"allow":["GET"]}}],"collection":[{"href":"https:\/\/portesdesiris.ch\/en\/wp-json\/wp\/v2\/pages"}],"about":[{"href":"https:\/\/portesdesiris.ch\/en\/wp-json\/wp\/v2\/types\/page"}],"author":[{"embeddable":true,"href":"https:\/\/portesdesiris.ch\/en\/wp-json\/wp\/v2\/users\/15"}],"replies":[{"embeddable":true,"href":"https:\/\/portesdesiris.ch\/en\/wp-json\/wp\/v2\/comments?post=19729"}],"version-history":[{"count":7,"href":"https:\/\/portesdesiris.ch\/en\/wp-json\/wp\/v2\/pages\/19729\/revisions"}],"predecessor-version":[{"id":19813,"href":"https:\/\/portesdesiris.ch\/en\/wp-json\/wp\/v2\/pages\/19729\/revisions\/19813"}],"up":[{"embeddable":true,"href":"https:\/\/portesdesiris.ch\/en\/wp-json\/wp\/v2\/pages\/1877"}],"wp:featuredmedia":[{"embeddable":true,"href":"https:\/\/portesdesiris.ch\/en\/wp-json\/wp\/v2\/media\/19679"}],"wp:attachment":[{"href":"https:\/\/portesdesiris.ch\/en\/wp-json\/wp\/v2\/media?parent=19729"}],"curies":[{"name":"wp","href":"https:\/\/api.w.org\/{rel}","templated":true}]}}