{"id":1883,"date":"2016-06-28T12:15:31","date_gmt":"2016-06-28T10:15:31","guid":{"rendered":"http:\/\/6l94bzuhd.preview.infomaniak.website\/en\/location-de-salles\/hangar\/"},"modified":"2020-02-17T09:33:04","modified_gmt":"2020-02-17T08:33:04","slug":"hangar","status":"publish","type":"page","link":"https:\/\/portesdesiris.ch\/en\/our-rooms\/hangar\/","title":{"rendered":"Hangar"},"content":{"rendered":"<div class=\"wpb-content-wrapper\">\n<style type=\"text\/css\">\n\t#feslider-1883 {\n\t\tmargin-bottom: 10px;\n\t}\n<\/style>\n\n<div id=\"feslider-1883\" class=\"feslider harislab-feslider slider-pro\">\n\t<div class=\"sp-slides\">\n\n\t\n\t\t<div class=\"sp-slide\">\n\t\t\t<img decoding=\"async\" class=\"sp-image\" src=\"\" data-src=\"https:\/\/portesdesiris.ch\/wp-content\/uploads\/2020\/01\/portes-des-iris-hangar-courtyard4.jpg\">\n\n\t\t\t\t\t<\/div>\n\n\t\n\t\t<div class=\"sp-slide\">\n\t\t\t<img decoding=\"async\" class=\"sp-image\" src=\"\" data-src=\"https:\/\/portesdesiris.ch\/wp-content\/uploads\/2019\/04\/portesdesiris_soireesuisse_groupemutuel_small.jpg\">\n\n\t\t\t\t\t<\/div>\n\n\t\n\t\t<div class=\"sp-slide\">\n\t\t\t<img decoding=\"async\" class=\"sp-image\" src=\"\" data-src=\"https:\/\/portesdesiris.ch\/wp-content\/uploads\/2020\/01\/portes-des-iris-hangar-courtyard3.jpg\">\n\n\t\t\t\n\t\t\t<p class=\"sp-layer sp-black sp-padding feslider-caption\"\n\t\t\t\tdata-position=\"bottomLeft\" data-horizontal=\"10%\" data-vertical=\"35px\" data-width=\"80%\"\n\t\t\t\tdata-show-transition=\"up\" data-show-delay=\"400\">\n\t\t\t\tpr\u00e9paratifs de c\u00e9r\u00e9monie sous le hangar\t\t\t<\/p>\n\n\t\t\t\t\t<\/div>\n\n\t\n\t\t<div class=\"sp-slide\">\n\t\t\t<img decoding=\"async\" class=\"sp-image\" src=\"\" data-src=\"https:\/\/portesdesiris.ch\/wp-content\/uploads\/2020\/01\/portes-des-iris-hangar-courtyard1.jpg\">\n\n\t\t\t\t\t<\/div>\n\n\t\n\t\t<div class=\"sp-slide\">\n\t\t\t<img decoding=\"async\" class=\"sp-image\" src=\"\" data-src=\"https:\/\/portesdesiris.ch\/wp-content\/uploads\/2020\/01\/portes-des-iris-hangar-courtyard2.jpg\">\n\n\t\t\t\t\t<\/div>\n\n\t\n\t<\/div>\n<\/div>\n\n<p>[vc_row][vc_column][vc_column_text]The courtyard is an ideal location for a special welcome of the guests, an theme animation, a car exhibition and test drive departure. The ancien barn is full of charm ideal for greeting guests, presentation, animations covered in case of bad weather and bohemian wedding ceremonies.[\/vc_column_text][\/vc_column][\/vc_row][vc_row][vc_column][vc_column_text]<code><iframe loading=\"lazy\" src=\"https:\/\/portesdesiris.ch\/wp-content\/uploads\/virtualvisits\/8\/Portes%20Des%20Iris%208.html\" width=\"100%\" height=\"480px\" frameborder=\"0\" align=\"center\"> <\/iframe><br \/>\n<\/code>[\/vc_column_text][\/vc_column][\/vc_row]<\/p>\n<\/div>","protected":false},"excerpt":{"rendered":"<p>pr\u00e9paratifs de c\u00e9r\u00e9monie sous le hangar [vc_row][vc_column][vc_column_text]The courtyard is an ideal location for a special welcome of the guests, an theme animation, a car exhibition and test drive departure. The ancien barn is full of charm ideal for greeting guests, presentation, animations covered in case of bad weather and bohemian wedding ceremonies.[\/vc_column_text][\/vc_column][\/vc_row][vc_row][vc_column][vc_column_text] [\/vc_column_text][\/vc_column][\/vc_row]<\/p>\n","protected":false},"author":6,"featured_media":1540,"parent":1877,"menu_order":9,"comment_status":"closed","ping_status":"closed","template":"templates\/template-room.php","meta":{"_acf_changed":false,"footnotes":""},"class_list":["post-1883","page","type-page","status-publish","has-post-thumbnail","hentry"],"acf":[],"yoast_head":"<!-- This site is optimized with the Yoast SEO plugin v26.7 - https:\/\/yoast.com\/wordpress\/plugins\/seo\/ -->\n<title>Hangar - Portes des Iris<\/title>\n<meta name=\"description\" content=\"Stage left, an annex to the building full of charm ideal for greeting guests, presentation, animations covered in case of bad weather.\" \/>\n<meta name=\"robots\" content=\"index, follow, max-snippet:-1, max-image-preview:large, max-video-preview:-1\" \/>\n<link rel=\"canonical\" href=\"https:\/\/portesdesiris.ch\/location-de-salles\/hangar\/\" \/>\n<meta property=\"og:locale\" content=\"en_US\" \/>\n<meta property=\"og:type\" content=\"article\" \/>\n<meta property=\"og:title\" content=\"Hangar - Portes des Iris\" \/>\n<meta property=\"og:description\" content=\"Stage left, an annex to the building full of charm ideal for greeting guests, presentation, animations covered in case of bad weather.\" \/>\n<meta property=\"og:url\" content=\"https:\/\/portesdesiris.ch\/location-de-salles\/hangar\/\" \/>\n<meta property=\"og:site_name\" content=\"Portes des Iris\" \/>\n<meta property=\"article:publisher\" content=\"https:\/\/www.facebook.com\/portesdesiris\/\" \/>\n<meta property=\"article:modified_time\" content=\"2020-02-17T08:33:04+00:00\" \/>\n<meta property=\"og:image\" content=\"https:\/\/portesdesiris.ch\/wp-content\/uploads\/2016\/06\/portesdesiris_soireesuisse_groupemutuel-1.jpg\" \/>\n\t<meta property=\"og:image:width\" content=\"1920\" \/>\n\t<meta property=\"og:image:height\" content=\"530\" \/>\n\t<meta property=\"og:image:type\" content=\"image\/jpeg\" \/>\n<meta name=\"twitter:card\" content=\"summary_large_image\" \/>\n<script type=\"application\/ld+json\" class=\"yoast-schema-graph\">{\"@context\":\"https:\/\/schema.org\",\"@graph\":[{\"@type\":\"WebPage\",\"@id\":\"https:\/\/portesdesiris.ch\/location-de-salles\/hangar\/\",\"url\":\"https:\/\/portesdesiris.ch\/location-de-salles\/hangar\/\",\"name\":\"Hangar - Portes des Iris\",\"isPartOf\":{\"@id\":\"https:\/\/portesdesiris.ch\/de\/#website\"},\"primaryImageOfPage\":{\"@id\":\"https:\/\/portesdesiris.ch\/location-de-salles\/hangar\/#primaryimage\"},\"image\":{\"@id\":\"https:\/\/portesdesiris.ch\/location-de-salles\/hangar\/#primaryimage\"},\"thumbnailUrl\":\"https:\/\/portesdesiris.ch\/wp-content\/uploads\/2016\/06\/portesdesiris_soireesuisse_groupemutuel-1.jpg\",\"datePublished\":\"2016-06-28T10:15:31+00:00\",\"dateModified\":\"2020-02-17T08:33:04+00:00\",\"description\":\"Stage left, an annex to the building full of charm ideal for greeting guests, presentation, animations covered in case of bad weather.\",\"breadcrumb\":{\"@id\":\"https:\/\/portesdesiris.ch\/location-de-salles\/hangar\/#breadcrumb\"},\"inLanguage\":\"en-US\",\"potentialAction\":[{\"@type\":\"ReadAction\",\"target\":[\"https:\/\/portesdesiris.ch\/location-de-salles\/hangar\/\"]}]},{\"@type\":\"ImageObject\",\"inLanguage\":\"en-US\",\"@id\":\"https:\/\/portesdesiris.ch\/location-de-salles\/hangar\/#primaryimage\",\"url\":\"https:\/\/portesdesiris.ch\/wp-content\/uploads\/2016\/06\/portesdesiris_soireesuisse_groupemutuel-1.jpg\",\"contentUrl\":\"https:\/\/portesdesiris.ch\/wp-content\/uploads\/2016\/06\/portesdesiris_soireesuisse_groupemutuel-1.jpg\",\"width\":1920,\"height\":530,\"caption\":\"portesdesiris_soireesuisse_groupemutuel\"},{\"@type\":\"BreadcrumbList\",\"@id\":\"https:\/\/portesdesiris.ch\/location-de-salles\/hangar\/#breadcrumb\",\"itemListElement\":[{\"@type\":\"ListItem\",\"position\":1,\"name\":\"Accueil\",\"item\":\"https:\/\/portesdesiris.ch\/en\/\"},{\"@type\":\"ListItem\",\"position\":2,\"name\":\"Our rooms\",\"item\":\"https:\/\/portesdesiris.ch\/en\/our-rooms\/\"},{\"@type\":\"ListItem\",\"position\":3,\"name\":\"Hangar\"}]},{\"@type\":\"WebSite\",\"@id\":\"https:\/\/portesdesiris.ch\/de\/#website\",\"url\":\"https:\/\/portesdesiris.ch\/de\/\",\"name\":\"Portes des Iris\",\"description\":\"\",\"potentialAction\":[{\"@type\":\"SearchAction\",\"target\":{\"@type\":\"EntryPoint\",\"urlTemplate\":\"https:\/\/portesdesiris.ch\/de\/?s={search_term_string}\"},\"query-input\":{\"@type\":\"PropertyValueSpecification\",\"valueRequired\":true,\"valueName\":\"search_term_string\"}}],\"inLanguage\":\"en-US\"}]}<\/script>\n<!-- \/ Yoast SEO plugin. -->","yoast_head_json":{"title":"Hangar - Portes des Iris","description":"Stage left, an annex to the building full of charm ideal for greeting guests, presentation, animations covered in case of bad weather.","robots":{"index":"index","follow":"follow","max-snippet":"max-snippet:-1","max-image-preview":"max-image-preview:large","max-video-preview":"max-video-preview:-1"},"canonical":"https:\/\/portesdesiris.ch\/location-de-salles\/hangar\/","og_locale":"en_US","og_type":"article","og_title":"Hangar - Portes des Iris","og_description":"Stage left, an annex to the building full of charm ideal for greeting guests, presentation, animations covered in case of bad weather.","og_url":"https:\/\/portesdesiris.ch\/location-de-salles\/hangar\/","og_site_name":"Portes des Iris","article_publisher":"https:\/\/www.facebook.com\/portesdesiris\/","article_modified_time":"2020-02-17T08:33:04+00:00","og_image":[{"width":1920,"height":530,"url":"https:\/\/portesdesiris.ch\/wp-content\/uploads\/2016\/06\/portesdesiris_soireesuisse_groupemutuel-1.jpg","type":"image\/jpeg"}],"twitter_card":"summary_large_image","schema":{"@context":"https:\/\/schema.org","@graph":[{"@type":"WebPage","@id":"https:\/\/portesdesiris.ch\/location-de-salles\/hangar\/","url":"https:\/\/portesdesiris.ch\/location-de-salles\/hangar\/","name":"Hangar - Portes des Iris","isPartOf":{"@id":"https:\/\/portesdesiris.ch\/de\/#website"},"primaryImageOfPage":{"@id":"https:\/\/portesdesiris.ch\/location-de-salles\/hangar\/#primaryimage"},"image":{"@id":"https:\/\/portesdesiris.ch\/location-de-salles\/hangar\/#primaryimage"},"thumbnailUrl":"https:\/\/portesdesiris.ch\/wp-content\/uploads\/2016\/06\/portesdesiris_soireesuisse_groupemutuel-1.jpg","datePublished":"2016-06-28T10:15:31+00:00","dateModified":"2020-02-17T08:33:04+00:00","description":"Stage left, an annex to the building full of charm ideal for greeting guests, presentation, animations covered in case of bad weather.","breadcrumb":{"@id":"https:\/\/portesdesiris.ch\/location-de-salles\/hangar\/#breadcrumb"},"inLanguage":"en-US","potentialAction":[{"@type":"ReadAction","target":["https:\/\/portesdesiris.ch\/location-de-salles\/hangar\/"]}]},{"@type":"ImageObject","inLanguage":"en-US","@id":"https:\/\/portesdesiris.ch\/location-de-salles\/hangar\/#primaryimage","url":"https:\/\/portesdesiris.ch\/wp-content\/uploads\/2016\/06\/portesdesiris_soireesuisse_groupemutuel-1.jpg","contentUrl":"https:\/\/portesdesiris.ch\/wp-content\/uploads\/2016\/06\/portesdesiris_soireesuisse_groupemutuel-1.jpg","width":1920,"height":530,"caption":"portesdesiris_soireesuisse_groupemutuel"},{"@type":"BreadcrumbList","@id":"https:\/\/portesdesiris.ch\/location-de-salles\/hangar\/#breadcrumb","itemListElement":[{"@type":"ListItem","position":1,"name":"Accueil","item":"https:\/\/portesdesiris.ch\/en\/"},{"@type":"ListItem","position":2,"name":"Our rooms","item":"https:\/\/portesdesiris.ch\/en\/our-rooms\/"},{"@type":"ListItem","position":3,"name":"Hangar"}]},{"@type":"WebSite","@id":"https:\/\/portesdesiris.ch\/de\/#website","url":"https:\/\/portesdesiris.ch\/de\/","name":"Portes des Iris","description":"","potentialAction":[{"@type":"SearchAction","target":{"@type":"EntryPoint","urlTemplate":"https:\/\/portesdesiris.ch\/de\/?s={search_term_string}"},"query-input":{"@type":"PropertyValueSpecification","valueRequired":true,"valueName":"search_term_string"}}],"inLanguage":"en-US"}]}},"_links":{"self":[{"href":"https:\/\/portesdesiris.ch\/en\/wp-json\/wp\/v2\/pages\/1883","targetHints":{"allow":["GET"]}}],"collection":[{"href":"https:\/\/portesdesiris.ch\/en\/wp-json\/wp\/v2\/pages"}],"about":[{"href":"https:\/\/portesdesiris.ch\/en\/wp-json\/wp\/v2\/types\/page"}],"author":[{"embeddable":true,"href":"https:\/\/portesdesiris.ch\/en\/wp-json\/wp\/v2\/users\/6"}],"replies":[{"embeddable":true,"href":"https:\/\/portesdesiris.ch\/en\/wp-json\/wp\/v2\/comments?post=1883"}],"version-history":[{"count":0,"href":"https:\/\/portesdesiris.ch\/en\/wp-json\/wp\/v2\/pages\/1883\/revisions"}],"up":[{"embeddable":true,"href":"https:\/\/portesdesiris.ch\/en\/wp-json\/wp\/v2\/pages\/1877"}],"wp:featuredmedia":[{"embeddable":true,"href":"https:\/\/portesdesiris.ch\/en\/wp-json\/wp\/v2\/media\/1540"}],"wp:attachment":[{"href":"https:\/\/portesdesiris.ch\/en\/wp-json\/wp\/v2\/media?parent=1883"}],"curies":[{"name":"wp","href":"https:\/\/api.w.org\/{rel}","templated":true}]}}