{"id":1880,"date":"2016-06-28T11:52:56","date_gmt":"2016-06-28T09:52:56","guid":{"rendered":"http:\/\/6l94bzuhd.preview.infomaniak.website\/en\/location-de-salles\/diana\/"},"modified":"2020-03-03T15:29:35","modified_gmt":"2020-03-03T14:29:35","slug":"diana","status":"publish","type":"page","link":"https:\/\/portesdesiris.ch\/en\/our-rooms\/diana\/","title":{"rendered":"Diana"},"content":{"rendered":"<div class=\"wpb-content-wrapper\">\n<style type=\"text\/css\">\n\t#feslider-1880 {\n\t\tmargin-bottom: 10px;\n\t}\n<\/style>\n\n<div id=\"feslider-1880\" class=\"feslider harislab-feslider slider-pro\">\n\t<div class=\"sp-slides\">\n\n\t\n\t\t<div class=\"sp-slide\">\n\t\t\t<img decoding=\"async\" class=\"sp-image\" src=\"\" data-src=\"https:\/\/portesdesiris.ch\/wp-content\/uploads\/2020\/03\/portes-des-iris-mariage-diana.jpg\">\n\n\t\t\t\n\t\t\t<p class=\"sp-layer sp-black sp-padding feslider-caption\"\n\t\t\t\tdata-position=\"bottomLeft\" data-horizontal=\"10%\" data-vertical=\"35px\" data-width=\"80%\"\n\t\t\t\tdata-show-transition=\"up\" data-show-delay=\"400\">\n\t\t\t\tpic by Christelle Naville\t\t\t<\/p>\n\n\t\t\t\t\t<\/div>\n\n\t\n\t\t<div class=\"sp-slide\">\n\t\t\t<img decoding=\"async\" class=\"sp-image\" src=\"\" data-src=\"https:\/\/portesdesiris.ch\/wp-content\/uploads\/2020\/03\/portes-des-iris-pr\u00e9paratifs-mariage.jpg\">\n\n\t\t\t\t\t<\/div>\n\n\t\n\t\t<div class=\"sp-slide\">\n\t\t\t<img decoding=\"async\" class=\"sp-image\" src=\"\" data-src=\"https:\/\/portesdesiris.ch\/wp-content\/uploads\/2020\/03\/portes-des-iris-diana-pr\u00e9aratifs-mariage.jpg\">\n\n\t\t\t\t\t<\/div>\n\n\t\n\t\t<div class=\"sp-slide\">\n\t\t\t<img decoding=\"async\" class=\"sp-image\" src=\"\" data-src=\"https:\/\/portesdesiris.ch\/wp-content\/uploads\/2020\/03\/portes-des-iris-mariage-preparatifs.jpg\">\n\n\t\t\t\t\t<\/div>\n\n\t\n\t<\/div>\n<\/div>\n\n<p>[vc_row][vc_column][vc_column_text]A charming room in two parts with direct access to the Collonges Terrace. Ideal for:<\/p>\n<p>Conference and breakout<br \/>\nSupport facility during large events<br \/>\nNursery, kids playing room, bride or groom dressing room<\/p>\n<p>Diana can only be rented in addition to another room.[\/vc_column_text][\/vc_column][\/vc_row][vc_row css=&#8221;.vc_custom_1466778943157{padding-top: 50px !important;}&#8221;][vc_column width=&#8221;2\/3&#8243;][vc_column_text]<\/p>\n<table class=\"ng-element el-table\" style=\"height: 425px;\" width=\"570\" data-id=\"6325009\">\n<tbody>\n<tr class=\"even\">\n<td id=\"A0\" data-coords=\"A0\">Surface (m2)<\/td>\n<td id=\"B0\" data-coords=\"B0\">50<\/td>\n<\/tr>\n<tr class=\"odd\">\n<td id=\"A1\" data-coords=\"A1\">Surface (sq. ft.)<\/td>\n<td id=\"B1\" data-coords=\"B1\">538<\/td>\n<\/tr>\n<tr class=\"even\">\n<td id=\"A2\" data-coords=\"A2\">Lenght x Width\u00a0(m)<\/td>\n<td id=\"B2\" data-coords=\"B2\">8.5 x 6<\/td>\n<\/tr>\n<tr class=\"odd\">\n<td id=\"A3\" data-coords=\"A3\">Lenght x Width (feet)<\/td>\n<td id=\"B3\" data-coords=\"B3\">27 x 19<\/td>\n<\/tr>\n<tr class=\"even\">\n<td id=\"A4\" data-coords=\"A4\">Height (m)<\/td>\n<td id=\"B4\" data-coords=\"B4\">3<\/td>\n<\/tr>\n<tr class=\"odd\">\n<td id=\"A5\" data-coords=\"A5\">Height (feet)<\/td>\n<td id=\"B5\" data-coords=\"B5\">10<\/td>\n<\/tr>\n<tr class=\"even\">\n<td id=\"A6\" data-coords=\"A6\">Seminar, school\u00a0style or in &#8220;U&#8221;<br \/>\n&#8211; With\u00a0rectangular tables\u00a0and chairs conferences<\/td>\n<td id=\"B6\" data-coords=\"B6\">2 x 12<\/td>\n<\/tr>\n<tr class=\"odd\">\n<td id=\"A7\" data-coords=\"A7\">Banquet,\u00a0Dinner<br \/>\n&#8211; With round\u00a0tables rondes\u00a0and chairs<\/td>\n<td id=\"B7\" data-coords=\"B7\">30<\/td>\n<\/tr>\n<tr class=\"even\">\n<td id=\"A8\" data-coords=\"A8\">Conf\u00e9rence style th\u00e9\u00e2tre<br \/>\n&#8211; Avec chaises mais sans tables<\/td>\n<td id=\"B8\" data-coords=\"B8\">2 x 20<\/td>\n<\/tr>\n<tr class=\"odd\">\n<td id=\"A9\" data-coords=\"A9\">Aperitif<\/td>\n<td id=\"B9\" data-coords=\"B9\">\u00a0 \u00a0 &#8211;<\/td>\n<\/tr>\n<tr class=\"even\">\n<td id=\"A10\" data-coords=\"A10\">Diner cocktail<\/td>\n<td id=\"B10\" data-coords=\"B10\">\u00a0 \u00a0 &#8211;<\/td>\n<\/tr>\n<\/tbody>\n<\/table>\n<p>[\/vc_column_text][\/vc_column][\/vc_row]<\/p>\n<\/div>","protected":false},"excerpt":{"rendered":"<p>pic by Christelle Naville [vc_row][vc_column][vc_column_text]A charming room in two parts with direct access to the Collonges Terrace. Ideal for: Conference and breakout Support facility during large events Nursery, kids playing room, bride or groom dressing room Diana can only be rented in addition to another room.[\/vc_column_text][\/vc_column][\/vc_row][vc_row css=&#8221;.vc_custom_1466778943157{padding-top: 50px !important;}&#8221;][vc_column width=&#8221;2\/3&#8243;][vc_column_text] Surface (m2) 50 Surface (sq. [&hellip;]<\/p>\n","protected":false},"author":6,"featured_media":2295,"parent":1877,"menu_order":6,"comment_status":"closed","ping_status":"closed","template":"templates\/template-room.php","meta":{"_acf_changed":false,"footnotes":""},"class_list":["post-1880","page","type-page","status-publish","has-post-thumbnail","hentry"],"acf":[],"yoast_head":"<!-- This site is optimized with the Yoast SEO plugin v26.7 - https:\/\/yoast.com\/wordpress\/plugins\/seo\/ -->\n<title>Diana - Portes des Iris<\/title>\n<meta name=\"description\" content=\"It is the ideal room for small conferences, workshops, or children&#039;s playroom\/nursery during weddings.\" \/>\n<meta name=\"robots\" content=\"index, follow, max-snippet:-1, max-image-preview:large, max-video-preview:-1\" \/>\n<link rel=\"canonical\" href=\"https:\/\/portesdesiris.ch\/location-de-salles\/diana\/\" \/>\n<meta property=\"og:locale\" content=\"en_US\" \/>\n<meta property=\"og:type\" content=\"article\" \/>\n<meta property=\"og:title\" content=\"Diana - Portes des Iris\" \/>\n<meta property=\"og:description\" content=\"It is the ideal room for small conferences, workshops, or children&#039;s playroom\/nursery during weddings.\" \/>\n<meta property=\"og:url\" content=\"https:\/\/portesdesiris.ch\/location-de-salles\/diana\/\" \/>\n<meta property=\"og:site_name\" content=\"Portes des Iris\" \/>\n<meta property=\"article:publisher\" content=\"https:\/\/www.facebook.com\/portesdesiris\/\" \/>\n<meta property=\"article:modified_time\" content=\"2020-03-03T14:29:35+00:00\" \/>\n<meta property=\"og:image\" content=\"https:\/\/portesdesiris.ch\/wp-content\/uploads\/2016\/08\/portesdesiris_nosespaces_diana.jpg\" \/>\n\t<meta property=\"og:image:width\" content=\"1920\" \/>\n\t<meta property=\"og:image:height\" content=\"1280\" \/>\n\t<meta property=\"og:image:type\" content=\"image\/jpeg\" \/>\n<meta name=\"twitter:card\" content=\"summary_large_image\" \/>\n<meta name=\"twitter:label1\" content=\"Est. reading time\" \/>\n\t<meta name=\"twitter:data1\" content=\"1 minute\" \/>\n<script type=\"application\/ld+json\" class=\"yoast-schema-graph\">{\"@context\":\"https:\/\/schema.org\",\"@graph\":[{\"@type\":\"WebPage\",\"@id\":\"https:\/\/portesdesiris.ch\/location-de-salles\/diana\/\",\"url\":\"https:\/\/portesdesiris.ch\/location-de-salles\/diana\/\",\"name\":\"Diana - Portes des Iris\",\"isPartOf\":{\"@id\":\"https:\/\/portesdesiris.ch\/de\/#website\"},\"primaryImageOfPage\":{\"@id\":\"https:\/\/portesdesiris.ch\/location-de-salles\/diana\/#primaryimage\"},\"image\":{\"@id\":\"https:\/\/portesdesiris.ch\/location-de-salles\/diana\/#primaryimage\"},\"thumbnailUrl\":\"https:\/\/portesdesiris.ch\/wp-content\/uploads\/2016\/08\/portesdesiris_nosespaces_diana.jpg\",\"datePublished\":\"2016-06-28T09:52:56+00:00\",\"dateModified\":\"2020-03-03T14:29:35+00:00\",\"description\":\"It is the ideal room for small conferences, workshops, or children's playroom\/nursery during weddings.\",\"breadcrumb\":{\"@id\":\"https:\/\/portesdesiris.ch\/location-de-salles\/diana\/#breadcrumb\"},\"inLanguage\":\"en-US\",\"potentialAction\":[{\"@type\":\"ReadAction\",\"target\":[\"https:\/\/portesdesiris.ch\/location-de-salles\/diana\/\"]}]},{\"@type\":\"ImageObject\",\"inLanguage\":\"en-US\",\"@id\":\"https:\/\/portesdesiris.ch\/location-de-salles\/diana\/#primaryimage\",\"url\":\"https:\/\/portesdesiris.ch\/wp-content\/uploads\/2016\/08\/portesdesiris_nosespaces_diana.jpg\",\"contentUrl\":\"https:\/\/portesdesiris.ch\/wp-content\/uploads\/2016\/08\/portesdesiris_nosespaces_diana.jpg\",\"width\":1920,\"height\":1280},{\"@type\":\"BreadcrumbList\",\"@id\":\"https:\/\/portesdesiris.ch\/location-de-salles\/diana\/#breadcrumb\",\"itemListElement\":[{\"@type\":\"ListItem\",\"position\":1,\"name\":\"Accueil\",\"item\":\"https:\/\/portesdesiris.ch\/en\/\"},{\"@type\":\"ListItem\",\"position\":2,\"name\":\"Our rooms\",\"item\":\"https:\/\/portesdesiris.ch\/en\/our-rooms\/\"},{\"@type\":\"ListItem\",\"position\":3,\"name\":\"Diana\"}]},{\"@type\":\"WebSite\",\"@id\":\"https:\/\/portesdesiris.ch\/de\/#website\",\"url\":\"https:\/\/portesdesiris.ch\/de\/\",\"name\":\"Portes des Iris\",\"description\":\"\",\"potentialAction\":[{\"@type\":\"SearchAction\",\"target\":{\"@type\":\"EntryPoint\",\"urlTemplate\":\"https:\/\/portesdesiris.ch\/de\/?s={search_term_string}\"},\"query-input\":{\"@type\":\"PropertyValueSpecification\",\"valueRequired\":true,\"valueName\":\"search_term_string\"}}],\"inLanguage\":\"en-US\"}]}<\/script>\n<!-- \/ Yoast SEO plugin. -->","yoast_head_json":{"title":"Diana - Portes des Iris","description":"It is the ideal room for small conferences, workshops, or children's playroom\/nursery during weddings.","robots":{"index":"index","follow":"follow","max-snippet":"max-snippet:-1","max-image-preview":"max-image-preview:large","max-video-preview":"max-video-preview:-1"},"canonical":"https:\/\/portesdesiris.ch\/location-de-salles\/diana\/","og_locale":"en_US","og_type":"article","og_title":"Diana - Portes des Iris","og_description":"It is the ideal room for small conferences, workshops, or children's playroom\/nursery during weddings.","og_url":"https:\/\/portesdesiris.ch\/location-de-salles\/diana\/","og_site_name":"Portes des Iris","article_publisher":"https:\/\/www.facebook.com\/portesdesiris\/","article_modified_time":"2020-03-03T14:29:35+00:00","og_image":[{"width":1920,"height":1280,"url":"https:\/\/portesdesiris.ch\/wp-content\/uploads\/2016\/08\/portesdesiris_nosespaces_diana.jpg","type":"image\/jpeg"}],"twitter_card":"summary_large_image","twitter_misc":{"Est. reading time":"1 minute"},"schema":{"@context":"https:\/\/schema.org","@graph":[{"@type":"WebPage","@id":"https:\/\/portesdesiris.ch\/location-de-salles\/diana\/","url":"https:\/\/portesdesiris.ch\/location-de-salles\/diana\/","name":"Diana - Portes des Iris","isPartOf":{"@id":"https:\/\/portesdesiris.ch\/de\/#website"},"primaryImageOfPage":{"@id":"https:\/\/portesdesiris.ch\/location-de-salles\/diana\/#primaryimage"},"image":{"@id":"https:\/\/portesdesiris.ch\/location-de-salles\/diana\/#primaryimage"},"thumbnailUrl":"https:\/\/portesdesiris.ch\/wp-content\/uploads\/2016\/08\/portesdesiris_nosespaces_diana.jpg","datePublished":"2016-06-28T09:52:56+00:00","dateModified":"2020-03-03T14:29:35+00:00","description":"It is the ideal room for small conferences, workshops, or children's playroom\/nursery during weddings.","breadcrumb":{"@id":"https:\/\/portesdesiris.ch\/location-de-salles\/diana\/#breadcrumb"},"inLanguage":"en-US","potentialAction":[{"@type":"ReadAction","target":["https:\/\/portesdesiris.ch\/location-de-salles\/diana\/"]}]},{"@type":"ImageObject","inLanguage":"en-US","@id":"https:\/\/portesdesiris.ch\/location-de-salles\/diana\/#primaryimage","url":"https:\/\/portesdesiris.ch\/wp-content\/uploads\/2016\/08\/portesdesiris_nosespaces_diana.jpg","contentUrl":"https:\/\/portesdesiris.ch\/wp-content\/uploads\/2016\/08\/portesdesiris_nosespaces_diana.jpg","width":1920,"height":1280},{"@type":"BreadcrumbList","@id":"https:\/\/portesdesiris.ch\/location-de-salles\/diana\/#breadcrumb","itemListElement":[{"@type":"ListItem","position":1,"name":"Accueil","item":"https:\/\/portesdesiris.ch\/en\/"},{"@type":"ListItem","position":2,"name":"Our rooms","item":"https:\/\/portesdesiris.ch\/en\/our-rooms\/"},{"@type":"ListItem","position":3,"name":"Diana"}]},{"@type":"WebSite","@id":"https:\/\/portesdesiris.ch\/de\/#website","url":"https:\/\/portesdesiris.ch\/de\/","name":"Portes des Iris","description":"","potentialAction":[{"@type":"SearchAction","target":{"@type":"EntryPoint","urlTemplate":"https:\/\/portesdesiris.ch\/de\/?s={search_term_string}"},"query-input":{"@type":"PropertyValueSpecification","valueRequired":true,"valueName":"search_term_string"}}],"inLanguage":"en-US"}]}},"_links":{"self":[{"href":"https:\/\/portesdesiris.ch\/en\/wp-json\/wp\/v2\/pages\/1880","targetHints":{"allow":["GET"]}}],"collection":[{"href":"https:\/\/portesdesiris.ch\/en\/wp-json\/wp\/v2\/pages"}],"about":[{"href":"https:\/\/portesdesiris.ch\/en\/wp-json\/wp\/v2\/types\/page"}],"author":[{"embeddable":true,"href":"https:\/\/portesdesiris.ch\/en\/wp-json\/wp\/v2\/users\/6"}],"replies":[{"embeddable":true,"href":"https:\/\/portesdesiris.ch\/en\/wp-json\/wp\/v2\/comments?post=1880"}],"version-history":[{"count":0,"href":"https:\/\/portesdesiris.ch\/en\/wp-json\/wp\/v2\/pages\/1880\/revisions"}],"up":[{"embeddable":true,"href":"https:\/\/portesdesiris.ch\/en\/wp-json\/wp\/v2\/pages\/1877"}],"wp:featuredmedia":[{"embeddable":true,"href":"https:\/\/portesdesiris.ch\/en\/wp-json\/wp\/v2\/media\/2295"}],"wp:attachment":[{"href":"https:\/\/portesdesiris.ch\/en\/wp-json\/wp\/v2\/media?parent=1880"}],"curies":[{"name":"wp","href":"https:\/\/api.w.org\/{rel}","templated":true}]}}