{"id":1872,"date":"2016-06-01T10:33:33","date_gmt":"2016-06-01T08:33:33","guid":{"rendered":"http:\/\/6l94bzuhd.preview.infomaniak.website\/mariages\/mariage-dhiver\/?lang=en"},"modified":"2025-01-22T11:49:10","modified_gmt":"2025-01-22T10:49:10","slug":"winter-weddings","status":"publish","type":"page","link":"https:\/\/portesdesiris.ch\/en\/mariages\/winter-weddings\/","title":{"rendered":"Fall &#038; Winter weddings"},"content":{"rendered":"<div class=\"wpb-content-wrapper\">\n<style type=\"text\/css\">\n\t#feslider-1872 {\n\t\tmargin-bottom: 10px;\n\t}\n<\/style>\n\n<div id=\"feslider-1872\" class=\"feslider harislab-feslider slider-pro\">\n\t<div class=\"sp-slides\">\n\n\t\n\t\t<div class=\"sp-slide\">\n\t\t\t<img decoding=\"async\" class=\"sp-image\" src=\"\" data-src=\"https:\/\/portesdesiris.ch\/wp-content\/uploads\/2020\/01\/portes-des-iris-mariage-automne-jardins.jpg\">\n\n\t\t\t\t\t<\/div>\n\n\t\n\t\t<div class=\"sp-slide\">\n\t\t\t<img decoding=\"async\" class=\"sp-image\" src=\"\" data-src=\"https:\/\/portesdesiris.ch\/wp-content\/uploads\/2019\/12\/portes-des-iris-mariage-hiver-1.jpeg\">\n\n\t\t\t\t\t<\/div>\n\n\t\n\t\t<div class=\"sp-slide\">\n\t\t\t<img decoding=\"async\" class=\"sp-image\" src=\"\" data-src=\"https:\/\/portesdesiris.ch\/wp-content\/uploads\/2018\/09\/love.jpg\">\n\n\t\t\t\t\t<\/div>\n\n\t\n\t\t<div class=\"sp-slide\">\n\t\t\t<img decoding=\"async\" class=\"sp-image\" src=\"\" data-src=\"https:\/\/portesdesiris.ch\/wp-content\/uploads\/2018\/10\/tlook-222_1.jpg\">\n\n\t\t\t\t\t<\/div>\n\n\t\n\t\t<div class=\"sp-slide\">\n\t\t\t<img decoding=\"async\" class=\"sp-image\" src=\"\" data-src=\"https:\/\/portesdesiris.ch\/wp-content\/uploads\/2019\/03\/LauraPierre-Yves-356_site_internet.jpg\">\n\n\t\t\t\n\t\t\t<p class=\"sp-layer sp-black sp-padding feslider-caption\"\n\t\t\t\tdata-position=\"bottomLeft\" data-horizontal=\"10%\" data-vertical=\"35px\" data-width=\"80%\"\n\t\t\t\tdata-show-transition=\"up\" data-show-delay=\"400\">\n\t\t\t\tmari\u00e9s dans l'all\u00e9e cavali\u00e8re\t\t\t<\/p>\n\n\t\t\t\t\t<\/div>\n\n\t\n\t\t<div class=\"sp-slide\">\n\t\t\t<img decoding=\"async\" class=\"sp-image\" src=\"\" data-src=\"https:\/\/portesdesiris.ch\/wp-content\/uploads\/2018\/09\/198_img_1090.jpg\">\n\n\t\t\t\n\t\t\t<p class=\"sp-layer sp-black sp-padding feslider-caption\"\n\t\t\t\tdata-position=\"bottomLeft\" data-horizontal=\"10%\" data-vertical=\"35px\" data-width=\"80%\"\n\t\t\t\tdata-show-transition=\"up\" data-show-delay=\"400\">\n\t\t\t\t#mariage,#wedding,#fun,#romantique,#Payerne,#Fribourg, #Porte des Iris, #VD, #C&amp;G Cantin Photo, #Couple, #Jour J,#Photographe de mariage,#CantinPhoto,#CantinPhoto.ch,#Cantin Photographes,\t\t\t<\/p>\n\n\t\t\t\t\t<\/div>\n\n\t\n\t<\/div>\n<\/div>\n\n<p>[vc_row][vc_column width=&#8221;2\/3&#8243;][vc_column_text css=&#8221;&#8221;]<\/p>\n<h2 style=\"text-align: center;\">A unique and magical atmosphere for your autumn or winter wedding !<\/h2>\n<p>Choosing to get married between October and April at Portes des Iris means offering your big day a magnificent and enchanted setting. More and more brides and grooms are choosing this time of year to get married at Portes des Iris, and here&#8217;s why:<\/p>\n<h3>A mild climate<\/h3>\n<p>Indoors and outdoors until the end of November, and often from mid-February onwards, the cold season is getting shorter and shorter! No heatwave&#8230;<\/p>\n<h3>Stunning scenery<\/h3>\n<p>Warm, vibrant autumn colors and incomparable winter light create an elegant, refined ambience in our rooms and gardens. Your wedding photos will benefit from an exceptional setting and illumination.<\/p>\n<h3>Unique and inspiring decorations<\/h3>\n<p>Bring out the candles, light our fireplace, make our walls glow silver or orange, dim the lights.<\/p>\n<h3>The uniqueness of an autumn or winter wedding<\/h3>\n<p>Mulled wine to welcome guests, a bengal fire for the ceremony ending, a cozy atmosphere for the meal, celebrating at a period when occasions are fewer and farther between, &#8230;<\/p>\n<h3>Savings and bonuses<\/h3>\n<p>20% reduction on all our prices on Saturdays from mid-October to mid-April. Complimentary Ch\u00e2teau de Vullierens wines for your aperitif, the ceremony room, beamer and screen.<\/p>\n<h3>Let our expertise as wedding planners and our brides and grooms convince you!<\/h3>\n<p><a href=\"https:\/\/portesdesiris.ch\/en\/in-autumn-prepare-for-your-golden-wedding\/\">In autumn, prepare for your golden wedding<\/a><\/p>\n<p><a href=\"https:\/\/portesdesiris.ch\/en\/the-wedding-of-marie-and-sylvain-19-10-2019\/\">The wedding of Marie and Sylvain &#8211; 19.10.2019<\/a><\/p>\n<p><a href=\"https:\/\/portesdesiris.ch\/en\/in-winter-prepare-your-fairy-tale-wedding\/\">In winter, prepare you fairy-tale wedding<\/a><\/p>\n<p><a href=\"https:\/\/portesdesiris.ch\/en\/the-winter-wedding-of-lyse-and-guillaume-at-portes-des-iris\/\">The winter wedding of Lyse and Guillaume &#8211; 11.02.2017<\/a><\/p>\n<p>[\/vc_column_text][\/vc_column][vc_column width=&#8221;1\/3&#8243; css=&#8221;.vc_custom_1464680708211{padding-right: 0px !important;padding-left: 0px !important;background-color: #e2d2be !important;}&#8221;][vc_column_text css=&#8221;.vc_custom_1470748699406{margin-bottom: 10px !important;}&#8221;]<\/p>\n<h5 style=\"text-align: center;\"><span style=\"color: #745227;\">CONTACT US<\/span><\/h5>\n<p>[\/vc_column_text][vc_row_inner][vc_column_inner width=&#8221;1\/4&#8243; offset=&#8221;vc_col-xs-3&#8243;][\/vc_column_inner][vc_column_inner width=&#8221;1\/2&#8243; offset=&#8221;vc_col-xs-6&#8243; css=&#8221;.vc_custom_1464851380274{margin-bottom: 10px !important;}&#8221;][vc_single_image image=&#8221;8519&#8243; alignment=&#8221;center&#8221; style=&#8221;vc_box_circle_2&#8243; css=&#8221;.vc_custom_1580402221523{margin-bottom: 0px !important;}&#8221;][\/vc_column_inner][vc_column_inner width=&#8221;1\/4&#8243; offset=&#8221;vc_col-xs-3&#8243;][\/vc_column_inner][\/vc_row_inner][vc_column_text css=&#8221;.vc_custom_1554913659833{margin-bottom: 10px !important;}&#8221;]<\/p>\n<p style=\"text-align: center;\"><span style=\"color: #745227;\">Corinne Salvisberg Perrone<\/span><\/p>\n<p style=\"text-align: center;\"><span style=\"color: #745227;\">021 869 88 80<\/span><\/p>\n<p>[\/vc_column_text][vc_btn title=&#8221;SEND ME A MAIL&#8221; style=&#8221;flat&#8221; color=&#8221;success&#8221; align=&#8221;center&#8221; css=&#8221;.vc_custom_1618933488428{margin-bottom: 40px !important;}&#8221; link=&#8221;url:https%3A%2F%2Fportesdesiris.ch%2Fen%2Fcontact%2F&#8221;][\/vc_column][\/vc_row]<\/p>\n<\/div>","protected":false},"excerpt":{"rendered":"<p>The perfect seasons to get married and save ! Cosy lights, warmth of our fireplace, magical atmosphere, let us convince you.<\/p>\n","protected":false},"author":6,"featured_media":576,"parent":1869,"menu_order":3,"comment_status":"closed","ping_status":"closed","template":"templates\/template-evenements.php","meta":{"_acf_changed":false,"footnotes":""},"class_list":["post-1872","page","type-page","status-publish","has-post-thumbnail","hentry"],"acf":[],"yoast_head":"<!-- This site is optimized with the Yoast SEO plugin v26.7 - https:\/\/yoast.com\/wordpress\/plugins\/seo\/ -->\n<title>Fall &amp; Winter weddings - Portes des Iris<\/title>\n<meta name=\"description\" content=\"Choosing to get married in the fall or winter means offering your big day a magnificent and enchanted setting with a special offer.\" \/>\n<meta name=\"robots\" content=\"index, follow, max-snippet:-1, max-image-preview:large, max-video-preview:-1\" \/>\n<link rel=\"canonical\" href=\"https:\/\/portesdesiris.ch\/mariages\/mariage-hiver\/\" \/>\n<meta property=\"og:locale\" content=\"en_US\" \/>\n<meta property=\"og:type\" content=\"article\" \/>\n<meta property=\"og:title\" content=\"Fall &amp; Winter weddings - Portes des Iris\" \/>\n<meta property=\"og:description\" content=\"Choosing to get married in the fall or winter means offering your big day a magnificent and enchanted setting with a special offer.\" \/>\n<meta property=\"og:url\" content=\"https:\/\/portesdesiris.ch\/mariages\/mariage-hiver\/\" \/>\n<meta property=\"og:site_name\" content=\"Portes des Iris\" \/>\n<meta property=\"article:publisher\" content=\"https:\/\/www.facebook.com\/portesdesiris\/\" \/>\n<meta property=\"article:modified_time\" content=\"2025-01-22T10:49:10+00:00\" \/>\n<meta property=\"og:image\" content=\"https:\/\/portesdesiris.ch\/wp-content\/uploads\/2016\/06\/portesdesiris_mariagedhiver-e1466082015877.jpg\" \/>\n\t<meta property=\"og:image:width\" content=\"1920\" \/>\n\t<meta property=\"og:image:height\" content=\"744\" \/>\n\t<meta property=\"og:image:type\" content=\"image\/jpeg\" \/>\n<meta name=\"twitter:card\" content=\"summary_large_image\" \/>\n<meta name=\"twitter:label1\" content=\"Est. reading time\" \/>\n\t<meta name=\"twitter:data1\" content=\"2 minutes\" \/>\n<script type=\"application\/ld+json\" class=\"yoast-schema-graph\">{\"@context\":\"https:\/\/schema.org\",\"@graph\":[{\"@type\":\"WebPage\",\"@id\":\"https:\/\/portesdesiris.ch\/mariages\/mariage-hiver\/\",\"url\":\"https:\/\/portesdesiris.ch\/mariages\/mariage-hiver\/\",\"name\":\"Fall & Winter weddings - Portes des Iris\",\"isPartOf\":{\"@id\":\"https:\/\/portesdesiris.ch\/de\/#website\"},\"primaryImageOfPage\":{\"@id\":\"https:\/\/portesdesiris.ch\/mariages\/mariage-hiver\/#primaryimage\"},\"image\":{\"@id\":\"https:\/\/portesdesiris.ch\/mariages\/mariage-hiver\/#primaryimage\"},\"thumbnailUrl\":\"https:\/\/portesdesiris.ch\/wp-content\/uploads\/2016\/06\/portesdesiris_mariagedhiver-e1466082015877.jpg\",\"datePublished\":\"2016-06-01T08:33:33+00:00\",\"dateModified\":\"2025-01-22T10:49:10+00:00\",\"description\":\"Choosing to get married in the fall or winter means offering your big day a magnificent and enchanted setting with a special offer.\",\"breadcrumb\":{\"@id\":\"https:\/\/portesdesiris.ch\/mariages\/mariage-hiver\/#breadcrumb\"},\"inLanguage\":\"en-US\",\"potentialAction\":[{\"@type\":\"ReadAction\",\"target\":[\"https:\/\/portesdesiris.ch\/mariages\/mariage-hiver\/\"]}]},{\"@type\":\"ImageObject\",\"inLanguage\":\"en-US\",\"@id\":\"https:\/\/portesdesiris.ch\/mariages\/mariage-hiver\/#primaryimage\",\"url\":\"https:\/\/portesdesiris.ch\/wp-content\/uploads\/2016\/06\/portesdesiris_mariagedhiver-e1466082015877.jpg\",\"contentUrl\":\"https:\/\/portesdesiris.ch\/wp-content\/uploads\/2016\/06\/portesdesiris_mariagedhiver-e1466082015877.jpg\",\"width\":1920,\"height\":744,\"caption\":\"portesdesiris_mariagedhiver\"},{\"@type\":\"BreadcrumbList\",\"@id\":\"https:\/\/portesdesiris.ch\/mariages\/mariage-hiver\/#breadcrumb\",\"itemListElement\":[{\"@type\":\"ListItem\",\"position\":1,\"name\":\"Accueil\",\"item\":\"https:\/\/portesdesiris.ch\/en\/\"},{\"@type\":\"ListItem\",\"position\":2,\"name\":\"Mariages\",\"item\":\"https:\/\/portesdesiris.ch\/mariages\/\"},{\"@type\":\"ListItem\",\"position\":3,\"name\":\"Fall &#038; Winter weddings\"}]},{\"@type\":\"WebSite\",\"@id\":\"https:\/\/portesdesiris.ch\/de\/#website\",\"url\":\"https:\/\/portesdesiris.ch\/de\/\",\"name\":\"Portes des Iris\",\"description\":\"\",\"potentialAction\":[{\"@type\":\"SearchAction\",\"target\":{\"@type\":\"EntryPoint\",\"urlTemplate\":\"https:\/\/portesdesiris.ch\/de\/?s={search_term_string}\"},\"query-input\":{\"@type\":\"PropertyValueSpecification\",\"valueRequired\":true,\"valueName\":\"search_term_string\"}}],\"inLanguage\":\"en-US\"}]}<\/script>\n<!-- \/ Yoast SEO plugin. -->","yoast_head_json":{"title":"Fall & Winter weddings - Portes des Iris","description":"Choosing to get married in the fall or winter means offering your big day a magnificent and enchanted setting with a special offer.","robots":{"index":"index","follow":"follow","max-snippet":"max-snippet:-1","max-image-preview":"max-image-preview:large","max-video-preview":"max-video-preview:-1"},"canonical":"https:\/\/portesdesiris.ch\/mariages\/mariage-hiver\/","og_locale":"en_US","og_type":"article","og_title":"Fall & Winter weddings - Portes des Iris","og_description":"Choosing to get married in the fall or winter means offering your big day a magnificent and enchanted setting with a special offer.","og_url":"https:\/\/portesdesiris.ch\/mariages\/mariage-hiver\/","og_site_name":"Portes des Iris","article_publisher":"https:\/\/www.facebook.com\/portesdesiris\/","article_modified_time":"2025-01-22T10:49:10+00:00","og_image":[{"width":1920,"height":744,"url":"https:\/\/portesdesiris.ch\/wp-content\/uploads\/2016\/06\/portesdesiris_mariagedhiver-e1466082015877.jpg","type":"image\/jpeg"}],"twitter_card":"summary_large_image","twitter_misc":{"Est. reading time":"2 minutes"},"schema":{"@context":"https:\/\/schema.org","@graph":[{"@type":"WebPage","@id":"https:\/\/portesdesiris.ch\/mariages\/mariage-hiver\/","url":"https:\/\/portesdesiris.ch\/mariages\/mariage-hiver\/","name":"Fall & Winter weddings - Portes des Iris","isPartOf":{"@id":"https:\/\/portesdesiris.ch\/de\/#website"},"primaryImageOfPage":{"@id":"https:\/\/portesdesiris.ch\/mariages\/mariage-hiver\/#primaryimage"},"image":{"@id":"https:\/\/portesdesiris.ch\/mariages\/mariage-hiver\/#primaryimage"},"thumbnailUrl":"https:\/\/portesdesiris.ch\/wp-content\/uploads\/2016\/06\/portesdesiris_mariagedhiver-e1466082015877.jpg","datePublished":"2016-06-01T08:33:33+00:00","dateModified":"2025-01-22T10:49:10+00:00","description":"Choosing to get married in the fall or winter means offering your big day a magnificent and enchanted setting with a special offer.","breadcrumb":{"@id":"https:\/\/portesdesiris.ch\/mariages\/mariage-hiver\/#breadcrumb"},"inLanguage":"en-US","potentialAction":[{"@type":"ReadAction","target":["https:\/\/portesdesiris.ch\/mariages\/mariage-hiver\/"]}]},{"@type":"ImageObject","inLanguage":"en-US","@id":"https:\/\/portesdesiris.ch\/mariages\/mariage-hiver\/#primaryimage","url":"https:\/\/portesdesiris.ch\/wp-content\/uploads\/2016\/06\/portesdesiris_mariagedhiver-e1466082015877.jpg","contentUrl":"https:\/\/portesdesiris.ch\/wp-content\/uploads\/2016\/06\/portesdesiris_mariagedhiver-e1466082015877.jpg","width":1920,"height":744,"caption":"portesdesiris_mariagedhiver"},{"@type":"BreadcrumbList","@id":"https:\/\/portesdesiris.ch\/mariages\/mariage-hiver\/#breadcrumb","itemListElement":[{"@type":"ListItem","position":1,"name":"Accueil","item":"https:\/\/portesdesiris.ch\/en\/"},{"@type":"ListItem","position":2,"name":"Mariages","item":"https:\/\/portesdesiris.ch\/mariages\/"},{"@type":"ListItem","position":3,"name":"Fall &#038; Winter weddings"}]},{"@type":"WebSite","@id":"https:\/\/portesdesiris.ch\/de\/#website","url":"https:\/\/portesdesiris.ch\/de\/","name":"Portes des Iris","description":"","potentialAction":[{"@type":"SearchAction","target":{"@type":"EntryPoint","urlTemplate":"https:\/\/portesdesiris.ch\/de\/?s={search_term_string}"},"query-input":{"@type":"PropertyValueSpecification","valueRequired":true,"valueName":"search_term_string"}}],"inLanguage":"en-US"}]}},"_links":{"self":[{"href":"https:\/\/portesdesiris.ch\/en\/wp-json\/wp\/v2\/pages\/1872","targetHints":{"allow":["GET"]}}],"collection":[{"href":"https:\/\/portesdesiris.ch\/en\/wp-json\/wp\/v2\/pages"}],"about":[{"href":"https:\/\/portesdesiris.ch\/en\/wp-json\/wp\/v2\/types\/page"}],"author":[{"embeddable":true,"href":"https:\/\/portesdesiris.ch\/en\/wp-json\/wp\/v2\/users\/6"}],"replies":[{"embeddable":true,"href":"https:\/\/portesdesiris.ch\/en\/wp-json\/wp\/v2\/comments?post=1872"}],"version-history":[{"count":4,"href":"https:\/\/portesdesiris.ch\/en\/wp-json\/wp\/v2\/pages\/1872\/revisions"}],"predecessor-version":[{"id":18660,"href":"https:\/\/portesdesiris.ch\/en\/wp-json\/wp\/v2\/pages\/1872\/revisions\/18660"}],"up":[{"embeddable":true,"href":"https:\/\/portesdesiris.ch\/en\/wp-json\/wp\/v2\/pages\/1869"}],"wp:featuredmedia":[{"embeddable":true,"href":"https:\/\/portesdesiris.ch\/en\/wp-json\/wp\/v2\/media\/576"}],"wp:attachment":[{"href":"https:\/\/portesdesiris.ch\/en\/wp-json\/wp\/v2\/media?parent=1872"}],"curies":[{"name":"wp","href":"https:\/\/api.w.org\/{rel}","templated":true}]}}