{"id":2127,"date":"2016-05-31T08:59:29","date_gmt":"2016-05-31T06:59:29","guid":{"rendered":"http:\/\/6l94bzuhd.preview.infomaniak.website\/de\/entreprises\/team-building\/"},"modified":"2021-04-20T17:23:03","modified_gmt":"2021-04-20T15:23:03","slug":"teambuilding","status":"publish","type":"page","link":"https:\/\/portesdesiris.ch\/de\/unternehmen\/teambuilding\/","title":{"rendered":"Teambuilding"},"content":{"rendered":"<div class=\"wpb-content-wrapper\">\n<style type=\"text\/css\">\n\t#feslider-2127 {\n\t\tmargin-bottom: 10px;\n\t}\n<\/style>\n\n<div id=\"feslider-2127\" class=\"feslider harislab-feslider slider-pro\">\n\t<div class=\"sp-slides\">\n\n\t\n\t\t<div class=\"sp-slide\">\n\t\t\t<img decoding=\"async\" class=\"sp-image\" src=\"\" data-src=\"https:\/\/portesdesiris.ch\/wp-content\/uploads\/2019\/12\/portesdesiris-teambuilding-ext\u00e9rieur.jpeg\">\n\n\t\t\t\t\t<\/div>\n\n\t\n\t\t<div class=\"sp-slide\">\n\t\t\t<img decoding=\"async\" class=\"sp-image\" src=\"\" data-src=\"https:\/\/portesdesiris.ch\/wp-content\/uploads\/2019\/12\/teambuilding-cooking-portesdesiris.jpeg\">\n\n\t\t\t\t\t<\/div>\n\n\t\n\t\t<div class=\"sp-slide\">\n\t\t\t<img decoding=\"async\" class=\"sp-image\" src=\"\" data-src=\"https:\/\/portesdesiris.ch\/wp-content\/uploads\/2019\/12\/portesdesiris-teambuilding-drum.jpeg\">\n\n\t\t\t\t\t<\/div>\n\n\t\n\t\t<div class=\"sp-slide\">\n\t\t\t<img decoding=\"async\" class=\"sp-image\" src=\"\" data-src=\"https:\/\/portesdesiris.ch\/wp-content\/uploads\/2019\/12\/teambuilding-rallye-portesdesiris.jpeg\">\n\n\t\t\t\t\t<\/div>\n\n\t\n\t\t<div class=\"sp-slide\">\n\t\t\t<img decoding=\"async\" class=\"sp-image\" src=\"\" data-src=\"https:\/\/portesdesiris.ch\/wp-content\/uploads\/2019\/12\/portesdesiris-teambuildling-cooking.jpeg\">\n\n\t\t\t\t\t<\/div>\n\n\t\n\t<\/div>\n<\/div>\n\n<p>[vc_row][vc_column width=&#8220;2\/3&#8243;][vc_column_text]Springen Sie \u00fcber Ihren eigenen Schatten. Treten Sie aus Ihrer Komfortzone\u00a0und teilen Sie\u00a0eine ungewohnte Aktivit\u00e4t um die Gruppenarbeit und den Zusammenhalt des Teams zu f\u00f6rdern. Teambuilding-Aktivit\u00e4ten bieten \u00fcberraschende M\u00f6glichkeiten und bei Portes des Iris\u00a0sind daf\u00fcr keine Grenzen gesetzt.<\/p>\n<p>Dank unserer Erfahrungen mit Gruppen, haben wir verschiedene Angebote ausfindig gemacht und eine enge Zusammenarbeit mit Partnern und den besten Anbietern in diesem Sektor entwickelt.<\/p>\n<p>Kochkurs<br \/>\nPercussions<br \/>\nSchokoladen-Atelier \/ erstellen von Schokoladenskulpturen<br \/>\nRallyes<\/p>\n<p><a href=\"http:\/\/6l94bzuhd.preview.infomaniak.website\/wp-content\/uploads\/2016\/07\/pdi_teambuilding_de.pdf\" target=\"_blank\" rel=\"noopener noreferrer\">Teambuilding Unterlagen hochladen<\/a>[\/vc_column_text][\/vc_column][vc_column width=&#8220;1\/3&#8243; css=&#8220;.vc_custom_1464680708211{padding-right: 0px !important;padding-left: 0px !important;background-color: #e2d2be !important;}&#8220;][vc_column_text css=&#8220;.vc_custom_1473065380104{margin-bottom: 10px !important;}&#8220;]<\/p>\n<h5 style=\"text-align: center;\"><span style=\"color: #745227;\">MEHR INFORMATIONEN<\/span><\/h5>\n<p>[\/vc_column_text][vc_row_inner][vc_column_inner width=&#8220;1\/4&#8243; offset=&#8220;vc_col-xs-3&#8243;][\/vc_column_inner][vc_column_inner width=&#8220;1\/2&#8243; offset=&#8220;vc_col-xs-6&#8243; css=&#8220;.vc_custom_1464851380274{margin-bottom: 10px !important;}&#8220;][vc_single_image image=&#8220;379&#8243; alignment=&#8220;center&#8220; style=&#8220;vc_box_circle_2&#8243; css=&#8220;.vc_custom_1466155972138{margin-bottom: 0px !important;}&#8220;][\/vc_column_inner][vc_column_inner width=&#8220;1\/4&#8243; offset=&#8220;vc_col-xs-3&#8243;][\/vc_column_inner][\/vc_row_inner][vc_column_text css=&#8220;.vc_custom_1467296167992{margin-bottom: 10px !important;}&#8220;]<\/p>\n<p style=\"text-align: center;\"><span style=\"color: #745227;\">Sophie Bertorelli<\/span><\/p>\n<p style=\"text-align: center;\"><span style=\"color: #745227;\">021 869 88 80<\/span><\/p>\n<p>[\/vc_column_text][vc_btn title=&#8220;KONTAKTIEREN SIE MICH PER EMAIL&#8220; style=&#8220;flat&#8220; color=&#8220;success&#8220; align=&#8220;center&#8220; css=&#8220;.vc_custom_1618932178211{margin-bottom: 40px !important;}&#8220; link=&#8220;url:https%3A%2F%2Fportesdesiris.ch%2Fde%2Fkontakt%2F&#8220;][\/vc_column][\/vc_row]<\/p>\n<\/div>","protected":false},"excerpt":{"rendered":"<p>Rallye, Weinverkostung, Kochkurs, Percussion,&#8230;bei Portes des Iris ist f\u00fcr Ihre Kunden und Ihr Team alles m\u00f6glich.<\/p>\n","protected":false},"author":6,"featured_media":465,"parent":2102,"menu_order":1,"comment_status":"closed","ping_status":"closed","template":"templates\/template-evenements.php","meta":{"_acf_changed":false,"footnotes":""},"class_list":["post-2127","page","type-page","status-publish","has-post-thumbnail","hentry"],"acf":[],"yoast_head":"<!-- This site is optimized with the Yoast SEO plugin v26.7 - https:\/\/yoast.com\/wordpress\/plugins\/seo\/ -->\n<title>Teambuilding - Portes des Iris<\/title>\n<meta name=\"description\" content=\"Rallye, Weinverkostung, Kochkurs, Percussion, bei Portes des Iris ist die Kreativit\u00e4t gross und f\u00fcr Ihr Team &amp; Kunden alles m\u00f6glich.\" \/>\n<meta name=\"robots\" content=\"index, follow, max-snippet:-1, max-image-preview:large, max-video-preview:-1\" \/>\n<link rel=\"canonical\" href=\"https:\/\/portesdesiris.ch\/entreprises\/team-building\/\" \/>\n<meta property=\"og:locale\" content=\"de_DE\" \/>\n<meta property=\"og:type\" content=\"article\" \/>\n<meta property=\"og:title\" content=\"Teambuilding - Portes des Iris\" \/>\n<meta property=\"og:description\" content=\"Rallye, Weinverkostung, Kochkurs, Percussion, bei Portes des Iris ist die Kreativit\u00e4t gross und f\u00fcr Ihr Team &amp; Kunden alles m\u00f6glich.\" \/>\n<meta property=\"og:url\" content=\"https:\/\/portesdesiris.ch\/entreprises\/team-building\/\" \/>\n<meta property=\"og:site_name\" content=\"Portes des Iris\" \/>\n<meta property=\"article:publisher\" content=\"https:\/\/www.facebook.com\/portesdesiris\/\" \/>\n<meta property=\"article:modified_time\" content=\"2021-04-20T15:23:03+00:00\" \/>\n<meta property=\"og:image\" content=\"https:\/\/portesdesiris.ch\/wp-content\/uploads\/2016\/06\/portesdesiris_teambuilding-e1466155906608.jpg\" \/>\n\t<meta property=\"og:image:width\" content=\"1920\" \/>\n\t<meta property=\"og:image:height\" content=\"715\" \/>\n\t<meta property=\"og:image:type\" content=\"image\/jpeg\" \/>\n<meta name=\"twitter:card\" content=\"summary_large_image\" \/>\n<meta name=\"twitter:label1\" content=\"Gesch\u00e4tzte Lesezeit\" \/>\n\t<meta name=\"twitter:data1\" content=\"1\u00a0Minute\" \/>\n<script type=\"application\/ld+json\" class=\"yoast-schema-graph\">{\"@context\":\"https:\/\/schema.org\",\"@graph\":[{\"@type\":\"WebPage\",\"@id\":\"https:\/\/portesdesiris.ch\/entreprises\/team-building\/\",\"url\":\"https:\/\/portesdesiris.ch\/entreprises\/team-building\/\",\"name\":\"Teambuilding - Portes des Iris\",\"isPartOf\":{\"@id\":\"https:\/\/portesdesiris.ch\/de\/#website\"},\"primaryImageOfPage\":{\"@id\":\"https:\/\/portesdesiris.ch\/entreprises\/team-building\/#primaryimage\"},\"image\":{\"@id\":\"https:\/\/portesdesiris.ch\/entreprises\/team-building\/#primaryimage\"},\"thumbnailUrl\":\"https:\/\/portesdesiris.ch\/wp-content\/uploads\/2016\/06\/portesdesiris_teambuilding-e1466155906608.jpg\",\"datePublished\":\"2016-05-31T06:59:29+00:00\",\"dateModified\":\"2021-04-20T15:23:03+00:00\",\"description\":\"Rallye, Weinverkostung, Kochkurs, Percussion, bei Portes des Iris ist die Kreativit\u00e4t gross und f\u00fcr Ihr Team & Kunden alles m\u00f6glich.\",\"breadcrumb\":{\"@id\":\"https:\/\/portesdesiris.ch\/entreprises\/team-building\/#breadcrumb\"},\"inLanguage\":\"de\",\"potentialAction\":[{\"@type\":\"ReadAction\",\"target\":[\"https:\/\/portesdesiris.ch\/entreprises\/team-building\/\"]}]},{\"@type\":\"ImageObject\",\"inLanguage\":\"de\",\"@id\":\"https:\/\/portesdesiris.ch\/entreprises\/team-building\/#primaryimage\",\"url\":\"https:\/\/portesdesiris.ch\/wp-content\/uploads\/2016\/06\/portesdesiris_teambuilding-e1466155906608.jpg\",\"contentUrl\":\"https:\/\/portesdesiris.ch\/wp-content\/uploads\/2016\/06\/portesdesiris_teambuilding-e1466155906608.jpg\",\"width\":1920,\"height\":715,\"caption\":\"portesdesiris_teambuilding_percussions\"},{\"@type\":\"BreadcrumbList\",\"@id\":\"https:\/\/portesdesiris.ch\/entreprises\/team-building\/#breadcrumb\",\"itemListElement\":[{\"@type\":\"ListItem\",\"position\":1,\"name\":\"Accueil\",\"item\":\"https:\/\/portesdesiris.ch\/de\/\"},{\"@type\":\"ListItem\",\"position\":2,\"name\":\"Unternehmen\",\"item\":\"https:\/\/portesdesiris.ch\/de\/unternehmen\/\"},{\"@type\":\"ListItem\",\"position\":3,\"name\":\"Teambuilding\"}]},{\"@type\":\"WebSite\",\"@id\":\"https:\/\/portesdesiris.ch\/de\/#website\",\"url\":\"https:\/\/portesdesiris.ch\/de\/\",\"name\":\"Portes des Iris\",\"description\":\"\",\"potentialAction\":[{\"@type\":\"SearchAction\",\"target\":{\"@type\":\"EntryPoint\",\"urlTemplate\":\"https:\/\/portesdesiris.ch\/de\/?s={search_term_string}\"},\"query-input\":{\"@type\":\"PropertyValueSpecification\",\"valueRequired\":true,\"valueName\":\"search_term_string\"}}],\"inLanguage\":\"de\"}]}<\/script>\n<!-- \/ Yoast SEO plugin. -->","yoast_head_json":{"title":"Teambuilding - Portes des Iris","description":"Rallye, Weinverkostung, Kochkurs, Percussion, bei Portes des Iris ist die Kreativit\u00e4t gross und f\u00fcr Ihr Team & Kunden alles m\u00f6glich.","robots":{"index":"index","follow":"follow","max-snippet":"max-snippet:-1","max-image-preview":"max-image-preview:large","max-video-preview":"max-video-preview:-1"},"canonical":"https:\/\/portesdesiris.ch\/entreprises\/team-building\/","og_locale":"de_DE","og_type":"article","og_title":"Teambuilding - Portes des Iris","og_description":"Rallye, Weinverkostung, Kochkurs, Percussion, bei Portes des Iris ist die Kreativit\u00e4t gross und f\u00fcr Ihr Team & Kunden alles m\u00f6glich.","og_url":"https:\/\/portesdesiris.ch\/entreprises\/team-building\/","og_site_name":"Portes des Iris","article_publisher":"https:\/\/www.facebook.com\/portesdesiris\/","article_modified_time":"2021-04-20T15:23:03+00:00","og_image":[{"width":1920,"height":715,"url":"https:\/\/portesdesiris.ch\/wp-content\/uploads\/2016\/06\/portesdesiris_teambuilding-e1466155906608.jpg","type":"image\/jpeg"}],"twitter_card":"summary_large_image","twitter_misc":{"Gesch\u00e4tzte Lesezeit":"1\u00a0Minute"},"schema":{"@context":"https:\/\/schema.org","@graph":[{"@type":"WebPage","@id":"https:\/\/portesdesiris.ch\/entreprises\/team-building\/","url":"https:\/\/portesdesiris.ch\/entreprises\/team-building\/","name":"Teambuilding - Portes des Iris","isPartOf":{"@id":"https:\/\/portesdesiris.ch\/de\/#website"},"primaryImageOfPage":{"@id":"https:\/\/portesdesiris.ch\/entreprises\/team-building\/#primaryimage"},"image":{"@id":"https:\/\/portesdesiris.ch\/entreprises\/team-building\/#primaryimage"},"thumbnailUrl":"https:\/\/portesdesiris.ch\/wp-content\/uploads\/2016\/06\/portesdesiris_teambuilding-e1466155906608.jpg","datePublished":"2016-05-31T06:59:29+00:00","dateModified":"2021-04-20T15:23:03+00:00","description":"Rallye, Weinverkostung, Kochkurs, Percussion, bei Portes des Iris ist die Kreativit\u00e4t gross und f\u00fcr Ihr Team & Kunden alles m\u00f6glich.","breadcrumb":{"@id":"https:\/\/portesdesiris.ch\/entreprises\/team-building\/#breadcrumb"},"inLanguage":"de","potentialAction":[{"@type":"ReadAction","target":["https:\/\/portesdesiris.ch\/entreprises\/team-building\/"]}]},{"@type":"ImageObject","inLanguage":"de","@id":"https:\/\/portesdesiris.ch\/entreprises\/team-building\/#primaryimage","url":"https:\/\/portesdesiris.ch\/wp-content\/uploads\/2016\/06\/portesdesiris_teambuilding-e1466155906608.jpg","contentUrl":"https:\/\/portesdesiris.ch\/wp-content\/uploads\/2016\/06\/portesdesiris_teambuilding-e1466155906608.jpg","width":1920,"height":715,"caption":"portesdesiris_teambuilding_percussions"},{"@type":"BreadcrumbList","@id":"https:\/\/portesdesiris.ch\/entreprises\/team-building\/#breadcrumb","itemListElement":[{"@type":"ListItem","position":1,"name":"Accueil","item":"https:\/\/portesdesiris.ch\/de\/"},{"@type":"ListItem","position":2,"name":"Unternehmen","item":"https:\/\/portesdesiris.ch\/de\/unternehmen\/"},{"@type":"ListItem","position":3,"name":"Teambuilding"}]},{"@type":"WebSite","@id":"https:\/\/portesdesiris.ch\/de\/#website","url":"https:\/\/portesdesiris.ch\/de\/","name":"Portes des Iris","description":"","potentialAction":[{"@type":"SearchAction","target":{"@type":"EntryPoint","urlTemplate":"https:\/\/portesdesiris.ch\/de\/?s={search_term_string}"},"query-input":{"@type":"PropertyValueSpecification","valueRequired":true,"valueName":"search_term_string"}}],"inLanguage":"de"}]}},"_links":{"self":[{"href":"https:\/\/portesdesiris.ch\/de\/wp-json\/wp\/v2\/pages\/2127","targetHints":{"allow":["GET"]}}],"collection":[{"href":"https:\/\/portesdesiris.ch\/de\/wp-json\/wp\/v2\/pages"}],"about":[{"href":"https:\/\/portesdesiris.ch\/de\/wp-json\/wp\/v2\/types\/page"}],"author":[{"embeddable":true,"href":"https:\/\/portesdesiris.ch\/de\/wp-json\/wp\/v2\/users\/6"}],"replies":[{"embeddable":true,"href":"https:\/\/portesdesiris.ch\/de\/wp-json\/wp\/v2\/comments?post=2127"}],"version-history":[{"count":0,"href":"https:\/\/portesdesiris.ch\/de\/wp-json\/wp\/v2\/pages\/2127\/revisions"}],"up":[{"embeddable":true,"href":"https:\/\/portesdesiris.ch\/de\/wp-json\/wp\/v2\/pages\/2102"}],"wp:featuredmedia":[{"embeddable":true,"href":"https:\/\/portesdesiris.ch\/de\/wp-json\/wp\/v2\/media\/465"}],"wp:attachment":[{"href":"https:\/\/portesdesiris.ch\/de\/wp-json\/wp\/v2\/media?parent=2127"}],"curies":[{"name":"wp","href":"https:\/\/api.w.org\/{rel}","templated":true}]}}