{"id":2124,"date":"2016-06-23T14:32:50","date_gmt":"2016-06-23T12:32:50","guid":{"rendered":"http:\/\/6l94bzuhd.preview.infomaniak.website\/de\/location-de-salles\/terasse\/"},"modified":"2020-02-25T15:57:41","modified_gmt":"2020-02-25T14:57:41","slug":"terasse","status":"publish","type":"page","link":"https:\/\/portesdesiris.ch\/de\/unsere-raeume\/terasse\/","title":{"rendered":"Terrasse des Iris"},"content":{"rendered":"<div class=\"wpb-content-wrapper\">\n<style type=\"text\/css\">\n\t#feslider-2124 {\n\t\tmargin-bottom: 10px;\n\t}\n<\/style>\n\n<div id=\"feslider-2124\" class=\"feslider harislab-feslider slider-pro\">\n\t<div class=\"sp-slides\">\n\n\t\n\t\t<div class=\"sp-slide\">\n\t\t\t<img decoding=\"async\" class=\"sp-image\" src=\"\" data-src=\"https:\/\/portesdesiris.ch\/wp-content\/uploads\/2020\/02\/portes-des-iris-terrasse-cocktail.jpg\">\n\n\t\t\t\t\t<\/div>\n\n\t\n\t\t<div class=\"sp-slide\">\n\t\t\t<img decoding=\"async\" class=\"sp-image\" src=\"\" data-src=\"https:\/\/portesdesiris.ch\/wp-content\/uploads\/2020\/02\/portes-des-iris-cocktail.jpg\">\n\n\t\t\t\t\t<\/div>\n\n\t\n\t\t<div class=\"sp-slide\">\n\t\t\t<img decoding=\"async\" class=\"sp-image\" src=\"\" data-src=\"https:\/\/portesdesiris.ch\/wp-content\/uploads\/2020\/02\/portes-des-iris-terrasse-mariage.jpg\">\n\n\t\t\t\t\t<\/div>\n\n\t\n\t\t<div class=\"sp-slide\">\n\t\t\t<img decoding=\"async\" class=\"sp-image\" src=\"\" data-src=\"https:\/\/portesdesiris.ch\/wp-content\/uploads\/2019\/12\/Twist-Events-Garden-Party-Portes-des-Iris-05.07-8.jpg\">\n\n\t\t\t\n\t\t\t<p class=\"sp-layer sp-black sp-padding feslider-caption\"\n\t\t\t\tdata-position=\"bottomLeft\" data-horizontal=\"10%\" data-vertical=\"35px\" data-width=\"80%\"\n\t\t\t\tdata-show-transition=\"up\" data-show-delay=\"400\">\n\t\t\t\tportesdesiris_terrasse\t\t\t<\/p>\n\n\t\t\t\t\t<\/div>\n\n\t\n\t\t<div class=\"sp-slide\">\n\t\t\t<img decoding=\"async\" class=\"sp-image\" src=\"\" data-src=\"https:\/\/portesdesiris.ch\/wp-content\/uploads\/2019\/12\/portes-des-iris-ceremonie-laique-18.jpeg\">\n\n\t\t\t\n\t\t\t<p class=\"sp-layer sp-black sp-padding feslider-caption\"\n\t\t\t\tdata-position=\"bottomLeft\" data-horizontal=\"10%\" data-vertical=\"35px\" data-width=\"80%\"\n\t\t\t\tdata-show-transition=\"up\" data-show-delay=\"400\">\n\t\t\t\tPhoto: Diana Baccini\t\t\t<\/p>\n\n\t\t\t\t\t<\/div>\n\n\t\n\t<\/div>\n<\/div>\n\n<p>[vc_row][vc_column][vc_column_text]Die Iris-Terrasse ist einzigartig, liegt auf der S\u00fcdseite des Hauptgeb\u00e4udes und bietet eine wundervolle Aussicht auf das Schloss, die Irisg\u00e4rten und die Alpen. Ideal f\u00fcr:<\/p>\n<p>Stehcocktails, Aperitifs, Kaffepausen<br \/>\nReligi\u00f6se Hochzeitszeremonien<br \/>\nAnimationen und Team-Building Aktivit\u00e4ten<br \/>\nFeuerwerk<\/p>\n<p><a href=\"http:\/\/6l94bzuhd.preview.infomaniak.website\/wp-content\/uploads\/2016\/06\/plan-exterieur-01-a4l.pdf\" target=\"_blank\" rel=\"noopener noreferrer\">Plan hochladen<\/a>[\/vc_column_text][\/vc_column][\/vc_row][vc_row][vc_column][vc_column_text]<code><iframe loading=\"lazy\" src=\"https:\/\/portesdesiris.ch\/wp-content\/uploads\/virtualvisits\/6\/Portes%20Des%20Iris%206.html\" width=\"100%\" height=\"480px\" frameborder=\"0\" align=\"center\"> <\/iframe><br \/>\n<\/code>[\/vc_column_text][\/vc_column][\/vc_row]<\/p>\n<\/div>","protected":false},"excerpt":{"rendered":"<p>portesdesiris_terrasse Photo: Diana Baccini [vc_row][vc_column][vc_column_text]Die Iris-Terrasse ist einzigartig, liegt auf der S\u00fcdseite des Hauptgeb\u00e4udes und bietet eine wundervolle Aussicht auf das Schloss, die Irisg\u00e4rten und die Alpen. Ideal f\u00fcr: Stehcocktails, Aperitifs, Kaffepausen Religi\u00f6se Hochzeitszeremonien Animationen und Team-Building Aktivit\u00e4ten Feuerwerk Plan hochladen[\/vc_column_text][\/vc_column][\/vc_row][vc_row][vc_column][vc_column_text] [\/vc_column_text][\/vc_column][\/vc_row]<\/p>\n","protected":false},"author":6,"featured_media":6139,"parent":2115,"menu_order":5,"comment_status":"closed","ping_status":"closed","template":"templates\/template-room.php","meta":{"_acf_changed":false,"footnotes":""},"class_list":["post-2124","page","type-page","status-publish","has-post-thumbnail","hentry"],"acf":[],"yoast_head":"<!-- This site is optimized with the Yoast SEO plugin v26.7 - https:\/\/yoast.com\/wordpress\/plugins\/seo\/ -->\n<title>Terrasse des Iris - Portes des Iris<\/title>\n<meta name=\"description\" content=\"Spektakul\u00e4re Iris-Terrasse, liegt auf der S\u00fcdseite des Hauptgeb\u00e4udes, bietet eine wundervolle Aussicht auf das Schloss, die Irisg\u00e4rten und die Alpen.\" \/>\n<meta name=\"robots\" content=\"index, follow, max-snippet:-1, max-image-preview:large, max-video-preview:-1\" \/>\n<link rel=\"canonical\" href=\"https:\/\/portesdesiris.ch\/location-de-salles\/terasse\/\" \/>\n<meta property=\"og:locale\" content=\"de_DE\" \/>\n<meta property=\"og:type\" content=\"article\" \/>\n<meta property=\"og:title\" content=\"Terrasse des Iris - Portes des Iris\" \/>\n<meta property=\"og:description\" content=\"Spektakul\u00e4re Iris-Terrasse, liegt auf der S\u00fcdseite des Hauptgeb\u00e4udes, bietet eine wundervolle Aussicht auf das Schloss, die Irisg\u00e4rten und die Alpen.\" \/>\n<meta property=\"og:url\" content=\"https:\/\/portesdesiris.ch\/location-de-salles\/terasse\/\" \/>\n<meta property=\"og:site_name\" content=\"Portes des Iris\" \/>\n<meta property=\"article:publisher\" content=\"https:\/\/www.facebook.com\/portesdesiris\/\" \/>\n<meta property=\"article:modified_time\" content=\"2020-02-25T14:57:41+00:00\" \/>\n<meta property=\"og:image\" content=\"https:\/\/portesdesiris.ch\/wp-content\/uploads\/2019\/03\/tlook-321_small.jpg\" \/>\n\t<meta property=\"og:image:width\" content=\"1920\" \/>\n\t<meta property=\"og:image:height\" content=\"1280\" \/>\n\t<meta property=\"og:image:type\" content=\"image\/jpeg\" \/>\n<meta name=\"twitter:card\" content=\"summary_large_image\" \/>\n<script type=\"application\/ld+json\" class=\"yoast-schema-graph\">{\"@context\":\"https:\/\/schema.org\",\"@graph\":[{\"@type\":\"WebPage\",\"@id\":\"https:\/\/portesdesiris.ch\/location-de-salles\/terasse\/\",\"url\":\"https:\/\/portesdesiris.ch\/location-de-salles\/terasse\/\",\"name\":\"Terrasse des Iris - Portes des Iris\",\"isPartOf\":{\"@id\":\"https:\/\/portesdesiris.ch\/de\/#website\"},\"primaryImageOfPage\":{\"@id\":\"https:\/\/portesdesiris.ch\/location-de-salles\/terasse\/#primaryimage\"},\"image\":{\"@id\":\"https:\/\/portesdesiris.ch\/location-de-salles\/terasse\/#primaryimage\"},\"thumbnailUrl\":\"https:\/\/portesdesiris.ch\/wp-content\/uploads\/2019\/03\/tlook-321_small.jpg\",\"datePublished\":\"2016-06-23T12:32:50+00:00\",\"dateModified\":\"2020-02-25T14:57:41+00:00\",\"description\":\"Spektakul\u00e4re Iris-Terrasse, liegt auf der S\u00fcdseite des Hauptgeb\u00e4udes, bietet eine wundervolle Aussicht auf das Schloss, die Irisg\u00e4rten und die Alpen.\",\"breadcrumb\":{\"@id\":\"https:\/\/portesdesiris.ch\/location-de-salles\/terasse\/#breadcrumb\"},\"inLanguage\":\"de\",\"potentialAction\":[{\"@type\":\"ReadAction\",\"target\":[\"https:\/\/portesdesiris.ch\/location-de-salles\/terasse\/\"]}]},{\"@type\":\"ImageObject\",\"inLanguage\":\"de\",\"@id\":\"https:\/\/portesdesiris.ch\/location-de-salles\/terasse\/#primaryimage\",\"url\":\"https:\/\/portesdesiris.ch\/wp-content\/uploads\/2019\/03\/tlook-321_small.jpg\",\"contentUrl\":\"https:\/\/portesdesiris.ch\/wp-content\/uploads\/2019\/03\/tlook-321_small.jpg\",\"width\":1920,\"height\":1280},{\"@type\":\"BreadcrumbList\",\"@id\":\"https:\/\/portesdesiris.ch\/location-de-salles\/terasse\/#breadcrumb\",\"itemListElement\":[{\"@type\":\"ListItem\",\"position\":1,\"name\":\"Accueil\",\"item\":\"https:\/\/portesdesiris.ch\/de\/\"},{\"@type\":\"ListItem\",\"position\":2,\"name\":\"Unsere R\u00e4ume\",\"item\":\"https:\/\/portesdesiris.ch\/de\/unsere-raeume\/\"},{\"@type\":\"ListItem\",\"position\":3,\"name\":\"Terrasse des Iris\"}]},{\"@type\":\"WebSite\",\"@id\":\"https:\/\/portesdesiris.ch\/de\/#website\",\"url\":\"https:\/\/portesdesiris.ch\/de\/\",\"name\":\"Portes des Iris\",\"description\":\"\",\"potentialAction\":[{\"@type\":\"SearchAction\",\"target\":{\"@type\":\"EntryPoint\",\"urlTemplate\":\"https:\/\/portesdesiris.ch\/de\/?s={search_term_string}\"},\"query-input\":{\"@type\":\"PropertyValueSpecification\",\"valueRequired\":true,\"valueName\":\"search_term_string\"}}],\"inLanguage\":\"de\"}]}<\/script>\n<!-- \/ Yoast SEO plugin. -->","yoast_head_json":{"title":"Terrasse des Iris - Portes des Iris","description":"Spektakul\u00e4re Iris-Terrasse, liegt auf der S\u00fcdseite des Hauptgeb\u00e4udes, bietet eine wundervolle Aussicht auf das Schloss, die Irisg\u00e4rten und die Alpen.","robots":{"index":"index","follow":"follow","max-snippet":"max-snippet:-1","max-image-preview":"max-image-preview:large","max-video-preview":"max-video-preview:-1"},"canonical":"https:\/\/portesdesiris.ch\/location-de-salles\/terasse\/","og_locale":"de_DE","og_type":"article","og_title":"Terrasse des Iris - Portes des Iris","og_description":"Spektakul\u00e4re Iris-Terrasse, liegt auf der S\u00fcdseite des Hauptgeb\u00e4udes, bietet eine wundervolle Aussicht auf das Schloss, die Irisg\u00e4rten und die Alpen.","og_url":"https:\/\/portesdesiris.ch\/location-de-salles\/terasse\/","og_site_name":"Portes des Iris","article_publisher":"https:\/\/www.facebook.com\/portesdesiris\/","article_modified_time":"2020-02-25T14:57:41+00:00","og_image":[{"width":1920,"height":1280,"url":"https:\/\/portesdesiris.ch\/wp-content\/uploads\/2019\/03\/tlook-321_small.jpg","type":"image\/jpeg"}],"twitter_card":"summary_large_image","schema":{"@context":"https:\/\/schema.org","@graph":[{"@type":"WebPage","@id":"https:\/\/portesdesiris.ch\/location-de-salles\/terasse\/","url":"https:\/\/portesdesiris.ch\/location-de-salles\/terasse\/","name":"Terrasse des Iris - Portes des Iris","isPartOf":{"@id":"https:\/\/portesdesiris.ch\/de\/#website"},"primaryImageOfPage":{"@id":"https:\/\/portesdesiris.ch\/location-de-salles\/terasse\/#primaryimage"},"image":{"@id":"https:\/\/portesdesiris.ch\/location-de-salles\/terasse\/#primaryimage"},"thumbnailUrl":"https:\/\/portesdesiris.ch\/wp-content\/uploads\/2019\/03\/tlook-321_small.jpg","datePublished":"2016-06-23T12:32:50+00:00","dateModified":"2020-02-25T14:57:41+00:00","description":"Spektakul\u00e4re Iris-Terrasse, liegt auf der S\u00fcdseite des Hauptgeb\u00e4udes, bietet eine wundervolle Aussicht auf das Schloss, die Irisg\u00e4rten und die Alpen.","breadcrumb":{"@id":"https:\/\/portesdesiris.ch\/location-de-salles\/terasse\/#breadcrumb"},"inLanguage":"de","potentialAction":[{"@type":"ReadAction","target":["https:\/\/portesdesiris.ch\/location-de-salles\/terasse\/"]}]},{"@type":"ImageObject","inLanguage":"de","@id":"https:\/\/portesdesiris.ch\/location-de-salles\/terasse\/#primaryimage","url":"https:\/\/portesdesiris.ch\/wp-content\/uploads\/2019\/03\/tlook-321_small.jpg","contentUrl":"https:\/\/portesdesiris.ch\/wp-content\/uploads\/2019\/03\/tlook-321_small.jpg","width":1920,"height":1280},{"@type":"BreadcrumbList","@id":"https:\/\/portesdesiris.ch\/location-de-salles\/terasse\/#breadcrumb","itemListElement":[{"@type":"ListItem","position":1,"name":"Accueil","item":"https:\/\/portesdesiris.ch\/de\/"},{"@type":"ListItem","position":2,"name":"Unsere R\u00e4ume","item":"https:\/\/portesdesiris.ch\/de\/unsere-raeume\/"},{"@type":"ListItem","position":3,"name":"Terrasse des Iris"}]},{"@type":"WebSite","@id":"https:\/\/portesdesiris.ch\/de\/#website","url":"https:\/\/portesdesiris.ch\/de\/","name":"Portes des Iris","description":"","potentialAction":[{"@type":"SearchAction","target":{"@type":"EntryPoint","urlTemplate":"https:\/\/portesdesiris.ch\/de\/?s={search_term_string}"},"query-input":{"@type":"PropertyValueSpecification","valueRequired":true,"valueName":"search_term_string"}}],"inLanguage":"de"}]}},"_links":{"self":[{"href":"https:\/\/portesdesiris.ch\/de\/wp-json\/wp\/v2\/pages\/2124","targetHints":{"allow":["GET"]}}],"collection":[{"href":"https:\/\/portesdesiris.ch\/de\/wp-json\/wp\/v2\/pages"}],"about":[{"href":"https:\/\/portesdesiris.ch\/de\/wp-json\/wp\/v2\/types\/page"}],"author":[{"embeddable":true,"href":"https:\/\/portesdesiris.ch\/de\/wp-json\/wp\/v2\/users\/6"}],"replies":[{"embeddable":true,"href":"https:\/\/portesdesiris.ch\/de\/wp-json\/wp\/v2\/comments?post=2124"}],"version-history":[{"count":0,"href":"https:\/\/portesdesiris.ch\/de\/wp-json\/wp\/v2\/pages\/2124\/revisions"}],"up":[{"embeddable":true,"href":"https:\/\/portesdesiris.ch\/de\/wp-json\/wp\/v2\/pages\/2115"}],"wp:featuredmedia":[{"embeddable":true,"href":"https:\/\/portesdesiris.ch\/de\/wp-json\/wp\/v2\/media\/6139"}],"wp:attachment":[{"href":"https:\/\/portesdesiris.ch\/de\/wp-json\/wp\/v2\/media?parent=2124"}],"curies":[{"name":"wp","href":"https:\/\/api.w.org\/{rel}","templated":true}]}}