{"id":2123,"date":"2016-06-28T12:14:44","date_gmt":"2016-06-28T10:14:44","guid":{"rendered":"http:\/\/6l94bzuhd.preview.infomaniak.website\/de\/location-de-salles\/terrasse-de-collonges\/"},"modified":"2020-03-03T16:04:51","modified_gmt":"2020-03-03T15:04:51","slug":"terrasse-de-collonges","status":"publish","type":"page","link":"https:\/\/portesdesiris.ch\/de\/unsere-raeume\/terrasse-de-collonges\/","title":{"rendered":"Terrasse de Collonges"},"content":{"rendered":"<div class=\"wpb-content-wrapper\">\n<style type=\"text\/css\">\n\t#feslider-2123 {\n\t\tmargin-bottom: 10px;\n\t}\n<\/style>\n\n<div id=\"feslider-2123\" class=\"feslider harislab-feslider slider-pro\">\n\t<div class=\"sp-slides\">\n\n\t\n\t\t<div class=\"sp-slide\">\n\t\t\t<img decoding=\"async\" class=\"sp-image\" src=\"\" data-src=\"https:\/\/portesdesiris.ch\/wp-content\/uploads\/2020\/03\/portes-des-iris-terrasse-collonges.jpg\">\n\n\t\t\t\t\t<\/div>\n\n\t\n\t\t<div class=\"sp-slide\">\n\t\t\t<img decoding=\"async\" class=\"sp-image\" src=\"\" data-src=\"https:\/\/portesdesiris.ch\/wp-content\/uploads\/2020\/03\/portes-des-iris-garden-party.jpg\">\n\n\t\t\t\t\t<\/div>\n\n\t\n\t\t<div class=\"sp-slide\">\n\t\t\t<img decoding=\"async\" class=\"sp-image\" src=\"\" data-src=\"https:\/\/portesdesiris.ch\/wp-content\/uploads\/2020\/03\/portes-des-iris-ceremonie-mariage.jpg\">\n\n\t\t\t\t\t<\/div>\n\n\t\n\t\t<div class=\"sp-slide\">\n\t\t\t<img decoding=\"async\" class=\"sp-image\" src=\"\" data-src=\"https:\/\/portesdesiris.ch\/wp-content\/uploads\/2016\/06\/portesdesiris_nosespaces_terrassedecollonges2-e1583247877558.jpg\">\n\n\t\t\t\t\t<\/div>\n\n\t\n\t<\/div>\n<\/div>\n\n<p>[vc_row][vc_column][vc_column_text]Eine Terrasse dei S\u00fcd-\u00f6stlich des Hauptgeb\u00e4udes befindet beintet eine fantastische Aussicht auf das Schloss und seine G\u00e4rten. Einmalig in der Schweiz k\u00f6nnen auf dieser Terrasse Zelte in verschiedenen g\u00f6ssen und Formen ausgebaut werden und bis zu 1&#8217;600 G\u00e4ste empfangen. Ideal f\u00fcr:<\/p>\n<p>Stehempfang und Aperitif bei Sonnenuntergang<br \/>\nAutomobile Ausstellung<br \/>\nGartenpartie<br \/>\nReligieuse Hochzeitsfeier<\/p>\n<p><a href=\"http:\/\/6l94bzuhd.preview.infomaniak.website\/wp-content\/uploads\/2016\/06\/plan-exterieur-01-a4l.pdf\" target=\"_blank\" rel=\"noopener noreferrer\">Plan hochladen<\/a>[\/vc_column_text][\/vc_column][\/vc_row]<\/p>\n<\/div>","protected":false},"excerpt":{"rendered":"<p>[vc_row][vc_column][vc_column_text]Eine Terrasse dei S\u00fcd-\u00f6stlich des Hauptgeb\u00e4udes befindet beintet eine fantastische Aussicht auf das Schloss und seine G\u00e4rten. Einmalig in der Schweiz k\u00f6nnen auf dieser Terrasse Zelte in verschiedenen g\u00f6ssen und Formen ausgebaut werden und bis zu 1&#8217;600 G\u00e4ste empfangen. Ideal f\u00fcr: Stehempfang und Aperitif bei Sonnenuntergang Automobile Ausstellung Gartenpartie Religieuse Hochzeitsfeier Plan hochladen[\/vc_column_text][\/vc_column][\/vc_row]<\/p>\n","protected":false},"author":6,"featured_media":6385,"parent":2115,"menu_order":8,"comment_status":"closed","ping_status":"closed","template":"templates\/template-room.php","meta":{"_acf_changed":false,"footnotes":""},"class_list":["post-2123","page","type-page","status-publish","has-post-thumbnail","hentry"],"acf":[],"yoast_head":"<!-- This site is optimized with the Yoast SEO plugin v26.7 - https:\/\/yoast.com\/wordpress\/plugins\/seo\/ -->\n<title>Terrasse de Collonges - Portes des Iris<\/title>\n<meta name=\"description\" content=\"Wunderbare Terrasse, sud-\u00f6stlich gelegen mit Blick aux das Schloss und die G\u00e4rten. Sie bietet platz f\u00fcr bis zu 1&#039;600 Personen.\" \/>\n<meta name=\"robots\" content=\"index, follow, max-snippet:-1, max-image-preview:large, max-video-preview:-1\" \/>\n<link rel=\"canonical\" href=\"https:\/\/portesdesiris.ch\/location-de-salles\/terrasse-de-collonges\/\" \/>\n<meta property=\"og:locale\" content=\"de_DE\" \/>\n<meta property=\"og:type\" content=\"article\" \/>\n<meta property=\"og:title\" content=\"Terrasse de Collonges - Portes des Iris\" \/>\n<meta property=\"og:description\" content=\"Wunderbare Terrasse, sud-\u00f6stlich gelegen mit Blick aux das Schloss und die G\u00e4rten. Sie bietet platz f\u00fcr bis zu 1&#039;600 Personen.\" \/>\n<meta property=\"og:url\" content=\"https:\/\/portesdesiris.ch\/location-de-salles\/terrasse-de-collonges\/\" \/>\n<meta property=\"og:site_name\" content=\"Portes des Iris\" \/>\n<meta property=\"article:publisher\" content=\"https:\/\/www.facebook.com\/portesdesiris\/\" \/>\n<meta property=\"article:modified_time\" content=\"2020-03-03T15:04:51+00:00\" \/>\n<meta property=\"og:image\" content=\"https:\/\/portesdesiris.ch\/wp-content\/uploads\/2019\/04\/Regis_Colombo_PORTES-DES-IRIS_2016_061_small-e1554988567273.jpg\" \/>\n\t<meta property=\"og:image:width\" content=\"1896\" \/>\n\t<meta property=\"og:image:height\" content=\"835\" \/>\n\t<meta property=\"og:image:type\" content=\"image\/jpeg\" \/>\n<meta name=\"twitter:card\" content=\"summary_large_image\" \/>\n<script type=\"application\/ld+json\" class=\"yoast-schema-graph\">{\"@context\":\"https:\/\/schema.org\",\"@graph\":[{\"@type\":\"WebPage\",\"@id\":\"https:\/\/portesdesiris.ch\/location-de-salles\/terrasse-de-collonges\/\",\"url\":\"https:\/\/portesdesiris.ch\/location-de-salles\/terrasse-de-collonges\/\",\"name\":\"Terrasse de Collonges - Portes des Iris\",\"isPartOf\":{\"@id\":\"https:\/\/portesdesiris.ch\/de\/#website\"},\"primaryImageOfPage\":{\"@id\":\"https:\/\/portesdesiris.ch\/location-de-salles\/terrasse-de-collonges\/#primaryimage\"},\"image\":{\"@id\":\"https:\/\/portesdesiris.ch\/location-de-salles\/terrasse-de-collonges\/#primaryimage\"},\"thumbnailUrl\":\"https:\/\/portesdesiris.ch\/wp-content\/uploads\/2019\/04\/Regis_Colombo_PORTES-DES-IRIS_2016_061_small-e1554988567273.jpg\",\"datePublished\":\"2016-06-28T10:14:44+00:00\",\"dateModified\":\"2020-03-03T15:04:51+00:00\",\"description\":\"Wunderbare Terrasse, sud-\u00f6stlich gelegen mit Blick aux das Schloss und die G\u00e4rten. Sie bietet platz f\u00fcr bis zu 1'600 Personen.\",\"breadcrumb\":{\"@id\":\"https:\/\/portesdesiris.ch\/location-de-salles\/terrasse-de-collonges\/#breadcrumb\"},\"inLanguage\":\"de\",\"potentialAction\":[{\"@type\":\"ReadAction\",\"target\":[\"https:\/\/portesdesiris.ch\/location-de-salles\/terrasse-de-collonges\/\"]}]},{\"@type\":\"ImageObject\",\"inLanguage\":\"de\",\"@id\":\"https:\/\/portesdesiris.ch\/location-de-salles\/terrasse-de-collonges\/#primaryimage\",\"url\":\"https:\/\/portesdesiris.ch\/wp-content\/uploads\/2019\/04\/Regis_Colombo_PORTES-DES-IRIS_2016_061_small-e1554988567273.jpg\",\"contentUrl\":\"https:\/\/portesdesiris.ch\/wp-content\/uploads\/2019\/04\/Regis_Colombo_PORTES-DES-IRIS_2016_061_small-e1554988567273.jpg\",\"width\":1896,\"height\":835,\"caption\":\"www.regiscolombo.ch\"},{\"@type\":\"BreadcrumbList\",\"@id\":\"https:\/\/portesdesiris.ch\/location-de-salles\/terrasse-de-collonges\/#breadcrumb\",\"itemListElement\":[{\"@type\":\"ListItem\",\"position\":1,\"name\":\"Accueil\",\"item\":\"https:\/\/portesdesiris.ch\/de\/\"},{\"@type\":\"ListItem\",\"position\":2,\"name\":\"Unsere R\u00e4ume\",\"item\":\"https:\/\/portesdesiris.ch\/de\/unsere-raeume\/\"},{\"@type\":\"ListItem\",\"position\":3,\"name\":\"Terrasse de Collonges\"}]},{\"@type\":\"WebSite\",\"@id\":\"https:\/\/portesdesiris.ch\/de\/#website\",\"url\":\"https:\/\/portesdesiris.ch\/de\/\",\"name\":\"Portes des Iris\",\"description\":\"\",\"potentialAction\":[{\"@type\":\"SearchAction\",\"target\":{\"@type\":\"EntryPoint\",\"urlTemplate\":\"https:\/\/portesdesiris.ch\/de\/?s={search_term_string}\"},\"query-input\":{\"@type\":\"PropertyValueSpecification\",\"valueRequired\":true,\"valueName\":\"search_term_string\"}}],\"inLanguage\":\"de\"}]}<\/script>\n<!-- \/ Yoast SEO plugin. -->","yoast_head_json":{"title":"Terrasse de Collonges - Portes des Iris","description":"Wunderbare Terrasse, sud-\u00f6stlich gelegen mit Blick aux das Schloss und die G\u00e4rten. Sie bietet platz f\u00fcr bis zu 1'600 Personen.","robots":{"index":"index","follow":"follow","max-snippet":"max-snippet:-1","max-image-preview":"max-image-preview:large","max-video-preview":"max-video-preview:-1"},"canonical":"https:\/\/portesdesiris.ch\/location-de-salles\/terrasse-de-collonges\/","og_locale":"de_DE","og_type":"article","og_title":"Terrasse de Collonges - Portes des Iris","og_description":"Wunderbare Terrasse, sud-\u00f6stlich gelegen mit Blick aux das Schloss und die G\u00e4rten. Sie bietet platz f\u00fcr bis zu 1'600 Personen.","og_url":"https:\/\/portesdesiris.ch\/location-de-salles\/terrasse-de-collonges\/","og_site_name":"Portes des Iris","article_publisher":"https:\/\/www.facebook.com\/portesdesiris\/","article_modified_time":"2020-03-03T15:04:51+00:00","og_image":[{"width":1896,"height":835,"url":"https:\/\/portesdesiris.ch\/wp-content\/uploads\/2019\/04\/Regis_Colombo_PORTES-DES-IRIS_2016_061_small-e1554988567273.jpg","type":"image\/jpeg"}],"twitter_card":"summary_large_image","schema":{"@context":"https:\/\/schema.org","@graph":[{"@type":"WebPage","@id":"https:\/\/portesdesiris.ch\/location-de-salles\/terrasse-de-collonges\/","url":"https:\/\/portesdesiris.ch\/location-de-salles\/terrasse-de-collonges\/","name":"Terrasse de Collonges - Portes des Iris","isPartOf":{"@id":"https:\/\/portesdesiris.ch\/de\/#website"},"primaryImageOfPage":{"@id":"https:\/\/portesdesiris.ch\/location-de-salles\/terrasse-de-collonges\/#primaryimage"},"image":{"@id":"https:\/\/portesdesiris.ch\/location-de-salles\/terrasse-de-collonges\/#primaryimage"},"thumbnailUrl":"https:\/\/portesdesiris.ch\/wp-content\/uploads\/2019\/04\/Regis_Colombo_PORTES-DES-IRIS_2016_061_small-e1554988567273.jpg","datePublished":"2016-06-28T10:14:44+00:00","dateModified":"2020-03-03T15:04:51+00:00","description":"Wunderbare Terrasse, sud-\u00f6stlich gelegen mit Blick aux das Schloss und die G\u00e4rten. Sie bietet platz f\u00fcr bis zu 1'600 Personen.","breadcrumb":{"@id":"https:\/\/portesdesiris.ch\/location-de-salles\/terrasse-de-collonges\/#breadcrumb"},"inLanguage":"de","potentialAction":[{"@type":"ReadAction","target":["https:\/\/portesdesiris.ch\/location-de-salles\/terrasse-de-collonges\/"]}]},{"@type":"ImageObject","inLanguage":"de","@id":"https:\/\/portesdesiris.ch\/location-de-salles\/terrasse-de-collonges\/#primaryimage","url":"https:\/\/portesdesiris.ch\/wp-content\/uploads\/2019\/04\/Regis_Colombo_PORTES-DES-IRIS_2016_061_small-e1554988567273.jpg","contentUrl":"https:\/\/portesdesiris.ch\/wp-content\/uploads\/2019\/04\/Regis_Colombo_PORTES-DES-IRIS_2016_061_small-e1554988567273.jpg","width":1896,"height":835,"caption":"www.regiscolombo.ch"},{"@type":"BreadcrumbList","@id":"https:\/\/portesdesiris.ch\/location-de-salles\/terrasse-de-collonges\/#breadcrumb","itemListElement":[{"@type":"ListItem","position":1,"name":"Accueil","item":"https:\/\/portesdesiris.ch\/de\/"},{"@type":"ListItem","position":2,"name":"Unsere R\u00e4ume","item":"https:\/\/portesdesiris.ch\/de\/unsere-raeume\/"},{"@type":"ListItem","position":3,"name":"Terrasse de Collonges"}]},{"@type":"WebSite","@id":"https:\/\/portesdesiris.ch\/de\/#website","url":"https:\/\/portesdesiris.ch\/de\/","name":"Portes des Iris","description":"","potentialAction":[{"@type":"SearchAction","target":{"@type":"EntryPoint","urlTemplate":"https:\/\/portesdesiris.ch\/de\/?s={search_term_string}"},"query-input":{"@type":"PropertyValueSpecification","valueRequired":true,"valueName":"search_term_string"}}],"inLanguage":"de"}]}},"_links":{"self":[{"href":"https:\/\/portesdesiris.ch\/de\/wp-json\/wp\/v2\/pages\/2123","targetHints":{"allow":["GET"]}}],"collection":[{"href":"https:\/\/portesdesiris.ch\/de\/wp-json\/wp\/v2\/pages"}],"about":[{"href":"https:\/\/portesdesiris.ch\/de\/wp-json\/wp\/v2\/types\/page"}],"author":[{"embeddable":true,"href":"https:\/\/portesdesiris.ch\/de\/wp-json\/wp\/v2\/users\/6"}],"replies":[{"embeddable":true,"href":"https:\/\/portesdesiris.ch\/de\/wp-json\/wp\/v2\/comments?post=2123"}],"version-history":[{"count":0,"href":"https:\/\/portesdesiris.ch\/de\/wp-json\/wp\/v2\/pages\/2123\/revisions"}],"up":[{"embeddable":true,"href":"https:\/\/portesdesiris.ch\/de\/wp-json\/wp\/v2\/pages\/2115"}],"wp:featuredmedia":[{"embeddable":true,"href":"https:\/\/portesdesiris.ch\/de\/wp-json\/wp\/v2\/media\/6385"}],"wp:attachment":[{"href":"https:\/\/portesdesiris.ch\/de\/wp-json\/wp\/v2\/media?parent=2123"}],"curies":[{"name":"wp","href":"https:\/\/api.w.org\/{rel}","templated":true}]}}