{"id":2120,"date":"2016-06-28T12:13:02","date_gmt":"2016-06-28T10:13:02","guid":{"rendered":"http:\/\/6l94bzuhd.preview.infomaniak.website\/de\/location-de-salles\/eloise\/"},"modified":"2020-03-03T15:41:58","modified_gmt":"2020-03-03T14:41:58","slug":"eloise","status":"publish","type":"page","link":"https:\/\/portesdesiris.ch\/de\/unsere-raeume\/eloise\/","title":{"rendered":"Elo\u00efse"},"content":{"rendered":"<div class=\"wpb-content-wrapper\">\n<style type=\"text\/css\">\n\t#feslider-2120 {\n\t\tmargin-bottom: 10px;\n\t}\n<\/style>\n\n<div id=\"feslider-2120\" class=\"feslider harislab-feslider slider-pro\">\n\t<div class=\"sp-slides\">\n\n\t\n\t\t<div class=\"sp-slide\">\n\t\t\t<img decoding=\"async\" class=\"sp-image\" src=\"\" data-src=\"https:\/\/portesdesiris.ch\/wp-content\/uploads\/2020\/03\/portes-des-iris-repas-petit-groupe.jpg\">\n\n\t\t\t\n\t\t\t<p class=\"sp-layer sp-black sp-padding feslider-caption\"\n\t\t\t\tdata-position=\"bottomLeft\" data-horizontal=\"10%\" data-vertical=\"35px\" data-width=\"80%\"\n\t\t\t\tdata-show-transition=\"up\" data-show-delay=\"400\">\n\t\t\t\twww.regiscolombo.ch\t\t\t<\/p>\n\n\t\t\t\t\t<\/div>\n\n\t\n\t\t<div class=\"sp-slide\">\n\t\t\t<img decoding=\"async\" class=\"sp-image\" src=\"\" data-src=\"https:\/\/portesdesiris.ch\/wp-content\/uploads\/2020\/03\/portes-des-iris-pr\u00e9paratifs-mariage-1.jpg\">\n\n\t\t\t\t\t<\/div>\n\n\t\n\t\t<div class=\"sp-slide\">\n\t\t\t<img decoding=\"async\" class=\"sp-image\" src=\"\" data-src=\"https:\/\/portesdesiris.ch\/wp-content\/uploads\/2020\/03\/portes-des-iris-pr\u00e9paratifs-mariage-eloise.jpg\">\n\n\t\t\t\t\t<\/div>\n\n\t\n\t<\/div>\n<\/div>\n\n<p>[vc_row][vc_column][vc_column_text]Dieser wundersch\u00f6ne kleine Saal ist ein Schmuckst\u00fcck, befindet sich im Erdgeschoss und hat direkten Zugang zur Iris-Terrasse. Ideal f\u00fcr:<\/p>\n<p>Kleine Konferenzen oder Workshops in Verbindung mit einem Seminar<br \/>\nEin privates Essen<br \/>\nKinderzimmer oder Ankleidezimmer<br \/>\nLoge f\u00fcr K\u00fcnstler und Personal<\/p>\n<p>Elo\u00efse kann im Zusammenhang\u00a0mit einem anderen Saal gemietet werden.[\/vc_column_text][\/vc_column][vc_column][\/vc_column][\/vc_row][vc_row css=&#8220;.vc_custom_1466778943157{padding-top: 50px !important;}&#8220;][vc_column width=&#8220;2\/3&#8243;][vc_column_text]<\/p>\n<table class=\"ng-element el-table\" style=\"height: 425px;\" width=\"570\" data-id=\"6325009\">\n<tbody>\n<tr class=\"even\">\n<td id=\"A0\" data-coords=\"A0\">Fl\u00e4che (m2)<\/td>\n<td id=\"B0\" data-coords=\"B0\">300<\/td>\n<\/tr>\n<tr class=\"odd\">\n<td id=\"A1\" data-coords=\"A1\">Fl\u00e4che (sq. ft.)<\/td>\n<td id=\"B1\" data-coords=\"B1\">323<\/td>\n<\/tr>\n<tr class=\"even\">\n<td id=\"A2\" data-coords=\"A2\">Rauml\u00e4nge x Breite (m)<\/td>\n<td id=\"B2\" data-coords=\"B2\">7\u00a0x 4<\/td>\n<\/tr>\n<tr class=\"odd\">\n<td id=\"A3\" data-coords=\"A3\">Rauml\u00e4nge x Breite (feet)<\/td>\n<td id=\"B3\" data-coords=\"B3\">22 x 13<\/td>\n<\/tr>\n<tr class=\"even\">\n<td id=\"A4\" data-coords=\"A4\">H\u00f6he (m)<\/td>\n<td id=\"B4\" data-coords=\"B4\">3<\/td>\n<\/tr>\n<tr class=\"odd\">\n<td id=\"A5\" data-coords=\"A5\">H\u00f6he (feet)<\/td>\n<td id=\"B5\" data-coords=\"B5\">10<\/td>\n<\/tr>\n<tr class=\"even\">\n<td id=\"A6\" data-coords=\"A6\">Seminar,\u00a0parlamentarisch oder U-Form<br \/>\n&#8211; mit rechteckigen Konferenztischen und St\u00fchlen<\/td>\n<td id=\"B6\" data-coords=\"B6\">16 ou 8<\/td>\n<\/tr>\n<tr class=\"odd\">\n<td id=\"A7\" data-coords=\"A7\">Bankett, Essen<br \/>\n&#8211; mit runden Tischen und St\u00fchlen<\/td>\n<td id=\"B7\" data-coords=\"B7\">20<\/td>\n<\/tr>\n<tr class=\"even\">\n<td id=\"A8\" data-coords=\"A8\">Konferenz, Theaterbestuhlung<br \/>\n&#8211; mit St\u00fchlen ohne Tische<\/td>\n<td id=\"B8\" data-coords=\"B8\">20<\/td>\n<\/tr>\n<tr class=\"odd\">\n<td id=\"A9\" data-coords=\"A9\">Aperitif<\/td>\n<td id=\"B9\" data-coords=\"B9\">\u00a0 \u00a0 &#8211;<\/td>\n<\/tr>\n<tr class=\"even\">\n<td id=\"A10\" data-coords=\"A10\">Stehcocktail<\/td>\n<td id=\"B10\" data-coords=\"B10\">\u00a0 \u00a0 &#8211;<\/td>\n<\/tr>\n<\/tbody>\n<\/table>\n<p>[\/vc_column_text][\/vc_column][\/vc_row]<\/p>\n<\/div>","protected":false},"excerpt":{"rendered":"<p>www.regiscolombo.ch [vc_row][vc_column][vc_column_text]Dieser wundersch\u00f6ne kleine Saal ist ein Schmuckst\u00fcck, befindet sich im Erdgeschoss und hat direkten Zugang zur Iris-Terrasse. Ideal f\u00fcr: Kleine Konferenzen oder Workshops in Verbindung mit einem Seminar Ein privates Essen Kinderzimmer oder Ankleidezimmer Loge f\u00fcr K\u00fcnstler und Personal Elo\u00efse kann im Zusammenhang\u00a0mit einem anderen Saal gemietet werden.[\/vc_column_text][\/vc_column][vc_column][\/vc_column][\/vc_row][vc_row css=&#8220;.vc_custom_1466778943157{padding-top: 50px !important;}&#8220;][vc_column width=&#8220;2\/3&#8243;][vc_column_text] Fl\u00e4che (m2) [&hellip;]<\/p>\n","protected":false},"author":6,"featured_media":6367,"parent":2115,"menu_order":7,"comment_status":"closed","ping_status":"closed","template":"templates\/template-room.php","meta":{"_acf_changed":false,"footnotes":""},"class_list":["post-2120","page","type-page","status-publish","has-post-thumbnail","hentry"],"acf":[],"yoast_head":"<!-- This site is optimized with the Yoast SEO plugin v26.7 - https:\/\/yoast.com\/wordpress\/plugins\/seo\/ -->\n<title>Elo\u00efse - Portes des Iris<\/title>\n<meta name=\"description\" content=\"Dieser Raum ist ideal f\u00fcr kleine Konferenzen, Workshops, oder als Spiel-und Kinderzimmer w\u00e4hrend Hochzeiten.\" \/>\n<meta name=\"robots\" content=\"index, follow, max-snippet:-1, max-image-preview:large, max-video-preview:-1\" \/>\n<link rel=\"canonical\" href=\"https:\/\/portesdesiris.ch\/location-de-salles\/eloise\/\" \/>\n<meta property=\"og:locale\" content=\"de_DE\" \/>\n<meta property=\"og:type\" content=\"article\" \/>\n<meta property=\"og:title\" content=\"Elo\u00efse - Portes des Iris\" \/>\n<meta property=\"og:description\" content=\"Dieser Raum ist ideal f\u00fcr kleine Konferenzen, Workshops, oder als Spiel-und Kinderzimmer w\u00e4hrend Hochzeiten.\" \/>\n<meta property=\"og:url\" content=\"https:\/\/portesdesiris.ch\/location-de-salles\/eloise\/\" \/>\n<meta property=\"og:site_name\" content=\"Portes des Iris\" \/>\n<meta property=\"article:publisher\" content=\"https:\/\/www.facebook.com\/portesdesiris\/\" \/>\n<meta property=\"article:modified_time\" content=\"2020-03-03T14:41:58+00:00\" \/>\n<meta property=\"og:image\" content=\"https:\/\/portesdesiris.ch\/wp-content\/uploads\/2019\/04\/regiscolombo2016_small.jpg\" \/>\n\t<meta property=\"og:image:width\" content=\"1920\" \/>\n\t<meta property=\"og:image:height\" content=\"1280\" \/>\n\t<meta property=\"og:image:type\" content=\"image\/jpeg\" \/>\n<meta name=\"twitter:card\" content=\"summary_large_image\" \/>\n<meta name=\"twitter:label1\" content=\"Gesch\u00e4tzte Lesezeit\" \/>\n\t<meta name=\"twitter:data1\" content=\"1\u00a0Minute\" \/>\n<script type=\"application\/ld+json\" class=\"yoast-schema-graph\">{\"@context\":\"https:\/\/schema.org\",\"@graph\":[{\"@type\":\"WebPage\",\"@id\":\"https:\/\/portesdesiris.ch\/location-de-salles\/eloise\/\",\"url\":\"https:\/\/portesdesiris.ch\/location-de-salles\/eloise\/\",\"name\":\"Elo\u00efse - Portes des Iris\",\"isPartOf\":{\"@id\":\"https:\/\/portesdesiris.ch\/de\/#website\"},\"primaryImageOfPage\":{\"@id\":\"https:\/\/portesdesiris.ch\/location-de-salles\/eloise\/#primaryimage\"},\"image\":{\"@id\":\"https:\/\/portesdesiris.ch\/location-de-salles\/eloise\/#primaryimage\"},\"thumbnailUrl\":\"https:\/\/portesdesiris.ch\/wp-content\/uploads\/2019\/04\/regiscolombo2016_small.jpg\",\"datePublished\":\"2016-06-28T10:13:02+00:00\",\"dateModified\":\"2020-03-03T14:41:58+00:00\",\"description\":\"Dieser Raum ist ideal f\u00fcr kleine Konferenzen, Workshops, oder als Spiel-und Kinderzimmer w\u00e4hrend Hochzeiten.\",\"breadcrumb\":{\"@id\":\"https:\/\/portesdesiris.ch\/location-de-salles\/eloise\/#breadcrumb\"},\"inLanguage\":\"de\",\"potentialAction\":[{\"@type\":\"ReadAction\",\"target\":[\"https:\/\/portesdesiris.ch\/location-de-salles\/eloise\/\"]}]},{\"@type\":\"ImageObject\",\"inLanguage\":\"de\",\"@id\":\"https:\/\/portesdesiris.ch\/location-de-salles\/eloise\/#primaryimage\",\"url\":\"https:\/\/portesdesiris.ch\/wp-content\/uploads\/2019\/04\/regiscolombo2016_small.jpg\",\"contentUrl\":\"https:\/\/portesdesiris.ch\/wp-content\/uploads\/2019\/04\/regiscolombo2016_small.jpg\",\"width\":1920,\"height\":1280,\"caption\":\"www.regiscolombo.ch\"},{\"@type\":\"BreadcrumbList\",\"@id\":\"https:\/\/portesdesiris.ch\/location-de-salles\/eloise\/#breadcrumb\",\"itemListElement\":[{\"@type\":\"ListItem\",\"position\":1,\"name\":\"Accueil\",\"item\":\"https:\/\/portesdesiris.ch\/de\/\"},{\"@type\":\"ListItem\",\"position\":2,\"name\":\"Unsere R\u00e4ume\",\"item\":\"https:\/\/portesdesiris.ch\/de\/unsere-raeume\/\"},{\"@type\":\"ListItem\",\"position\":3,\"name\":\"Elo\u00efse\"}]},{\"@type\":\"WebSite\",\"@id\":\"https:\/\/portesdesiris.ch\/de\/#website\",\"url\":\"https:\/\/portesdesiris.ch\/de\/\",\"name\":\"Portes des Iris\",\"description\":\"\",\"potentialAction\":[{\"@type\":\"SearchAction\",\"target\":{\"@type\":\"EntryPoint\",\"urlTemplate\":\"https:\/\/portesdesiris.ch\/de\/?s={search_term_string}\"},\"query-input\":{\"@type\":\"PropertyValueSpecification\",\"valueRequired\":true,\"valueName\":\"search_term_string\"}}],\"inLanguage\":\"de\"}]}<\/script>\n<!-- \/ Yoast SEO plugin. -->","yoast_head_json":{"title":"Elo\u00efse - Portes des Iris","description":"Dieser Raum ist ideal f\u00fcr kleine Konferenzen, Workshops, oder als Spiel-und Kinderzimmer w\u00e4hrend Hochzeiten.","robots":{"index":"index","follow":"follow","max-snippet":"max-snippet:-1","max-image-preview":"max-image-preview:large","max-video-preview":"max-video-preview:-1"},"canonical":"https:\/\/portesdesiris.ch\/location-de-salles\/eloise\/","og_locale":"de_DE","og_type":"article","og_title":"Elo\u00efse - Portes des Iris","og_description":"Dieser Raum ist ideal f\u00fcr kleine Konferenzen, Workshops, oder als Spiel-und Kinderzimmer w\u00e4hrend Hochzeiten.","og_url":"https:\/\/portesdesiris.ch\/location-de-salles\/eloise\/","og_site_name":"Portes des Iris","article_publisher":"https:\/\/www.facebook.com\/portesdesiris\/","article_modified_time":"2020-03-03T14:41:58+00:00","og_image":[{"width":1920,"height":1280,"url":"https:\/\/portesdesiris.ch\/wp-content\/uploads\/2019\/04\/regiscolombo2016_small.jpg","type":"image\/jpeg"}],"twitter_card":"summary_large_image","twitter_misc":{"Gesch\u00e4tzte Lesezeit":"1\u00a0Minute"},"schema":{"@context":"https:\/\/schema.org","@graph":[{"@type":"WebPage","@id":"https:\/\/portesdesiris.ch\/location-de-salles\/eloise\/","url":"https:\/\/portesdesiris.ch\/location-de-salles\/eloise\/","name":"Elo\u00efse - Portes des Iris","isPartOf":{"@id":"https:\/\/portesdesiris.ch\/de\/#website"},"primaryImageOfPage":{"@id":"https:\/\/portesdesiris.ch\/location-de-salles\/eloise\/#primaryimage"},"image":{"@id":"https:\/\/portesdesiris.ch\/location-de-salles\/eloise\/#primaryimage"},"thumbnailUrl":"https:\/\/portesdesiris.ch\/wp-content\/uploads\/2019\/04\/regiscolombo2016_small.jpg","datePublished":"2016-06-28T10:13:02+00:00","dateModified":"2020-03-03T14:41:58+00:00","description":"Dieser Raum ist ideal f\u00fcr kleine Konferenzen, Workshops, oder als Spiel-und Kinderzimmer w\u00e4hrend Hochzeiten.","breadcrumb":{"@id":"https:\/\/portesdesiris.ch\/location-de-salles\/eloise\/#breadcrumb"},"inLanguage":"de","potentialAction":[{"@type":"ReadAction","target":["https:\/\/portesdesiris.ch\/location-de-salles\/eloise\/"]}]},{"@type":"ImageObject","inLanguage":"de","@id":"https:\/\/portesdesiris.ch\/location-de-salles\/eloise\/#primaryimage","url":"https:\/\/portesdesiris.ch\/wp-content\/uploads\/2019\/04\/regiscolombo2016_small.jpg","contentUrl":"https:\/\/portesdesiris.ch\/wp-content\/uploads\/2019\/04\/regiscolombo2016_small.jpg","width":1920,"height":1280,"caption":"www.regiscolombo.ch"},{"@type":"BreadcrumbList","@id":"https:\/\/portesdesiris.ch\/location-de-salles\/eloise\/#breadcrumb","itemListElement":[{"@type":"ListItem","position":1,"name":"Accueil","item":"https:\/\/portesdesiris.ch\/de\/"},{"@type":"ListItem","position":2,"name":"Unsere R\u00e4ume","item":"https:\/\/portesdesiris.ch\/de\/unsere-raeume\/"},{"@type":"ListItem","position":3,"name":"Elo\u00efse"}]},{"@type":"WebSite","@id":"https:\/\/portesdesiris.ch\/de\/#website","url":"https:\/\/portesdesiris.ch\/de\/","name":"Portes des Iris","description":"","potentialAction":[{"@type":"SearchAction","target":{"@type":"EntryPoint","urlTemplate":"https:\/\/portesdesiris.ch\/de\/?s={search_term_string}"},"query-input":{"@type":"PropertyValueSpecification","valueRequired":true,"valueName":"search_term_string"}}],"inLanguage":"de"}]}},"_links":{"self":[{"href":"https:\/\/portesdesiris.ch\/de\/wp-json\/wp\/v2\/pages\/2120","targetHints":{"allow":["GET"]}}],"collection":[{"href":"https:\/\/portesdesiris.ch\/de\/wp-json\/wp\/v2\/pages"}],"about":[{"href":"https:\/\/portesdesiris.ch\/de\/wp-json\/wp\/v2\/types\/page"}],"author":[{"embeddable":true,"href":"https:\/\/portesdesiris.ch\/de\/wp-json\/wp\/v2\/users\/6"}],"replies":[{"embeddable":true,"href":"https:\/\/portesdesiris.ch\/de\/wp-json\/wp\/v2\/comments?post=2120"}],"version-history":[{"count":0,"href":"https:\/\/portesdesiris.ch\/de\/wp-json\/wp\/v2\/pages\/2120\/revisions"}],"up":[{"embeddable":true,"href":"https:\/\/portesdesiris.ch\/de\/wp-json\/wp\/v2\/pages\/2115"}],"wp:featuredmedia":[{"embeddable":true,"href":"https:\/\/portesdesiris.ch\/de\/wp-json\/wp\/v2\/media\/6367"}],"wp:attachment":[{"href":"https:\/\/portesdesiris.ch\/de\/wp-json\/wp\/v2\/media?parent=2120"}],"curies":[{"name":"wp","href":"https:\/\/api.w.org\/{rel}","templated":true}]}}