{"id":2119,"date":"2016-06-22T12:51:07","date_gmt":"2016-06-22T10:51:07","guid":{"rendered":"http:\/\/6l94bzuhd.preview.infomaniak.website\/de\/location-de-salles\/dorianna\/"},"modified":"2025-01-23T14:39:30","modified_gmt":"2025-01-23T13:39:30","slug":"dorianna","status":"publish","type":"page","link":"https:\/\/portesdesiris.ch\/de\/unsere-raeume\/dorianna\/","title":{"rendered":"Dorianna"},"content":{"rendered":"<div class=\"wpb-content-wrapper\">\n<style type=\"text\/css\">\n\t#feslider-2119 {\n\t\tmargin-bottom: 10px;\n\t}\n<\/style>\n\n<div id=\"feslider-2119\" class=\"feslider harislab-feslider slider-pro\">\n\t<div class=\"sp-slides\">\n\n\t\n\t\t<div class=\"sp-slide\">\n\t\t\t<img decoding=\"async\" class=\"sp-image\" src=\"\" data-src=\"https:\/\/portesdesiris.ch\/wp-content\/uploads\/2019\/12\/339_\u00a9alexandrebourguet_small.jpg\">\n\n\t\t\t\t\t<\/div>\n\n\t\n\t\t<div class=\"sp-slide\">\n\t\t\t<img decoding=\"async\" class=\"sp-image\" src=\"\" data-src=\"https:\/\/portesdesiris.ch\/wp-content\/uploads\/2020\/01\/portes-des-iris-salle-dorianna4.jpg\">\n\n\t\t\t\t\t<\/div>\n\n\t\n\t\t<div class=\"sp-slide\">\n\t\t\t<img decoding=\"async\" class=\"sp-image\" src=\"\" data-src=\"https:\/\/portesdesiris.ch\/wp-content\/uploads\/2020\/01\/portes-des-iris-salle-dorianna2.jpg\">\n\n\t\t\t\t\t<\/div>\n\n\t\n\t\t<div class=\"sp-slide\">\n\t\t\t<img decoding=\"async\" class=\"sp-image\" src=\"\" data-src=\"https:\/\/portesdesiris.ch\/wp-content\/uploads\/2020\/01\/portes-des-iris-salle-dorianna3.jpg\">\n\n\t\t\t\t\t<\/div>\n\n\t\n\t\t<div class=\"sp-slide\">\n\t\t\t<img decoding=\"async\" class=\"sp-image\" src=\"\" data-src=\"https:\/\/portesdesiris.ch\/wp-content\/uploads\/2020\/01\/portes-des-iris-salle-dorianna1.jpg\">\n\n\t\t\t\t\t<\/div>\n\n\t\n\t<\/div>\n<\/div>\n\n<p>[vc_row][vc_column][vc_column_text css=&#8220;&#8220;]Dieser gro\u00dfartige Saal befindet sich im ersten Stock und ist mit einem alten Kamin ausgestattet. Die zw\u00f6lf Meter hohe beeindruckende Decke besteht aus einem alten Dachgeb\u00e4lk. Vier Estraden sind ebenfalls vorhanden und eignen sich hervorragend f\u00fcr unterschiedliche Animationen. Der Saal ist mit 2 Lichtsystemen ausgestattet (ein LED System) und bietet so die M\u00f6glichkeit verschiedene farblich abgestimmte Atmosph\u00e4ren auf den W\u00e4nden und an der Decke zu kreieren. Ideal f\u00fcr folgende Events: Gesetztes Essen, Stehempfang, Aperitif &#8211; Tanzfl\u00e4che &#8211; Konferenz, Workshops &#8211; Produktvorf\u00fchrung, zB. f\u00fcr Automobilien oder grosse Maschinen. Eine lastorientierte Rollbr\u00fccke erleichtert den Zugang zu dem Saal. <a href=\"http:\/\/6l94bzuhd.preview.infomaniak.website\/wp-content\/uploads\/2016\/06\/dorianna-plan-01-a4p.pdf\" target=\"_blank\" rel=\"noopener noreferrer\">Saalplan hochladen<\/a>[\/vc_column_text][vc_column_text css=&#8220;&#8220;][\/vc_column_text][vc_column_text css=&#8220;&#8220;]Besuchen Sie Dorianna virtuell vor Ihrem Termin vor Ort, um Ihr Projekt zu konkretisieren.[\/vc_column_text][\/vc_column][\/vc_row][vc_row][vc_column][vc_raw_html]JTNDaWZyYW1lJTIwc3JjJTNEJTIyaHR0cHMlM0ElMkYlMkZwb3J0ZXNkZXNpcmlzLmNoJTJGd3AtY29udGVudCUyRnVwbG9hZHMlMkZ2aXJ0dWFsdmlzaXRzJTJGNCUyRlBvcnRlcyUyNTIwRGVzJTI1MjBJcmlzJTI1MjA0Lmh0bWwlMjIlMjB3aWR0aCUzRCUyMjEwMCUyNSUyMiUyMGhlaWdodCUzRCUyMjQ4MHB4JTIyJTIwZnJhbWVib3JkZXIlM0QlMjIwJTIyJTIwYWxpZ24lM0QlMjJjZW50ZXIlMjIlM0UlMjAlM0MlMkZpZnJhbWUlM0UlMEE=[\/vc_raw_html][\/vc_column][\/vc_row][vc_row css=&#8220;.vc_custom_1466778943157{padding-top: 50px !important;}&#8220;][vc_column width=&#8220;2\/3&#8243;][vc_column_text]<\/p>\n<table class=\"ng-element el-table\" style=\"height: 425px;\" width=\"570\" data-id=\"6325009\">\n<tbody>\n<tr class=\"even\">\n<td id=\"A0\" data-coords=\"A0\">Fl\u00e4che (m2)<\/td>\n<td id=\"B0\" data-coords=\"B0\">490<\/td>\n<\/tr>\n<tr class=\"odd\">\n<td id=\"A1\" data-coords=\"A1\">Fl\u00e4che (sq. ft.)<\/td>\n<td id=\"B1\" data-coords=\"B1\">5&#8217;274<\/td>\n<\/tr>\n<tr class=\"even\">\n<td id=\"A2\" data-coords=\"A2\">Rauml\u00e4nge x Breite (m)<\/td>\n<td id=\"B2\" data-coords=\"B2\">32.5 x 15<\/td>\n<\/tr>\n<tr class=\"odd\">\n<td id=\"A3\" data-coords=\"A3\">Rauml\u00e4nge\u00a0x Breite (feet)<\/td>\n<td id=\"B3\" data-coords=\"B3\">106 x 49<\/td>\n<\/tr>\n<tr class=\"even\">\n<td id=\"A4\" data-coords=\"A4\">H\u00f6he (m)<\/td>\n<td id=\"B4\" data-coords=\"B4\">12<\/td>\n<\/tr>\n<tr class=\"odd\">\n<td id=\"A5\" data-coords=\"A5\">H\u00f6he (feet)<\/td>\n<td id=\"B5\" data-coords=\"B5\">39<\/td>\n<\/tr>\n<tr class=\"even\">\n<td id=\"A6\" data-coords=\"A6\">Seminar, parlamentarisch oder U-Form<br \/>\n&#8211; mit rechteckigen Konferenztischen und St\u00fchlen<\/td>\n<td id=\"B6\" data-coords=\"B6\">250 \/ 2 x 50<\/td>\n<\/tr>\n<tr class=\"odd\">\n<td id=\"A7\" data-coords=\"A7\">Bankett, gesetztes\u00a0Essen<br \/>\n&#8211;\u00a0mit runden Tischen und St\u00fchlen<\/td>\n<td id=\"B7\" data-coords=\"B7\">450<\/td>\n<\/tr>\n<tr class=\"even\">\n<td id=\"A8\" data-coords=\"A8\">Konferenz mit Theaterbestuhlung<br \/>\n&#8211; nur\u00a0St\u00fchle ohne Tische<\/td>\n<td id=\"B8\" data-coords=\"B8\">500<\/td>\n<\/tr>\n<tr class=\"odd\">\n<td id=\"A9\" data-coords=\"A9\">Aperitif<\/td>\n<td id=\"B9\" data-coords=\"B9\">600<\/td>\n<\/tr>\n<tr class=\"even\">\n<td id=\"A10\" data-coords=\"A10\">Stehcocktail<\/td>\n<td id=\"B10\" data-coords=\"B10\">450<\/td>\n<\/tr>\n<\/tbody>\n<\/table>\n<p>[\/vc_column_text][\/vc_column][\/vc_row]<\/p>\n<\/div>","protected":false},"excerpt":{"rendered":"<p>[vc_row][vc_column][vc_column_text css=&#8220;&#8220;]Dieser gro\u00dfartige Saal befindet sich im ersten Stock und ist mit einem alten Kamin ausgestattet. Die zw\u00f6lf Meter hohe beeindruckende Decke besteht aus einem alten Dachgeb\u00e4lk. Vier Estraden sind ebenfalls vorhanden und eignen sich hervorragend f\u00fcr unterschiedliche Animationen. Der Saal ist mit 2 Lichtsystemen ausgestattet (ein LED System) und bietet so die M\u00f6glichkeit verschiedene [&hellip;]<\/p>\n","protected":false},"author":6,"featured_media":6043,"parent":2115,"menu_order":1,"comment_status":"closed","ping_status":"closed","template":"templates\/template-room.php","meta":{"_acf_changed":false,"footnotes":""},"class_list":["post-2119","page","type-page","status-publish","has-post-thumbnail","hentry"],"acf":[],"yoast_head":"<!-- This site is optimized with the Yoast SEO plugin v26.7 - https:\/\/yoast.com\/wordpress\/plugins\/seo\/ -->\n<title>Dorianna - Portes des Iris<\/title>\n<meta name=\"description\" content=\"Idealer Raum f\u00fcr Galaabend, Stehcocktail, Aperitif, Tanzfl\u00e4che, Konferenz, Workshop, Produktlancierung.\" \/>\n<meta name=\"robots\" content=\"index, follow, max-snippet:-1, max-image-preview:large, max-video-preview:-1\" \/>\n<link rel=\"canonical\" href=\"https:\/\/portesdesiris.ch\/location-de-salles\/dorianna\/\" \/>\n<meta property=\"og:locale\" content=\"de_DE\" \/>\n<meta property=\"og:type\" content=\"article\" \/>\n<meta property=\"og:title\" content=\"Dorianna - Portes des Iris\" \/>\n<meta property=\"og:description\" content=\"Idealer Raum f\u00fcr Galaabend, Stehcocktail, Aperitif, Tanzfl\u00e4che, Konferenz, Workshop, Produktlancierung.\" \/>\n<meta property=\"og:url\" content=\"https:\/\/portesdesiris.ch\/location-de-salles\/dorianna\/\" \/>\n<meta property=\"og:site_name\" content=\"Portes des Iris\" \/>\n<meta property=\"article:publisher\" content=\"https:\/\/www.facebook.com\/portesdesiris\/\" \/>\n<meta property=\"article:modified_time\" content=\"2025-01-23T13:39:30+00:00\" \/>\n<meta property=\"og:image\" content=\"https:\/\/portesdesiris.ch\/wp-content\/uploads\/2019\/03\/339_\u00a9alexandrebourguet_samll.jpg\" \/>\n\t<meta property=\"og:image:width\" content=\"1920\" \/>\n\t<meta property=\"og:image:height\" content=\"1282\" \/>\n\t<meta property=\"og:image:type\" content=\"image\/jpeg\" \/>\n<meta name=\"twitter:card\" content=\"summary_large_image\" \/>\n<meta name=\"twitter:label1\" content=\"Gesch\u00e4tzte Lesezeit\" \/>\n\t<meta name=\"twitter:data1\" content=\"2\u00a0Minuten\" \/>\n<script type=\"application\/ld+json\" class=\"yoast-schema-graph\">{\"@context\":\"https:\/\/schema.org\",\"@graph\":[{\"@type\":\"WebPage\",\"@id\":\"https:\/\/portesdesiris.ch\/location-de-salles\/dorianna\/\",\"url\":\"https:\/\/portesdesiris.ch\/location-de-salles\/dorianna\/\",\"name\":\"Dorianna - Portes des Iris\",\"isPartOf\":{\"@id\":\"https:\/\/portesdesiris.ch\/de\/#website\"},\"primaryImageOfPage\":{\"@id\":\"https:\/\/portesdesiris.ch\/location-de-salles\/dorianna\/#primaryimage\"},\"image\":{\"@id\":\"https:\/\/portesdesiris.ch\/location-de-salles\/dorianna\/#primaryimage\"},\"thumbnailUrl\":\"https:\/\/portesdesiris.ch\/wp-content\/uploads\/2019\/03\/339_\u00a9alexandrebourguet_samll.jpg\",\"datePublished\":\"2016-06-22T10:51:07+00:00\",\"dateModified\":\"2025-01-23T13:39:30+00:00\",\"description\":\"Idealer Raum f\u00fcr Galaabend, Stehcocktail, Aperitif, Tanzfl\u00e4che, Konferenz, Workshop, Produktlancierung.\",\"breadcrumb\":{\"@id\":\"https:\/\/portesdesiris.ch\/location-de-salles\/dorianna\/#breadcrumb\"},\"inLanguage\":\"de\",\"potentialAction\":[{\"@type\":\"ReadAction\",\"target\":[\"https:\/\/portesdesiris.ch\/location-de-salles\/dorianna\/\"]}]},{\"@type\":\"ImageObject\",\"inLanguage\":\"de\",\"@id\":\"https:\/\/portesdesiris.ch\/location-de-salles\/dorianna\/#primaryimage\",\"url\":\"https:\/\/portesdesiris.ch\/wp-content\/uploads\/2019\/03\/339_\u00a9alexandrebourguet_samll.jpg\",\"contentUrl\":\"https:\/\/portesdesiris.ch\/wp-content\/uploads\/2019\/03\/339_\u00a9alexandrebourguet_samll.jpg\",\"width\":1920,\"height\":1282,\"caption\":\"Salle Dorianna, Mariage aux Portes des Iris\"},{\"@type\":\"BreadcrumbList\",\"@id\":\"https:\/\/portesdesiris.ch\/location-de-salles\/dorianna\/#breadcrumb\",\"itemListElement\":[{\"@type\":\"ListItem\",\"position\":1,\"name\":\"Accueil\",\"item\":\"https:\/\/portesdesiris.ch\/de\/\"},{\"@type\":\"ListItem\",\"position\":2,\"name\":\"Unsere R\u00e4ume\",\"item\":\"https:\/\/portesdesiris.ch\/de\/unsere-raeume\/\"},{\"@type\":\"ListItem\",\"position\":3,\"name\":\"Dorianna\"}]},{\"@type\":\"WebSite\",\"@id\":\"https:\/\/portesdesiris.ch\/de\/#website\",\"url\":\"https:\/\/portesdesiris.ch\/de\/\",\"name\":\"Portes des Iris\",\"description\":\"\",\"potentialAction\":[{\"@type\":\"SearchAction\",\"target\":{\"@type\":\"EntryPoint\",\"urlTemplate\":\"https:\/\/portesdesiris.ch\/de\/?s={search_term_string}\"},\"query-input\":{\"@type\":\"PropertyValueSpecification\",\"valueRequired\":true,\"valueName\":\"search_term_string\"}}],\"inLanguage\":\"de\"}]}<\/script>\n<!-- \/ Yoast SEO plugin. -->","yoast_head_json":{"title":"Dorianna - Portes des Iris","description":"Idealer Raum f\u00fcr Galaabend, Stehcocktail, Aperitif, Tanzfl\u00e4che, Konferenz, Workshop, Produktlancierung.","robots":{"index":"index","follow":"follow","max-snippet":"max-snippet:-1","max-image-preview":"max-image-preview:large","max-video-preview":"max-video-preview:-1"},"canonical":"https:\/\/portesdesiris.ch\/location-de-salles\/dorianna\/","og_locale":"de_DE","og_type":"article","og_title":"Dorianna - Portes des Iris","og_description":"Idealer Raum f\u00fcr Galaabend, Stehcocktail, Aperitif, Tanzfl\u00e4che, Konferenz, Workshop, Produktlancierung.","og_url":"https:\/\/portesdesiris.ch\/location-de-salles\/dorianna\/","og_site_name":"Portes des Iris","article_publisher":"https:\/\/www.facebook.com\/portesdesiris\/","article_modified_time":"2025-01-23T13:39:30+00:00","og_image":[{"width":1920,"height":1282,"url":"https:\/\/portesdesiris.ch\/wp-content\/uploads\/2019\/03\/339_\u00a9alexandrebourguet_samll.jpg","type":"image\/jpeg"}],"twitter_card":"summary_large_image","twitter_misc":{"Gesch\u00e4tzte Lesezeit":"2\u00a0Minuten"},"schema":{"@context":"https:\/\/schema.org","@graph":[{"@type":"WebPage","@id":"https:\/\/portesdesiris.ch\/location-de-salles\/dorianna\/","url":"https:\/\/portesdesiris.ch\/location-de-salles\/dorianna\/","name":"Dorianna - Portes des Iris","isPartOf":{"@id":"https:\/\/portesdesiris.ch\/de\/#website"},"primaryImageOfPage":{"@id":"https:\/\/portesdesiris.ch\/location-de-salles\/dorianna\/#primaryimage"},"image":{"@id":"https:\/\/portesdesiris.ch\/location-de-salles\/dorianna\/#primaryimage"},"thumbnailUrl":"https:\/\/portesdesiris.ch\/wp-content\/uploads\/2019\/03\/339_\u00a9alexandrebourguet_samll.jpg","datePublished":"2016-06-22T10:51:07+00:00","dateModified":"2025-01-23T13:39:30+00:00","description":"Idealer Raum f\u00fcr Galaabend, Stehcocktail, Aperitif, Tanzfl\u00e4che, Konferenz, Workshop, Produktlancierung.","breadcrumb":{"@id":"https:\/\/portesdesiris.ch\/location-de-salles\/dorianna\/#breadcrumb"},"inLanguage":"de","potentialAction":[{"@type":"ReadAction","target":["https:\/\/portesdesiris.ch\/location-de-salles\/dorianna\/"]}]},{"@type":"ImageObject","inLanguage":"de","@id":"https:\/\/portesdesiris.ch\/location-de-salles\/dorianna\/#primaryimage","url":"https:\/\/portesdesiris.ch\/wp-content\/uploads\/2019\/03\/339_\u00a9alexandrebourguet_samll.jpg","contentUrl":"https:\/\/portesdesiris.ch\/wp-content\/uploads\/2019\/03\/339_\u00a9alexandrebourguet_samll.jpg","width":1920,"height":1282,"caption":"Salle Dorianna, Mariage aux Portes des Iris"},{"@type":"BreadcrumbList","@id":"https:\/\/portesdesiris.ch\/location-de-salles\/dorianna\/#breadcrumb","itemListElement":[{"@type":"ListItem","position":1,"name":"Accueil","item":"https:\/\/portesdesiris.ch\/de\/"},{"@type":"ListItem","position":2,"name":"Unsere R\u00e4ume","item":"https:\/\/portesdesiris.ch\/de\/unsere-raeume\/"},{"@type":"ListItem","position":3,"name":"Dorianna"}]},{"@type":"WebSite","@id":"https:\/\/portesdesiris.ch\/de\/#website","url":"https:\/\/portesdesiris.ch\/de\/","name":"Portes des Iris","description":"","potentialAction":[{"@type":"SearchAction","target":{"@type":"EntryPoint","urlTemplate":"https:\/\/portesdesiris.ch\/de\/?s={search_term_string}"},"query-input":{"@type":"PropertyValueSpecification","valueRequired":true,"valueName":"search_term_string"}}],"inLanguage":"de"}]}},"_links":{"self":[{"href":"https:\/\/portesdesiris.ch\/de\/wp-json\/wp\/v2\/pages\/2119","targetHints":{"allow":["GET"]}}],"collection":[{"href":"https:\/\/portesdesiris.ch\/de\/wp-json\/wp\/v2\/pages"}],"about":[{"href":"https:\/\/portesdesiris.ch\/de\/wp-json\/wp\/v2\/types\/page"}],"author":[{"embeddable":true,"href":"https:\/\/portesdesiris.ch\/de\/wp-json\/wp\/v2\/users\/6"}],"replies":[{"embeddable":true,"href":"https:\/\/portesdesiris.ch\/de\/wp-json\/wp\/v2\/comments?post=2119"}],"version-history":[{"count":7,"href":"https:\/\/portesdesiris.ch\/de\/wp-json\/wp\/v2\/pages\/2119\/revisions"}],"predecessor-version":[{"id":18721,"href":"https:\/\/portesdesiris.ch\/de\/wp-json\/wp\/v2\/pages\/2119\/revisions\/18721"}],"up":[{"embeddable":true,"href":"https:\/\/portesdesiris.ch\/de\/wp-json\/wp\/v2\/pages\/2115"}],"wp:featuredmedia":[{"embeddable":true,"href":"https:\/\/portesdesiris.ch\/de\/wp-json\/wp\/v2\/media\/6043"}],"wp:attachment":[{"href":"https:\/\/portesdesiris.ch\/de\/wp-json\/wp\/v2\/media?parent=2119"}],"curies":[{"name":"wp","href":"https:\/\/api.w.org\/{rel}","templated":true}]}}