{"id":2118,"date":"2016-06-28T11:52:56","date_gmt":"2016-06-28T09:52:56","guid":{"rendered":"http:\/\/6l94bzuhd.preview.infomaniak.website\/de\/location-de-salles\/diana\/"},"modified":"2020-03-03T15:28:55","modified_gmt":"2020-03-03T14:28:55","slug":"diana","status":"publish","type":"page","link":"https:\/\/portesdesiris.ch\/de\/unsere-raeume\/diana\/","title":{"rendered":"Diana"},"content":{"rendered":"<div class=\"wpb-content-wrapper\">\n<style type=\"text\/css\">\n\t#feslider-2118 {\n\t\tmargin-bottom: 10px;\n\t}\n<\/style>\n\n<div id=\"feslider-2118\" class=\"feslider harislab-feslider slider-pro\">\n\t<div class=\"sp-slides\">\n\n\t\n\t\t<div class=\"sp-slide\">\n\t\t\t<img decoding=\"async\" class=\"sp-image\" src=\"\" data-src=\"https:\/\/portesdesiris.ch\/wp-content\/uploads\/2020\/03\/portes-des-iris-mariage-diana-scaled.jpg\">\n\n\t\t\t\t\t<\/div>\n\n\t\n\t\t<div class=\"sp-slide\">\n\t\t\t<img decoding=\"async\" class=\"sp-image\" src=\"\" data-src=\"https:\/\/portesdesiris.ch\/wp-content\/uploads\/2020\/03\/portes-des-iris-mariage-preparatifs.jpg\">\n\n\t\t\t\t\t<\/div>\n\n\t\n\t\t<div class=\"sp-slide\">\n\t\t\t<img decoding=\"async\" class=\"sp-image\" src=\"\" data-src=\"https:\/\/portesdesiris.ch\/wp-content\/uploads\/2020\/03\/portes-des-iris-diana-pr\u00e9aratifs-mariage.jpg\">\n\n\t\t\t\t\t<\/div>\n\n\t\n\t\t<div class=\"sp-slide\">\n\t\t\t<img decoding=\"async\" class=\"sp-image\" src=\"\" data-src=\"https:\/\/portesdesiris.ch\/wp-content\/uploads\/2020\/03\/portes-des-iris-pr\u00e9paratifs-mariage-scaled.jpg\">\n\n\t\t\t\t\t<\/div>\n\n\t\n\t<\/div>\n<\/div>\n\n<p>[vc_row][vc_column][vc_column_text]Dieser in zwei Partien aufgeteilte charmante Raum, hat direkten Zugang auf die Collonges-Terrasse. Idealer Raum f\u00fcr:<\/p>\n<p>Konferenzen, Workshop in Verbindung\u00a0mit einem Seminar<br \/>\nLoge und Backstage f\u00fcr K\u00fcnstler, Personal<br \/>\nAnkleideraum, Spiel- Kinderzimmer<\/p>\n<p>Diana kann nur in Zusammenhang mit\u00a0einem anderen Saal gemietet werden.[\/vc_column_text][\/vc_column][\/vc_row][vc_row css=&#8220;.vc_custom_1466778943157{padding-top: 50px !important;}&#8220;][vc_column width=&#8220;2\/3&#8243;][vc_column_text]<\/p>\n<table class=\"ng-element el-table\" style=\"height: 425px;\" width=\"570\" data-id=\"6325009\">\n<tbody>\n<tr class=\"even\">\n<td id=\"A0\" data-coords=\"A0\">Fl\u00e4che (m2)<\/td>\n<td id=\"B0\" data-coords=\"B0\">50<\/td>\n<\/tr>\n<tr class=\"odd\">\n<td id=\"A1\" data-coords=\"A1\">Fl\u00e4che (sq. ft.)<\/td>\n<td id=\"B1\" data-coords=\"B1\">538<\/td>\n<\/tr>\n<tr class=\"even\">\n<td id=\"A2\" data-coords=\"A2\">Rauml\u00e4nge x Breite (m)<\/td>\n<td id=\"B2\" data-coords=\"B2\">8.5 x 6<\/td>\n<\/tr>\n<tr class=\"odd\">\n<td id=\"A3\" data-coords=\"A3\">Rauml\u00e4nge x Breite (feet)<\/td>\n<td id=\"B3\" data-coords=\"B3\">27 x 19<\/td>\n<\/tr>\n<tr class=\"even\">\n<td id=\"A4\" data-coords=\"A4\">H\u00f6he (m)<\/td>\n<td id=\"B4\" data-coords=\"B4\">3<\/td>\n<\/tr>\n<tr class=\"odd\">\n<td id=\"A5\" data-coords=\"A5\">H\u00f6he (feet)<\/td>\n<td id=\"B5\" data-coords=\"B5\">10<\/td>\n<\/tr>\n<tr class=\"even\">\n<td id=\"A6\" data-coords=\"A6\">Seminar, parlamentarisch oder U-Form<br \/>\n&#8211; mit rechteckigen Konferenztischen und St\u00fchlen<\/td>\n<td id=\"B6\" data-coords=\"B6\">2 x 12<\/td>\n<\/tr>\n<tr class=\"odd\">\n<td id=\"A7\" data-coords=\"A7\">Bankett, Essen<br \/>\n&#8211; mit runden Tischen und St\u00fchlen<\/td>\n<td id=\"B7\" data-coords=\"B7\">30<\/td>\n<\/tr>\n<tr class=\"even\">\n<td id=\"A8\" data-coords=\"A8\">Konferenz, Theaterbestuhlung<br \/>\n&#8211; mit St\u00fchlen ohne Tische<\/td>\n<td id=\"B8\" data-coords=\"B8\">2 x 20<\/td>\n<\/tr>\n<tr class=\"odd\">\n<td id=\"A9\" data-coords=\"A9\">Aperitif<\/td>\n<td id=\"B9\" data-coords=\"B9\">\u00a0 \u00a0 &#8211;<\/td>\n<\/tr>\n<tr class=\"even\">\n<td id=\"A10\" data-coords=\"A10\">Stehcocktail<\/td>\n<td id=\"B10\" data-coords=\"B10\">\u00a0 \u00a0 &#8211;<\/td>\n<\/tr>\n<\/tbody>\n<\/table>\n<p>[\/vc_column_text][\/vc_column][\/vc_row]<\/p>\n<\/div>","protected":false},"excerpt":{"rendered":"<p>[vc_row][vc_column][vc_column_text]Dieser in zwei Partien aufgeteilte charmante Raum, hat direkten Zugang auf die Collonges-Terrasse. Idealer Raum f\u00fcr: Konferenzen, Workshop in Verbindung\u00a0mit einem Seminar Loge und Backstage f\u00fcr K\u00fcnstler, Personal Ankleideraum, Spiel- Kinderzimmer Diana kann nur in Zusammenhang mit\u00a0einem anderen Saal gemietet werden.[\/vc_column_text][\/vc_column][\/vc_row][vc_row css=&#8220;.vc_custom_1466778943157{padding-top: 50px !important;}&#8220;][vc_column width=&#8220;2\/3&#8243;][vc_column_text] Fl\u00e4che (m2) 50 Fl\u00e4che (sq. ft.) 538 Rauml\u00e4nge x Breite [&hellip;]<\/p>\n","protected":false},"author":6,"featured_media":2295,"parent":2115,"menu_order":6,"comment_status":"closed","ping_status":"closed","template":"templates\/template-room.php","meta":{"_acf_changed":false,"footnotes":""},"class_list":["post-2118","page","type-page","status-publish","has-post-thumbnail","hentry"],"acf":[],"yoast_head":"<!-- This site is optimized with the Yoast SEO plugin v26.7 - https:\/\/yoast.com\/wordpress\/plugins\/seo\/ -->\n<title>Diana - Portes des Iris<\/title>\n<meta name=\"description\" content=\"Dieser Raum ist ideal f\u00fcr kleine Konferenzen, Workshops, oder als Spiel-und Kinderzimmer w\u00e4hrend Hochzeiten.\" \/>\n<meta name=\"robots\" content=\"index, follow, max-snippet:-1, max-image-preview:large, max-video-preview:-1\" \/>\n<link rel=\"canonical\" href=\"https:\/\/portesdesiris.ch\/location-de-salles\/diana\/\" \/>\n<meta property=\"og:locale\" content=\"de_DE\" \/>\n<meta property=\"og:type\" content=\"article\" \/>\n<meta property=\"og:title\" content=\"Diana - Portes des Iris\" \/>\n<meta property=\"og:description\" content=\"Dieser Raum ist ideal f\u00fcr kleine Konferenzen, Workshops, oder als Spiel-und Kinderzimmer w\u00e4hrend Hochzeiten.\" \/>\n<meta property=\"og:url\" content=\"https:\/\/portesdesiris.ch\/location-de-salles\/diana\/\" \/>\n<meta property=\"og:site_name\" content=\"Portes des Iris\" \/>\n<meta property=\"article:publisher\" content=\"https:\/\/www.facebook.com\/portesdesiris\/\" \/>\n<meta property=\"article:modified_time\" content=\"2020-03-03T14:28:55+00:00\" \/>\n<meta property=\"og:image\" content=\"https:\/\/portesdesiris.ch\/wp-content\/uploads\/2016\/08\/portesdesiris_nosespaces_diana.jpg\" \/>\n\t<meta property=\"og:image:width\" content=\"1920\" \/>\n\t<meta property=\"og:image:height\" content=\"1280\" \/>\n\t<meta property=\"og:image:type\" content=\"image\/jpeg\" \/>\n<meta name=\"twitter:card\" content=\"summary_large_image\" \/>\n<meta name=\"twitter:label1\" content=\"Gesch\u00e4tzte Lesezeit\" \/>\n\t<meta name=\"twitter:data1\" content=\"1\u00a0Minute\" \/>\n<script type=\"application\/ld+json\" class=\"yoast-schema-graph\">{\"@context\":\"https:\/\/schema.org\",\"@graph\":[{\"@type\":\"WebPage\",\"@id\":\"https:\/\/portesdesiris.ch\/location-de-salles\/diana\/\",\"url\":\"https:\/\/portesdesiris.ch\/location-de-salles\/diana\/\",\"name\":\"Diana - Portes des Iris\",\"isPartOf\":{\"@id\":\"https:\/\/portesdesiris.ch\/de\/#website\"},\"primaryImageOfPage\":{\"@id\":\"https:\/\/portesdesiris.ch\/location-de-salles\/diana\/#primaryimage\"},\"image\":{\"@id\":\"https:\/\/portesdesiris.ch\/location-de-salles\/diana\/#primaryimage\"},\"thumbnailUrl\":\"https:\/\/portesdesiris.ch\/wp-content\/uploads\/2016\/08\/portesdesiris_nosespaces_diana.jpg\",\"datePublished\":\"2016-06-28T09:52:56+00:00\",\"dateModified\":\"2020-03-03T14:28:55+00:00\",\"description\":\"Dieser Raum ist ideal f\u00fcr kleine Konferenzen, Workshops, oder als Spiel-und Kinderzimmer w\u00e4hrend Hochzeiten.\",\"breadcrumb\":{\"@id\":\"https:\/\/portesdesiris.ch\/location-de-salles\/diana\/#breadcrumb\"},\"inLanguage\":\"de\",\"potentialAction\":[{\"@type\":\"ReadAction\",\"target\":[\"https:\/\/portesdesiris.ch\/location-de-salles\/diana\/\"]}]},{\"@type\":\"ImageObject\",\"inLanguage\":\"de\",\"@id\":\"https:\/\/portesdesiris.ch\/location-de-salles\/diana\/#primaryimage\",\"url\":\"https:\/\/portesdesiris.ch\/wp-content\/uploads\/2016\/08\/portesdesiris_nosespaces_diana.jpg\",\"contentUrl\":\"https:\/\/portesdesiris.ch\/wp-content\/uploads\/2016\/08\/portesdesiris_nosespaces_diana.jpg\",\"width\":1920,\"height\":1280},{\"@type\":\"BreadcrumbList\",\"@id\":\"https:\/\/portesdesiris.ch\/location-de-salles\/diana\/#breadcrumb\",\"itemListElement\":[{\"@type\":\"ListItem\",\"position\":1,\"name\":\"Accueil\",\"item\":\"https:\/\/portesdesiris.ch\/de\/\"},{\"@type\":\"ListItem\",\"position\":2,\"name\":\"Unsere R\u00e4ume\",\"item\":\"https:\/\/portesdesiris.ch\/de\/unsere-raeume\/\"},{\"@type\":\"ListItem\",\"position\":3,\"name\":\"Diana\"}]},{\"@type\":\"WebSite\",\"@id\":\"https:\/\/portesdesiris.ch\/de\/#website\",\"url\":\"https:\/\/portesdesiris.ch\/de\/\",\"name\":\"Portes des Iris\",\"description\":\"\",\"potentialAction\":[{\"@type\":\"SearchAction\",\"target\":{\"@type\":\"EntryPoint\",\"urlTemplate\":\"https:\/\/portesdesiris.ch\/de\/?s={search_term_string}\"},\"query-input\":{\"@type\":\"PropertyValueSpecification\",\"valueRequired\":true,\"valueName\":\"search_term_string\"}}],\"inLanguage\":\"de\"}]}<\/script>\n<!-- \/ Yoast SEO plugin. -->","yoast_head_json":{"title":"Diana - Portes des Iris","description":"Dieser Raum ist ideal f\u00fcr kleine Konferenzen, Workshops, oder als Spiel-und Kinderzimmer w\u00e4hrend Hochzeiten.","robots":{"index":"index","follow":"follow","max-snippet":"max-snippet:-1","max-image-preview":"max-image-preview:large","max-video-preview":"max-video-preview:-1"},"canonical":"https:\/\/portesdesiris.ch\/location-de-salles\/diana\/","og_locale":"de_DE","og_type":"article","og_title":"Diana - Portes des Iris","og_description":"Dieser Raum ist ideal f\u00fcr kleine Konferenzen, Workshops, oder als Spiel-und Kinderzimmer w\u00e4hrend Hochzeiten.","og_url":"https:\/\/portesdesiris.ch\/location-de-salles\/diana\/","og_site_name":"Portes des Iris","article_publisher":"https:\/\/www.facebook.com\/portesdesiris\/","article_modified_time":"2020-03-03T14:28:55+00:00","og_image":[{"width":1920,"height":1280,"url":"https:\/\/portesdesiris.ch\/wp-content\/uploads\/2016\/08\/portesdesiris_nosespaces_diana.jpg","type":"image\/jpeg"}],"twitter_card":"summary_large_image","twitter_misc":{"Gesch\u00e4tzte Lesezeit":"1\u00a0Minute"},"schema":{"@context":"https:\/\/schema.org","@graph":[{"@type":"WebPage","@id":"https:\/\/portesdesiris.ch\/location-de-salles\/diana\/","url":"https:\/\/portesdesiris.ch\/location-de-salles\/diana\/","name":"Diana - Portes des Iris","isPartOf":{"@id":"https:\/\/portesdesiris.ch\/de\/#website"},"primaryImageOfPage":{"@id":"https:\/\/portesdesiris.ch\/location-de-salles\/diana\/#primaryimage"},"image":{"@id":"https:\/\/portesdesiris.ch\/location-de-salles\/diana\/#primaryimage"},"thumbnailUrl":"https:\/\/portesdesiris.ch\/wp-content\/uploads\/2016\/08\/portesdesiris_nosespaces_diana.jpg","datePublished":"2016-06-28T09:52:56+00:00","dateModified":"2020-03-03T14:28:55+00:00","description":"Dieser Raum ist ideal f\u00fcr kleine Konferenzen, Workshops, oder als Spiel-und Kinderzimmer w\u00e4hrend Hochzeiten.","breadcrumb":{"@id":"https:\/\/portesdesiris.ch\/location-de-salles\/diana\/#breadcrumb"},"inLanguage":"de","potentialAction":[{"@type":"ReadAction","target":["https:\/\/portesdesiris.ch\/location-de-salles\/diana\/"]}]},{"@type":"ImageObject","inLanguage":"de","@id":"https:\/\/portesdesiris.ch\/location-de-salles\/diana\/#primaryimage","url":"https:\/\/portesdesiris.ch\/wp-content\/uploads\/2016\/08\/portesdesiris_nosespaces_diana.jpg","contentUrl":"https:\/\/portesdesiris.ch\/wp-content\/uploads\/2016\/08\/portesdesiris_nosespaces_diana.jpg","width":1920,"height":1280},{"@type":"BreadcrumbList","@id":"https:\/\/portesdesiris.ch\/location-de-salles\/diana\/#breadcrumb","itemListElement":[{"@type":"ListItem","position":1,"name":"Accueil","item":"https:\/\/portesdesiris.ch\/de\/"},{"@type":"ListItem","position":2,"name":"Unsere R\u00e4ume","item":"https:\/\/portesdesiris.ch\/de\/unsere-raeume\/"},{"@type":"ListItem","position":3,"name":"Diana"}]},{"@type":"WebSite","@id":"https:\/\/portesdesiris.ch\/de\/#website","url":"https:\/\/portesdesiris.ch\/de\/","name":"Portes des Iris","description":"","potentialAction":[{"@type":"SearchAction","target":{"@type":"EntryPoint","urlTemplate":"https:\/\/portesdesiris.ch\/de\/?s={search_term_string}"},"query-input":{"@type":"PropertyValueSpecification","valueRequired":true,"valueName":"search_term_string"}}],"inLanguage":"de"}]}},"_links":{"self":[{"href":"https:\/\/portesdesiris.ch\/de\/wp-json\/wp\/v2\/pages\/2118","targetHints":{"allow":["GET"]}}],"collection":[{"href":"https:\/\/portesdesiris.ch\/de\/wp-json\/wp\/v2\/pages"}],"about":[{"href":"https:\/\/portesdesiris.ch\/de\/wp-json\/wp\/v2\/types\/page"}],"author":[{"embeddable":true,"href":"https:\/\/portesdesiris.ch\/de\/wp-json\/wp\/v2\/users\/6"}],"replies":[{"embeddable":true,"href":"https:\/\/portesdesiris.ch\/de\/wp-json\/wp\/v2\/comments?post=2118"}],"version-history":[{"count":0,"href":"https:\/\/portesdesiris.ch\/de\/wp-json\/wp\/v2\/pages\/2118\/revisions"}],"up":[{"embeddable":true,"href":"https:\/\/portesdesiris.ch\/de\/wp-json\/wp\/v2\/pages\/2115"}],"wp:featuredmedia":[{"embeddable":true,"href":"https:\/\/portesdesiris.ch\/de\/wp-json\/wp\/v2\/media\/2295"}],"wp:attachment":[{"href":"https:\/\/portesdesiris.ch\/de\/wp-json\/wp\/v2\/media?parent=2118"}],"curies":[{"name":"wp","href":"https:\/\/api.w.org\/{rel}","templated":true}]}}