{"id":2117,"date":"2016-06-22T13:07:01","date_gmt":"2016-06-22T11:07:01","guid":{"rendered":"http:\/\/6l94bzuhd.preview.infomaniak.website\/de\/location-de-salles\/athena\/"},"modified":"2020-03-03T14:08:23","modified_gmt":"2020-03-03T13:08:23","slug":"athena","status":"publish","type":"page","link":"https:\/\/portesdesiris.ch\/de\/unsere-raeume\/athena\/","title":{"rendered":"Athena"},"content":{"rendered":"<div class=\"wpb-content-wrapper\">\n<style type=\"text\/css\">\n\t#feslider-2117 {\n\t\tmargin-bottom: 10px;\n\t}\n<\/style>\n\n<div id=\"feslider-2117\" class=\"feslider harislab-feslider slider-pro\">\n\t<div class=\"sp-slides\">\n\n\t\n\t\t<div class=\"sp-slide\">\n\t\t\t<img decoding=\"async\" class=\"sp-image\" src=\"\" data-src=\"https:\/\/portesdesiris.ch\/wp-content\/uploads\/2019\/03\/CONFERENCE_03.jpg\">\n\n\t\t\t\t\t<\/div>\n\n\t\n\t\t<div class=\"sp-slide\">\n\t\t\t<img decoding=\"async\" class=\"sp-image\" src=\"\" data-src=\"https:\/\/portesdesiris.ch\/wp-content\/uploads\/2020\/02\/portes-des-iris-salle-de-conference-athena.jpg\">\n\n\t\t\t\t\t<\/div>\n\n\t\n\t\t<div class=\"sp-slide\">\n\t\t\t<img decoding=\"async\" class=\"sp-image\" src=\"\" data-src=\"https:\/\/portesdesiris.ch\/wp-content\/uploads\/2020\/02\/portes-des-iris-salle-de-c\u00e9r\u00e9monie-civile.jpg\">\n\n\t\t\t\t\t<\/div>\n\n\t\n\t\t<div class=\"sp-slide\">\n\t\t\t<img decoding=\"async\" class=\"sp-image\" src=\"\" data-src=\"https:\/\/portesdesiris.ch\/wp-content\/uploads\/2020\/02\/portes-des-iris-salle-de-conference-ecole.jpg\">\n\n\t\t\t\t\t<\/div>\n\n\t\n\t\t<div class=\"sp-slide\">\n\t\t\t<img decoding=\"async\" class=\"sp-image\" src=\"\" data-src=\"https:\/\/portesdesiris.ch\/wp-content\/uploads\/2020\/03\/portes-des-iris-ceremonie-civile.jpg\">\n\n\t\t\t\t\t<\/div>\n\n\t\n\t<\/div>\n<\/div>\n\n<p>[vc_row][vc_column][vc_column_text]Dieser Saal befindet sich im Hauptgeb\u00e4ude auf der zweiten Etage und ist \u00fcber zwei Treppenaufg\u00e4nge erreichbar. Ein Treppen-Lift f\u00fcr Personen mit eingeschr\u00e4nkter Mobilit\u00e4t steht ebenfalls zur Verf\u00fcgung. Der Athena-Saal ist klimatisiert und mit modernster Technik, kabellosem Mikrofon, Leinwand und Projektor ausgestattet. Ideal f\u00fcr:<\/p>\n<p>Konferenzen<br \/>\nZivile Trauung<br \/>\nVerschiedene Animationen in Kombination\u00a0mit einem Event im Dorianna-Saal: Disko, Bar, Lounge, Konzert, etc.<\/p>\n<p>In einzelnen\u00a0F\u00e4llen kann der Athene-Saal auch mit einer Veranstaltung im Dorian-Saal f\u00fcr Bankette zus\u00e4tzlich genutzt werden. F\u00fcr eine Zivile Trauung kann dieser Saal auch einzeln gemietet werden.<\/p>\n<p><a href=\"http:\/\/6l94bzuhd.preview.infomaniak.website\/wp-content\/uploads\/2016\/06\/athena-plan-01-a4p.pdf\" target=\"_blank\" rel=\"noopener noreferrer\">Saalplan hochladen<\/a>[\/vc_column_text][\/vc_column][\/vc_row][vc_row css=&#8220;.vc_custom_1466778943157{padding-top: 50px !important;}&#8220;][vc_column width=&#8220;2\/3&#8243;][vc_column_text]<\/p>\n<table class=\"ng-element el-table\" style=\"height: 425px;\" width=\"570\" data-id=\"6325009\">\n<tbody>\n<tr class=\"even\">\n<td id=\"A0\" data-coords=\"A0\">Fl\u00e4che\u00a0(m2)<\/td>\n<td id=\"B0\" data-coords=\"B0\">180<\/td>\n<\/tr>\n<tr class=\"odd\">\n<td id=\"A1\" data-coords=\"A1\">Fl\u00e4che\u00a0(sq. ft.)<\/td>\n<td id=\"B1\" data-coords=\"B1\">1&#8217;937<\/td>\n<\/tr>\n<tr class=\"even\">\n<td id=\"A2\" data-coords=\"A2\">Rauml\u00e4nge\u00a0x Breite (m)<\/td>\n<td id=\"B2\" data-coords=\"B2\">15 x 12<\/td>\n<\/tr>\n<tr class=\"odd\">\n<td id=\"A3\" data-coords=\"A3\">Rauml\u00e4nge\u00a0x Breite (feet)<\/td>\n<td id=\"B3\" data-coords=\"B3\">49 x 39<\/td>\n<\/tr>\n<tr class=\"even\">\n<td id=\"A4\" data-coords=\"A4\">H\u00f6he (m)<\/td>\n<td id=\"B4\" data-coords=\"B4\">8<\/td>\n<\/tr>\n<tr class=\"odd\">\n<td id=\"A5\" data-coords=\"A5\">H\u00f6he (feet)<\/td>\n<td id=\"B5\" data-coords=\"B5\">26<\/td>\n<\/tr>\n<tr class=\"even\">\n<td id=\"A6\" data-coords=\"A6\">Seminar, parlamentarisch oder in U-Form<br \/>\n&#8211; mit rechteckigen Konferenztischen und St\u00fchlen<\/td>\n<td id=\"B6\" data-coords=\"B6\">150<\/td>\n<\/tr>\n<tr class=\"odd\">\n<td id=\"A7\" data-coords=\"A7\">Bankett, Galaessen<br \/>\n&#8211; mit runden Tischen und St\u00fchlen<\/td>\n<td id=\"B7\" data-coords=\"B7\">150<\/td>\n<\/tr>\n<tr class=\"even\">\n<td id=\"A8\" data-coords=\"A8\">Konferenz, Theaterbestuhlung<br \/>\n&#8211; mit St\u00fchlen keine Tische<\/td>\n<td id=\"B8\" data-coords=\"B8\">270<\/td>\n<\/tr>\n<tr class=\"odd\">\n<td id=\"A9\" data-coords=\"A9\">Aperitif<\/td>\n<td id=\"B9\" data-coords=\"B9\">250<\/td>\n<\/tr>\n<tr class=\"even\">\n<td id=\"A10\" data-coords=\"A10\">Stehcocktail<\/td>\n<td id=\"B10\" data-coords=\"B10\">150<\/td>\n<\/tr>\n<\/tbody>\n<\/table>\n<p>[\/vc_column_text][\/vc_column][\/vc_row]<\/p>\n<\/div>","protected":false},"excerpt":{"rendered":"<p>[vc_row][vc_column][vc_column_text]Dieser Saal befindet sich im Hauptgeb\u00e4ude auf der zweiten Etage und ist \u00fcber zwei Treppenaufg\u00e4nge erreichbar. Ein Treppen-Lift f\u00fcr Personen mit eingeschr\u00e4nkter Mobilit\u00e4t steht ebenfalls zur Verf\u00fcgung. Der Athena-Saal ist klimatisiert und mit modernster Technik, kabellosem Mikrofon, Leinwand und Projektor ausgestattet. Ideal f\u00fcr: Konferenzen Zivile Trauung Verschiedene Animationen in Kombination\u00a0mit einem Event im Dorianna-Saal: Disko, [&hellip;]<\/p>\n","protected":false},"author":6,"featured_media":366,"parent":2115,"menu_order":3,"comment_status":"closed","ping_status":"closed","template":"templates\/template-room.php","meta":{"_acf_changed":false,"footnotes":""},"class_list":["post-2117","page","type-page","status-publish","has-post-thumbnail","hentry"],"acf":[],"yoast_head":"<!-- This site is optimized with the Yoast SEO plugin v26.7 - https:\/\/yoast.com\/wordpress\/plugins\/seo\/ -->\n<title>Athena - Portes des Iris<\/title>\n<meta name=\"description\" content=\"Idealer Saal f\u00fcr Konferenzen, Zivile Trauung, diverse Animationen und Verbindung mit einem Galadinner: Disko, Bar, Lounge, Konzert, etc.\" \/>\n<meta name=\"robots\" content=\"index, follow, max-snippet:-1, max-image-preview:large, max-video-preview:-1\" \/>\n<link rel=\"canonical\" href=\"https:\/\/portesdesiris.ch\/location-de-salles\/athena\/\" \/>\n<meta property=\"og:locale\" content=\"de_DE\" \/>\n<meta property=\"og:type\" content=\"article\" \/>\n<meta property=\"og:title\" content=\"Athena - Portes des Iris\" \/>\n<meta property=\"og:description\" content=\"Idealer Saal f\u00fcr Konferenzen, Zivile Trauung, diverse Animationen und Verbindung mit einem Galadinner: Disko, Bar, Lounge, Konzert, etc.\" \/>\n<meta property=\"og:url\" content=\"https:\/\/portesdesiris.ch\/location-de-salles\/athena\/\" \/>\n<meta property=\"og:site_name\" content=\"Portes des Iris\" \/>\n<meta property=\"article:publisher\" content=\"https:\/\/www.facebook.com\/portesdesiris\/\" \/>\n<meta property=\"article:modified_time\" content=\"2020-03-03T13:08:23+00:00\" \/>\n<meta property=\"og:image\" content=\"https:\/\/portesdesiris.ch\/wp-content\/uploads\/2016\/06\/portesdesiris_conference_athenaecole-e1465809131967.jpg\" \/>\n\t<meta property=\"og:image:width\" content=\"1920\" \/>\n\t<meta property=\"og:image:height\" content=\"768\" \/>\n\t<meta property=\"og:image:type\" content=\"image\/jpeg\" \/>\n<meta name=\"twitter:card\" content=\"summary_large_image\" \/>\n<meta name=\"twitter:label1\" content=\"Gesch\u00e4tzte Lesezeit\" \/>\n\t<meta name=\"twitter:data1\" content=\"1\u00a0Minute\" \/>\n<script type=\"application\/ld+json\" class=\"yoast-schema-graph\">{\"@context\":\"https:\/\/schema.org\",\"@graph\":[{\"@type\":\"WebPage\",\"@id\":\"https:\/\/portesdesiris.ch\/location-de-salles\/athena\/\",\"url\":\"https:\/\/portesdesiris.ch\/location-de-salles\/athena\/\",\"name\":\"Athena - Portes des Iris\",\"isPartOf\":{\"@id\":\"https:\/\/portesdesiris.ch\/de\/#website\"},\"primaryImageOfPage\":{\"@id\":\"https:\/\/portesdesiris.ch\/location-de-salles\/athena\/#primaryimage\"},\"image\":{\"@id\":\"https:\/\/portesdesiris.ch\/location-de-salles\/athena\/#primaryimage\"},\"thumbnailUrl\":\"https:\/\/portesdesiris.ch\/wp-content\/uploads\/2016\/06\/portesdesiris_conference_athenaecole-e1465809131967.jpg\",\"datePublished\":\"2016-06-22T11:07:01+00:00\",\"dateModified\":\"2020-03-03T13:08:23+00:00\",\"description\":\"Idealer Saal f\u00fcr Konferenzen, Zivile Trauung, diverse Animationen und Verbindung mit einem Galadinner: Disko, Bar, Lounge, Konzert, etc.\",\"breadcrumb\":{\"@id\":\"https:\/\/portesdesiris.ch\/location-de-salles\/athena\/#breadcrumb\"},\"inLanguage\":\"de\",\"potentialAction\":[{\"@type\":\"ReadAction\",\"target\":[\"https:\/\/portesdesiris.ch\/location-de-salles\/athena\/\"]}]},{\"@type\":\"ImageObject\",\"inLanguage\":\"de\",\"@id\":\"https:\/\/portesdesiris.ch\/location-de-salles\/athena\/#primaryimage\",\"url\":\"https:\/\/portesdesiris.ch\/wp-content\/uploads\/2016\/06\/portesdesiris_conference_athenaecole-e1465809131967.jpg\",\"contentUrl\":\"https:\/\/portesdesiris.ch\/wp-content\/uploads\/2016\/06\/portesdesiris_conference_athenaecole-e1465809131967.jpg\",\"width\":1920,\"height\":768,\"caption\":\"portesdesiris_conference_athenaecole\"},{\"@type\":\"BreadcrumbList\",\"@id\":\"https:\/\/portesdesiris.ch\/location-de-salles\/athena\/#breadcrumb\",\"itemListElement\":[{\"@type\":\"ListItem\",\"position\":1,\"name\":\"Accueil\",\"item\":\"https:\/\/portesdesiris.ch\/de\/\"},{\"@type\":\"ListItem\",\"position\":2,\"name\":\"Unsere R\u00e4ume\",\"item\":\"https:\/\/portesdesiris.ch\/de\/unsere-raeume\/\"},{\"@type\":\"ListItem\",\"position\":3,\"name\":\"Athena\"}]},{\"@type\":\"WebSite\",\"@id\":\"https:\/\/portesdesiris.ch\/de\/#website\",\"url\":\"https:\/\/portesdesiris.ch\/de\/\",\"name\":\"Portes des Iris\",\"description\":\"\",\"potentialAction\":[{\"@type\":\"SearchAction\",\"target\":{\"@type\":\"EntryPoint\",\"urlTemplate\":\"https:\/\/portesdesiris.ch\/de\/?s={search_term_string}\"},\"query-input\":{\"@type\":\"PropertyValueSpecification\",\"valueRequired\":true,\"valueName\":\"search_term_string\"}}],\"inLanguage\":\"de\"}]}<\/script>\n<!-- \/ Yoast SEO plugin. -->","yoast_head_json":{"title":"Athena - Portes des Iris","description":"Idealer Saal f\u00fcr Konferenzen, Zivile Trauung, diverse Animationen und Verbindung mit einem Galadinner: Disko, Bar, Lounge, Konzert, etc.","robots":{"index":"index","follow":"follow","max-snippet":"max-snippet:-1","max-image-preview":"max-image-preview:large","max-video-preview":"max-video-preview:-1"},"canonical":"https:\/\/portesdesiris.ch\/location-de-salles\/athena\/","og_locale":"de_DE","og_type":"article","og_title":"Athena - Portes des Iris","og_description":"Idealer Saal f\u00fcr Konferenzen, Zivile Trauung, diverse Animationen und Verbindung mit einem Galadinner: Disko, Bar, Lounge, Konzert, etc.","og_url":"https:\/\/portesdesiris.ch\/location-de-salles\/athena\/","og_site_name":"Portes des Iris","article_publisher":"https:\/\/www.facebook.com\/portesdesiris\/","article_modified_time":"2020-03-03T13:08:23+00:00","og_image":[{"width":1920,"height":768,"url":"https:\/\/portesdesiris.ch\/wp-content\/uploads\/2016\/06\/portesdesiris_conference_athenaecole-e1465809131967.jpg","type":"image\/jpeg"}],"twitter_card":"summary_large_image","twitter_misc":{"Gesch\u00e4tzte Lesezeit":"1\u00a0Minute"},"schema":{"@context":"https:\/\/schema.org","@graph":[{"@type":"WebPage","@id":"https:\/\/portesdesiris.ch\/location-de-salles\/athena\/","url":"https:\/\/portesdesiris.ch\/location-de-salles\/athena\/","name":"Athena - Portes des Iris","isPartOf":{"@id":"https:\/\/portesdesiris.ch\/de\/#website"},"primaryImageOfPage":{"@id":"https:\/\/portesdesiris.ch\/location-de-salles\/athena\/#primaryimage"},"image":{"@id":"https:\/\/portesdesiris.ch\/location-de-salles\/athena\/#primaryimage"},"thumbnailUrl":"https:\/\/portesdesiris.ch\/wp-content\/uploads\/2016\/06\/portesdesiris_conference_athenaecole-e1465809131967.jpg","datePublished":"2016-06-22T11:07:01+00:00","dateModified":"2020-03-03T13:08:23+00:00","description":"Idealer Saal f\u00fcr Konferenzen, Zivile Trauung, diverse Animationen und Verbindung mit einem Galadinner: Disko, Bar, Lounge, Konzert, etc.","breadcrumb":{"@id":"https:\/\/portesdesiris.ch\/location-de-salles\/athena\/#breadcrumb"},"inLanguage":"de","potentialAction":[{"@type":"ReadAction","target":["https:\/\/portesdesiris.ch\/location-de-salles\/athena\/"]}]},{"@type":"ImageObject","inLanguage":"de","@id":"https:\/\/portesdesiris.ch\/location-de-salles\/athena\/#primaryimage","url":"https:\/\/portesdesiris.ch\/wp-content\/uploads\/2016\/06\/portesdesiris_conference_athenaecole-e1465809131967.jpg","contentUrl":"https:\/\/portesdesiris.ch\/wp-content\/uploads\/2016\/06\/portesdesiris_conference_athenaecole-e1465809131967.jpg","width":1920,"height":768,"caption":"portesdesiris_conference_athenaecole"},{"@type":"BreadcrumbList","@id":"https:\/\/portesdesiris.ch\/location-de-salles\/athena\/#breadcrumb","itemListElement":[{"@type":"ListItem","position":1,"name":"Accueil","item":"https:\/\/portesdesiris.ch\/de\/"},{"@type":"ListItem","position":2,"name":"Unsere R\u00e4ume","item":"https:\/\/portesdesiris.ch\/de\/unsere-raeume\/"},{"@type":"ListItem","position":3,"name":"Athena"}]},{"@type":"WebSite","@id":"https:\/\/portesdesiris.ch\/de\/#website","url":"https:\/\/portesdesiris.ch\/de\/","name":"Portes des Iris","description":"","potentialAction":[{"@type":"SearchAction","target":{"@type":"EntryPoint","urlTemplate":"https:\/\/portesdesiris.ch\/de\/?s={search_term_string}"},"query-input":{"@type":"PropertyValueSpecification","valueRequired":true,"valueName":"search_term_string"}}],"inLanguage":"de"}]}},"_links":{"self":[{"href":"https:\/\/portesdesiris.ch\/de\/wp-json\/wp\/v2\/pages\/2117","targetHints":{"allow":["GET"]}}],"collection":[{"href":"https:\/\/portesdesiris.ch\/de\/wp-json\/wp\/v2\/pages"}],"about":[{"href":"https:\/\/portesdesiris.ch\/de\/wp-json\/wp\/v2\/types\/page"}],"author":[{"embeddable":true,"href":"https:\/\/portesdesiris.ch\/de\/wp-json\/wp\/v2\/users\/6"}],"replies":[{"embeddable":true,"href":"https:\/\/portesdesiris.ch\/de\/wp-json\/wp\/v2\/comments?post=2117"}],"version-history":[{"count":0,"href":"https:\/\/portesdesiris.ch\/de\/wp-json\/wp\/v2\/pages\/2117\/revisions"}],"up":[{"embeddable":true,"href":"https:\/\/portesdesiris.ch\/de\/wp-json\/wp\/v2\/pages\/2115"}],"wp:featuredmedia":[{"embeddable":true,"href":"https:\/\/portesdesiris.ch\/de\/wp-json\/wp\/v2\/media\/366"}],"wp:attachment":[{"href":"https:\/\/portesdesiris.ch\/de\/wp-json\/wp\/v2\/media?parent=2117"}],"curies":[{"name":"wp","href":"https:\/\/api.w.org\/{rel}","templated":true}]}}