{"id":2115,"date":"2016-06-03T09:27:25","date_gmt":"2016-06-03T07:27:25","guid":{"rendered":"http:\/\/6l94bzuhd.preview.infomaniak.website\/de\/location-de-salles\/"},"modified":"2020-02-25T17:21:46","modified_gmt":"2020-02-25T16:21:46","slug":"unsere-raeume","status":"publish","type":"page","link":"https:\/\/portesdesiris.ch\/de\/unsere-raeume\/","title":{"rendered":"Unsere R\u00e4ume"},"content":{"rendered":"<div class=\"wpb-content-wrapper\">\n<style type=\"text\/css\">\n\t#feslider-2115 {\n\t\tmargin-bottom: 10px;\n\t}\n<\/style>\n\n<div id=\"feslider-2115\" class=\"feslider harislab-feslider slider-pro\">\n\t<div class=\"sp-slides\">\n\n\t\n\t\t<div class=\"sp-slide\">\n\t\t\t<img decoding=\"async\" class=\"sp-image\" src=\"\" data-src=\"https:\/\/portesdesiris.ch\/wp-content\/uploads\/2020\/01\/portes-des-iris-hangar-courtyard4.jpg\">\n\n\t\t\t\t\t<\/div>\n\n\t\n\t\t<div class=\"sp-slide\">\n\t\t\t<img decoding=\"async\" class=\"sp-image\" src=\"\" data-src=\"https:\/\/portesdesiris.ch\/wp-content\/uploads\/2020\/02\/portes-des-iris-salle-dorianna.jpg\">\n\n\t\t\t\t\t<\/div>\n\n\t\n\t\t<div class=\"sp-slide\">\n\t\t\t<img decoding=\"async\" class=\"sp-image\" src=\"\" data-src=\"https:\/\/portesdesiris.ch\/wp-content\/uploads\/2019\/12\/Regis_Colombo_PORTES-DES-IRIS_2016_006.jpg\">\n\n\t\t\t\t\t<\/div>\n\n\t\n\t\t<div class=\"sp-slide\">\n\t\t\t<img decoding=\"async\" class=\"sp-image\" src=\"\" data-src=\"https:\/\/portesdesiris.ch\/wp-content\/uploads\/2020\/02\/portes-des-iris-salle-cocktail.jpg\">\n\n\t\t\t\t\t<\/div>\n\n\t\n\t<\/div>\n<\/div>\n\n<p>[vc_row][vc_column][vc_column_text]Ob Sie einen Aperitif mit Abendessen, eine Stehempfang, einen intimen Abend oder ein grosses Fest organisieren m\u00f6chten, wir haben f\u00fcr jeden Anlass den idealen\u00a0Raum. Unser gr\u00f6sster Saal kann bis zu 450 Personen empfangen und verteilt auf die gesamten\u00a0S\u00e4le haben\u00a0700 Personen bei Bankett-Bestuhlung platz. Der Aperitif kann auf der Terrasse oder im Hof, bei schlechtem Wetter in einem Festzelt,\u00a0organisiert werden.<\/p>\n<p>Im Iris-Saal k\u00f6nnen kleinere Veranstaltungen, ab 30 Personen stattfinden. Unsere Konferenzpauschale beginnt schon ab 10 Personen und findet\u00a0f\u00fcr kleine Gruppen in den S\u00e4len Eloise oder Diana statt.\u00a0Alle S\u00e4le verf\u00fcgen \u00fcber Tageslicht.<\/p>\n<p>Auf unseren Terrassen k\u00f6nnen grosse Festzelte aufgeschlagen werden und Veranstaltungen f\u00fcr\u00a01&#8217;600 Personen organisiert werden.<\/p>\n<p><a href=\"http:\/\/6l94bzuhd.preview.infomaniak.website\/wp-content\/uploads\/2016\/06\/capacite-des-salles-plans.pdf\" target=\"_blank\" rel=\"noopener noreferrer\">Saalplan hochladen<\/a>[\/vc_column_text][vc_btn title=&#8220;Entdecken Sie die Panoramaversion des Anwesens&#8220; style=&#8220;outline&#8220; color=&#8220;inverse&#8220; link=&#8220;url:http%3A%2F%2F6l94bzuhd.preview.infomaniak.website%2Fde%2Fpanoramaversion-des-anwesens%2F|||&#8220;][\/vc_column][\/vc_row]<\/p>\n<\/div>","protected":false},"excerpt":{"rendered":"<p>Entdecken Sie unsere 6 unterschiedlichen S\u00e4le: Aperitif, Stehempfang, Abendessen, wir haben was Sie brauchen.<\/p>\n","protected":false},"author":6,"featured_media":6035,"parent":0,"menu_order":22,"comment_status":"closed","ping_status":"closed","template":"templates\/template-rooms.php","meta":{"_acf_changed":false,"footnotes":""},"class_list":["post-2115","page","type-page","status-publish","has-post-thumbnail","hentry"],"acf":[],"yoast_head":"<!-- This site is optimized with the Yoast SEO plugin v26.7 - https:\/\/yoast.com\/wordpress\/plugins\/seo\/ -->\n<title>Unsere R\u00e4ume - Portes des Iris<\/title>\n<meta name=\"description\" content=\"Entdecken Sie die 6 verschiedenen S\u00e4le: Aperitif, Stehempfang, Abendessen, wir haben was Sie brauchen.\" \/>\n<meta name=\"robots\" content=\"index, follow, max-snippet:-1, max-image-preview:large, max-video-preview:-1\" \/>\n<link rel=\"canonical\" href=\"https:\/\/portesdesiris.ch\/de\/unsere-raeume\/\" \/>\n<meta property=\"og:locale\" content=\"de_DE\" \/>\n<meta property=\"og:type\" content=\"article\" \/>\n<meta property=\"og:title\" content=\"Unsere R\u00e4ume - Portes des Iris\" \/>\n<meta property=\"og:description\" content=\"Entdecken Sie die 6 verschiedenen S\u00e4le: Aperitif, Stehempfang, Abendessen, wir haben was Sie brauchen.\" \/>\n<meta property=\"og:url\" content=\"https:\/\/portesdesiris.ch\/de\/unsere-raeume\/\" \/>\n<meta property=\"og:site_name\" content=\"Portes des Iris\" \/>\n<meta property=\"article:publisher\" content=\"https:\/\/www.facebook.com\/portesdesiris\/\" \/>\n<meta property=\"article:modified_time\" content=\"2020-02-25T16:21:46+00:00\" \/>\n<meta property=\"og:image\" content=\"https:\/\/portesdesiris.ch\/wp-content\/uploads\/2019\/03\/Regis_Colombo_PORTES-DES-IRIS_2016_007_small.jpg\" \/>\n\t<meta property=\"og:image:width\" content=\"1920\" \/>\n\t<meta property=\"og:image:height\" content=\"1439\" \/>\n\t<meta property=\"og:image:type\" content=\"image\/jpeg\" \/>\n<meta name=\"twitter:card\" content=\"summary_large_image\" \/>\n<meta name=\"twitter:label1\" content=\"Gesch\u00e4tzte Lesezeit\" \/>\n\t<meta name=\"twitter:data1\" content=\"1\u00a0Minute\" \/>\n<script type=\"application\/ld+json\" class=\"yoast-schema-graph\">{\"@context\":\"https:\/\/schema.org\",\"@graph\":[{\"@type\":\"WebPage\",\"@id\":\"https:\/\/portesdesiris.ch\/de\/unsere-raeume\/\",\"url\":\"https:\/\/portesdesiris.ch\/de\/unsere-raeume\/\",\"name\":\"Unsere R\u00e4ume - Portes des Iris\",\"isPartOf\":{\"@id\":\"https:\/\/portesdesiris.ch\/de\/#website\"},\"primaryImageOfPage\":{\"@id\":\"https:\/\/portesdesiris.ch\/de\/unsere-raeume\/#primaryimage\"},\"image\":{\"@id\":\"https:\/\/portesdesiris.ch\/de\/unsere-raeume\/#primaryimage\"},\"thumbnailUrl\":\"https:\/\/portesdesiris.ch\/wp-content\/uploads\/2019\/03\/Regis_Colombo_PORTES-DES-IRIS_2016_007_small.jpg\",\"datePublished\":\"2016-06-03T07:27:25+00:00\",\"dateModified\":\"2020-02-25T16:21:46+00:00\",\"description\":\"Entdecken Sie die 6 verschiedenen S\u00e4le: Aperitif, Stehempfang, Abendessen, wir haben was Sie brauchen.\",\"breadcrumb\":{\"@id\":\"https:\/\/portesdesiris.ch\/de\/unsere-raeume\/#breadcrumb\"},\"inLanguage\":\"de\",\"potentialAction\":[{\"@type\":\"ReadAction\",\"target\":[\"https:\/\/portesdesiris.ch\/de\/unsere-raeume\/\"]}]},{\"@type\":\"ImageObject\",\"inLanguage\":\"de\",\"@id\":\"https:\/\/portesdesiris.ch\/de\/unsere-raeume\/#primaryimage\",\"url\":\"https:\/\/portesdesiris.ch\/wp-content\/uploads\/2019\/03\/Regis_Colombo_PORTES-DES-IRIS_2016_007_small.jpg\",\"contentUrl\":\"https:\/\/portesdesiris.ch\/wp-content\/uploads\/2019\/03\/Regis_Colombo_PORTES-DES-IRIS_2016_007_small.jpg\",\"width\":1920,\"height\":1439,\"caption\":\"www.regiscolombo.ch\"},{\"@type\":\"BreadcrumbList\",\"@id\":\"https:\/\/portesdesiris.ch\/de\/unsere-raeume\/#breadcrumb\",\"itemListElement\":[{\"@type\":\"ListItem\",\"position\":1,\"name\":\"Accueil\",\"item\":\"https:\/\/portesdesiris.ch\/de\/\"},{\"@type\":\"ListItem\",\"position\":2,\"name\":\"Unsere R\u00e4ume\"}]},{\"@type\":\"WebSite\",\"@id\":\"https:\/\/portesdesiris.ch\/de\/#website\",\"url\":\"https:\/\/portesdesiris.ch\/de\/\",\"name\":\"Portes des Iris\",\"description\":\"\",\"potentialAction\":[{\"@type\":\"SearchAction\",\"target\":{\"@type\":\"EntryPoint\",\"urlTemplate\":\"https:\/\/portesdesiris.ch\/de\/?s={search_term_string}\"},\"query-input\":{\"@type\":\"PropertyValueSpecification\",\"valueRequired\":true,\"valueName\":\"search_term_string\"}}],\"inLanguage\":\"de\"}]}<\/script>\n<!-- \/ Yoast SEO plugin. -->","yoast_head_json":{"title":"Unsere R\u00e4ume - Portes des Iris","description":"Entdecken Sie die 6 verschiedenen S\u00e4le: Aperitif, Stehempfang, Abendessen, wir haben was Sie brauchen.","robots":{"index":"index","follow":"follow","max-snippet":"max-snippet:-1","max-image-preview":"max-image-preview:large","max-video-preview":"max-video-preview:-1"},"canonical":"https:\/\/portesdesiris.ch\/de\/unsere-raeume\/","og_locale":"de_DE","og_type":"article","og_title":"Unsere R\u00e4ume - Portes des Iris","og_description":"Entdecken Sie die 6 verschiedenen S\u00e4le: Aperitif, Stehempfang, Abendessen, wir haben was Sie brauchen.","og_url":"https:\/\/portesdesiris.ch\/de\/unsere-raeume\/","og_site_name":"Portes des Iris","article_publisher":"https:\/\/www.facebook.com\/portesdesiris\/","article_modified_time":"2020-02-25T16:21:46+00:00","og_image":[{"width":1920,"height":1439,"url":"https:\/\/portesdesiris.ch\/wp-content\/uploads\/2019\/03\/Regis_Colombo_PORTES-DES-IRIS_2016_007_small.jpg","type":"image\/jpeg"}],"twitter_card":"summary_large_image","twitter_misc":{"Gesch\u00e4tzte Lesezeit":"1\u00a0Minute"},"schema":{"@context":"https:\/\/schema.org","@graph":[{"@type":"WebPage","@id":"https:\/\/portesdesiris.ch\/de\/unsere-raeume\/","url":"https:\/\/portesdesiris.ch\/de\/unsere-raeume\/","name":"Unsere R\u00e4ume - Portes des Iris","isPartOf":{"@id":"https:\/\/portesdesiris.ch\/de\/#website"},"primaryImageOfPage":{"@id":"https:\/\/portesdesiris.ch\/de\/unsere-raeume\/#primaryimage"},"image":{"@id":"https:\/\/portesdesiris.ch\/de\/unsere-raeume\/#primaryimage"},"thumbnailUrl":"https:\/\/portesdesiris.ch\/wp-content\/uploads\/2019\/03\/Regis_Colombo_PORTES-DES-IRIS_2016_007_small.jpg","datePublished":"2016-06-03T07:27:25+00:00","dateModified":"2020-02-25T16:21:46+00:00","description":"Entdecken Sie die 6 verschiedenen S\u00e4le: Aperitif, Stehempfang, Abendessen, wir haben was Sie brauchen.","breadcrumb":{"@id":"https:\/\/portesdesiris.ch\/de\/unsere-raeume\/#breadcrumb"},"inLanguage":"de","potentialAction":[{"@type":"ReadAction","target":["https:\/\/portesdesiris.ch\/de\/unsere-raeume\/"]}]},{"@type":"ImageObject","inLanguage":"de","@id":"https:\/\/portesdesiris.ch\/de\/unsere-raeume\/#primaryimage","url":"https:\/\/portesdesiris.ch\/wp-content\/uploads\/2019\/03\/Regis_Colombo_PORTES-DES-IRIS_2016_007_small.jpg","contentUrl":"https:\/\/portesdesiris.ch\/wp-content\/uploads\/2019\/03\/Regis_Colombo_PORTES-DES-IRIS_2016_007_small.jpg","width":1920,"height":1439,"caption":"www.regiscolombo.ch"},{"@type":"BreadcrumbList","@id":"https:\/\/portesdesiris.ch\/de\/unsere-raeume\/#breadcrumb","itemListElement":[{"@type":"ListItem","position":1,"name":"Accueil","item":"https:\/\/portesdesiris.ch\/de\/"},{"@type":"ListItem","position":2,"name":"Unsere R\u00e4ume"}]},{"@type":"WebSite","@id":"https:\/\/portesdesiris.ch\/de\/#website","url":"https:\/\/portesdesiris.ch\/de\/","name":"Portes des Iris","description":"","potentialAction":[{"@type":"SearchAction","target":{"@type":"EntryPoint","urlTemplate":"https:\/\/portesdesiris.ch\/de\/?s={search_term_string}"},"query-input":{"@type":"PropertyValueSpecification","valueRequired":true,"valueName":"search_term_string"}}],"inLanguage":"de"}]}},"_links":{"self":[{"href":"https:\/\/portesdesiris.ch\/de\/wp-json\/wp\/v2\/pages\/2115","targetHints":{"allow":["GET"]}}],"collection":[{"href":"https:\/\/portesdesiris.ch\/de\/wp-json\/wp\/v2\/pages"}],"about":[{"href":"https:\/\/portesdesiris.ch\/de\/wp-json\/wp\/v2\/types\/page"}],"author":[{"embeddable":true,"href":"https:\/\/portesdesiris.ch\/de\/wp-json\/wp\/v2\/users\/6"}],"replies":[{"embeddable":true,"href":"https:\/\/portesdesiris.ch\/de\/wp-json\/wp\/v2\/comments?post=2115"}],"version-history":[{"count":0,"href":"https:\/\/portesdesiris.ch\/de\/wp-json\/wp\/v2\/pages\/2115\/revisions"}],"wp:featuredmedia":[{"embeddable":true,"href":"https:\/\/portesdesiris.ch\/de\/wp-json\/wp\/v2\/media\/6035"}],"wp:attachment":[{"href":"https:\/\/portesdesiris.ch\/de\/wp-json\/wp\/v2\/media?parent=2115"}],"curies":[{"name":"wp","href":"https:\/\/api.w.org\/{rel}","templated":true}]}}