{"id":2114,"date":"2016-06-27T17:37:03","date_gmt":"2016-06-27T15:37:03","guid":{"rendered":"http:\/\/6l94bzuhd.preview.infomaniak.website\/de\/le-domaine\/"},"modified":"2021-05-11T09:00:50","modified_gmt":"2021-05-11T07:00:50","slug":"das-anwesen","status":"publish","type":"page","link":"https:\/\/portesdesiris.ch\/de\/das-anwesen\/","title":{"rendered":"Das Anwesen &#8211; die G\u00e4rten"},"content":{"rendered":"<div class=\"wpb-content-wrapper\"><p>[vc_row][vc_column][vc_column_text]<strong>\u00a0<\/strong><\/p>\n<h2>Portes des Iris<\/h2>\n<p style=\"text-align: justify;\">Mitten im Herzen des prachtvollen, historischen Anwesens des\u00a0Ch\u00e2teau de Vullierens erhebt sich das Geb\u00e4ude aus dem 16. Jahrhundert, umbenannt in Porte des Iris. Dieser ehemalige Bauernhof, einer der gr\u00f6ssten im Kanton Waadt, wurde bis 1999 landwirtschaftlich genutzt. Im gleichen Jahr entscheiden die Schlossbesitzer den Betrieb zu schliessen und in eine au\u00dfergew\u00f6hnliche Eventlocation umzubauen um die verschiedensten Events zu organisieren. Portes des Iris ist ideal gelegen, 20 Minuten von Lausanne und 40 Minuten von Genf entfernt und ganzj\u00e4hrig ge\u00f6ffnet.<\/p>\n<p>Als die Renovierungsarbeiten in Angriff genommen wurden, war die Schlossherrin, Dorianne Destenay Bovet, eine K\u00fcnstlerin aus New York, geradezu \u00fcberw\u00e4ltigt von den sechs imposanten Torb\u00f6gen. Inspiriert von der Sch\u00f6nheit der Alpen und der pr\u00e4chtigen\u00a0Natur dieser Umgebung, war ihr sofort klar das diese sechs Tore das zentrale Element des restaurierten Geb\u00e4udes bilden sollten.<\/p>\n<p>Um den wunderbaren Blick auf die Landschaft zu bewahren, w\u00e4hlte sie Glas als Material f\u00fcr die neuen T\u00fcren. Jede T\u00fcr wurde mit verschiedenen schmiedeisernen Motiven in Anlehnung an die Irisblumen und Taglilien im Garten verziert. Mit der Ausf\u00fchrung dieser sechs einzigartigen Tore wurde Fabio Zaccei, ein K\u00fcnstler aus Sienna, beauftragt.<\/p>\n<p>Auch die au\u00dfergew\u00f6hnlichen Kronleuchter und Wandleuchten von\u00a0Portes des Iris erinnern an die wundervolle Umgebung. Die Kunstgegenst\u00e4nde, Bilder und antiken M\u00f6bel geh\u00f6ren zur Privatkollektion des Schlosses.<\/p>\n<p>&nbsp;<\/p>\n<h2>Die Geschichte<\/h2>\n<p style=\"text-align: justify;\">Das Anwesen, mir dem Ch\u00e2teau de Vullierens, geh\u00f6rt\u00a0seit \u00fcber 700 Jahren der gleichen Familie. Zu dem Gut geh\u00f6ren \u00fcber\u00a0100 Hektar Land, welche heute noch f\u00fcr den Ackerbau\u00a0genutzt werden. 1300 wurde die mittelalterliche Burg erbaut, sp\u00e4ter zum gr\u00f6ssten Teil zerst\u00f6rt und 1712 wieder neu aufgebaut.\u00a01953 schuf die Mutter des jetzigen\u00a0Schlossbesitzers den heute so ber\u00fchmten Iris Garten.\u00a0<a href=\"https:\/\/chateauvullierens.ch\/en\/chateau\/history\/\" target=\"_blank\" rel=\"noopener noreferrer\"><strong>Mehr \u00fcber die Geschichte des Anwesen<\/strong><\/a><\/p>\n<h2><img loading=\"lazy\" decoding=\"async\" class=\"size-medium wp-image-1728 alignright\" src=\"http:\/\/6l94bzuhd.preview.infomaniak.website\/wp-content\/uploads\/2016\/07\/portesdesiris_chateauactuel-300x170.jpg\" alt=\"portesdesiris_chateauactuel\" width=\"300\" height=\"170\" srcset=\"https:\/\/portesdesiris.ch\/wp-content\/uploads\/2016\/07\/portesdesiris_chateauactuel.jpg 300w, https:\/\/portesdesiris.ch\/wp-content\/uploads\/2016\/07\/portesdesiris_chateauactuel-640x360.jpg 640w\" sizes=\"auto, (max-width: 300px) 100vw, 300px\" \/><\/h2>\n<h2><img loading=\"lazy\" decoding=\"async\" class=\"size-medium wp-image-1729 alignnone\" src=\"http:\/\/6l94bzuhd.preview.infomaniak.website\/wp-content\/uploads\/2016\/07\/portesdesiris_chateaufort-300x191.jpg\" alt=\"portesdesiris_chateaufort\" width=\"300\" height=\"191\" srcset=\"https:\/\/portesdesiris.ch\/wp-content\/uploads\/2016\/07\/portesdesiris_chateaufort-300x191.jpg 300w, https:\/\/portesdesiris.ch\/wp-content\/uploads\/2016\/07\/portesdesiris_chateaufort.jpg 600w\" sizes=\"auto, (max-width: 300px) 100vw, 300px\" \/><\/h2>\n<h2><\/h2>\n<h2>Der Garten des Ch\u00e2teau de Vullierens<\/h2>\n<p>Genie\u00dfen Sie einen Ausflug in das zauberhafte Anwesen mit \u00fcber 100 Hektar gesch\u00fctzter\u00a0Natur und entdecken Sie den einzigartigen privaten Park der Schweiz. Sie k\u00f6nnen eine sagenhafte, st\u00e4ndig wachsende Sammlung von Iris und Hemerocallis bewundern, die zusammen 600 verschiedene Arten zeigt. Lassen Sie sich von der F\u00fclle der blauen Hyazinthen, den duftenden Rosen, sowie von den Pfingstrosen hinrei\u00dfen. Ebenfalls befindet sich im Park eine\u00a0einzigartige, zeitgen\u00f6ssische Sammlung an Skulpturen.\u00a0Jedes Jahr stehen diverse Neuheiten und D\u00fcfte auf dem Programm.<\/p>\n<p>Die Besucher k\u00f6nnen die\u00a0verschiedenen Iris- und Hemerocallisarten, die im Garten zu sehen sind, vor Ort bestellen.\u00a0Viele kulturelle Aktivit\u00e4ten werden w\u00e4hrend der Bl\u00fctezeit angeboten und der Tearoom, gegen\u00fcber der Kunstgalerie, l\u00e4dt zu einer angenehmen Erfrischung unter den Birken ein. F\u00fchrungen durch den Park\u00a0oder eine\u00a0Weinverkostung\u00a0der Schlossweine k\u00f6nnen nach Vereinbarung organisiert\u00a0werden.<\/p>\n<p><strong><a href=\"https:\/\/chateauvullierens.ch\/en\/\" target=\"_blank\" rel=\"noopener noreferrer\">chateauvullierens.ch<\/a><\/strong>[\/vc_column_text][\/vc_column][\/vc_row][vc_row][vc_column][vc_raw_html]JTNDaWZyYW1lJTIwc3JjJTNEJTIyaHR0cHMlM0ElMkYlMkZwb3J0ZXNkZXNpcmlzLmNoJTJGd3AtY29udGVudCUyRnVwbG9hZHMlMkZ2aXJ0dWFsdmlzaXRzJTJGMyUyRlBvcnRlcyUyNTIwRGVzJTI1MjBJcmlzJTI1MjAzLmh0bWwlMjIlMjB3aWR0aCUzRCUyMjEwMCUyNSUyMiUyMGhlaWdodCUzRCUyMjQ4MHB4JTIyJTIwZnJhbWVib3JkZXIlM0QlMjIwJTIyJTIwYWxpZ24lM0QlMjJjZW50ZXIlMjIlM0UlMjAlM0MlMkZpZnJhbWUlM0U=[\/vc_raw_html][\/vc_column][\/vc_row]<\/p>\n<\/div>","protected":false},"excerpt":{"rendered":"<p>Lernen Sie mehr \u00fcber die Geschichte des Anwesens, das Ch\u00e2teau de Vullierens und seine G\u00e4rten.<\/p>\n","protected":false},"author":6,"featured_media":12441,"parent":0,"menu_order":20,"comment_status":"closed","ping_status":"closed","template":"","meta":{"_acf_changed":false,"footnotes":""},"class_list":["post-2114","page","type-page","status-publish","has-post-thumbnail","hentry"],"acf":[],"yoast_head":"<!-- This site is optimized with the Yoast SEO plugin v26.7 - https:\/\/yoast.com\/wordpress\/plugins\/seo\/ -->\n<title>Das Anwesen - die G\u00e4rten - Portes des Iris<\/title>\n<meta name=\"description\" content=\"Apprenez-en plus sur l&#039;histoire du Domaine, des Jardins et du Ch\u00e2teau de Vullierens.\" \/>\n<meta name=\"robots\" content=\"index, follow, max-snippet:-1, max-image-preview:large, max-video-preview:-1\" \/>\n<link rel=\"canonical\" href=\"https:\/\/portesdesiris.ch\/le-domaine\/\" \/>\n<meta property=\"og:locale\" content=\"de_DE\" \/>\n<meta property=\"og:type\" content=\"article\" \/>\n<meta property=\"og:title\" content=\"Das Anwesen - die G\u00e4rten - Portes des Iris\" \/>\n<meta property=\"og:description\" content=\"Apprenez-en plus sur l&#039;histoire du Domaine, des Jardins et du Ch\u00e2teau de Vullierens.\" \/>\n<meta property=\"og:url\" content=\"https:\/\/portesdesiris.ch\/le-domaine\/\" \/>\n<meta property=\"og:site_name\" content=\"Portes des Iris\" \/>\n<meta property=\"article:publisher\" content=\"https:\/\/www.facebook.com\/portesdesiris\/\" \/>\n<meta property=\"article:modified_time\" content=\"2021-05-11T07:00:50+00:00\" \/>\n<meta property=\"og:image\" content=\"https:\/\/portesdesiris.ch\/wp-content\/uploads\/2021\/04\/Regis_Colombo_PORTES-DES-IRIS_2016_036-copie-1-e1619438447475.jpg\" \/>\n\t<meta property=\"og:image:width\" content=\"1260\" \/>\n\t<meta property=\"og:image:height\" content=\"667\" \/>\n\t<meta property=\"og:image:type\" content=\"image\/jpeg\" \/>\n<meta name=\"twitter:card\" content=\"summary_large_image\" \/>\n<meta name=\"twitter:label1\" content=\"Gesch\u00e4tzte Lesezeit\" \/>\n\t<meta name=\"twitter:data1\" content=\"3\u00a0Minuten\" \/>\n<script type=\"application\/ld+json\" class=\"yoast-schema-graph\">{\"@context\":\"https:\/\/schema.org\",\"@graph\":[{\"@type\":\"WebPage\",\"@id\":\"https:\/\/portesdesiris.ch\/le-domaine\/\",\"url\":\"https:\/\/portesdesiris.ch\/le-domaine\/\",\"name\":\"Das Anwesen - die G\u00e4rten - Portes des Iris\",\"isPartOf\":{\"@id\":\"https:\/\/portesdesiris.ch\/de\/#website\"},\"primaryImageOfPage\":{\"@id\":\"https:\/\/portesdesiris.ch\/le-domaine\/#primaryimage\"},\"image\":{\"@id\":\"https:\/\/portesdesiris.ch\/le-domaine\/#primaryimage\"},\"thumbnailUrl\":\"https:\/\/portesdesiris.ch\/wp-content\/uploads\/2021\/04\/Regis_Colombo_PORTES-DES-IRIS_2016_036-copie-1-e1619438447475.jpg\",\"datePublished\":\"2016-06-27T15:37:03+00:00\",\"dateModified\":\"2021-05-11T07:00:50+00:00\",\"description\":\"Apprenez-en plus sur l'histoire du Domaine, des Jardins et du Ch\u00e2teau de Vullierens.\",\"breadcrumb\":{\"@id\":\"https:\/\/portesdesiris.ch\/le-domaine\/#breadcrumb\"},\"inLanguage\":\"de\",\"potentialAction\":[{\"@type\":\"ReadAction\",\"target\":[\"https:\/\/portesdesiris.ch\/le-domaine\/\"]}]},{\"@type\":\"ImageObject\",\"inLanguage\":\"de\",\"@id\":\"https:\/\/portesdesiris.ch\/le-domaine\/#primaryimage\",\"url\":\"https:\/\/portesdesiris.ch\/wp-content\/uploads\/2021\/04\/Regis_Colombo_PORTES-DES-IRIS_2016_036-copie-1-e1619438447475.jpg\",\"contentUrl\":\"https:\/\/portesdesiris.ch\/wp-content\/uploads\/2021\/04\/Regis_Colombo_PORTES-DES-IRIS_2016_036-copie-1-e1619438447475.jpg\",\"width\":1260,\"height\":667,\"caption\":\"www.regiscolombo.ch\"},{\"@type\":\"BreadcrumbList\",\"@id\":\"https:\/\/portesdesiris.ch\/le-domaine\/#breadcrumb\",\"itemListElement\":[{\"@type\":\"ListItem\",\"position\":1,\"name\":\"Accueil\",\"item\":\"https:\/\/portesdesiris.ch\/de\/\"},{\"@type\":\"ListItem\",\"position\":2,\"name\":\"Das Anwesen &#8211; die G\u00e4rten\"}]},{\"@type\":\"WebSite\",\"@id\":\"https:\/\/portesdesiris.ch\/de\/#website\",\"url\":\"https:\/\/portesdesiris.ch\/de\/\",\"name\":\"Portes des Iris\",\"description\":\"\",\"potentialAction\":[{\"@type\":\"SearchAction\",\"target\":{\"@type\":\"EntryPoint\",\"urlTemplate\":\"https:\/\/portesdesiris.ch\/de\/?s={search_term_string}\"},\"query-input\":{\"@type\":\"PropertyValueSpecification\",\"valueRequired\":true,\"valueName\":\"search_term_string\"}}],\"inLanguage\":\"de\"}]}<\/script>\n<!-- \/ Yoast SEO plugin. -->","yoast_head_json":{"title":"Das Anwesen - die G\u00e4rten - Portes des Iris","description":"Apprenez-en plus sur l'histoire du Domaine, des Jardins et du Ch\u00e2teau de Vullierens.","robots":{"index":"index","follow":"follow","max-snippet":"max-snippet:-1","max-image-preview":"max-image-preview:large","max-video-preview":"max-video-preview:-1"},"canonical":"https:\/\/portesdesiris.ch\/le-domaine\/","og_locale":"de_DE","og_type":"article","og_title":"Das Anwesen - die G\u00e4rten - Portes des Iris","og_description":"Apprenez-en plus sur l'histoire du Domaine, des Jardins et du Ch\u00e2teau de Vullierens.","og_url":"https:\/\/portesdesiris.ch\/le-domaine\/","og_site_name":"Portes des Iris","article_publisher":"https:\/\/www.facebook.com\/portesdesiris\/","article_modified_time":"2021-05-11T07:00:50+00:00","og_image":[{"width":1260,"height":667,"url":"https:\/\/portesdesiris.ch\/wp-content\/uploads\/2021\/04\/Regis_Colombo_PORTES-DES-IRIS_2016_036-copie-1-e1619438447475.jpg","type":"image\/jpeg"}],"twitter_card":"summary_large_image","twitter_misc":{"Gesch\u00e4tzte Lesezeit":"3\u00a0Minuten"},"schema":{"@context":"https:\/\/schema.org","@graph":[{"@type":"WebPage","@id":"https:\/\/portesdesiris.ch\/le-domaine\/","url":"https:\/\/portesdesiris.ch\/le-domaine\/","name":"Das Anwesen - die G\u00e4rten - Portes des Iris","isPartOf":{"@id":"https:\/\/portesdesiris.ch\/de\/#website"},"primaryImageOfPage":{"@id":"https:\/\/portesdesiris.ch\/le-domaine\/#primaryimage"},"image":{"@id":"https:\/\/portesdesiris.ch\/le-domaine\/#primaryimage"},"thumbnailUrl":"https:\/\/portesdesiris.ch\/wp-content\/uploads\/2021\/04\/Regis_Colombo_PORTES-DES-IRIS_2016_036-copie-1-e1619438447475.jpg","datePublished":"2016-06-27T15:37:03+00:00","dateModified":"2021-05-11T07:00:50+00:00","description":"Apprenez-en plus sur l'histoire du Domaine, des Jardins et du Ch\u00e2teau de Vullierens.","breadcrumb":{"@id":"https:\/\/portesdesiris.ch\/le-domaine\/#breadcrumb"},"inLanguage":"de","potentialAction":[{"@type":"ReadAction","target":["https:\/\/portesdesiris.ch\/le-domaine\/"]}]},{"@type":"ImageObject","inLanguage":"de","@id":"https:\/\/portesdesiris.ch\/le-domaine\/#primaryimage","url":"https:\/\/portesdesiris.ch\/wp-content\/uploads\/2021\/04\/Regis_Colombo_PORTES-DES-IRIS_2016_036-copie-1-e1619438447475.jpg","contentUrl":"https:\/\/portesdesiris.ch\/wp-content\/uploads\/2021\/04\/Regis_Colombo_PORTES-DES-IRIS_2016_036-copie-1-e1619438447475.jpg","width":1260,"height":667,"caption":"www.regiscolombo.ch"},{"@type":"BreadcrumbList","@id":"https:\/\/portesdesiris.ch\/le-domaine\/#breadcrumb","itemListElement":[{"@type":"ListItem","position":1,"name":"Accueil","item":"https:\/\/portesdesiris.ch\/de\/"},{"@type":"ListItem","position":2,"name":"Das Anwesen &#8211; die G\u00e4rten"}]},{"@type":"WebSite","@id":"https:\/\/portesdesiris.ch\/de\/#website","url":"https:\/\/portesdesiris.ch\/de\/","name":"Portes des Iris","description":"","potentialAction":[{"@type":"SearchAction","target":{"@type":"EntryPoint","urlTemplate":"https:\/\/portesdesiris.ch\/de\/?s={search_term_string}"},"query-input":{"@type":"PropertyValueSpecification","valueRequired":true,"valueName":"search_term_string"}}],"inLanguage":"de"}]}},"_links":{"self":[{"href":"https:\/\/portesdesiris.ch\/de\/wp-json\/wp\/v2\/pages\/2114","targetHints":{"allow":["GET"]}}],"collection":[{"href":"https:\/\/portesdesiris.ch\/de\/wp-json\/wp\/v2\/pages"}],"about":[{"href":"https:\/\/portesdesiris.ch\/de\/wp-json\/wp\/v2\/types\/page"}],"author":[{"embeddable":true,"href":"https:\/\/portesdesiris.ch\/de\/wp-json\/wp\/v2\/users\/6"}],"replies":[{"embeddable":true,"href":"https:\/\/portesdesiris.ch\/de\/wp-json\/wp\/v2\/comments?post=2114"}],"version-history":[{"count":0,"href":"https:\/\/portesdesiris.ch\/de\/wp-json\/wp\/v2\/pages\/2114\/revisions"}],"wp:featuredmedia":[{"embeddable":true,"href":"https:\/\/portesdesiris.ch\/de\/wp-json\/wp\/v2\/media\/12441"}],"wp:attachment":[{"href":"https:\/\/portesdesiris.ch\/de\/wp-json\/wp\/v2\/media?parent=2114"}],"curies":[{"name":"wp","href":"https:\/\/api.w.org\/{rel}","templated":true}]}}