{"id":2113,"date":"2016-05-20T09:13:11","date_gmt":"2016-05-20T07:13:11","guid":{"rendered":"http:\/\/6l94bzuhd.preview.infomaniak.website\/de\/particuliers\/"},"modified":"2024-03-14T08:16:04","modified_gmt":"2024-03-14T07:16:04","slug":"private-events","status":"publish","type":"page","link":"https:\/\/portesdesiris.ch\/de\/private-events\/","title":{"rendered":"Private Events"},"content":{"rendered":"<div class=\"wpb-content-wrapper\"><p>[vc_row][vc_column width=&#8220;2\/3&#8243;][vc_column_text]<\/p>\n<p style=\"text-align: justify;\">Portes des Iris bietet Ihnen die M\u00f6glichkeit Ihre privaten Anl\u00e4sse wie Geburtstage, Verlobung, Jubil\u00e4um zu feiern. Profitieren Sie von diesem herrlichen Anwesen um mit Ihrer Familie im privaten Rahmen gediegen und ausgelassen zu feiern.<\/p>\n<p style=\"text-align: justify;\">Religieuse feiern wie Taufe, Kommunion, Firmung, Bar- und Bat Mitzwa sind ebenfalls Festivit\u00e4ten die regelm\u00e4ssig bei uns stattfinden. Wir m\u00f6chten diesen wichtigen Meilensteinen besondere\u00a0Aufmerksamkeit\u00a0schenken und freuen uns auf die Organisation solcher Anl\u00e4sse.<\/p>\n<p>[\/vc_column_text][\/vc_column][vc_column width=&#8220;1\/3&#8243; css=&#8220;.vc_custom_1464680708211{padding-right: 0px !important;padding-left: 0px !important;background-color: #e2d2be !important;}&#8220;][vc_column_text css=&#8220;.vc_custom_1473083405854{margin-bottom: 10px !important;}&#8220;]<\/p>\n<h5 style=\"text-align: center;\"><span style=\"color: #745227;\">MEHR INFORMATIONEN<\/span><\/h5>\n<p>[\/vc_column_text][vc_row_inner][vc_column_inner width=&#8220;1\/4&#8243; offset=&#8220;vc_col-xs-3&#8243;][\/vc_column_inner][vc_column_inner width=&#8220;1\/2&#8243; offset=&#8220;vc_col-xs-6&#8243; css=&#8220;.vc_custom_1464851380274{margin-bottom: 10px !important;}&#8220;][vc_single_image image=&#8220;8520&#8243; alignment=&#8220;center&#8220; style=&#8220;vc_box_circle_2&#8243; css=&#8220;.vc_custom_1579535592381{margin-bottom: 0px !important;}&#8220;][\/vc_column_inner][vc_column_inner width=&#8220;1\/4&#8243; offset=&#8220;vc_col-xs-3&#8243;][\/vc_column_inner][\/vc_row_inner][vc_column_text css=&#8220;.vc_custom_1710400560262{margin-bottom: 10px !important;}&#8220;]<\/p>\n<p style=\"text-align: center;\"><span style=\"color: #745227;\">Corinne Salvisberg Perrone<\/span><br \/>\n<a href=\"tel:021 869 88 80\"><span style=\"color: #745227;\">021 869 88 80<\/span><\/a><\/p>\n<p>[\/vc_column_text][vc_btn title=&#8220;KONTAKTIEREN SIE MICH PER EMAIL&#8220; style=&#8220;flat&#8220; color=&#8220;success&#8220; align=&#8220;center&#8220; css=&#8220;.vc_custom_1618931931948{margin-bottom: 40px !important;}&#8220; link=&#8220;url:https%3A%2F%2Fportesdesiris.ch%2Fde%2Fkontakt%2F|title:info%40portesdesiris.ch&#8220;][\/vc_column][\/vc_row]<\/p>\n<\/div>","protected":false},"excerpt":{"rendered":"<p>Geburtstage, Verlobungen, Gel\u00fcbdeerneuerungen, Taufen, wir bieten den perfekten Rahmen f\u00fcr Ihre besonderen Anl\u00e4sse!<\/p>\n","protected":false},"author":6,"featured_media":6066,"parent":0,"menu_order":15,"comment_status":"closed","ping_status":"closed","template":"templates\/template-evenements.php","meta":{"_acf_changed":false,"footnotes":""},"class_list":["post-2113","page","type-page","status-publish","has-post-thumbnail","hentry"],"acf":[],"yoast_head":"<!-- This site is optimized with the Yoast SEO plugin v26.7 - https:\/\/yoast.com\/wordpress\/plugins\/seo\/ -->\n<title>Private Events - Portes des Iris<\/title>\n<meta name=\"description\" content=\"Anniversaires, fian\u00e7ailles, renouvellement des voeux et jubil\u00e9s, bapt\u00eames, communions, confirmations, bar et bat mitsva, Portes des Iris est le lieu id\u00e9al!\" \/>\n<meta name=\"robots\" content=\"index, follow, max-snippet:-1, max-image-preview:large, max-video-preview:-1\" \/>\n<link rel=\"canonical\" href=\"https:\/\/portesdesiris.ch\/particuliers\/\" \/>\n<meta property=\"og:locale\" content=\"de_DE\" \/>\n<meta property=\"og:type\" content=\"article\" \/>\n<meta property=\"og:title\" content=\"Private Events - Portes des Iris\" \/>\n<meta property=\"og:description\" content=\"Anniversaires, fian\u00e7ailles, renouvellement des voeux et jubil\u00e9s, bapt\u00eames, communions, confirmations, bar et bat mitsva, Portes des Iris est le lieu id\u00e9al!\" \/>\n<meta property=\"og:url\" content=\"https:\/\/portesdesiris.ch\/particuliers\/\" \/>\n<meta property=\"og:site_name\" content=\"Portes des Iris\" \/>\n<meta property=\"article:publisher\" content=\"https:\/\/www.facebook.com\/portesdesiris\/\" \/>\n<meta property=\"article:modified_time\" content=\"2024-03-14T07:16:04+00:00\" \/>\n<meta property=\"og:image\" content=\"https:\/\/portesdesiris.ch\/wp-content\/uploads\/2019\/03\/GABRIELAOSWALD__MARIAGE_DAMARIS_ANDRE_PORTEDESIRIS_BEAURIVAGE_21072018-0683.jpg\" \/>\n\t<meta property=\"og:image:width\" content=\"6645\" \/>\n\t<meta property=\"og:image:height\" content=\"4435\" \/>\n\t<meta property=\"og:image:type\" content=\"image\/jpeg\" \/>\n<meta name=\"twitter:card\" content=\"summary_large_image\" \/>\n<meta name=\"twitter:label1\" content=\"Gesch\u00e4tzte Lesezeit\" \/>\n\t<meta name=\"twitter:data1\" content=\"1\u00a0Minute\" \/>\n<script type=\"application\/ld+json\" class=\"yoast-schema-graph\">{\"@context\":\"https:\/\/schema.org\",\"@graph\":[{\"@type\":\"WebPage\",\"@id\":\"https:\/\/portesdesiris.ch\/particuliers\/\",\"url\":\"https:\/\/portesdesiris.ch\/particuliers\/\",\"name\":\"Private Events - Portes des Iris\",\"isPartOf\":{\"@id\":\"https:\/\/portesdesiris.ch\/de\/#website\"},\"primaryImageOfPage\":{\"@id\":\"https:\/\/portesdesiris.ch\/particuliers\/#primaryimage\"},\"image\":{\"@id\":\"https:\/\/portesdesiris.ch\/particuliers\/#primaryimage\"},\"thumbnailUrl\":\"https:\/\/portesdesiris.ch\/wp-content\/uploads\/2019\/03\/GABRIELAOSWALD__MARIAGE_DAMARIS_ANDRE_PORTEDESIRIS_BEAURIVAGE_21072018-0683.jpg\",\"datePublished\":\"2016-05-20T07:13:11+00:00\",\"dateModified\":\"2024-03-14T07:16:04+00:00\",\"description\":\"Anniversaires, fian\u00e7ailles, renouvellement des voeux et jubil\u00e9s, bapt\u00eames, communions, confirmations, bar et bat mitsva, Portes des Iris est le lieu id\u00e9al!\",\"breadcrumb\":{\"@id\":\"https:\/\/portesdesiris.ch\/particuliers\/#breadcrumb\"},\"inLanguage\":\"de\",\"potentialAction\":[{\"@type\":\"ReadAction\",\"target\":[\"https:\/\/portesdesiris.ch\/particuliers\/\"]}]},{\"@type\":\"ImageObject\",\"inLanguage\":\"de\",\"@id\":\"https:\/\/portesdesiris.ch\/particuliers\/#primaryimage\",\"url\":\"https:\/\/portesdesiris.ch\/wp-content\/uploads\/2019\/03\/GABRIELAOSWALD__MARIAGE_DAMARIS_ANDRE_PORTEDESIRIS_BEAURIVAGE_21072018-0683.jpg\",\"contentUrl\":\"https:\/\/portesdesiris.ch\/wp-content\/uploads\/2019\/03\/GABRIELAOSWALD__MARIAGE_DAMARIS_ANDRE_PORTEDESIRIS_BEAURIVAGE_21072018-0683.jpg\",\"width\":6645,\"height\":4435,\"caption\":\"GABRIELA OSWALD PHOTOGRAPHY - MARIAGE PORTE DES IRIS - BEAU RIVAGE PALACE LAUSANNE - DAMARIS ET ANDRE\"},{\"@type\":\"BreadcrumbList\",\"@id\":\"https:\/\/portesdesiris.ch\/particuliers\/#breadcrumb\",\"itemListElement\":[{\"@type\":\"ListItem\",\"position\":1,\"name\":\"Accueil\",\"item\":\"https:\/\/portesdesiris.ch\/de\/\"},{\"@type\":\"ListItem\",\"position\":2,\"name\":\"Private Events\"}]},{\"@type\":\"WebSite\",\"@id\":\"https:\/\/portesdesiris.ch\/de\/#website\",\"url\":\"https:\/\/portesdesiris.ch\/de\/\",\"name\":\"Portes des Iris\",\"description\":\"\",\"potentialAction\":[{\"@type\":\"SearchAction\",\"target\":{\"@type\":\"EntryPoint\",\"urlTemplate\":\"https:\/\/portesdesiris.ch\/de\/?s={search_term_string}\"},\"query-input\":{\"@type\":\"PropertyValueSpecification\",\"valueRequired\":true,\"valueName\":\"search_term_string\"}}],\"inLanguage\":\"de\"}]}<\/script>\n<!-- \/ Yoast SEO plugin. -->","yoast_head_json":{"title":"Private Events - Portes des Iris","description":"Anniversaires, fian\u00e7ailles, renouvellement des voeux et jubil\u00e9s, bapt\u00eames, communions, confirmations, bar et bat mitsva, Portes des Iris est le lieu id\u00e9al!","robots":{"index":"index","follow":"follow","max-snippet":"max-snippet:-1","max-image-preview":"max-image-preview:large","max-video-preview":"max-video-preview:-1"},"canonical":"https:\/\/portesdesiris.ch\/particuliers\/","og_locale":"de_DE","og_type":"article","og_title":"Private Events - Portes des Iris","og_description":"Anniversaires, fian\u00e7ailles, renouvellement des voeux et jubil\u00e9s, bapt\u00eames, communions, confirmations, bar et bat mitsva, Portes des Iris est le lieu id\u00e9al!","og_url":"https:\/\/portesdesiris.ch\/particuliers\/","og_site_name":"Portes des Iris","article_publisher":"https:\/\/www.facebook.com\/portesdesiris\/","article_modified_time":"2024-03-14T07:16:04+00:00","og_image":[{"width":6645,"height":4435,"url":"https:\/\/portesdesiris.ch\/wp-content\/uploads\/2019\/03\/GABRIELAOSWALD__MARIAGE_DAMARIS_ANDRE_PORTEDESIRIS_BEAURIVAGE_21072018-0683.jpg","type":"image\/jpeg"}],"twitter_card":"summary_large_image","twitter_misc":{"Gesch\u00e4tzte Lesezeit":"1\u00a0Minute"},"schema":{"@context":"https:\/\/schema.org","@graph":[{"@type":"WebPage","@id":"https:\/\/portesdesiris.ch\/particuliers\/","url":"https:\/\/portesdesiris.ch\/particuliers\/","name":"Private Events - Portes des Iris","isPartOf":{"@id":"https:\/\/portesdesiris.ch\/de\/#website"},"primaryImageOfPage":{"@id":"https:\/\/portesdesiris.ch\/particuliers\/#primaryimage"},"image":{"@id":"https:\/\/portesdesiris.ch\/particuliers\/#primaryimage"},"thumbnailUrl":"https:\/\/portesdesiris.ch\/wp-content\/uploads\/2019\/03\/GABRIELAOSWALD__MARIAGE_DAMARIS_ANDRE_PORTEDESIRIS_BEAURIVAGE_21072018-0683.jpg","datePublished":"2016-05-20T07:13:11+00:00","dateModified":"2024-03-14T07:16:04+00:00","description":"Anniversaires, fian\u00e7ailles, renouvellement des voeux et jubil\u00e9s, bapt\u00eames, communions, confirmations, bar et bat mitsva, Portes des Iris est le lieu id\u00e9al!","breadcrumb":{"@id":"https:\/\/portesdesiris.ch\/particuliers\/#breadcrumb"},"inLanguage":"de","potentialAction":[{"@type":"ReadAction","target":["https:\/\/portesdesiris.ch\/particuliers\/"]}]},{"@type":"ImageObject","inLanguage":"de","@id":"https:\/\/portesdesiris.ch\/particuliers\/#primaryimage","url":"https:\/\/portesdesiris.ch\/wp-content\/uploads\/2019\/03\/GABRIELAOSWALD__MARIAGE_DAMARIS_ANDRE_PORTEDESIRIS_BEAURIVAGE_21072018-0683.jpg","contentUrl":"https:\/\/portesdesiris.ch\/wp-content\/uploads\/2019\/03\/GABRIELAOSWALD__MARIAGE_DAMARIS_ANDRE_PORTEDESIRIS_BEAURIVAGE_21072018-0683.jpg","width":6645,"height":4435,"caption":"GABRIELA OSWALD PHOTOGRAPHY - MARIAGE PORTE DES IRIS - BEAU RIVAGE PALACE LAUSANNE - DAMARIS ET ANDRE"},{"@type":"BreadcrumbList","@id":"https:\/\/portesdesiris.ch\/particuliers\/#breadcrumb","itemListElement":[{"@type":"ListItem","position":1,"name":"Accueil","item":"https:\/\/portesdesiris.ch\/de\/"},{"@type":"ListItem","position":2,"name":"Private Events"}]},{"@type":"WebSite","@id":"https:\/\/portesdesiris.ch\/de\/#website","url":"https:\/\/portesdesiris.ch\/de\/","name":"Portes des Iris","description":"","potentialAction":[{"@type":"SearchAction","target":{"@type":"EntryPoint","urlTemplate":"https:\/\/portesdesiris.ch\/de\/?s={search_term_string}"},"query-input":{"@type":"PropertyValueSpecification","valueRequired":true,"valueName":"search_term_string"}}],"inLanguage":"de"}]}},"_links":{"self":[{"href":"https:\/\/portesdesiris.ch\/de\/wp-json\/wp\/v2\/pages\/2113","targetHints":{"allow":["GET"]}}],"collection":[{"href":"https:\/\/portesdesiris.ch\/de\/wp-json\/wp\/v2\/pages"}],"about":[{"href":"https:\/\/portesdesiris.ch\/de\/wp-json\/wp\/v2\/types\/page"}],"author":[{"embeddable":true,"href":"https:\/\/portesdesiris.ch\/de\/wp-json\/wp\/v2\/users\/6"}],"replies":[{"embeddable":true,"href":"https:\/\/portesdesiris.ch\/de\/wp-json\/wp\/v2\/comments?post=2113"}],"version-history":[{"count":1,"href":"https:\/\/portesdesiris.ch\/de\/wp-json\/wp\/v2\/pages\/2113\/revisions"}],"predecessor-version":[{"id":17824,"href":"https:\/\/portesdesiris.ch\/de\/wp-json\/wp\/v2\/pages\/2113\/revisions\/17824"}],"wp:featuredmedia":[{"embeddable":true,"href":"https:\/\/portesdesiris.ch\/de\/wp-json\/wp\/v2\/media\/6066"}],"wp:attachment":[{"href":"https:\/\/portesdesiris.ch\/de\/wp-json\/wp\/v2\/media?parent=2113"}],"curies":[{"name":"wp","href":"https:\/\/api.w.org\/{rel}","templated":true}]}}