{"id":2112,"date":"2016-06-01T10:34:50","date_gmt":"2016-06-01T08:34:50","guid":{"rendered":"http:\/\/6l94bzuhd.preview.infomaniak.website\/de\/mariages\/wedding-planner\/"},"modified":"2021-04-20T17:48:12","modified_gmt":"2021-04-20T15:48:12","slug":"wedding-planner","status":"publish","type":"page","link":"https:\/\/portesdesiris.ch\/de\/hochzeiten\/wedding-planner\/","title":{"rendered":"Wedding Planner"},"content":{"rendered":"<div class=\"wpb-content-wrapper\"><p>[vc_row][vc_column width=&#8220;2\/3&#8243;][vc_column_text]Da wir zahlreiche\u00a0der sch\u00f6nsten Events der Region organisieren, kennen wir viele\u00a0der besten Dienstleister und\u00a0Veranstalter (Musik, Fotos, usw.) die sehr begabt sind. Wir bringen Sie gerne kostenlos mit ihnen\u00a0in Verbindung.<\/p>\n<p>Zus\u00e4tzlich\u00a0k\u00fcmmert sich unsere Event-Koordinatorin um alle Details und Einzelheiten Ihrer Hochzeit, begleitet Sie auf dem Weg der Vorbereitung\u00a0und ist am Tage Ihrer Hochzeit f\u00fcr den reibungslosen Ablauf vor Ort.<\/p>\n<p>Unsere Dienstleistung beinhaltet ebenfalls Parkplatzeinweisung und Garderobendame\/WC je nach Bedarf. Wir sind auch sehr\u00a0flexible bez\u00fcglich Auf- und Abbauarbeiten am Tag des Events, je nach Verf\u00fcgbarkeit der R\u00e4ume.[\/vc_column_text][\/vc_column][vc_column width=&#8220;1\/3&#8243; css=&#8220;.vc_custom_1464680708211{padding-right: 0px !important;padding-left: 0px !important;background-color: #e2d2be !important;}&#8220;][vc_column_text css=&#8220;.vc_custom_1473074856056{margin-bottom: 10px !important;}&#8220;]<\/p>\n<h5 style=\"text-align: center;\"><span style=\"color: #745227;\">MEHR INFORMATIONEN<\/span><\/h5>\n<p>[\/vc_column_text][vc_row_inner][vc_column_inner width=&#8220;1\/4&#8243; offset=&#8220;vc_col-xs-3&#8243;][\/vc_column_inner][vc_column_inner width=&#8220;1\/2&#8243; offset=&#8220;vc_col-xs-6&#8243; css=&#8220;.vc_custom_1464851380274{margin-bottom: 10px !important;}&#8220;][vc_single_image image=&#8220;8520&#8243; alignment=&#8220;center&#8220; style=&#8220;vc_box_circle_2&#8243; css=&#8220;.vc_custom_1579535387422{margin-bottom: 0px !important;}&#8220;][\/vc_column_inner][vc_column_inner width=&#8220;1\/4&#8243; offset=&#8220;vc_col-xs-3&#8243;][\/vc_column_inner][\/vc_row_inner][vc_column_text css=&#8220;.vc_custom_1554916819360{margin-bottom: 10px !important;}&#8220;]<\/p>\n<p style=\"text-align: center;\"><span style=\"color: #745227;\">Corinne Salvisberg Perrone<\/span><br \/>\n<span style=\"color: #745227;\">021 869 88 80<\/span><\/p>\n<p>[\/vc_column_text][vc_btn title=&#8220;KONTAKTIEREN SIE MICH PER EMAIL&#8220; style=&#8220;flat&#8220; color=&#8220;success&#8220; align=&#8220;center&#8220; css=&#8220;.vc_custom_1618933688657{margin-bottom: 40px !important;}&#8220; link=&#8220;url:https%3A%2F%2Fportesdesiris.ch%2Fde%2Fkontakt%2F&#8220;][\/vc_column][\/vc_row]<\/p>\n<\/div>","protected":false},"excerpt":{"rendered":"<p>Unsere Kompetenz und Erfahrung um Sie bei der Organisation Ihres grossen Tages zu unterst\u00fctzen.<\/p>\n","protected":false},"author":6,"featured_media":6057,"parent":2107,"menu_order":5,"comment_status":"closed","ping_status":"closed","template":"templates\/template-evenements.php","meta":{"_acf_changed":false,"footnotes":""},"class_list":["post-2112","page","type-page","status-publish","has-post-thumbnail","hentry"],"acf":[],"yoast_head":"<!-- This site is optimized with the Yoast SEO plugin v26.7 - https:\/\/yoast.com\/wordpress\/plugins\/seo\/ -->\n<title>Wedding Planner - Portes des Iris<\/title>\n<meta name=\"description\" content=\"Unsere Erfahrung und Dienstleistung um Sie bei der Organisation vor- und nach dem grossen Tag zu unterst\u00fctzen.\" \/>\n<meta name=\"robots\" content=\"index, follow, max-snippet:-1, max-image-preview:large, max-video-preview:-1\" \/>\n<link rel=\"canonical\" href=\"https:\/\/portesdesiris.ch\/mariages\/wedding-planner\/\" \/>\n<meta property=\"og:locale\" content=\"de_DE\" \/>\n<meta property=\"og:type\" content=\"article\" \/>\n<meta property=\"og:title\" content=\"Wedding Planner - Portes des Iris\" \/>\n<meta property=\"og:description\" content=\"Unsere Erfahrung und Dienstleistung um Sie bei der Organisation vor- und nach dem grossen Tag zu unterst\u00fctzen.\" \/>\n<meta property=\"og:url\" content=\"https:\/\/portesdesiris.ch\/mariages\/wedding-planner\/\" \/>\n<meta property=\"og:site_name\" content=\"Portes des Iris\" \/>\n<meta property=\"article:publisher\" content=\"https:\/\/www.facebook.com\/portesdesiris\/\" \/>\n<meta property=\"article:modified_time\" content=\"2021-04-20T15:48:12+00:00\" \/>\n<meta property=\"og:image\" content=\"https:\/\/portesdesiris.ch\/wp-content\/uploads\/2019\/03\/samyamalik-tlook-358-small.jpg\" \/>\n\t<meta property=\"og:image:width\" content=\"1920\" \/>\n\t<meta property=\"og:image:height\" content=\"1280\" \/>\n\t<meta property=\"og:image:type\" content=\"image\/jpeg\" \/>\n<meta name=\"twitter:card\" content=\"summary_large_image\" \/>\n<meta name=\"twitter:label1\" content=\"Gesch\u00e4tzte Lesezeit\" \/>\n\t<meta name=\"twitter:data1\" content=\"1\u00a0Minute\" \/>\n<script type=\"application\/ld+json\" class=\"yoast-schema-graph\">{\"@context\":\"https:\/\/schema.org\",\"@graph\":[{\"@type\":\"WebPage\",\"@id\":\"https:\/\/portesdesiris.ch\/mariages\/wedding-planner\/\",\"url\":\"https:\/\/portesdesiris.ch\/mariages\/wedding-planner\/\",\"name\":\"Wedding Planner - Portes des Iris\",\"isPartOf\":{\"@id\":\"https:\/\/portesdesiris.ch\/de\/#website\"},\"primaryImageOfPage\":{\"@id\":\"https:\/\/portesdesiris.ch\/mariages\/wedding-planner\/#primaryimage\"},\"image\":{\"@id\":\"https:\/\/portesdesiris.ch\/mariages\/wedding-planner\/#primaryimage\"},\"thumbnailUrl\":\"https:\/\/portesdesiris.ch\/wp-content\/uploads\/2019\/03\/samyamalik-tlook-358-small.jpg\",\"datePublished\":\"2016-06-01T08:34:50+00:00\",\"dateModified\":\"2021-04-20T15:48:12+00:00\",\"description\":\"Unsere Erfahrung und Dienstleistung um Sie bei der Organisation vor- und nach dem grossen Tag zu unterst\u00fctzen.\",\"breadcrumb\":{\"@id\":\"https:\/\/portesdesiris.ch\/mariages\/wedding-planner\/#breadcrumb\"},\"inLanguage\":\"de\",\"potentialAction\":[{\"@type\":\"ReadAction\",\"target\":[\"https:\/\/portesdesiris.ch\/mariages\/wedding-planner\/\"]}]},{\"@type\":\"ImageObject\",\"inLanguage\":\"de\",\"@id\":\"https:\/\/portesdesiris.ch\/mariages\/wedding-planner\/#primaryimage\",\"url\":\"https:\/\/portesdesiris.ch\/wp-content\/uploads\/2019\/03\/samyamalik-tlook-358-small.jpg\",\"contentUrl\":\"https:\/\/portesdesiris.ch\/wp-content\/uploads\/2019\/03\/samyamalik-tlook-358-small.jpg\",\"width\":1920,\"height\":1280},{\"@type\":\"BreadcrumbList\",\"@id\":\"https:\/\/portesdesiris.ch\/mariages\/wedding-planner\/#breadcrumb\",\"itemListElement\":[{\"@type\":\"ListItem\",\"position\":1,\"name\":\"Accueil\",\"item\":\"https:\/\/portesdesiris.ch\/de\/\"},{\"@type\":\"ListItem\",\"position\":2,\"name\":\"Hochzeiten\",\"item\":\"https:\/\/portesdesiris.ch\/de\/hochzeiten\/\"},{\"@type\":\"ListItem\",\"position\":3,\"name\":\"Wedding Planner\"}]},{\"@type\":\"WebSite\",\"@id\":\"https:\/\/portesdesiris.ch\/de\/#website\",\"url\":\"https:\/\/portesdesiris.ch\/de\/\",\"name\":\"Portes des Iris\",\"description\":\"\",\"potentialAction\":[{\"@type\":\"SearchAction\",\"target\":{\"@type\":\"EntryPoint\",\"urlTemplate\":\"https:\/\/portesdesiris.ch\/de\/?s={search_term_string}\"},\"query-input\":{\"@type\":\"PropertyValueSpecification\",\"valueRequired\":true,\"valueName\":\"search_term_string\"}}],\"inLanguage\":\"de\"}]}<\/script>\n<!-- \/ Yoast SEO plugin. -->","yoast_head_json":{"title":"Wedding Planner - Portes des Iris","description":"Unsere Erfahrung und Dienstleistung um Sie bei der Organisation vor- und nach dem grossen Tag zu unterst\u00fctzen.","robots":{"index":"index","follow":"follow","max-snippet":"max-snippet:-1","max-image-preview":"max-image-preview:large","max-video-preview":"max-video-preview:-1"},"canonical":"https:\/\/portesdesiris.ch\/mariages\/wedding-planner\/","og_locale":"de_DE","og_type":"article","og_title":"Wedding Planner - Portes des Iris","og_description":"Unsere Erfahrung und Dienstleistung um Sie bei der Organisation vor- und nach dem grossen Tag zu unterst\u00fctzen.","og_url":"https:\/\/portesdesiris.ch\/mariages\/wedding-planner\/","og_site_name":"Portes des Iris","article_publisher":"https:\/\/www.facebook.com\/portesdesiris\/","article_modified_time":"2021-04-20T15:48:12+00:00","og_image":[{"width":1920,"height":1280,"url":"https:\/\/portesdesiris.ch\/wp-content\/uploads\/2019\/03\/samyamalik-tlook-358-small.jpg","type":"image\/jpeg"}],"twitter_card":"summary_large_image","twitter_misc":{"Gesch\u00e4tzte Lesezeit":"1\u00a0Minute"},"schema":{"@context":"https:\/\/schema.org","@graph":[{"@type":"WebPage","@id":"https:\/\/portesdesiris.ch\/mariages\/wedding-planner\/","url":"https:\/\/portesdesiris.ch\/mariages\/wedding-planner\/","name":"Wedding Planner - Portes des Iris","isPartOf":{"@id":"https:\/\/portesdesiris.ch\/de\/#website"},"primaryImageOfPage":{"@id":"https:\/\/portesdesiris.ch\/mariages\/wedding-planner\/#primaryimage"},"image":{"@id":"https:\/\/portesdesiris.ch\/mariages\/wedding-planner\/#primaryimage"},"thumbnailUrl":"https:\/\/portesdesiris.ch\/wp-content\/uploads\/2019\/03\/samyamalik-tlook-358-small.jpg","datePublished":"2016-06-01T08:34:50+00:00","dateModified":"2021-04-20T15:48:12+00:00","description":"Unsere Erfahrung und Dienstleistung um Sie bei der Organisation vor- und nach dem grossen Tag zu unterst\u00fctzen.","breadcrumb":{"@id":"https:\/\/portesdesiris.ch\/mariages\/wedding-planner\/#breadcrumb"},"inLanguage":"de","potentialAction":[{"@type":"ReadAction","target":["https:\/\/portesdesiris.ch\/mariages\/wedding-planner\/"]}]},{"@type":"ImageObject","inLanguage":"de","@id":"https:\/\/portesdesiris.ch\/mariages\/wedding-planner\/#primaryimage","url":"https:\/\/portesdesiris.ch\/wp-content\/uploads\/2019\/03\/samyamalik-tlook-358-small.jpg","contentUrl":"https:\/\/portesdesiris.ch\/wp-content\/uploads\/2019\/03\/samyamalik-tlook-358-small.jpg","width":1920,"height":1280},{"@type":"BreadcrumbList","@id":"https:\/\/portesdesiris.ch\/mariages\/wedding-planner\/#breadcrumb","itemListElement":[{"@type":"ListItem","position":1,"name":"Accueil","item":"https:\/\/portesdesiris.ch\/de\/"},{"@type":"ListItem","position":2,"name":"Hochzeiten","item":"https:\/\/portesdesiris.ch\/de\/hochzeiten\/"},{"@type":"ListItem","position":3,"name":"Wedding Planner"}]},{"@type":"WebSite","@id":"https:\/\/portesdesiris.ch\/de\/#website","url":"https:\/\/portesdesiris.ch\/de\/","name":"Portes des Iris","description":"","potentialAction":[{"@type":"SearchAction","target":{"@type":"EntryPoint","urlTemplate":"https:\/\/portesdesiris.ch\/de\/?s={search_term_string}"},"query-input":{"@type":"PropertyValueSpecification","valueRequired":true,"valueName":"search_term_string"}}],"inLanguage":"de"}]}},"_links":{"self":[{"href":"https:\/\/portesdesiris.ch\/de\/wp-json\/wp\/v2\/pages\/2112","targetHints":{"allow":["GET"]}}],"collection":[{"href":"https:\/\/portesdesiris.ch\/de\/wp-json\/wp\/v2\/pages"}],"about":[{"href":"https:\/\/portesdesiris.ch\/de\/wp-json\/wp\/v2\/types\/page"}],"author":[{"embeddable":true,"href":"https:\/\/portesdesiris.ch\/de\/wp-json\/wp\/v2\/users\/6"}],"replies":[{"embeddable":true,"href":"https:\/\/portesdesiris.ch\/de\/wp-json\/wp\/v2\/comments?post=2112"}],"version-history":[{"count":0,"href":"https:\/\/portesdesiris.ch\/de\/wp-json\/wp\/v2\/pages\/2112\/revisions"}],"up":[{"embeddable":true,"href":"https:\/\/portesdesiris.ch\/de\/wp-json\/wp\/v2\/pages\/2107"}],"wp:featuredmedia":[{"embeddable":true,"href":"https:\/\/portesdesiris.ch\/de\/wp-json\/wp\/v2\/media\/6057"}],"wp:attachment":[{"href":"https:\/\/portesdesiris.ch\/de\/wp-json\/wp\/v2\/media?parent=2112"}],"curies":[{"name":"wp","href":"https:\/\/api.w.org\/{rel}","templated":true}]}}