{"id":2111,"date":"2016-06-01T10:35:05","date_gmt":"2016-06-01T08:35:05","guid":{"rendered":"http:\/\/6l94bzuhd.preview.infomaniak.website\/de\/mariages\/salle-pour-mariage\/"},"modified":"2021-04-20T17:46:39","modified_gmt":"2021-04-20T15:46:39","slug":"hochzeitssaele","status":"publish","type":"page","link":"https:\/\/portesdesiris.ch\/de\/hochzeiten\/hochzeitssaele\/","title":{"rendered":"Hochzeitss\u00e4le"},"content":{"rendered":"<div class=\"wpb-content-wrapper\">\n<style type=\"text\/css\">\n\t#feslider-2111 {\n\t\tmargin-bottom: 10px;\n\t}\n<\/style>\n\n<div id=\"feslider-2111\" class=\"feslider harislab-feslider slider-pro\">\n\t<div class=\"sp-slides\">\n\n\t\n\t\t<div class=\"sp-slide\">\n\t\t\t<img decoding=\"async\" class=\"sp-image\" src=\"\" data-src=\"https:\/\/portesdesiris.ch\/wp-content\/uploads\/2019\/12\/339_\u00a9alexandrebourguet_small.jpg\">\n\n\t\t\t\t\t<\/div>\n\n\t\n\t\t<div class=\"sp-slide\">\n\t\t\t<img decoding=\"async\" class=\"sp-image\" src=\"\" data-src=\"https:\/\/portesdesiris.ch\/wp-content\/uploads\/2019\/12\/portes-des-iris-mariage-garden-party_35.jpeg\">\n\n\t\t\t\t\t<\/div>\n\n\t\n\t\t<div class=\"sp-slide\">\n\t\t\t<img decoding=\"async\" class=\"sp-image\" src=\"\" data-src=\"https:\/\/portesdesiris.ch\/wp-content\/uploads\/2019\/03\/Christelle_Naville_photographie-468.jpg\">\n\n\t\t\t\t\t<\/div>\n\n\t\n\t\t<div class=\"sp-slide\">\n\t\t\t<img decoding=\"async\" class=\"sp-image\" src=\"\" data-src=\"https:\/\/portesdesiris.ch\/wp-content\/uploads\/2019\/12\/portes-des-iris-mariage-garden-party_24.jpeg\">\n\n\t\t\t\t\t<\/div>\n\n\t\n\t\t<div class=\"sp-slide\">\n\t\t\t<img decoding=\"async\" class=\"sp-image\" src=\"\" data-src=\"https:\/\/portesdesiris.ch\/wp-content\/uploads\/2019\/12\/portes-des-iris-mariage-garden-party_07.jpeg\">\n\n\t\t\t\t\t<\/div>\n\n\t\n\t<\/div>\n<\/div>\n\n<p>[vc_row][vc_column width=&#8220;2\/3&#8243;][vc_column_text]<\/p>\n<p style=\"text-align: justify;\">F\u00fcr Ihr Hochzeitsessen haben Sie zwei S\u00e4le zur Auswahl. Den Iris-Saal, der Platz f\u00fcr 20 bis 75 Personen bietet und den Dorianna-Saal der 40 bis 300 Personen empfangen kann.<\/p>\n<p>Der elegante, klimatisierte Iris-Saal befindet sich im Erdgeschoss und hat direkten Zugang zur Iris-Terrasse und dem Park. Mit privatem Eingang und einer eigenen Bar eignet er sich\u00a0perfekt f\u00fcr Cocktails und Essen.<\/p>\n<p>Eine voll\u00a0ausgestattete K\u00fcche, private Garderobe und Toiletten, sowie eine Toilette zug\u00e4nglich f\u00fcr k\u00f6rperlich eingeschr\u00e4nkt Personen, stehen ebenfalls zur Verf\u00fcgung.<\/p>\n<p>Der Dorianna-Saal befindet sich im ersten Stock und\u00a0ist mit einem alten imposanten Kamin ausgestattet. Dieser grossartige Saal hat eine h\u00f6he von zw\u00f6lf Meter, die beeindruckende Decke besteht aus einem alten Dachgeb\u00e4lk und\u00a0in der Mitte gibt es vier Estraden, die ideal f\u00fcr verschiedene Animationen genutzt werden k\u00f6nnen. Aufgrund seiner guten Aufteilung eignet sich dieser Saal sowohl f\u00fcr intime Feste als auch f\u00fcr gro\u00dfe Galaabende bis zu 300 Personen.<\/p>\n<p>Eine professionell ausgestattete K\u00fcche steht auf der gleichen Etage zur Verf\u00fcgung.<\/p>\n<p>Die dazugeh\u00f6rende grosse Garderobe und Toiletten befinden sich im Erdgeschoss.[\/vc_column_text][\/vc_column][vc_column width=&#8220;1\/3&#8243; css=&#8220;.vc_custom_1464680708211{padding-right: 0px !important;padding-left: 0px !important;background-color: #e2d2be !important;}&#8220;][vc_column_text css=&#8220;.vc_custom_1473074784699{margin-bottom: 10px !important;}&#8220;]<\/p>\n<h5 style=\"text-align: center;\"><span style=\"color: #745227;\">MEHR INFORMATIONEN<\/span><\/h5>\n<p>[\/vc_column_text][vc_row_inner][vc_column_inner width=&#8220;1\/4&#8243; offset=&#8220;vc_col-xs-3&#8243;][\/vc_column_inner][vc_column_inner width=&#8220;1\/2&#8243; offset=&#8220;vc_col-xs-6&#8243; css=&#8220;.vc_custom_1464851380274{margin-bottom: 10px !important;}&#8220;][vc_single_image image=&#8220;8520&#8243; alignment=&#8220;center&#8220; style=&#8220;vc_box_circle_2&#8243; css=&#8220;.vc_custom_1579535553989{margin-bottom: 0px !important;}&#8220;][\/vc_column_inner][vc_column_inner width=&#8220;1\/4&#8243; offset=&#8220;vc_col-xs-3&#8243;][\/vc_column_inner][\/vc_row_inner][vc_column_text css=&#8220;.vc_custom_1554916651585{margin-bottom: 10px !important;}&#8220;]<\/p>\n<p style=\"text-align: center;\"><span style=\"color: #745227;\">Corinne Salvisberg Perrone<br \/>\n021 869 88 80<\/span><\/p>\n<p>[\/vc_column_text][vc_btn title=&#8220;KONTAKTIEREN SIE MICH PER EMAIL&#8220; style=&#8220;flat&#8220; color=&#8220;success&#8220; align=&#8220;center&#8220; css=&#8220;.vc_custom_1618933595438{margin-bottom: 40px !important;}&#8220; link=&#8220;url:https%3A%2F%2Fportesdesiris.ch%2Fde%2Fkontakt%2F&#8220;][\/vc_column][\/vc_row]<\/p>\n<\/div>","protected":false},"excerpt":{"rendered":"<p>Ob Sie 40 oder 300 Personen sind, wir haben den idealen Saal der Ihren W\u00fcnschen entspricht.<\/p>\n","protected":false},"author":6,"featured_media":6060,"parent":2107,"menu_order":4,"comment_status":"closed","ping_status":"closed","template":"templates\/template-evenements.php","meta":{"_acf_changed":false,"footnotes":""},"class_list":["post-2111","page","type-page","status-publish","has-post-thumbnail","hentry"],"acf":[],"yoast_head":"<!-- This site is optimized with the Yoast SEO plugin v26.7 - https:\/\/yoast.com\/wordpress\/plugins\/seo\/ -->\n<title>Hochzeitss\u00e4le - Portes des Iris<\/title>\n<meta name=\"description\" content=\"Ob Sie 40 oder 300 Personen sind, wir haben den idealen Saal der Ihren W\u00fcnschen entspricht.\" \/>\n<meta name=\"robots\" content=\"index, follow, max-snippet:-1, max-image-preview:large, max-video-preview:-1\" \/>\n<link rel=\"canonical\" href=\"https:\/\/portesdesiris.ch\/mariages\/salle-pour-mariage\/\" \/>\n<meta property=\"og:locale\" content=\"de_DE\" \/>\n<meta property=\"og:type\" content=\"article\" \/>\n<meta property=\"og:title\" content=\"Hochzeitss\u00e4le - Portes des Iris\" \/>\n<meta property=\"og:description\" content=\"Ob Sie 40 oder 300 Personen sind, wir haben den idealen Saal der Ihren W\u00fcnschen entspricht.\" \/>\n<meta property=\"og:url\" content=\"https:\/\/portesdesiris.ch\/mariages\/salle-pour-mariage\/\" \/>\n<meta property=\"og:site_name\" content=\"Portes des Iris\" \/>\n<meta property=\"article:publisher\" content=\"https:\/\/www.facebook.com\/portesdesiris\/\" \/>\n<meta property=\"article:modified_time\" content=\"2021-04-20T15:46:39+00:00\" \/>\n<meta property=\"og:image\" content=\"https:\/\/portesdesiris.ch\/wp-content\/uploads\/2019\/03\/ChristelleNaville_SC-530.jpg\" \/>\n\t<meta property=\"og:image:width\" content=\"1920\" \/>\n\t<meta property=\"og:image:height\" content=\"1282\" \/>\n\t<meta property=\"og:image:type\" content=\"image\/jpeg\" \/>\n<meta name=\"twitter:card\" content=\"summary_large_image\" \/>\n<meta name=\"twitter:label1\" content=\"Gesch\u00e4tzte Lesezeit\" \/>\n\t<meta name=\"twitter:data1\" content=\"1\u00a0Minute\" \/>\n<script type=\"application\/ld+json\" class=\"yoast-schema-graph\">{\"@context\":\"https:\/\/schema.org\",\"@graph\":[{\"@type\":\"WebPage\",\"@id\":\"https:\/\/portesdesiris.ch\/mariages\/salle-pour-mariage\/\",\"url\":\"https:\/\/portesdesiris.ch\/mariages\/salle-pour-mariage\/\",\"name\":\"Hochzeitss\u00e4le - Portes des Iris\",\"isPartOf\":{\"@id\":\"https:\/\/portesdesiris.ch\/de\/#website\"},\"primaryImageOfPage\":{\"@id\":\"https:\/\/portesdesiris.ch\/mariages\/salle-pour-mariage\/#primaryimage\"},\"image\":{\"@id\":\"https:\/\/portesdesiris.ch\/mariages\/salle-pour-mariage\/#primaryimage\"},\"thumbnailUrl\":\"https:\/\/portesdesiris.ch\/wp-content\/uploads\/2019\/03\/ChristelleNaville_SC-530.jpg\",\"datePublished\":\"2016-06-01T08:35:05+00:00\",\"dateModified\":\"2021-04-20T15:46:39+00:00\",\"description\":\"Ob Sie 40 oder 300 Personen sind, wir haben den idealen Saal der Ihren W\u00fcnschen entspricht.\",\"breadcrumb\":{\"@id\":\"https:\/\/portesdesiris.ch\/mariages\/salle-pour-mariage\/#breadcrumb\"},\"inLanguage\":\"de\",\"potentialAction\":[{\"@type\":\"ReadAction\",\"target\":[\"https:\/\/portesdesiris.ch\/mariages\/salle-pour-mariage\/\"]}]},{\"@type\":\"ImageObject\",\"inLanguage\":\"de\",\"@id\":\"https:\/\/portesdesiris.ch\/mariages\/salle-pour-mariage\/#primaryimage\",\"url\":\"https:\/\/portesdesiris.ch\/wp-content\/uploads\/2019\/03\/ChristelleNaville_SC-530.jpg\",\"contentUrl\":\"https:\/\/portesdesiris.ch\/wp-content\/uploads\/2019\/03\/ChristelleNaville_SC-530.jpg\",\"width\":1920,\"height\":1282},{\"@type\":\"BreadcrumbList\",\"@id\":\"https:\/\/portesdesiris.ch\/mariages\/salle-pour-mariage\/#breadcrumb\",\"itemListElement\":[{\"@type\":\"ListItem\",\"position\":1,\"name\":\"Accueil\",\"item\":\"https:\/\/portesdesiris.ch\/de\/\"},{\"@type\":\"ListItem\",\"position\":2,\"name\":\"Hochzeiten\",\"item\":\"https:\/\/portesdesiris.ch\/de\/hochzeiten\/\"},{\"@type\":\"ListItem\",\"position\":3,\"name\":\"Hochzeitss\u00e4le\"}]},{\"@type\":\"WebSite\",\"@id\":\"https:\/\/portesdesiris.ch\/de\/#website\",\"url\":\"https:\/\/portesdesiris.ch\/de\/\",\"name\":\"Portes des Iris\",\"description\":\"\",\"potentialAction\":[{\"@type\":\"SearchAction\",\"target\":{\"@type\":\"EntryPoint\",\"urlTemplate\":\"https:\/\/portesdesiris.ch\/de\/?s={search_term_string}\"},\"query-input\":{\"@type\":\"PropertyValueSpecification\",\"valueRequired\":true,\"valueName\":\"search_term_string\"}}],\"inLanguage\":\"de\"}]}<\/script>\n<!-- \/ Yoast SEO plugin. -->","yoast_head_json":{"title":"Hochzeitss\u00e4le - Portes des Iris","description":"Ob Sie 40 oder 300 Personen sind, wir haben den idealen Saal der Ihren W\u00fcnschen entspricht.","robots":{"index":"index","follow":"follow","max-snippet":"max-snippet:-1","max-image-preview":"max-image-preview:large","max-video-preview":"max-video-preview:-1"},"canonical":"https:\/\/portesdesiris.ch\/mariages\/salle-pour-mariage\/","og_locale":"de_DE","og_type":"article","og_title":"Hochzeitss\u00e4le - Portes des Iris","og_description":"Ob Sie 40 oder 300 Personen sind, wir haben den idealen Saal der Ihren W\u00fcnschen entspricht.","og_url":"https:\/\/portesdesiris.ch\/mariages\/salle-pour-mariage\/","og_site_name":"Portes des Iris","article_publisher":"https:\/\/www.facebook.com\/portesdesiris\/","article_modified_time":"2021-04-20T15:46:39+00:00","og_image":[{"width":1920,"height":1282,"url":"https:\/\/portesdesiris.ch\/wp-content\/uploads\/2019\/03\/ChristelleNaville_SC-530.jpg","type":"image\/jpeg"}],"twitter_card":"summary_large_image","twitter_misc":{"Gesch\u00e4tzte Lesezeit":"1\u00a0Minute"},"schema":{"@context":"https:\/\/schema.org","@graph":[{"@type":"WebPage","@id":"https:\/\/portesdesiris.ch\/mariages\/salle-pour-mariage\/","url":"https:\/\/portesdesiris.ch\/mariages\/salle-pour-mariage\/","name":"Hochzeitss\u00e4le - Portes des Iris","isPartOf":{"@id":"https:\/\/portesdesiris.ch\/de\/#website"},"primaryImageOfPage":{"@id":"https:\/\/portesdesiris.ch\/mariages\/salle-pour-mariage\/#primaryimage"},"image":{"@id":"https:\/\/portesdesiris.ch\/mariages\/salle-pour-mariage\/#primaryimage"},"thumbnailUrl":"https:\/\/portesdesiris.ch\/wp-content\/uploads\/2019\/03\/ChristelleNaville_SC-530.jpg","datePublished":"2016-06-01T08:35:05+00:00","dateModified":"2021-04-20T15:46:39+00:00","description":"Ob Sie 40 oder 300 Personen sind, wir haben den idealen Saal der Ihren W\u00fcnschen entspricht.","breadcrumb":{"@id":"https:\/\/portesdesiris.ch\/mariages\/salle-pour-mariage\/#breadcrumb"},"inLanguage":"de","potentialAction":[{"@type":"ReadAction","target":["https:\/\/portesdesiris.ch\/mariages\/salle-pour-mariage\/"]}]},{"@type":"ImageObject","inLanguage":"de","@id":"https:\/\/portesdesiris.ch\/mariages\/salle-pour-mariage\/#primaryimage","url":"https:\/\/portesdesiris.ch\/wp-content\/uploads\/2019\/03\/ChristelleNaville_SC-530.jpg","contentUrl":"https:\/\/portesdesiris.ch\/wp-content\/uploads\/2019\/03\/ChristelleNaville_SC-530.jpg","width":1920,"height":1282},{"@type":"BreadcrumbList","@id":"https:\/\/portesdesiris.ch\/mariages\/salle-pour-mariage\/#breadcrumb","itemListElement":[{"@type":"ListItem","position":1,"name":"Accueil","item":"https:\/\/portesdesiris.ch\/de\/"},{"@type":"ListItem","position":2,"name":"Hochzeiten","item":"https:\/\/portesdesiris.ch\/de\/hochzeiten\/"},{"@type":"ListItem","position":3,"name":"Hochzeitss\u00e4le"}]},{"@type":"WebSite","@id":"https:\/\/portesdesiris.ch\/de\/#website","url":"https:\/\/portesdesiris.ch\/de\/","name":"Portes des Iris","description":"","potentialAction":[{"@type":"SearchAction","target":{"@type":"EntryPoint","urlTemplate":"https:\/\/portesdesiris.ch\/de\/?s={search_term_string}"},"query-input":{"@type":"PropertyValueSpecification","valueRequired":true,"valueName":"search_term_string"}}],"inLanguage":"de"}]}},"_links":{"self":[{"href":"https:\/\/portesdesiris.ch\/de\/wp-json\/wp\/v2\/pages\/2111","targetHints":{"allow":["GET"]}}],"collection":[{"href":"https:\/\/portesdesiris.ch\/de\/wp-json\/wp\/v2\/pages"}],"about":[{"href":"https:\/\/portesdesiris.ch\/de\/wp-json\/wp\/v2\/types\/page"}],"author":[{"embeddable":true,"href":"https:\/\/portesdesiris.ch\/de\/wp-json\/wp\/v2\/users\/6"}],"replies":[{"embeddable":true,"href":"https:\/\/portesdesiris.ch\/de\/wp-json\/wp\/v2\/comments?post=2111"}],"version-history":[{"count":0,"href":"https:\/\/portesdesiris.ch\/de\/wp-json\/wp\/v2\/pages\/2111\/revisions"}],"up":[{"embeddable":true,"href":"https:\/\/portesdesiris.ch\/de\/wp-json\/wp\/v2\/pages\/2107"}],"wp:featuredmedia":[{"embeddable":true,"href":"https:\/\/portesdesiris.ch\/de\/wp-json\/wp\/v2\/media\/6060"}],"wp:attachment":[{"href":"https:\/\/portesdesiris.ch\/de\/wp-json\/wp\/v2\/media?parent=2111"}],"curies":[{"name":"wp","href":"https:\/\/api.w.org\/{rel}","templated":true}]}}