{"id":2110,"date":"2016-06-01T10:33:33","date_gmt":"2016-06-01T08:33:33","guid":{"rendered":"http:\/\/6l94bzuhd.preview.infomaniak.website\/de\/mariages\/mariage-dhiver\/"},"modified":"2022-02-15T11:42:13","modified_gmt":"2022-02-15T10:42:13","slug":"winterhochzeit","status":"publish","type":"page","link":"https:\/\/portesdesiris.ch\/de\/hochzeiten\/winterhochzeit\/","title":{"rendered":"Winterhochzeit"},"content":{"rendered":"<div class=\"wpb-content-wrapper\">\n<style type=\"text\/css\">\n\t#feslider-2110 {\n\t\tmargin-bottom: 10px;\n\t}\n<\/style>\n\n<div id=\"feslider-2110\" class=\"feslider harislab-feslider slider-pro\">\n\t<div class=\"sp-slides\">\n\n\t\n\t\t<div class=\"sp-slide\">\n\t\t\t<img decoding=\"async\" class=\"sp-image\" src=\"\" data-src=\"https:\/\/portesdesiris.ch\/wp-content\/uploads\/2020\/01\/portes-des-iris-mariage-automne-jardins.jpg\">\n\n\t\t\t\t\t<\/div>\n\n\t\n\t\t<div class=\"sp-slide\">\n\t\t\t<img decoding=\"async\" class=\"sp-image\" src=\"\" data-src=\"https:\/\/portesdesiris.ch\/wp-content\/uploads\/2019\/12\/portes-des-iris-mariage-hiver-1.jpeg\">\n\n\t\t\t\t\t<\/div>\n\n\t\n\t\t<div class=\"sp-slide\">\n\t\t\t<img decoding=\"async\" class=\"sp-image\" src=\"\" data-src=\"https:\/\/portesdesiris.ch\/wp-content\/uploads\/2019\/03\/LauraPierre-Yves-356_site_internet.jpg\">\n\n\t\t\t\n\t\t\t<p class=\"sp-layer sp-black sp-padding feslider-caption\"\n\t\t\t\tdata-position=\"bottomLeft\" data-horizontal=\"10%\" data-vertical=\"35px\" data-width=\"80%\"\n\t\t\t\tdata-show-transition=\"up\" data-show-delay=\"400\">\n\t\t\t\tmari\u00e9s dans l'all\u00e9e cavali\u00e8re\t\t\t<\/p>\n\n\t\t\t\t\t<\/div>\n\n\t\n\t\t<div class=\"sp-slide\">\n\t\t\t<img decoding=\"async\" class=\"sp-image\" src=\"\" data-src=\"https:\/\/portesdesiris.ch\/wp-content\/uploads\/2018\/10\/love.jpg\">\n\n\t\t\t\t\t<\/div>\n\n\t\n\t\t<div class=\"sp-slide\">\n\t\t\t<img decoding=\"async\" class=\"sp-image\" src=\"\" data-src=\"https:\/\/portesdesiris.ch\/wp-content\/uploads\/2018\/10\/tlook-222_1.jpg\">\n\n\t\t\t\t\t<\/div>\n\n\t\n\t<\/div>\n<\/div>\n\n<p>[vc_row][vc_column width=&#8220;2\/3&#8243;][vc_column_text]Feiern Sie Ihre Hochzeit im Winter auf Portes des Iris, und Ihr grosser Tag wird zu einem Winterm\u00e4rchen! Das unvergleichliche Winterlicht dringt durch die sechs pr\u00e4chtigen Glast\u00fcren in das Geb\u00e4ude und verschafft eine ganz spezielle und elegante Stimmung. Die Umgebung und das Licht sind f\u00fcr Ihre Fotos aussergew\u00f6hnlich, und auf Wunsch kann einer unserer S\u00e4le auch in ein Fotostudio verwandelt werden. Bei der Ankunft Ihrer G\u00e4ste oder nach der zivilen Trauung k\u00f6nnen Sie draussen im Hof bei Fackelbeleuchtung einen Gl\u00fchwein geniessen. Im gut beheizten Geb\u00e4ude schafft das Licht der au\u00dfergew\u00f6hnlichen Kron-und Wandleuchter eine warme und gem\u00fctliche Atmosph\u00e4re f\u00fcr Ihren Cocktailempfang.<\/p>\n<p>Im Dorianna-Saal kann das Abendessen bei Kerzenlicht am Kaminfeuer oder nach Wunsch mit einer farblichen LED-Beleuchtung serviert werden &#8211; dann wird der Raum zum silberweissen Palast der Schneek\u00f6nigin. Im Winter zu heiraten, liegt sehr im Trend\u2026 und ist vor allem \u00e4usserst romantisch.<\/p>\n<p>Um ein wenig mehr in die ged\u00e4mpfte Atmosph\u00e4re dieser beiden sch\u00f6nen Jahreszeiten einzutauchen, besuchen Sie unseren Blog:<\/p>\n<p><a href=\"https:\/\/portesdesiris.ch\/en\/in-autumn-prepare-for-your-golden-wedding\/\">In autumn, prepare for your golden wedding<\/a><\/p>\n<p><a href=\"https:\/\/portesdesiris.ch\/de\/le-mariage-de-marie-et-sylvain-19-10-2019\/\">The wedding of Marie and Sylvain &#8211; 19.10.2019<\/a><\/p>\n<p><a href=\"https:\/\/portesdesiris.ch\/en\/in-winter-prepare-your-fairy-tale-wedding\/\">In winter, prepare for your fairy-tale wedding<\/a><\/p>\n<p><a href=\"https:\/\/portesdesiris.ch\/en\/the-winter-wedding-of-lyse-and-guillaume-at-portes-des-iris\/\">The winter wedding of Lyse and Guillaume at Portes des Iris &#8211; 11.02.2017<\/a><\/p>\n<p>&nbsp;<\/p>\n<p>Portes des Iris bietet Spezialtarife von November bis Mitte April an.<\/p>\n<p>Die Highlights unseres Angebots:<\/p>\n<ul>\n<li>20\u00a0% Nachlass auf alle unsere Preise an Samstagen von Mitte Oktober bis Mitte April<\/li>\n<li>Weine von Ch\u00e2teau de Vullierens f\u00fcr den Aperitif<\/li>\n<li>Raum f\u00fcr die Trauung oder Vorbereitungsraum gratis<\/li>\n<li>Beamer, Bildschirm und Fackeln f\u00fcr den Au\u00dfenbereich ohne Aufpreis.<\/li>\n<\/ul>\n<p>Das Angebot ist nur g\u00fcltig, wenn das Essen in Portes des Iris stattfindet.<\/p>\n<p>[\/vc_column_text][\/vc_column][vc_column width=&#8220;1\/3&#8243; css=&#8220;.vc_custom_1464680708211{padding-right: 0px !important;padding-left: 0px !important;background-color: #e2d2be !important;}&#8220;][vc_column_text css=&#8220;.vc_custom_1473074715285{margin-bottom: 10px !important;}&#8220;]<\/p>\n<h5 style=\"text-align: center;\"><span style=\"color: #745227;\">MEHR INFORMATIONEN<\/span><\/h5>\n<p>[\/vc_column_text][vc_row_inner][vc_column_inner width=&#8220;1\/4&#8243; offset=&#8220;vc_col-xs-3&#8243;][\/vc_column_inner][vc_column_inner width=&#8220;1\/2&#8243; offset=&#8220;vc_col-xs-6&#8243; css=&#8220;.vc_custom_1464851380274{margin-bottom: 10px !important;}&#8220;][vc_single_image image=&#8220;8517&#8243; alignment=&#8220;center&#8220; style=&#8220;vc_box_circle_2&#8243; css=&#8220;.vc_custom_1579535338861{margin-bottom: 0px !important;}&#8220;][\/vc_column_inner][vc_column_inner width=&#8220;1\/4&#8243; offset=&#8220;vc_col-xs-3&#8243;][\/vc_column_inner][\/vc_row_inner][vc_column_text css=&#8220;.vc_custom_1579535349293{margin-bottom: 10px !important;}&#8220;]<\/p>\n<p style=\"text-align: center;\"><span style=\"color: #745227;\">Aurore de Comarmond<\/span><\/p>\n<p style=\"text-align: center;\"><span style=\"color: #745227;\">021 869 88 80<\/span><\/p>\n<p>[\/vc_column_text][vc_btn title=&#8220;KONTAKTIEREN SIE MICH PER EMAIL&#8220; style=&#8220;flat&#8220; color=&#8220;success&#8220; align=&#8220;center&#8220; css=&#8220;.vc_custom_1618933524227{margin-bottom: 40px !important;}&#8220; link=&#8220;url:https%3A%2F%2Fportesdesiris.ch%2Fde%2Fkontakt%2F&#8220;][\/vc_column][\/vc_row]<\/p>\n<\/div>","protected":false},"excerpt":{"rendered":"<p>Diffuses Licht, ein w\u00e4rmendes Feuer, zauberhafte Atmosphere, entdecken Sie unser Winterangebot.<\/p>\n","protected":false},"author":6,"featured_media":576,"parent":2107,"menu_order":3,"comment_status":"closed","ping_status":"closed","template":"templates\/template-evenements.php","meta":{"_acf_changed":false,"footnotes":""},"class_list":["post-2110","page","type-page","status-publish","has-post-thumbnail","hentry"],"acf":[],"yoast_head":"<!-- This site is optimized with the Yoast SEO plugin v26.7 - https:\/\/yoast.com\/wordpress\/plugins\/seo\/ -->\n<title>Winterhochzeit - Portes des Iris<\/title>\n<meta name=\"description\" content=\"Lumi\u00e8re diffuse, chaleur du feu, ambiance f\u00e9\u00e9rique, une offre sp\u00e9ciale vous est r\u00e9serv\u00e9e, les samedis de novembre \u00e0 mi-avril.\" \/>\n<meta name=\"robots\" content=\"index, follow, max-snippet:-1, max-image-preview:large, max-video-preview:-1\" \/>\n<link rel=\"canonical\" href=\"https:\/\/portesdesiris.ch\/mariages\/mariage-hiver\/\" \/>\n<meta property=\"og:locale\" content=\"de_DE\" \/>\n<meta property=\"og:type\" content=\"article\" \/>\n<meta property=\"og:title\" content=\"Winterhochzeit - Portes des Iris\" \/>\n<meta property=\"og:description\" content=\"Lumi\u00e8re diffuse, chaleur du feu, ambiance f\u00e9\u00e9rique, une offre sp\u00e9ciale vous est r\u00e9serv\u00e9e, les samedis de novembre \u00e0 mi-avril.\" \/>\n<meta property=\"og:url\" content=\"https:\/\/portesdesiris.ch\/mariages\/mariage-hiver\/\" \/>\n<meta property=\"og:site_name\" content=\"Portes des Iris\" \/>\n<meta property=\"article:publisher\" content=\"https:\/\/www.facebook.com\/portesdesiris\/\" \/>\n<meta property=\"article:modified_time\" content=\"2022-02-15T10:42:13+00:00\" \/>\n<meta property=\"og:image\" content=\"https:\/\/portesdesiris.ch\/wp-content\/uploads\/2016\/06\/portesdesiris_mariagedhiver-e1466082015877.jpg\" \/>\n\t<meta property=\"og:image:width\" content=\"1920\" \/>\n\t<meta property=\"og:image:height\" content=\"744\" \/>\n\t<meta property=\"og:image:type\" content=\"image\/jpeg\" \/>\n<meta name=\"twitter:card\" content=\"summary_large_image\" \/>\n<meta name=\"twitter:label1\" content=\"Gesch\u00e4tzte Lesezeit\" \/>\n\t<meta name=\"twitter:data1\" content=\"2\u00a0Minuten\" \/>\n<script type=\"application\/ld+json\" class=\"yoast-schema-graph\">{\"@context\":\"https:\/\/schema.org\",\"@graph\":[{\"@type\":\"WebPage\",\"@id\":\"https:\/\/portesdesiris.ch\/mariages\/mariage-hiver\/\",\"url\":\"https:\/\/portesdesiris.ch\/mariages\/mariage-hiver\/\",\"name\":\"Winterhochzeit - Portes des Iris\",\"isPartOf\":{\"@id\":\"https:\/\/portesdesiris.ch\/de\/#website\"},\"primaryImageOfPage\":{\"@id\":\"https:\/\/portesdesiris.ch\/mariages\/mariage-hiver\/#primaryimage\"},\"image\":{\"@id\":\"https:\/\/portesdesiris.ch\/mariages\/mariage-hiver\/#primaryimage\"},\"thumbnailUrl\":\"https:\/\/portesdesiris.ch\/wp-content\/uploads\/2016\/06\/portesdesiris_mariagedhiver-e1466082015877.jpg\",\"datePublished\":\"2016-06-01T08:33:33+00:00\",\"dateModified\":\"2022-02-15T10:42:13+00:00\",\"description\":\"Lumi\u00e8re diffuse, chaleur du feu, ambiance f\u00e9\u00e9rique, une offre sp\u00e9ciale vous est r\u00e9serv\u00e9e, les samedis de novembre \u00e0 mi-avril.\",\"breadcrumb\":{\"@id\":\"https:\/\/portesdesiris.ch\/mariages\/mariage-hiver\/#breadcrumb\"},\"inLanguage\":\"de\",\"potentialAction\":[{\"@type\":\"ReadAction\",\"target\":[\"https:\/\/portesdesiris.ch\/mariages\/mariage-hiver\/\"]}]},{\"@type\":\"ImageObject\",\"inLanguage\":\"de\",\"@id\":\"https:\/\/portesdesiris.ch\/mariages\/mariage-hiver\/#primaryimage\",\"url\":\"https:\/\/portesdesiris.ch\/wp-content\/uploads\/2016\/06\/portesdesiris_mariagedhiver-e1466082015877.jpg\",\"contentUrl\":\"https:\/\/portesdesiris.ch\/wp-content\/uploads\/2016\/06\/portesdesiris_mariagedhiver-e1466082015877.jpg\",\"width\":1920,\"height\":744,\"caption\":\"portesdesiris_mariagedhiver\"},{\"@type\":\"BreadcrumbList\",\"@id\":\"https:\/\/portesdesiris.ch\/mariages\/mariage-hiver\/#breadcrumb\",\"itemListElement\":[{\"@type\":\"ListItem\",\"position\":1,\"name\":\"Accueil\",\"item\":\"https:\/\/portesdesiris.ch\/de\/\"},{\"@type\":\"ListItem\",\"position\":2,\"name\":\"Hochzeiten\",\"item\":\"https:\/\/portesdesiris.ch\/de\/hochzeiten\/\"},{\"@type\":\"ListItem\",\"position\":3,\"name\":\"Winterhochzeit\"}]},{\"@type\":\"WebSite\",\"@id\":\"https:\/\/portesdesiris.ch\/de\/#website\",\"url\":\"https:\/\/portesdesiris.ch\/de\/\",\"name\":\"Portes des Iris\",\"description\":\"\",\"potentialAction\":[{\"@type\":\"SearchAction\",\"target\":{\"@type\":\"EntryPoint\",\"urlTemplate\":\"https:\/\/portesdesiris.ch\/de\/?s={search_term_string}\"},\"query-input\":{\"@type\":\"PropertyValueSpecification\",\"valueRequired\":true,\"valueName\":\"search_term_string\"}}],\"inLanguage\":\"de\"}]}<\/script>\n<!-- \/ Yoast SEO plugin. -->","yoast_head_json":{"title":"Winterhochzeit - Portes des Iris","description":"Lumi\u00e8re diffuse, chaleur du feu, ambiance f\u00e9\u00e9rique, une offre sp\u00e9ciale vous est r\u00e9serv\u00e9e, les samedis de novembre \u00e0 mi-avril.","robots":{"index":"index","follow":"follow","max-snippet":"max-snippet:-1","max-image-preview":"max-image-preview:large","max-video-preview":"max-video-preview:-1"},"canonical":"https:\/\/portesdesiris.ch\/mariages\/mariage-hiver\/","og_locale":"de_DE","og_type":"article","og_title":"Winterhochzeit - Portes des Iris","og_description":"Lumi\u00e8re diffuse, chaleur du feu, ambiance f\u00e9\u00e9rique, une offre sp\u00e9ciale vous est r\u00e9serv\u00e9e, les samedis de novembre \u00e0 mi-avril.","og_url":"https:\/\/portesdesiris.ch\/mariages\/mariage-hiver\/","og_site_name":"Portes des Iris","article_publisher":"https:\/\/www.facebook.com\/portesdesiris\/","article_modified_time":"2022-02-15T10:42:13+00:00","og_image":[{"width":1920,"height":744,"url":"https:\/\/portesdesiris.ch\/wp-content\/uploads\/2016\/06\/portesdesiris_mariagedhiver-e1466082015877.jpg","type":"image\/jpeg"}],"twitter_card":"summary_large_image","twitter_misc":{"Gesch\u00e4tzte Lesezeit":"2\u00a0Minuten"},"schema":{"@context":"https:\/\/schema.org","@graph":[{"@type":"WebPage","@id":"https:\/\/portesdesiris.ch\/mariages\/mariage-hiver\/","url":"https:\/\/portesdesiris.ch\/mariages\/mariage-hiver\/","name":"Winterhochzeit - Portes des Iris","isPartOf":{"@id":"https:\/\/portesdesiris.ch\/de\/#website"},"primaryImageOfPage":{"@id":"https:\/\/portesdesiris.ch\/mariages\/mariage-hiver\/#primaryimage"},"image":{"@id":"https:\/\/portesdesiris.ch\/mariages\/mariage-hiver\/#primaryimage"},"thumbnailUrl":"https:\/\/portesdesiris.ch\/wp-content\/uploads\/2016\/06\/portesdesiris_mariagedhiver-e1466082015877.jpg","datePublished":"2016-06-01T08:33:33+00:00","dateModified":"2022-02-15T10:42:13+00:00","description":"Lumi\u00e8re diffuse, chaleur du feu, ambiance f\u00e9\u00e9rique, une offre sp\u00e9ciale vous est r\u00e9serv\u00e9e, les samedis de novembre \u00e0 mi-avril.","breadcrumb":{"@id":"https:\/\/portesdesiris.ch\/mariages\/mariage-hiver\/#breadcrumb"},"inLanguage":"de","potentialAction":[{"@type":"ReadAction","target":["https:\/\/portesdesiris.ch\/mariages\/mariage-hiver\/"]}]},{"@type":"ImageObject","inLanguage":"de","@id":"https:\/\/portesdesiris.ch\/mariages\/mariage-hiver\/#primaryimage","url":"https:\/\/portesdesiris.ch\/wp-content\/uploads\/2016\/06\/portesdesiris_mariagedhiver-e1466082015877.jpg","contentUrl":"https:\/\/portesdesiris.ch\/wp-content\/uploads\/2016\/06\/portesdesiris_mariagedhiver-e1466082015877.jpg","width":1920,"height":744,"caption":"portesdesiris_mariagedhiver"},{"@type":"BreadcrumbList","@id":"https:\/\/portesdesiris.ch\/mariages\/mariage-hiver\/#breadcrumb","itemListElement":[{"@type":"ListItem","position":1,"name":"Accueil","item":"https:\/\/portesdesiris.ch\/de\/"},{"@type":"ListItem","position":2,"name":"Hochzeiten","item":"https:\/\/portesdesiris.ch\/de\/hochzeiten\/"},{"@type":"ListItem","position":3,"name":"Winterhochzeit"}]},{"@type":"WebSite","@id":"https:\/\/portesdesiris.ch\/de\/#website","url":"https:\/\/portesdesiris.ch\/de\/","name":"Portes des Iris","description":"","potentialAction":[{"@type":"SearchAction","target":{"@type":"EntryPoint","urlTemplate":"https:\/\/portesdesiris.ch\/de\/?s={search_term_string}"},"query-input":{"@type":"PropertyValueSpecification","valueRequired":true,"valueName":"search_term_string"}}],"inLanguage":"de"}]}},"_links":{"self":[{"href":"https:\/\/portesdesiris.ch\/de\/wp-json\/wp\/v2\/pages\/2110","targetHints":{"allow":["GET"]}}],"collection":[{"href":"https:\/\/portesdesiris.ch\/de\/wp-json\/wp\/v2\/pages"}],"about":[{"href":"https:\/\/portesdesiris.ch\/de\/wp-json\/wp\/v2\/types\/page"}],"author":[{"embeddable":true,"href":"https:\/\/portesdesiris.ch\/de\/wp-json\/wp\/v2\/users\/6"}],"replies":[{"embeddable":true,"href":"https:\/\/portesdesiris.ch\/de\/wp-json\/wp\/v2\/comments?post=2110"}],"version-history":[{"count":0,"href":"https:\/\/portesdesiris.ch\/de\/wp-json\/wp\/v2\/pages\/2110\/revisions"}],"up":[{"embeddable":true,"href":"https:\/\/portesdesiris.ch\/de\/wp-json\/wp\/v2\/pages\/2107"}],"wp:featuredmedia":[{"embeddable":true,"href":"https:\/\/portesdesiris.ch\/de\/wp-json\/wp\/v2\/media\/576"}],"wp:attachment":[{"href":"https:\/\/portesdesiris.ch\/de\/wp-json\/wp\/v2\/media?parent=2110"}],"curies":[{"name":"wp","href":"https:\/\/api.w.org\/{rel}","templated":true}]}}