{"id":2109,"date":"2016-06-01T10:34:13","date_gmt":"2016-06-01T08:34:13","guid":{"rendered":"http:\/\/6l94bzuhd.preview.infomaniak.website\/de\/mariages\/ceremonies\/"},"modified":"2023-03-07T10:52:19","modified_gmt":"2023-03-07T09:52:19","slug":"trauungen","status":"publish","type":"page","link":"https:\/\/portesdesiris.ch\/de\/hochzeiten\/trauungen\/","title":{"rendered":"Trauungen"},"content":{"rendered":"<div class=\"wpb-content-wrapper\">\n<style type=\"text\/css\">\n\t#feslider-2109 {\n\t\tmargin-bottom: 10px;\n\t}\n<\/style>\n\n<div id=\"feslider-2109\" class=\"feslider harislab-feslider slider-pro\">\n\t<div class=\"sp-slides\">\n\n\t\n\t\t<div class=\"sp-slide\">\n\t\t\t<img decoding=\"async\" class=\"sp-image\" src=\"\" data-src=\"https:\/\/portesdesiris.ch\/wp-content\/uploads\/2019\/03\/TLOOK-349.jpg\">\n\n\t\t\t\n\t\t\t<p class=\"sp-layer sp-black sp-padding feslider-caption\"\n\t\t\t\tdata-position=\"bottomLeft\" data-horizontal=\"10%\" data-vertical=\"35px\" data-width=\"80%\"\n\t\t\t\tdata-show-transition=\"up\" data-show-delay=\"400\">\n\t\t\t\tCr\u00e9dit photo : Tlook\t\t\t<\/p>\n\n\t\t\t\t\t<\/div>\n\n\t\n\t\t<div class=\"sp-slide\">\n\t\t\t<img decoding=\"async\" class=\"sp-image\" src=\"\" data-src=\"https:\/\/portesdesiris.ch\/wp-content\/uploads\/2019\/12\/portes-des-iris-mariage-garden-party_06.jpeg\">\n\n\t\t\t\t\t<\/div>\n\n\t\n\t\t<div class=\"sp-slide\">\n\t\t\t<img decoding=\"async\" class=\"sp-image\" src=\"\" data-src=\"https:\/\/portesdesiris.ch\/wp-content\/uploads\/2020\/09\/Marie-Montibert-allee-cavaliere23-copie.jpg\">\n\n\t\t\t\n\t\t\t<p class=\"sp-layer sp-black sp-padding feslider-caption\"\n\t\t\t\tdata-position=\"bottomLeft\" data-horizontal=\"10%\" data-vertical=\"35px\" data-width=\"80%\"\n\t\t\t\tdata-show-transition=\"up\" data-show-delay=\"400\">\n\t\t\t\tpic by Marie Montibert\t\t\t<\/p>\n\n\t\t\t\t\t<\/div>\n\n\t\n\t\t<div class=\"sp-slide\">\n\t\t\t<img decoding=\"async\" class=\"sp-image\" src=\"\" data-src=\"https:\/\/portesdesiris.ch\/wp-content\/uploads\/2016\/05\/portesdesiris_mariage_terrasse-e1466080163346.jpg\">\n\n\t\t\t\t\t<\/div>\n\n\t\n\t\t<div class=\"sp-slide\">\n\t\t\t<img decoding=\"async\" class=\"sp-image\" src=\"\" data-src=\"https:\/\/portesdesiris.ch\/wp-content\/uploads\/2019\/12\/portes-des-iris-mariage-garden-party_26.jpeg\">\n\n\t\t\t\t\t<\/div>\n\n\t\n\t<\/div>\n<\/div>\n\n<p>[vc_row][vc_column width=&#8220;2\/3&#8243;][vc_column_text]Portes des Iris ist ein vom Standesamt des Kantons Waadt anerkannte Location f\u00fcr zivile Trauungen. Die daf\u00fcr vorgesehenen zwei S\u00e4le bieten Platz f\u00fcr 20 bis 280 Personen. Die standesamtliche Zeremonie kann jeden Donnerstag, Freitag oder Samstag gefeiert werden. Religi\u00f6se Feiern und Trauungen verschiedener Konfessionen k\u00f6nnen jederzeit in einem der S\u00e4le, auf einer der zwei Terrasse, oder in der Kirche von Vullierens, die zu Fuss erreichbar ist, gefeiert werden.[\/vc_column_text][\/vc_column][vc_column width=&#8220;1\/3&#8243; css=&#8220;.vc_custom_1464680708211{padding-right: 0px !important;padding-left: 0px !important;background-color: #e2d2be !important;}&#8220;][vc_column_text css=&#8220;.vc_custom_1473065713343{margin-bottom: 10px !important;}&#8220;]<\/p>\n<h5 style=\"text-align: center;\"><span style=\"color: #745227;\">MEHR INFORMATIONEN<\/span><\/h5>\n<p>[\/vc_column_text][vc_row_inner][vc_column_inner width=&#8220;1\/4&#8243; offset=&#8220;vc_col-xs-3&#8243;][\/vc_column_inner][vc_column_inner width=&#8220;1\/2&#8243; offset=&#8220;vc_col-xs-6&#8243; css=&#8220;.vc_custom_1464851380274{margin-bottom: 10px !important;}&#8220;][vc_single_image image=&#8220;8517&#8243; alignment=&#8220;center&#8220; style=&#8220;vc_box_circle_2&#8243; css=&#8220;.vc_custom_1579535460345{margin-bottom: 0px !important;}&#8220;][\/vc_column_inner][vc_column_inner width=&#8220;1\/4&#8243; offset=&#8220;vc_col-xs-3&#8243;][\/vc_column_inner][\/vc_row_inner][vc_column_text css=&#8220;.vc_custom_1579535472344{margin-bottom: 10px !important;}&#8220;]<\/p>\n<p style=\"text-align: center;\"><span style=\"color: #745227;\">Aurore de Comarmond<br \/>\n<\/span><\/p>\n<p style=\"text-align: center;\"><span style=\"color: #745227;\">021 869 88 80<\/span><\/p>\n<p>[\/vc_column_text][vc_btn title=&#8220;KONTAKTIEREN SIE MICH PER EMAIL&#8220; style=&#8220;flat&#8220; color=&#8220;success&#8220; align=&#8220;center&#8220; css=&#8220;.vc_custom_1618933378226{margin-bottom: 40px !important;}&#8220; link=&#8220;url:https%3A%2F%2Fportesdesiris.ch%2Fde%2Fkontakt%2F&#8220;][\/vc_column][\/vc_row]<\/p>\n<\/div>","protected":false},"excerpt":{"rendered":"<p>Zivile Trauung f\u00fcr bis zu 280 Personen, die religieuse Zeremonie, Austausch der Ringe, feiern Sie auf einer unserer traumhaften Terassen&#8230;<\/p>\n","protected":false},"author":6,"featured_media":11185,"parent":2107,"menu_order":2,"comment_status":"closed","ping_status":"closed","template":"templates\/template-evenements.php","meta":{"_acf_changed":false,"footnotes":""},"class_list":["post-2109","page","type-page","status-publish","has-post-thumbnail","hentry"],"acf":[],"yoast_head":"<!-- This site is optimized with the Yoast SEO plugin v26.7 - https:\/\/yoast.com\/wordpress\/plugins\/seo\/ -->\n<title>Trauungen - Portes des Iris<\/title>\n<meta name=\"description\" content=\"Zivile Trauung bis zu 280 Personen, religieuse Trauung oder Austausch der Ringe auf unseren Terassen.\" \/>\n<meta name=\"robots\" content=\"index, follow, max-snippet:-1, max-image-preview:large, max-video-preview:-1\" \/>\n<link rel=\"canonical\" href=\"https:\/\/portesdesiris.ch\/mariages\/ceremonies\/\" \/>\n<meta property=\"og:locale\" content=\"de_DE\" \/>\n<meta property=\"og:type\" content=\"article\" \/>\n<meta property=\"og:title\" content=\"Trauungen - Portes des Iris\" \/>\n<meta property=\"og:description\" content=\"Zivile Trauung bis zu 280 Personen, religieuse Trauung oder Austausch der Ringe auf unseren Terassen.\" \/>\n<meta property=\"og:url\" content=\"https:\/\/portesdesiris.ch\/mariages\/ceremonies\/\" \/>\n<meta property=\"og:site_name\" content=\"Portes des Iris\" \/>\n<meta property=\"article:publisher\" content=\"https:\/\/www.facebook.com\/portesdesiris\/\" \/>\n<meta property=\"article:modified_time\" content=\"2023-03-07T09:52:19+00:00\" \/>\n<meta property=\"og:image\" content=\"https:\/\/portesdesiris.ch\/wp-content\/uploads\/2020\/09\/portes-des-iris-ceremonie-jardin-suisse.jpg\" \/>\n\t<meta property=\"og:image:width\" content=\"1920\" \/>\n\t<meta property=\"og:image:height\" content=\"1280\" \/>\n\t<meta property=\"og:image:type\" content=\"image\/jpeg\" \/>\n<meta name=\"twitter:card\" content=\"summary_large_image\" \/>\n<meta name=\"twitter:label1\" content=\"Gesch\u00e4tzte Lesezeit\" \/>\n\t<meta name=\"twitter:data1\" content=\"1\u00a0Minute\" \/>\n<script type=\"application\/ld+json\" class=\"yoast-schema-graph\">{\"@context\":\"https:\/\/schema.org\",\"@graph\":[{\"@type\":\"WebPage\",\"@id\":\"https:\/\/portesdesiris.ch\/mariages\/ceremonies\/\",\"url\":\"https:\/\/portesdesiris.ch\/mariages\/ceremonies\/\",\"name\":\"Trauungen - Portes des Iris\",\"isPartOf\":{\"@id\":\"https:\/\/portesdesiris.ch\/de\/#website\"},\"primaryImageOfPage\":{\"@id\":\"https:\/\/portesdesiris.ch\/mariages\/ceremonies\/#primaryimage\"},\"image\":{\"@id\":\"https:\/\/portesdesiris.ch\/mariages\/ceremonies\/#primaryimage\"},\"thumbnailUrl\":\"https:\/\/portesdesiris.ch\/wp-content\/uploads\/2020\/09\/portes-des-iris-ceremonie-jardin-suisse.jpg\",\"datePublished\":\"2016-06-01T08:34:13+00:00\",\"dateModified\":\"2023-03-07T09:52:19+00:00\",\"description\":\"Zivile Trauung bis zu 280 Personen, religieuse Trauung oder Austausch der Ringe auf unseren Terassen.\",\"breadcrumb\":{\"@id\":\"https:\/\/portesdesiris.ch\/mariages\/ceremonies\/#breadcrumb\"},\"inLanguage\":\"de\",\"potentialAction\":[{\"@type\":\"ReadAction\",\"target\":[\"https:\/\/portesdesiris.ch\/mariages\/ceremonies\/\"]}]},{\"@type\":\"ImageObject\",\"inLanguage\":\"de\",\"@id\":\"https:\/\/portesdesiris.ch\/mariages\/ceremonies\/#primaryimage\",\"url\":\"https:\/\/portesdesiris.ch\/wp-content\/uploads\/2020\/09\/portes-des-iris-ceremonie-jardin-suisse.jpg\",\"contentUrl\":\"https:\/\/portesdesiris.ch\/wp-content\/uploads\/2020\/09\/portes-des-iris-ceremonie-jardin-suisse.jpg\",\"width\":1920,\"height\":1280,\"caption\":\"portes-des-iris-ceremonie-jardin-suisse\"},{\"@type\":\"BreadcrumbList\",\"@id\":\"https:\/\/portesdesiris.ch\/mariages\/ceremonies\/#breadcrumb\",\"itemListElement\":[{\"@type\":\"ListItem\",\"position\":1,\"name\":\"Accueil\",\"item\":\"https:\/\/portesdesiris.ch\/de\/\"},{\"@type\":\"ListItem\",\"position\":2,\"name\":\"Hochzeiten\",\"item\":\"https:\/\/portesdesiris.ch\/de\/hochzeiten\/\"},{\"@type\":\"ListItem\",\"position\":3,\"name\":\"Trauungen\"}]},{\"@type\":\"WebSite\",\"@id\":\"https:\/\/portesdesiris.ch\/de\/#website\",\"url\":\"https:\/\/portesdesiris.ch\/de\/\",\"name\":\"Portes des Iris\",\"description\":\"\",\"potentialAction\":[{\"@type\":\"SearchAction\",\"target\":{\"@type\":\"EntryPoint\",\"urlTemplate\":\"https:\/\/portesdesiris.ch\/de\/?s={search_term_string}\"},\"query-input\":{\"@type\":\"PropertyValueSpecification\",\"valueRequired\":true,\"valueName\":\"search_term_string\"}}],\"inLanguage\":\"de\"}]}<\/script>\n<!-- \/ Yoast SEO plugin. -->","yoast_head_json":{"title":"Trauungen - Portes des Iris","description":"Zivile Trauung bis zu 280 Personen, religieuse Trauung oder Austausch der Ringe auf unseren Terassen.","robots":{"index":"index","follow":"follow","max-snippet":"max-snippet:-1","max-image-preview":"max-image-preview:large","max-video-preview":"max-video-preview:-1"},"canonical":"https:\/\/portesdesiris.ch\/mariages\/ceremonies\/","og_locale":"de_DE","og_type":"article","og_title":"Trauungen - Portes des Iris","og_description":"Zivile Trauung bis zu 280 Personen, religieuse Trauung oder Austausch der Ringe auf unseren Terassen.","og_url":"https:\/\/portesdesiris.ch\/mariages\/ceremonies\/","og_site_name":"Portes des Iris","article_publisher":"https:\/\/www.facebook.com\/portesdesiris\/","article_modified_time":"2023-03-07T09:52:19+00:00","og_image":[{"width":1920,"height":1280,"url":"https:\/\/portesdesiris.ch\/wp-content\/uploads\/2020\/09\/portes-des-iris-ceremonie-jardin-suisse.jpg","type":"image\/jpeg"}],"twitter_card":"summary_large_image","twitter_misc":{"Gesch\u00e4tzte Lesezeit":"1\u00a0Minute"},"schema":{"@context":"https:\/\/schema.org","@graph":[{"@type":"WebPage","@id":"https:\/\/portesdesiris.ch\/mariages\/ceremonies\/","url":"https:\/\/portesdesiris.ch\/mariages\/ceremonies\/","name":"Trauungen - Portes des Iris","isPartOf":{"@id":"https:\/\/portesdesiris.ch\/de\/#website"},"primaryImageOfPage":{"@id":"https:\/\/portesdesiris.ch\/mariages\/ceremonies\/#primaryimage"},"image":{"@id":"https:\/\/portesdesiris.ch\/mariages\/ceremonies\/#primaryimage"},"thumbnailUrl":"https:\/\/portesdesiris.ch\/wp-content\/uploads\/2020\/09\/portes-des-iris-ceremonie-jardin-suisse.jpg","datePublished":"2016-06-01T08:34:13+00:00","dateModified":"2023-03-07T09:52:19+00:00","description":"Zivile Trauung bis zu 280 Personen, religieuse Trauung oder Austausch der Ringe auf unseren Terassen.","breadcrumb":{"@id":"https:\/\/portesdesiris.ch\/mariages\/ceremonies\/#breadcrumb"},"inLanguage":"de","potentialAction":[{"@type":"ReadAction","target":["https:\/\/portesdesiris.ch\/mariages\/ceremonies\/"]}]},{"@type":"ImageObject","inLanguage":"de","@id":"https:\/\/portesdesiris.ch\/mariages\/ceremonies\/#primaryimage","url":"https:\/\/portesdesiris.ch\/wp-content\/uploads\/2020\/09\/portes-des-iris-ceremonie-jardin-suisse.jpg","contentUrl":"https:\/\/portesdesiris.ch\/wp-content\/uploads\/2020\/09\/portes-des-iris-ceremonie-jardin-suisse.jpg","width":1920,"height":1280,"caption":"portes-des-iris-ceremonie-jardin-suisse"},{"@type":"BreadcrumbList","@id":"https:\/\/portesdesiris.ch\/mariages\/ceremonies\/#breadcrumb","itemListElement":[{"@type":"ListItem","position":1,"name":"Accueil","item":"https:\/\/portesdesiris.ch\/de\/"},{"@type":"ListItem","position":2,"name":"Hochzeiten","item":"https:\/\/portesdesiris.ch\/de\/hochzeiten\/"},{"@type":"ListItem","position":3,"name":"Trauungen"}]},{"@type":"WebSite","@id":"https:\/\/portesdesiris.ch\/de\/#website","url":"https:\/\/portesdesiris.ch\/de\/","name":"Portes des Iris","description":"","potentialAction":[{"@type":"SearchAction","target":{"@type":"EntryPoint","urlTemplate":"https:\/\/portesdesiris.ch\/de\/?s={search_term_string}"},"query-input":{"@type":"PropertyValueSpecification","valueRequired":true,"valueName":"search_term_string"}}],"inLanguage":"de"}]}},"_links":{"self":[{"href":"https:\/\/portesdesiris.ch\/de\/wp-json\/wp\/v2\/pages\/2109","targetHints":{"allow":["GET"]}}],"collection":[{"href":"https:\/\/portesdesiris.ch\/de\/wp-json\/wp\/v2\/pages"}],"about":[{"href":"https:\/\/portesdesiris.ch\/de\/wp-json\/wp\/v2\/types\/page"}],"author":[{"embeddable":true,"href":"https:\/\/portesdesiris.ch\/de\/wp-json\/wp\/v2\/users\/6"}],"replies":[{"embeddable":true,"href":"https:\/\/portesdesiris.ch\/de\/wp-json\/wp\/v2\/comments?post=2109"}],"version-history":[{"count":0,"href":"https:\/\/portesdesiris.ch\/de\/wp-json\/wp\/v2\/pages\/2109\/revisions"}],"up":[{"embeddable":true,"href":"https:\/\/portesdesiris.ch\/de\/wp-json\/wp\/v2\/pages\/2107"}],"wp:featuredmedia":[{"embeddable":true,"href":"https:\/\/portesdesiris.ch\/de\/wp-json\/wp\/v2\/media\/11185"}],"wp:attachment":[{"href":"https:\/\/portesdesiris.ch\/de\/wp-json\/wp\/v2\/media?parent=2109"}],"curies":[{"name":"wp","href":"https:\/\/api.w.org\/{rel}","templated":true}]}}