{"id":2108,"date":"2016-05-27T08:29:22","date_gmt":"2016-05-27T06:29:22","guid":{"rendered":"http:\/\/6l94bzuhd.preview.infomaniak.website\/de\/mariages\/mariage-de-reve\/"},"modified":"2021-04-20T17:40:29","modified_gmt":"2021-04-20T15:40:29","slug":"traumhochzeit","status":"publish","type":"page","link":"https:\/\/portesdesiris.ch\/de\/hochzeiten\/traumhochzeit\/","title":{"rendered":"Traumhochzeit"},"content":{"rendered":"<div class=\"wpb-content-wrapper\">\n<style type=\"text\/css\">\n\t#feslider-2108 {\n\t\tmargin-bottom: 10px;\n\t}\n<\/style>\n\n<div id=\"feslider-2108\" class=\"feslider harislab-feslider slider-pro\">\n\t<div class=\"sp-slides\">\n\n\t\n\t\t<div class=\"sp-slide\">\n\t\t\t<img decoding=\"async\" class=\"sp-image\" src=\"\" data-src=\"https:\/\/portesdesiris.ch\/wp-content\/uploads\/2019\/12\/portes-des-iris-mariage-garden-party_37.jpeg\">\n\n\t\t\t\t\t<\/div>\n\n\t\n\t\t<div class=\"sp-slide\">\n\t\t\t<img decoding=\"async\" class=\"sp-image\" src=\"\" data-src=\"https:\/\/portesdesiris.ch\/wp-content\/uploads\/2019\/12\/portes-des-iris-mariage-garden-party_31.jpeg\">\n\n\t\t\t\t\t<\/div>\n\n\t\n\t\t<div class=\"sp-slide\">\n\t\t\t<img decoding=\"async\" class=\"sp-image\" src=\"\" data-src=\"https:\/\/portesdesiris.ch\/wp-content\/uploads\/2019\/10\/IMG_9673.jpg\">\n\n\t\t\t\t\t<\/div>\n\n\t\n\t\t<div class=\"sp-slide\">\n\t\t\t<img decoding=\"async\" class=\"sp-image\" src=\"\" data-src=\"https:\/\/portesdesiris.ch\/wp-content\/uploads\/2019\/12\/portes-des-iris-mariage-garden-party_36.jpeg\">\n\n\t\t\t\t\t<\/div>\n\n\t\n\t\t<div class=\"sp-slide\">\n\t\t\t<img decoding=\"async\" class=\"sp-image\" src=\"\" data-src=\"https:\/\/portesdesiris.ch\/wp-content\/uploads\/2019\/12\/portes-des-iris-mariage-garden-party_32.jpeg\">\n\n\t\t\t\t\t<\/div>\n\n\t\n\t<\/div>\n<\/div>\n\n<p>[vc_row][vc_column width=&#8220;2\/3&#8243;][vc_column_text]Mit dem im Hintergrund liegenden Ch\u00e2teau de Vullierens und dem ber\u00fchmten\u00a0<a href=\"http:\/\/www.jardindesiris.ch\/\" target=\"_blank\" rel=\"noopener noreferrer\">Irisgarten<\/a>, dem Mont-Blanc und die Alpen, bietet Portes des Iris f\u00fcr Ihre Hochzeit sein idyllisches und romantisches Ambiente an. Dieses denkmalgesch\u00fctzte Bauwerk wurde in ein au\u00dfergew\u00f6hnlichen Anwesen, ideal f\u00fcr Hochzeitsfeiern, Cocktails und Bankette\u00a0verwandelt.<\/p>\n<p>Ob Sie einen Aperitif mit Abendessen, einen Stehcocktail, einen privaten Abend oder ein gro\u00dfes Bankett planen, wir haben Ihren W\u00fcnschen entsprechend die passenden R\u00e4umlichkeiten. Die G\u00e4ste k\u00f6nnen ausgelassen diesen Abend bis in die fr\u00fchen Morgenstunden geniessen, denn Portes des Iris heisst Sie bis 4 Uhr morgens willkommen.<\/p>\n<p>Portes des Iris ist ein vom Standesamt des Kanton Waadt anerkannter Location, in der zivile Trauungen stattfinden k\u00f6nnen. Einer der daf\u00fcr vorhergesehene S\u00e4le kann bis zu 270 Personen empfangen. Die religi\u00f6se Hochzeitsfeier kann in dem wundersch\u00f6n gelegenen Park des Anwesen, in einem der S\u00e4le, oder in der Kirche von Vullierens, die ganz in der N\u00e4he liegt, gefeiert werden.<\/p>\n<p>Unserer Event-Team ist es eine Freude Ihnen bei der Organisation und Planung dieses einmaligen Festes\u00a0zur Seite zu stehen.[\/vc_column_text][\/vc_column][vc_column width=&#8220;1\/3&#8243; css=&#8220;.vc_custom_1464680708211{padding-right: 0px !important;padding-left: 0px !important;background-color: #e2d2be !important;}&#8220;][vc_column_text css=&#8220;.vc_custom_1473065255769{margin-bottom: 10px !important;}&#8220;]<\/p>\n<h5 style=\"text-align: center;\"><span style=\"color: #745227;\">MEHR INFORMATIONEN<\/span><\/h5>\n<p>[\/vc_column_text][vc_row_inner][vc_column_inner width=&#8220;1\/4&#8243; offset=&#8220;vc_col-xs-3&#8243;][\/vc_column_inner][vc_column_inner width=&#8220;1\/2&#8243; offset=&#8220;vc_col-xs-6&#8243; css=&#8220;.vc_custom_1464851380274{margin-bottom: 10px !important;}&#8220;][vc_single_image image=&#8220;8520&#8243; alignment=&#8220;center&#8220; style=&#8220;vc_box_circle_2&#8243; css=&#8220;.vc_custom_1579535234850{margin-bottom: 0px !important;}&#8220;][\/vc_column_inner][vc_column_inner width=&#8220;1\/4&#8243; offset=&#8220;vc_col-xs-3&#8243;][\/vc_column_inner][\/vc_row_inner][vc_column_text css=&#8220;.vc_custom_1579535242796{margin-bottom: 10px !important;}&#8220;]<\/p>\n<p style=\"text-align: center;\"><span style=\"color: #745227;\">Corinne Salvisberg-Perrone<\/span><br \/>\n<span style=\"color: #745227;\">021 869 88 80<\/span><\/p>\n<p>[\/vc_column_text][vc_btn title=&#8220;KONTAKTIEREN SIE MICH PER EMAIL&#8220; style=&#8220;flat&#8220; color=&#8220;success&#8220; align=&#8220;center&#8220; css=&#8220;.vc_custom_1618933218027{margin-bottom: 40px !important;}&#8220; link=&#8220;url:https%3A%2F%2Fportesdesiris.ch%2Fde%2Fkontakt%2F&#8220;][\/vc_column][\/vc_row]<\/p>\n<\/div>","protected":false},"excerpt":{"rendered":"<p>Eine zivile Trauung, religi\u00f6s Zeremonie, ein Stehcocktail oder ein Bankett, wir haben f\u00fcr Ihre W\u00fcnsche die perfekten R\u00e4umlichkeiten.<\/p>\n","protected":false},"author":6,"featured_media":566,"parent":2107,"menu_order":1,"comment_status":"closed","ping_status":"closed","template":"templates\/template-evenements.php","meta":{"_acf_changed":false,"footnotes":""},"class_list":["post-2108","page","type-page","status-publish","has-post-thumbnail","hentry"],"acf":[],"yoast_head":"<!-- This site is optimized with the Yoast SEO plugin v26.7 - https:\/\/yoast.com\/wordpress\/plugins\/seo\/ -->\n<title>Traumhochzeit - Portes des Iris<\/title>\n<meta name=\"description\" content=\"Eine zivile Trauung, laizistisch oder religi\u00f6s Zeremonie, ein Stehcocktail oder ein Bankett, wir haben f\u00fcr Ihre W\u00fcnsche die passenden R\u00e4umlichkeiten.\" \/>\n<meta name=\"robots\" content=\"index, follow, max-snippet:-1, max-image-preview:large, max-video-preview:-1\" \/>\n<link rel=\"canonical\" href=\"https:\/\/portesdesiris.ch\/mariages\/mariage-de-reve\/\" \/>\n<meta property=\"og:locale\" content=\"de_DE\" \/>\n<meta property=\"og:type\" content=\"article\" \/>\n<meta property=\"og:title\" content=\"Traumhochzeit - Portes des Iris\" \/>\n<meta property=\"og:description\" content=\"Eine zivile Trauung, laizistisch oder religi\u00f6s Zeremonie, ein Stehcocktail oder ein Bankett, wir haben f\u00fcr Ihre W\u00fcnsche die passenden R\u00e4umlichkeiten.\" \/>\n<meta property=\"og:url\" content=\"https:\/\/portesdesiris.ch\/mariages\/mariage-de-reve\/\" \/>\n<meta property=\"og:site_name\" content=\"Portes des Iris\" \/>\n<meta property=\"article:publisher\" content=\"https:\/\/www.facebook.com\/portesdesiris\/\" \/>\n<meta property=\"article:modified_time\" content=\"2021-04-20T15:40:29+00:00\" \/>\n<meta property=\"og:image\" content=\"https:\/\/portesdesiris.ch\/wp-content\/uploads\/2016\/06\/portesdesiris_mariagedereve_terrassedesiris-e1466079998725.jpg\" \/>\n\t<meta property=\"og:image:width\" content=\"1920\" \/>\n\t<meta property=\"og:image:height\" content=\"662\" \/>\n\t<meta property=\"og:image:type\" content=\"image\/jpeg\" \/>\n<meta name=\"twitter:card\" content=\"summary_large_image\" \/>\n<meta name=\"twitter:label1\" content=\"Gesch\u00e4tzte Lesezeit\" \/>\n\t<meta name=\"twitter:data1\" content=\"1\u00a0Minute\" \/>\n<script type=\"application\/ld+json\" class=\"yoast-schema-graph\">{\"@context\":\"https:\/\/schema.org\",\"@graph\":[{\"@type\":\"WebPage\",\"@id\":\"https:\/\/portesdesiris.ch\/mariages\/mariage-de-reve\/\",\"url\":\"https:\/\/portesdesiris.ch\/mariages\/mariage-de-reve\/\",\"name\":\"Traumhochzeit - Portes des Iris\",\"isPartOf\":{\"@id\":\"https:\/\/portesdesiris.ch\/de\/#website\"},\"primaryImageOfPage\":{\"@id\":\"https:\/\/portesdesiris.ch\/mariages\/mariage-de-reve\/#primaryimage\"},\"image\":{\"@id\":\"https:\/\/portesdesiris.ch\/mariages\/mariage-de-reve\/#primaryimage\"},\"thumbnailUrl\":\"https:\/\/portesdesiris.ch\/wp-content\/uploads\/2016\/06\/portesdesiris_mariagedereve_terrassedesiris-e1466079998725.jpg\",\"datePublished\":\"2016-05-27T06:29:22+00:00\",\"dateModified\":\"2021-04-20T15:40:29+00:00\",\"description\":\"Eine zivile Trauung, laizistisch oder religi\u00f6s Zeremonie, ein Stehcocktail oder ein Bankett, wir haben f\u00fcr Ihre W\u00fcnsche die passenden R\u00e4umlichkeiten.\",\"breadcrumb\":{\"@id\":\"https:\/\/portesdesiris.ch\/mariages\/mariage-de-reve\/#breadcrumb\"},\"inLanguage\":\"de\",\"potentialAction\":[{\"@type\":\"ReadAction\",\"target\":[\"https:\/\/portesdesiris.ch\/mariages\/mariage-de-reve\/\"]}]},{\"@type\":\"ImageObject\",\"inLanguage\":\"de\",\"@id\":\"https:\/\/portesdesiris.ch\/mariages\/mariage-de-reve\/#primaryimage\",\"url\":\"https:\/\/portesdesiris.ch\/wp-content\/uploads\/2016\/06\/portesdesiris_mariagedereve_terrassedesiris-e1466079998725.jpg\",\"contentUrl\":\"https:\/\/portesdesiris.ch\/wp-content\/uploads\/2016\/06\/portesdesiris_mariagedereve_terrassedesiris-e1466079998725.jpg\",\"width\":1920,\"height\":662,\"caption\":\"portesdesiris_mariagedereve_terrassedesiris\"},{\"@type\":\"BreadcrumbList\",\"@id\":\"https:\/\/portesdesiris.ch\/mariages\/mariage-de-reve\/#breadcrumb\",\"itemListElement\":[{\"@type\":\"ListItem\",\"position\":1,\"name\":\"Accueil\",\"item\":\"https:\/\/portesdesiris.ch\/de\/\"},{\"@type\":\"ListItem\",\"position\":2,\"name\":\"Hochzeiten\",\"item\":\"https:\/\/portesdesiris.ch\/de\/hochzeiten\/\"},{\"@type\":\"ListItem\",\"position\":3,\"name\":\"Traumhochzeit\"}]},{\"@type\":\"WebSite\",\"@id\":\"https:\/\/portesdesiris.ch\/de\/#website\",\"url\":\"https:\/\/portesdesiris.ch\/de\/\",\"name\":\"Portes des Iris\",\"description\":\"\",\"potentialAction\":[{\"@type\":\"SearchAction\",\"target\":{\"@type\":\"EntryPoint\",\"urlTemplate\":\"https:\/\/portesdesiris.ch\/de\/?s={search_term_string}\"},\"query-input\":{\"@type\":\"PropertyValueSpecification\",\"valueRequired\":true,\"valueName\":\"search_term_string\"}}],\"inLanguage\":\"de\"}]}<\/script>\n<!-- \/ Yoast SEO plugin. -->","yoast_head_json":{"title":"Traumhochzeit - Portes des Iris","description":"Eine zivile Trauung, laizistisch oder religi\u00f6s Zeremonie, ein Stehcocktail oder ein Bankett, wir haben f\u00fcr Ihre W\u00fcnsche die passenden R\u00e4umlichkeiten.","robots":{"index":"index","follow":"follow","max-snippet":"max-snippet:-1","max-image-preview":"max-image-preview:large","max-video-preview":"max-video-preview:-1"},"canonical":"https:\/\/portesdesiris.ch\/mariages\/mariage-de-reve\/","og_locale":"de_DE","og_type":"article","og_title":"Traumhochzeit - Portes des Iris","og_description":"Eine zivile Trauung, laizistisch oder religi\u00f6s Zeremonie, ein Stehcocktail oder ein Bankett, wir haben f\u00fcr Ihre W\u00fcnsche die passenden R\u00e4umlichkeiten.","og_url":"https:\/\/portesdesiris.ch\/mariages\/mariage-de-reve\/","og_site_name":"Portes des Iris","article_publisher":"https:\/\/www.facebook.com\/portesdesiris\/","article_modified_time":"2021-04-20T15:40:29+00:00","og_image":[{"width":1920,"height":662,"url":"https:\/\/portesdesiris.ch\/wp-content\/uploads\/2016\/06\/portesdesiris_mariagedereve_terrassedesiris-e1466079998725.jpg","type":"image\/jpeg"}],"twitter_card":"summary_large_image","twitter_misc":{"Gesch\u00e4tzte Lesezeit":"1\u00a0Minute"},"schema":{"@context":"https:\/\/schema.org","@graph":[{"@type":"WebPage","@id":"https:\/\/portesdesiris.ch\/mariages\/mariage-de-reve\/","url":"https:\/\/portesdesiris.ch\/mariages\/mariage-de-reve\/","name":"Traumhochzeit - Portes des Iris","isPartOf":{"@id":"https:\/\/portesdesiris.ch\/de\/#website"},"primaryImageOfPage":{"@id":"https:\/\/portesdesiris.ch\/mariages\/mariage-de-reve\/#primaryimage"},"image":{"@id":"https:\/\/portesdesiris.ch\/mariages\/mariage-de-reve\/#primaryimage"},"thumbnailUrl":"https:\/\/portesdesiris.ch\/wp-content\/uploads\/2016\/06\/portesdesiris_mariagedereve_terrassedesiris-e1466079998725.jpg","datePublished":"2016-05-27T06:29:22+00:00","dateModified":"2021-04-20T15:40:29+00:00","description":"Eine zivile Trauung, laizistisch oder religi\u00f6s Zeremonie, ein Stehcocktail oder ein Bankett, wir haben f\u00fcr Ihre W\u00fcnsche die passenden R\u00e4umlichkeiten.","breadcrumb":{"@id":"https:\/\/portesdesiris.ch\/mariages\/mariage-de-reve\/#breadcrumb"},"inLanguage":"de","potentialAction":[{"@type":"ReadAction","target":["https:\/\/portesdesiris.ch\/mariages\/mariage-de-reve\/"]}]},{"@type":"ImageObject","inLanguage":"de","@id":"https:\/\/portesdesiris.ch\/mariages\/mariage-de-reve\/#primaryimage","url":"https:\/\/portesdesiris.ch\/wp-content\/uploads\/2016\/06\/portesdesiris_mariagedereve_terrassedesiris-e1466079998725.jpg","contentUrl":"https:\/\/portesdesiris.ch\/wp-content\/uploads\/2016\/06\/portesdesiris_mariagedereve_terrassedesiris-e1466079998725.jpg","width":1920,"height":662,"caption":"portesdesiris_mariagedereve_terrassedesiris"},{"@type":"BreadcrumbList","@id":"https:\/\/portesdesiris.ch\/mariages\/mariage-de-reve\/#breadcrumb","itemListElement":[{"@type":"ListItem","position":1,"name":"Accueil","item":"https:\/\/portesdesiris.ch\/de\/"},{"@type":"ListItem","position":2,"name":"Hochzeiten","item":"https:\/\/portesdesiris.ch\/de\/hochzeiten\/"},{"@type":"ListItem","position":3,"name":"Traumhochzeit"}]},{"@type":"WebSite","@id":"https:\/\/portesdesiris.ch\/de\/#website","url":"https:\/\/portesdesiris.ch\/de\/","name":"Portes des Iris","description":"","potentialAction":[{"@type":"SearchAction","target":{"@type":"EntryPoint","urlTemplate":"https:\/\/portesdesiris.ch\/de\/?s={search_term_string}"},"query-input":{"@type":"PropertyValueSpecification","valueRequired":true,"valueName":"search_term_string"}}],"inLanguage":"de"}]}},"_links":{"self":[{"href":"https:\/\/portesdesiris.ch\/de\/wp-json\/wp\/v2\/pages\/2108","targetHints":{"allow":["GET"]}}],"collection":[{"href":"https:\/\/portesdesiris.ch\/de\/wp-json\/wp\/v2\/pages"}],"about":[{"href":"https:\/\/portesdesiris.ch\/de\/wp-json\/wp\/v2\/types\/page"}],"author":[{"embeddable":true,"href":"https:\/\/portesdesiris.ch\/de\/wp-json\/wp\/v2\/users\/6"}],"replies":[{"embeddable":true,"href":"https:\/\/portesdesiris.ch\/de\/wp-json\/wp\/v2\/comments?post=2108"}],"version-history":[{"count":0,"href":"https:\/\/portesdesiris.ch\/de\/wp-json\/wp\/v2\/pages\/2108\/revisions"}],"up":[{"embeddable":true,"href":"https:\/\/portesdesiris.ch\/de\/wp-json\/wp\/v2\/pages\/2107"}],"wp:featuredmedia":[{"embeddable":true,"href":"https:\/\/portesdesiris.ch\/de\/wp-json\/wp\/v2\/media\/566"}],"wp:attachment":[{"href":"https:\/\/portesdesiris.ch\/de\/wp-json\/wp\/v2\/media?parent=2108"}],"curies":[{"name":"wp","href":"https:\/\/api.w.org\/{rel}","templated":true}]}}