{"id":2107,"date":"2016-05-20T09:11:41","date_gmt":"2016-05-20T07:11:41","guid":{"rendered":"http:\/\/6l94bzuhd.preview.infomaniak.website\/de\/mariages\/"},"modified":"2019-12-10T15:51:43","modified_gmt":"2019-12-10T14:51:43","slug":"hochzeiten","status":"publish","type":"page","link":"https:\/\/portesdesiris.ch\/de\/hochzeiten\/","title":{"rendered":"Hochzeiten"},"content":{"rendered":"\n<style type=\"text\/css\">\n\t#feslider-2107 {\n\t\tmargin-bottom: 10px;\n\t}\n<\/style>\n\n<div id=\"feslider-2107\" class=\"feslider harislab-feslider slider-pro\">\n\t<div class=\"sp-slides\">\n\n\t\n\t\t<div class=\"sp-slide\">\n\t\t\t<img decoding=\"async\" class=\"sp-image\" src=\"\" data-src=\"https:\/\/portesdesiris.ch\/wp-content\/uploads\/2019\/12\/portes-des-iris-mariage-garden-party_39.jpeg\">\n\n\t\t\t\t\t<\/div>\n\n\t\n\t\t<div class=\"sp-slide\">\n\t\t\t<img decoding=\"async\" class=\"sp-image\" src=\"\" data-src=\"https:\/\/portesdesiris.ch\/wp-content\/uploads\/2019\/12\/portes-des-iris-mariage-garden-party_07.jpeg\">\n\n\t\t\t\t\t<\/div>\n\n\t\n\t\t<div class=\"sp-slide\">\n\t\t\t<img decoding=\"async\" class=\"sp-image\" src=\"\" data-src=\"https:\/\/portesdesiris.ch\/wp-content\/uploads\/2019\/12\/portes-des-iris-mariage-garden-party_24.jpeg\">\n\n\t\t\t\t\t<\/div>\n\n\t\n\t\t<div class=\"sp-slide\">\n\t\t\t<img decoding=\"async\" class=\"sp-image\" src=\"\" data-src=\"https:\/\/portesdesiris.ch\/wp-content\/uploads\/2019\/12\/portes-des-iris-mariage-garden-party_09.jpeg\">\n\n\t\t\t\t\t<\/div>\n\n\t\n\t\t<div class=\"sp-slide\">\n\t\t\t<img decoding=\"async\" class=\"sp-image\" src=\"\" data-src=\"https:\/\/portesdesiris.ch\/wp-content\/uploads\/2019\/12\/portes-des-iris-mariage-garden-party_08.jpeg\">\n\n\t\t\t\t\t<\/div>\n\n\t\n\t<\/div>\n<\/div>\n\n","protected":false},"excerpt":{"rendered":"","protected":false},"author":6,"featured_media":4472,"parent":0,"menu_order":13,"comment_status":"closed","ping_status":"closed","template":"templates\/template-page.php","meta":{"_acf_changed":false,"footnotes":""},"class_list":["post-2107","page","type-page","status-publish","has-post-thumbnail","hentry"],"acf":[],"yoast_head":"<!-- This site is optimized with the Yoast SEO plugin v26.7 - https:\/\/yoast.com\/wordpress\/plugins\/seo\/ -->\n<title>Hochzeiten - Portes des Iris<\/title>\n<meta name=\"description\" content=\"Traum Hochzeit, zivile Trauung, laizistisch oder religi\u00f6s Feier. Entdecken Sie unser Winterhochzeits-Angebot! F\u00fcr 40-300 Personen haben wir die passenden S\u00e4le.\" \/>\n<meta name=\"robots\" content=\"index, follow, max-snippet:-1, max-image-preview:large, max-video-preview:-1\" \/>\n<link rel=\"canonical\" href=\"https:\/\/portesdesiris.ch\/de\/hochzeiten\/\" \/>\n<meta property=\"og:locale\" content=\"de_DE\" \/>\n<meta property=\"og:type\" content=\"article\" \/>\n<meta property=\"og:title\" content=\"Hochzeiten - Portes des Iris\" \/>\n<meta property=\"og:description\" content=\"Traum Hochzeit, zivile Trauung, laizistisch oder religi\u00f6s Feier. Entdecken Sie unser Winterhochzeits-Angebot! F\u00fcr 40-300 Personen haben wir die passenden S\u00e4le.\" \/>\n<meta property=\"og:url\" content=\"https:\/\/portesdesiris.ch\/de\/hochzeiten\/\" \/>\n<meta property=\"og:site_name\" content=\"Portes des Iris\" \/>\n<meta property=\"article:publisher\" content=\"https:\/\/www.facebook.com\/portesdesiris\/\" \/>\n<meta property=\"article:modified_time\" content=\"2019-12-10T14:51:43+00:00\" \/>\n<meta property=\"og:image\" content=\"https:\/\/portesdesiris.ch\/wp-content\/uploads\/2018\/07\/jessica-amber-photographe2.jpg\" \/>\n\t<meta property=\"og:image:width\" content=\"1600\" \/>\n\t<meta property=\"og:image:height\" content=\"1066\" \/>\n\t<meta property=\"og:image:type\" content=\"image\/jpeg\" \/>\n<meta name=\"twitter:card\" content=\"summary_large_image\" \/>\n<script type=\"application\/ld+json\" class=\"yoast-schema-graph\">{\"@context\":\"https:\/\/schema.org\",\"@graph\":[{\"@type\":\"WebPage\",\"@id\":\"https:\/\/portesdesiris.ch\/de\/hochzeiten\/\",\"url\":\"https:\/\/portesdesiris.ch\/de\/hochzeiten\/\",\"name\":\"Hochzeiten - Portes des Iris\",\"isPartOf\":{\"@id\":\"https:\/\/portesdesiris.ch\/de\/#website\"},\"primaryImageOfPage\":{\"@id\":\"https:\/\/portesdesiris.ch\/de\/hochzeiten\/#primaryimage\"},\"image\":{\"@id\":\"https:\/\/portesdesiris.ch\/de\/hochzeiten\/#primaryimage\"},\"thumbnailUrl\":\"https:\/\/portesdesiris.ch\/wp-content\/uploads\/2018\/07\/jessica-amber-photographe2.jpg\",\"datePublished\":\"2016-05-20T07:11:41+00:00\",\"dateModified\":\"2019-12-10T14:51:43+00:00\",\"description\":\"Traum Hochzeit, zivile Trauung, laizistisch oder religi\u00f6s Feier. Entdecken Sie unser Winterhochzeits-Angebot! F\u00fcr 40-300 Personen haben wir die passenden S\u00e4le.\",\"breadcrumb\":{\"@id\":\"https:\/\/portesdesiris.ch\/de\/hochzeiten\/#breadcrumb\"},\"inLanguage\":\"de\",\"potentialAction\":[{\"@type\":\"ReadAction\",\"target\":[\"https:\/\/portesdesiris.ch\/de\/hochzeiten\/\"]}]},{\"@type\":\"ImageObject\",\"inLanguage\":\"de\",\"@id\":\"https:\/\/portesdesiris.ch\/de\/hochzeiten\/#primaryimage\",\"url\":\"https:\/\/portesdesiris.ch\/wp-content\/uploads\/2018\/07\/jessica-amber-photographe2.jpg\",\"contentUrl\":\"https:\/\/portesdesiris.ch\/wp-content\/uploads\/2018\/07\/jessica-amber-photographe2.jpg\",\"width\":1600,\"height\":1066},{\"@type\":\"BreadcrumbList\",\"@id\":\"https:\/\/portesdesiris.ch\/de\/hochzeiten\/#breadcrumb\",\"itemListElement\":[{\"@type\":\"ListItem\",\"position\":1,\"name\":\"Accueil\",\"item\":\"https:\/\/portesdesiris.ch\/de\/\"},{\"@type\":\"ListItem\",\"position\":2,\"name\":\"Hochzeiten\"}]},{\"@type\":\"WebSite\",\"@id\":\"https:\/\/portesdesiris.ch\/de\/#website\",\"url\":\"https:\/\/portesdesiris.ch\/de\/\",\"name\":\"Portes des Iris\",\"description\":\"\",\"potentialAction\":[{\"@type\":\"SearchAction\",\"target\":{\"@type\":\"EntryPoint\",\"urlTemplate\":\"https:\/\/portesdesiris.ch\/de\/?s={search_term_string}\"},\"query-input\":{\"@type\":\"PropertyValueSpecification\",\"valueRequired\":true,\"valueName\":\"search_term_string\"}}],\"inLanguage\":\"de\"}]}<\/script>\n<!-- \/ Yoast SEO plugin. -->","yoast_head_json":{"title":"Hochzeiten - Portes des Iris","description":"Traum Hochzeit, zivile Trauung, laizistisch oder religi\u00f6s Feier. Entdecken Sie unser Winterhochzeits-Angebot! F\u00fcr 40-300 Personen haben wir die passenden S\u00e4le.","robots":{"index":"index","follow":"follow","max-snippet":"max-snippet:-1","max-image-preview":"max-image-preview:large","max-video-preview":"max-video-preview:-1"},"canonical":"https:\/\/portesdesiris.ch\/de\/hochzeiten\/","og_locale":"de_DE","og_type":"article","og_title":"Hochzeiten - Portes des Iris","og_description":"Traum Hochzeit, zivile Trauung, laizistisch oder religi\u00f6s Feier. Entdecken Sie unser Winterhochzeits-Angebot! F\u00fcr 40-300 Personen haben wir die passenden S\u00e4le.","og_url":"https:\/\/portesdesiris.ch\/de\/hochzeiten\/","og_site_name":"Portes des Iris","article_publisher":"https:\/\/www.facebook.com\/portesdesiris\/","article_modified_time":"2019-12-10T14:51:43+00:00","og_image":[{"width":1600,"height":1066,"url":"https:\/\/portesdesiris.ch\/wp-content\/uploads\/2018\/07\/jessica-amber-photographe2.jpg","type":"image\/jpeg"}],"twitter_card":"summary_large_image","schema":{"@context":"https:\/\/schema.org","@graph":[{"@type":"WebPage","@id":"https:\/\/portesdesiris.ch\/de\/hochzeiten\/","url":"https:\/\/portesdesiris.ch\/de\/hochzeiten\/","name":"Hochzeiten - Portes des Iris","isPartOf":{"@id":"https:\/\/portesdesiris.ch\/de\/#website"},"primaryImageOfPage":{"@id":"https:\/\/portesdesiris.ch\/de\/hochzeiten\/#primaryimage"},"image":{"@id":"https:\/\/portesdesiris.ch\/de\/hochzeiten\/#primaryimage"},"thumbnailUrl":"https:\/\/portesdesiris.ch\/wp-content\/uploads\/2018\/07\/jessica-amber-photographe2.jpg","datePublished":"2016-05-20T07:11:41+00:00","dateModified":"2019-12-10T14:51:43+00:00","description":"Traum Hochzeit, zivile Trauung, laizistisch oder religi\u00f6s Feier. Entdecken Sie unser Winterhochzeits-Angebot! F\u00fcr 40-300 Personen haben wir die passenden S\u00e4le.","breadcrumb":{"@id":"https:\/\/portesdesiris.ch\/de\/hochzeiten\/#breadcrumb"},"inLanguage":"de","potentialAction":[{"@type":"ReadAction","target":["https:\/\/portesdesiris.ch\/de\/hochzeiten\/"]}]},{"@type":"ImageObject","inLanguage":"de","@id":"https:\/\/portesdesiris.ch\/de\/hochzeiten\/#primaryimage","url":"https:\/\/portesdesiris.ch\/wp-content\/uploads\/2018\/07\/jessica-amber-photographe2.jpg","contentUrl":"https:\/\/portesdesiris.ch\/wp-content\/uploads\/2018\/07\/jessica-amber-photographe2.jpg","width":1600,"height":1066},{"@type":"BreadcrumbList","@id":"https:\/\/portesdesiris.ch\/de\/hochzeiten\/#breadcrumb","itemListElement":[{"@type":"ListItem","position":1,"name":"Accueil","item":"https:\/\/portesdesiris.ch\/de\/"},{"@type":"ListItem","position":2,"name":"Hochzeiten"}]},{"@type":"WebSite","@id":"https:\/\/portesdesiris.ch\/de\/#website","url":"https:\/\/portesdesiris.ch\/de\/","name":"Portes des Iris","description":"","potentialAction":[{"@type":"SearchAction","target":{"@type":"EntryPoint","urlTemplate":"https:\/\/portesdesiris.ch\/de\/?s={search_term_string}"},"query-input":{"@type":"PropertyValueSpecification","valueRequired":true,"valueName":"search_term_string"}}],"inLanguage":"de"}]}},"_links":{"self":[{"href":"https:\/\/portesdesiris.ch\/de\/wp-json\/wp\/v2\/pages\/2107","targetHints":{"allow":["GET"]}}],"collection":[{"href":"https:\/\/portesdesiris.ch\/de\/wp-json\/wp\/v2\/pages"}],"about":[{"href":"https:\/\/portesdesiris.ch\/de\/wp-json\/wp\/v2\/types\/page"}],"author":[{"embeddable":true,"href":"https:\/\/portesdesiris.ch\/de\/wp-json\/wp\/v2\/users\/6"}],"replies":[{"embeddable":true,"href":"https:\/\/portesdesiris.ch\/de\/wp-json\/wp\/v2\/comments?post=2107"}],"version-history":[{"count":0,"href":"https:\/\/portesdesiris.ch\/de\/wp-json\/wp\/v2\/pages\/2107\/revisions"}],"wp:featuredmedia":[{"embeddable":true,"href":"https:\/\/portesdesiris.ch\/de\/wp-json\/wp\/v2\/media\/4472"}],"wp:attachment":[{"href":"https:\/\/portesdesiris.ch\/de\/wp-json\/wp\/v2\/media?parent=2107"}],"curies":[{"name":"wp","href":"https:\/\/api.w.org\/{rel}","templated":true}]}}