{"id":2106,"date":"2016-05-31T08:59:55","date_gmt":"2016-05-31T06:59:55","guid":{"rendered":"http:\/\/6l94bzuhd.preview.infomaniak.website\/de\/entreprises\/soirees\/"},"modified":"2021-04-20T17:29:43","modified_gmt":"2021-04-20T15:29:43","slug":"events","status":"publish","type":"page","link":"https:\/\/portesdesiris.ch\/de\/unternehmen\/events\/","title":{"rendered":"Events"},"content":{"rendered":"<div class=\"wpb-content-wrapper\"><p>[vc_row][vc_column width=&#8220;2\/3&#8243;][vc_column_text]Portes des Iris ist ein magischer Ort, der sich in etwas noch grandioseres verwandelt, wenn Er auf ein Thema abgestimmt, und eine spezielle Atmosph\u00e4re\u00a0kreiert\u00a0wird. Empfangen Sie bis zu 800 Personen f\u00fcr einen Cocktail in unseren drei Hauptr\u00e4umen oder bis zu 700 Personen f\u00fcr ein gesetztes Essen und organisieren Sie bei der Ankunft Ihrer G\u00e4ste eine Animation im Hof. In unseren S\u00e4len stehen Ihnen erstklassige, technische Ausr\u00fcstungen zur Verf\u00fcgung und ein erfahrenes routiniertes Team k\u00fcmmert sich um Sie\u00a0\u2013 Wir machen Ihre Feier zu einem aussergew\u00f6hnlichen Ereignis.[\/vc_column_text][\/vc_column][vc_column width=&#8220;1\/3&#8243; css=&#8220;.vc_custom_1464680708211{padding-right: 0px !important;padding-left: 0px !important;background-color: #e2d2be !important;}&#8220;][vc_column_text css=&#8220;.vc_custom_1473065557396{margin-bottom: 10px !important;}&#8220;]<\/p>\n<h5 style=\"text-align: center;\"><span style=\"color: #745227;\">MEHR INFORMATIONEN<\/span><\/h5>\n<p>[\/vc_column_text][vc_row_inner][vc_column_inner width=&#8220;1\/4&#8243; offset=&#8220;vc_col-xs-3&#8243;][\/vc_column_inner][vc_column_inner width=&#8220;1\/2&#8243; offset=&#8220;vc_col-xs-6&#8243; css=&#8220;.vc_custom_1464851380274{margin-bottom: 10px !important;}&#8220;][vc_single_image image=&#8220;8517&#8243; alignment=&#8220;center&#8220; style=&#8220;vc_box_circle_2&#8243; css=&#8220;.vc_custom_1579535103940{margin-bottom: 0px !important;}&#8220;][\/vc_column_inner][vc_column_inner width=&#8220;1\/4&#8243; offset=&#8220;vc_col-xs-3&#8243;][\/vc_column_inner][\/vc_row_inner][vc_column_text css=&#8220;.vc_custom_1579535121631{margin-bottom: 10px !important;}&#8220;]<\/p>\n<p style=\"text-align: center;\"><span style=\"color: #745227;\">Aurore de Comarmond<\/span><\/p>\n<p style=\"text-align: center;\"><span style=\"color: #745227;\">021 869 88 80<\/span><\/p>\n<p>[\/vc_column_text][vc_btn title=&#8220;KONTAKTIEREN SIE MICH PER EMAIL&#8220; style=&#8220;flat&#8220; color=&#8220;success&#8220; align=&#8220;center&#8220; css=&#8220;.vc_custom_1618932579059{margin-bottom: 40px !important;}&#8220; link=&#8220;url:https%3A%2F%2Fportesdesiris.ch%2Fde%2Fkontakt%2F&#8220;][\/vc_column][\/vc_row]<\/p>\n<\/div>","protected":false},"excerpt":{"rendered":"<p>Garten-Parties, Firmenveranstaltungen, Galaabende, Geburtstage, Jubil\u00e4um,&#8230;<\/p>\n","protected":false},"author":6,"featured_media":447,"parent":2102,"menu_order":4,"comment_status":"closed","ping_status":"closed","template":"templates\/template-evenements.php","meta":{"_acf_changed":false,"footnotes":""},"class_list":["post-2106","page","type-page","status-publish","has-post-thumbnail","hentry"],"acf":[],"yoast_head":"<!-- This site is optimized with the Yoast SEO plugin v26.7 - https:\/\/yoast.com\/wordpress\/plugins\/seo\/ -->\n<title>Events - Portes des Iris<\/title>\n<meta name=\"description\" content=\"Garten-Parties, Firmenveranstaltungen, Galaabende, Geburtstage, Jubil\u00e4um. Fragen Sie nach den verschieden Themen die auf Ihr Event abgestimmt werden k\u00f6nnen!\" \/>\n<meta name=\"robots\" content=\"index, follow, max-snippet:-1, max-image-preview:large, max-video-preview:-1\" \/>\n<link rel=\"canonical\" href=\"https:\/\/portesdesiris.ch\/entreprises\/soirees\/\" \/>\n<meta property=\"og:locale\" content=\"de_DE\" \/>\n<meta property=\"og:type\" content=\"article\" \/>\n<meta property=\"og:title\" content=\"Events - Portes des Iris\" \/>\n<meta property=\"og:description\" content=\"Garten-Parties, Firmenveranstaltungen, Galaabende, Geburtstage, Jubil\u00e4um. Fragen Sie nach den verschieden Themen die auf Ihr Event abgestimmt werden k\u00f6nnen!\" \/>\n<meta property=\"og:url\" content=\"https:\/\/portesdesiris.ch\/entreprises\/soirees\/\" \/>\n<meta property=\"og:site_name\" content=\"Portes des Iris\" \/>\n<meta property=\"article:publisher\" content=\"https:\/\/www.facebook.com\/portesdesiris\/\" \/>\n<meta property=\"article:modified_time\" content=\"2021-04-20T15:29:43+00:00\" \/>\n<meta property=\"og:image\" content=\"https:\/\/portesdesiris.ch\/wp-content\/uploads\/2016\/06\/portesdesiris_soiree_batiment2.jpg\" \/>\n\t<meta property=\"og:image:width\" content=\"1920\" \/>\n\t<meta property=\"og:image:height\" content=\"824\" \/>\n\t<meta property=\"og:image:type\" content=\"image\/jpeg\" \/>\n<meta name=\"twitter:card\" content=\"summary_large_image\" \/>\n<meta name=\"twitter:label1\" content=\"Gesch\u00e4tzte Lesezeit\" \/>\n\t<meta name=\"twitter:data1\" content=\"1\u00a0Minute\" \/>\n<script type=\"application\/ld+json\" class=\"yoast-schema-graph\">{\"@context\":\"https:\/\/schema.org\",\"@graph\":[{\"@type\":\"WebPage\",\"@id\":\"https:\/\/portesdesiris.ch\/entreprises\/soirees\/\",\"url\":\"https:\/\/portesdesiris.ch\/entreprises\/soirees\/\",\"name\":\"Events - Portes des Iris\",\"isPartOf\":{\"@id\":\"https:\/\/portesdesiris.ch\/de\/#website\"},\"primaryImageOfPage\":{\"@id\":\"https:\/\/portesdesiris.ch\/entreprises\/soirees\/#primaryimage\"},\"image\":{\"@id\":\"https:\/\/portesdesiris.ch\/entreprises\/soirees\/#primaryimage\"},\"thumbnailUrl\":\"https:\/\/portesdesiris.ch\/wp-content\/uploads\/2016\/06\/portesdesiris_soiree_batiment2.jpg\",\"datePublished\":\"2016-05-31T06:59:55+00:00\",\"dateModified\":\"2021-04-20T15:29:43+00:00\",\"description\":\"Garten-Parties, Firmenveranstaltungen, Galaabende, Geburtstage, Jubil\u00e4um. Fragen Sie nach den verschieden Themen die auf Ihr Event abgestimmt werden k\u00f6nnen!\",\"breadcrumb\":{\"@id\":\"https:\/\/portesdesiris.ch\/entreprises\/soirees\/#breadcrumb\"},\"inLanguage\":\"de\",\"potentialAction\":[{\"@type\":\"ReadAction\",\"target\":[\"https:\/\/portesdesiris.ch\/entreprises\/soirees\/\"]}]},{\"@type\":\"ImageObject\",\"inLanguage\":\"de\",\"@id\":\"https:\/\/portesdesiris.ch\/entreprises\/soirees\/#primaryimage\",\"url\":\"https:\/\/portesdesiris.ch\/wp-content\/uploads\/2016\/06\/portesdesiris_soiree_batiment2.jpg\",\"contentUrl\":\"https:\/\/portesdesiris.ch\/wp-content\/uploads\/2016\/06\/portesdesiris_soiree_batiment2.jpg\",\"width\":1920,\"height\":824,\"caption\":\"portesdesiris_soiree_batiment2\"},{\"@type\":\"BreadcrumbList\",\"@id\":\"https:\/\/portesdesiris.ch\/entreprises\/soirees\/#breadcrumb\",\"itemListElement\":[{\"@type\":\"ListItem\",\"position\":1,\"name\":\"Accueil\",\"item\":\"https:\/\/portesdesiris.ch\/de\/\"},{\"@type\":\"ListItem\",\"position\":2,\"name\":\"Unternehmen\",\"item\":\"https:\/\/portesdesiris.ch\/de\/unternehmen\/\"},{\"@type\":\"ListItem\",\"position\":3,\"name\":\"Events\"}]},{\"@type\":\"WebSite\",\"@id\":\"https:\/\/portesdesiris.ch\/de\/#website\",\"url\":\"https:\/\/portesdesiris.ch\/de\/\",\"name\":\"Portes des Iris\",\"description\":\"\",\"potentialAction\":[{\"@type\":\"SearchAction\",\"target\":{\"@type\":\"EntryPoint\",\"urlTemplate\":\"https:\/\/portesdesiris.ch\/de\/?s={search_term_string}\"},\"query-input\":{\"@type\":\"PropertyValueSpecification\",\"valueRequired\":true,\"valueName\":\"search_term_string\"}}],\"inLanguage\":\"de\"}]}<\/script>\n<!-- \/ Yoast SEO plugin. -->","yoast_head_json":{"title":"Events - Portes des Iris","description":"Garten-Parties, Firmenveranstaltungen, Galaabende, Geburtstage, Jubil\u00e4um. Fragen Sie nach den verschieden Themen die auf Ihr Event abgestimmt werden k\u00f6nnen!","robots":{"index":"index","follow":"follow","max-snippet":"max-snippet:-1","max-image-preview":"max-image-preview:large","max-video-preview":"max-video-preview:-1"},"canonical":"https:\/\/portesdesiris.ch\/entreprises\/soirees\/","og_locale":"de_DE","og_type":"article","og_title":"Events - Portes des Iris","og_description":"Garten-Parties, Firmenveranstaltungen, Galaabende, Geburtstage, Jubil\u00e4um. Fragen Sie nach den verschieden Themen die auf Ihr Event abgestimmt werden k\u00f6nnen!","og_url":"https:\/\/portesdesiris.ch\/entreprises\/soirees\/","og_site_name":"Portes des Iris","article_publisher":"https:\/\/www.facebook.com\/portesdesiris\/","article_modified_time":"2021-04-20T15:29:43+00:00","og_image":[{"width":1920,"height":824,"url":"https:\/\/portesdesiris.ch\/wp-content\/uploads\/2016\/06\/portesdesiris_soiree_batiment2.jpg","type":"image\/jpeg"}],"twitter_card":"summary_large_image","twitter_misc":{"Gesch\u00e4tzte Lesezeit":"1\u00a0Minute"},"schema":{"@context":"https:\/\/schema.org","@graph":[{"@type":"WebPage","@id":"https:\/\/portesdesiris.ch\/entreprises\/soirees\/","url":"https:\/\/portesdesiris.ch\/entreprises\/soirees\/","name":"Events - Portes des Iris","isPartOf":{"@id":"https:\/\/portesdesiris.ch\/de\/#website"},"primaryImageOfPage":{"@id":"https:\/\/portesdesiris.ch\/entreprises\/soirees\/#primaryimage"},"image":{"@id":"https:\/\/portesdesiris.ch\/entreprises\/soirees\/#primaryimage"},"thumbnailUrl":"https:\/\/portesdesiris.ch\/wp-content\/uploads\/2016\/06\/portesdesiris_soiree_batiment2.jpg","datePublished":"2016-05-31T06:59:55+00:00","dateModified":"2021-04-20T15:29:43+00:00","description":"Garten-Parties, Firmenveranstaltungen, Galaabende, Geburtstage, Jubil\u00e4um. Fragen Sie nach den verschieden Themen die auf Ihr Event abgestimmt werden k\u00f6nnen!","breadcrumb":{"@id":"https:\/\/portesdesiris.ch\/entreprises\/soirees\/#breadcrumb"},"inLanguage":"de","potentialAction":[{"@type":"ReadAction","target":["https:\/\/portesdesiris.ch\/entreprises\/soirees\/"]}]},{"@type":"ImageObject","inLanguage":"de","@id":"https:\/\/portesdesiris.ch\/entreprises\/soirees\/#primaryimage","url":"https:\/\/portesdesiris.ch\/wp-content\/uploads\/2016\/06\/portesdesiris_soiree_batiment2.jpg","contentUrl":"https:\/\/portesdesiris.ch\/wp-content\/uploads\/2016\/06\/portesdesiris_soiree_batiment2.jpg","width":1920,"height":824,"caption":"portesdesiris_soiree_batiment2"},{"@type":"BreadcrumbList","@id":"https:\/\/portesdesiris.ch\/entreprises\/soirees\/#breadcrumb","itemListElement":[{"@type":"ListItem","position":1,"name":"Accueil","item":"https:\/\/portesdesiris.ch\/de\/"},{"@type":"ListItem","position":2,"name":"Unternehmen","item":"https:\/\/portesdesiris.ch\/de\/unternehmen\/"},{"@type":"ListItem","position":3,"name":"Events"}]},{"@type":"WebSite","@id":"https:\/\/portesdesiris.ch\/de\/#website","url":"https:\/\/portesdesiris.ch\/de\/","name":"Portes des Iris","description":"","potentialAction":[{"@type":"SearchAction","target":{"@type":"EntryPoint","urlTemplate":"https:\/\/portesdesiris.ch\/de\/?s={search_term_string}"},"query-input":{"@type":"PropertyValueSpecification","valueRequired":true,"valueName":"search_term_string"}}],"inLanguage":"de"}]}},"_links":{"self":[{"href":"https:\/\/portesdesiris.ch\/de\/wp-json\/wp\/v2\/pages\/2106","targetHints":{"allow":["GET"]}}],"collection":[{"href":"https:\/\/portesdesiris.ch\/de\/wp-json\/wp\/v2\/pages"}],"about":[{"href":"https:\/\/portesdesiris.ch\/de\/wp-json\/wp\/v2\/types\/page"}],"author":[{"embeddable":true,"href":"https:\/\/portesdesiris.ch\/de\/wp-json\/wp\/v2\/users\/6"}],"replies":[{"embeddable":true,"href":"https:\/\/portesdesiris.ch\/de\/wp-json\/wp\/v2\/comments?post=2106"}],"version-history":[{"count":0,"href":"https:\/\/portesdesiris.ch\/de\/wp-json\/wp\/v2\/pages\/2106\/revisions"}],"up":[{"embeddable":true,"href":"https:\/\/portesdesiris.ch\/de\/wp-json\/wp\/v2\/pages\/2102"}],"wp:featuredmedia":[{"embeddable":true,"href":"https:\/\/portesdesiris.ch\/de\/wp-json\/wp\/v2\/media\/447"}],"wp:attachment":[{"href":"https:\/\/portesdesiris.ch\/de\/wp-json\/wp\/v2\/media?parent=2106"}],"curies":[{"name":"wp","href":"https:\/\/api.w.org\/{rel}","templated":true}]}}