{"id":2105,"date":"2016-05-27T10:50:27","date_gmt":"2016-05-27T08:50:27","guid":{"rendered":"http:\/\/6l94bzuhd.preview.infomaniak.website\/de\/entreprises\/conferences-seminaires\/"},"modified":"2021-04-20T17:25:20","modified_gmt":"2021-04-20T15:25:20","slug":"konferenz","status":"publish","type":"page","link":"https:\/\/portesdesiris.ch\/de\/unternehmen\/konferenz\/","title":{"rendered":"Konferenz"},"content":{"rendered":"<div class=\"wpb-content-wrapper\"><p>[vc_row][vc_column width=&#8220;2\/3&#8243;][vc_column_text]<\/p>\n<h2>Unser Konferenzangebot<\/h2>\n<p>Frische Luft in einer au\u00dfergew\u00f6hnlichen, naturbelassenen Umgebung wird Ihr Seminar beleben, an Effektivit\u00e4t gewinnen lassen und mit Freude erf\u00fcllen. Der Plenarsaal\u00a0(Athena) bietet bei Theaterbestuhlung Platz f\u00fcr 280 Personen. Im Hauptgeb\u00e4ude befinden sich verschieden grosse Breakout-R\u00e4ume, alle mit Tageslicht und Internet ausgestattet, welche Gruppen ab 10 Personen zulassen.<\/p>\n<p>Unsere All-Inclusive-Tagungspauschalen vereinfachen die Planung Ihres Seminars und beinhaltet: voll ausgestatteter Plenarsaal, Mineralwasser und Kaffee-Pausen, ein Drei-G\u00e4nge Mittagessen, ein Buffet oder ein Cocktail, Parkplatz, Service und Event-Koordination.<\/p>\n<p><a href=\"http:\/\/6l94bzuhd.preview.infomaniak.website\/wp-content\/uploads\/2016\/07\/pdi_conference_de.pdf\" target=\"_blank\" rel=\"noopener\">Pauschale hochladen<\/a><\/p>\n<h2>Gastronomie\u00a0w\u00e4hrend der Konferenz<\/h2>\n<p>Das know-how der 3 renommierten K\u00fcchenchefs, Philippe Rochat, Lazare Sauger und Michel Hug (Leitung des international renommierten RSH Quality Food Concept SA) schlagen eine Auswahl von exquisiten Gourmet-Gerichte vor, und machen Ihre Tagung zu einem unvergesslichen, kulinarischen Erlebnis.[\/vc_column_text][\/vc_column][vc_column width=&#8220;1\/3&#8243; css=&#8220;.vc_custom_1464680708211{padding-right: 0px !important;padding-left: 0px !important;background-color: #e2d2be !important;}&#8220;][vc_column_text css=&#8220;.vc_custom_1473065511378{margin-bottom: 10px !important;}&#8220;]<\/p>\n<h5 style=\"text-align: center;\"><span style=\"color: #745227;\">MEHR INFORMATIONEN<\/span><\/h5>\n<p>[\/vc_column_text][vc_row_inner][vc_column_inner width=&#8220;1\/4&#8243; offset=&#8220;vc_col-xs-3&#8243;][\/vc_column_inner][vc_column_inner width=&#8220;1\/2&#8243; offset=&#8220;vc_col-xs-6&#8243; css=&#8220;.vc_custom_1464851380274{margin-bottom: 10px !important;}&#8220;][vc_single_image image=&#8220;379&#8243; alignment=&#8220;center&#8220; style=&#8220;vc_box_circle_2&#8243; css=&#8220;.vc_custom_1465315051752{margin-bottom: 0px !important;}&#8220;][\/vc_column_inner][vc_column_inner width=&#8220;1\/4&#8243; offset=&#8220;vc_col-xs-3&#8243;][\/vc_column_inner][\/vc_row_inner][vc_column_text css=&#8220;.vc_custom_1467042147369{margin-bottom: 10px !important;}&#8220;]<\/p>\n<p style=\"text-align: center;\"><span style=\"color: #745227;\">Sophie <span style=\"color: #745227;\">Bertorelli<\/span><br \/>\n<\/span><\/p>\n<p style=\"text-align: center;\"><span style=\"color: #745227;\">021 869 88 80<\/span><\/p>\n<p>[\/vc_column_text][vc_btn title=&#8220;KONTAKTIEREN SIE MICH PER EMAIL&#8220; style=&#8220;flat&#8220; color=&#8220;success&#8220; align=&#8220;center&#8220; css=&#8220;.vc_custom_1618932315951{margin-bottom: 40px !important;}&#8220; link=&#8220;url:https%3A%2F%2Fportesdesiris.ch%2Fde%2Fkontakt%2F|title:Die%20Hochzeit%20von%20Sabrina%20und%20Juliana%20%E2%80%93%2029.06.2019&#8243;][\/vc_column][\/vc_row]<\/p>\n<\/div>","protected":false},"excerpt":{"rendered":"<p>Frische Luft, voll ausgestattete Konferenzr\u00e4ume und eine Tagespauschale mit Gastronomie vom feinsten.<\/p>\n","protected":false},"author":6,"featured_media":366,"parent":2102,"menu_order":3,"comment_status":"closed","ping_status":"closed","template":"","meta":{"_acf_changed":false,"footnotes":""},"class_list":["post-2105","page","type-page","status-publish","has-post-thumbnail","hentry"],"acf":[],"yoast_head":"<!-- This site is optimized with the Yoast SEO plugin v26.7 - https:\/\/yoast.com\/wordpress\/plugins\/seo\/ -->\n<title>Konferenz - Portes des Iris<\/title>\n<meta name=\"description\" content=\"Frische Luft, voll ausgestattete Konferenzr\u00e4ume und eine Alles-Inklusive-Tagespauschale mit Gastronomie vom feinsten.\" \/>\n<meta name=\"robots\" content=\"index, follow, max-snippet:-1, max-image-preview:large, max-video-preview:-1\" \/>\n<link rel=\"canonical\" href=\"https:\/\/portesdesiris.ch\/entreprises\/conferences-seminaires\/\" \/>\n<meta property=\"og:locale\" content=\"de_DE\" \/>\n<meta property=\"og:type\" content=\"article\" \/>\n<meta property=\"og:title\" content=\"Konferenz - Portes des Iris\" \/>\n<meta property=\"og:description\" content=\"Frische Luft, voll ausgestattete Konferenzr\u00e4ume und eine Alles-Inklusive-Tagespauschale mit Gastronomie vom feinsten.\" \/>\n<meta property=\"og:url\" content=\"https:\/\/portesdesiris.ch\/entreprises\/conferences-seminaires\/\" \/>\n<meta property=\"og:site_name\" content=\"Portes des Iris\" \/>\n<meta property=\"article:publisher\" content=\"https:\/\/www.facebook.com\/portesdesiris\/\" \/>\n<meta property=\"article:modified_time\" content=\"2021-04-20T15:25:20+00:00\" \/>\n<meta property=\"og:image\" content=\"https:\/\/portesdesiris.ch\/wp-content\/uploads\/2016\/06\/portesdesiris_conference_athenaecole-e1465809131967.jpg\" \/>\n\t<meta property=\"og:image:width\" content=\"1920\" \/>\n\t<meta property=\"og:image:height\" content=\"768\" \/>\n\t<meta property=\"og:image:type\" content=\"image\/jpeg\" \/>\n<meta name=\"twitter:card\" content=\"summary_large_image\" \/>\n<meta name=\"twitter:label1\" content=\"Gesch\u00e4tzte Lesezeit\" \/>\n\t<meta name=\"twitter:data1\" content=\"1\u00a0Minute\" \/>\n<script type=\"application\/ld+json\" class=\"yoast-schema-graph\">{\"@context\":\"https:\/\/schema.org\",\"@graph\":[{\"@type\":\"WebPage\",\"@id\":\"https:\/\/portesdesiris.ch\/entreprises\/conferences-seminaires\/\",\"url\":\"https:\/\/portesdesiris.ch\/entreprises\/conferences-seminaires\/\",\"name\":\"Konferenz - Portes des Iris\",\"isPartOf\":{\"@id\":\"https:\/\/portesdesiris.ch\/de\/#website\"},\"primaryImageOfPage\":{\"@id\":\"https:\/\/portesdesiris.ch\/entreprises\/conferences-seminaires\/#primaryimage\"},\"image\":{\"@id\":\"https:\/\/portesdesiris.ch\/entreprises\/conferences-seminaires\/#primaryimage\"},\"thumbnailUrl\":\"https:\/\/portesdesiris.ch\/wp-content\/uploads\/2016\/06\/portesdesiris_conference_athenaecole-e1465809131967.jpg\",\"datePublished\":\"2016-05-27T08:50:27+00:00\",\"dateModified\":\"2021-04-20T15:25:20+00:00\",\"description\":\"Frische Luft, voll ausgestattete Konferenzr\u00e4ume und eine Alles-Inklusive-Tagespauschale mit Gastronomie vom feinsten.\",\"breadcrumb\":{\"@id\":\"https:\/\/portesdesiris.ch\/entreprises\/conferences-seminaires\/#breadcrumb\"},\"inLanguage\":\"de\",\"potentialAction\":[{\"@type\":\"ReadAction\",\"target\":[\"https:\/\/portesdesiris.ch\/entreprises\/conferences-seminaires\/\"]}]},{\"@type\":\"ImageObject\",\"inLanguage\":\"de\",\"@id\":\"https:\/\/portesdesiris.ch\/entreprises\/conferences-seminaires\/#primaryimage\",\"url\":\"https:\/\/portesdesiris.ch\/wp-content\/uploads\/2016\/06\/portesdesiris_conference_athenaecole-e1465809131967.jpg\",\"contentUrl\":\"https:\/\/portesdesiris.ch\/wp-content\/uploads\/2016\/06\/portesdesiris_conference_athenaecole-e1465809131967.jpg\",\"width\":1920,\"height\":768,\"caption\":\"portesdesiris_conference_athenaecole\"},{\"@type\":\"BreadcrumbList\",\"@id\":\"https:\/\/portesdesiris.ch\/entreprises\/conferences-seminaires\/#breadcrumb\",\"itemListElement\":[{\"@type\":\"ListItem\",\"position\":1,\"name\":\"Accueil\",\"item\":\"https:\/\/portesdesiris.ch\/de\/\"},{\"@type\":\"ListItem\",\"position\":2,\"name\":\"Unternehmen\",\"item\":\"https:\/\/portesdesiris.ch\/de\/unternehmen\/\"},{\"@type\":\"ListItem\",\"position\":3,\"name\":\"Konferenz\"}]},{\"@type\":\"WebSite\",\"@id\":\"https:\/\/portesdesiris.ch\/de\/#website\",\"url\":\"https:\/\/portesdesiris.ch\/de\/\",\"name\":\"Portes des Iris\",\"description\":\"\",\"potentialAction\":[{\"@type\":\"SearchAction\",\"target\":{\"@type\":\"EntryPoint\",\"urlTemplate\":\"https:\/\/portesdesiris.ch\/de\/?s={search_term_string}\"},\"query-input\":{\"@type\":\"PropertyValueSpecification\",\"valueRequired\":true,\"valueName\":\"search_term_string\"}}],\"inLanguage\":\"de\"}]}<\/script>\n<!-- \/ Yoast SEO plugin. -->","yoast_head_json":{"title":"Konferenz - Portes des Iris","description":"Frische Luft, voll ausgestattete Konferenzr\u00e4ume und eine Alles-Inklusive-Tagespauschale mit Gastronomie vom feinsten.","robots":{"index":"index","follow":"follow","max-snippet":"max-snippet:-1","max-image-preview":"max-image-preview:large","max-video-preview":"max-video-preview:-1"},"canonical":"https:\/\/portesdesiris.ch\/entreprises\/conferences-seminaires\/","og_locale":"de_DE","og_type":"article","og_title":"Konferenz - Portes des Iris","og_description":"Frische Luft, voll ausgestattete Konferenzr\u00e4ume und eine Alles-Inklusive-Tagespauschale mit Gastronomie vom feinsten.","og_url":"https:\/\/portesdesiris.ch\/entreprises\/conferences-seminaires\/","og_site_name":"Portes des Iris","article_publisher":"https:\/\/www.facebook.com\/portesdesiris\/","article_modified_time":"2021-04-20T15:25:20+00:00","og_image":[{"width":1920,"height":768,"url":"https:\/\/portesdesiris.ch\/wp-content\/uploads\/2016\/06\/portesdesiris_conference_athenaecole-e1465809131967.jpg","type":"image\/jpeg"}],"twitter_card":"summary_large_image","twitter_misc":{"Gesch\u00e4tzte Lesezeit":"1\u00a0Minute"},"schema":{"@context":"https:\/\/schema.org","@graph":[{"@type":"WebPage","@id":"https:\/\/portesdesiris.ch\/entreprises\/conferences-seminaires\/","url":"https:\/\/portesdesiris.ch\/entreprises\/conferences-seminaires\/","name":"Konferenz - Portes des Iris","isPartOf":{"@id":"https:\/\/portesdesiris.ch\/de\/#website"},"primaryImageOfPage":{"@id":"https:\/\/portesdesiris.ch\/entreprises\/conferences-seminaires\/#primaryimage"},"image":{"@id":"https:\/\/portesdesiris.ch\/entreprises\/conferences-seminaires\/#primaryimage"},"thumbnailUrl":"https:\/\/portesdesiris.ch\/wp-content\/uploads\/2016\/06\/portesdesiris_conference_athenaecole-e1465809131967.jpg","datePublished":"2016-05-27T08:50:27+00:00","dateModified":"2021-04-20T15:25:20+00:00","description":"Frische Luft, voll ausgestattete Konferenzr\u00e4ume und eine Alles-Inklusive-Tagespauschale mit Gastronomie vom feinsten.","breadcrumb":{"@id":"https:\/\/portesdesiris.ch\/entreprises\/conferences-seminaires\/#breadcrumb"},"inLanguage":"de","potentialAction":[{"@type":"ReadAction","target":["https:\/\/portesdesiris.ch\/entreprises\/conferences-seminaires\/"]}]},{"@type":"ImageObject","inLanguage":"de","@id":"https:\/\/portesdesiris.ch\/entreprises\/conferences-seminaires\/#primaryimage","url":"https:\/\/portesdesiris.ch\/wp-content\/uploads\/2016\/06\/portesdesiris_conference_athenaecole-e1465809131967.jpg","contentUrl":"https:\/\/portesdesiris.ch\/wp-content\/uploads\/2016\/06\/portesdesiris_conference_athenaecole-e1465809131967.jpg","width":1920,"height":768,"caption":"portesdesiris_conference_athenaecole"},{"@type":"BreadcrumbList","@id":"https:\/\/portesdesiris.ch\/entreprises\/conferences-seminaires\/#breadcrumb","itemListElement":[{"@type":"ListItem","position":1,"name":"Accueil","item":"https:\/\/portesdesiris.ch\/de\/"},{"@type":"ListItem","position":2,"name":"Unternehmen","item":"https:\/\/portesdesiris.ch\/de\/unternehmen\/"},{"@type":"ListItem","position":3,"name":"Konferenz"}]},{"@type":"WebSite","@id":"https:\/\/portesdesiris.ch\/de\/#website","url":"https:\/\/portesdesiris.ch\/de\/","name":"Portes des Iris","description":"","potentialAction":[{"@type":"SearchAction","target":{"@type":"EntryPoint","urlTemplate":"https:\/\/portesdesiris.ch\/de\/?s={search_term_string}"},"query-input":{"@type":"PropertyValueSpecification","valueRequired":true,"valueName":"search_term_string"}}],"inLanguage":"de"}]}},"_links":{"self":[{"href":"https:\/\/portesdesiris.ch\/de\/wp-json\/wp\/v2\/pages\/2105","targetHints":{"allow":["GET"]}}],"collection":[{"href":"https:\/\/portesdesiris.ch\/de\/wp-json\/wp\/v2\/pages"}],"about":[{"href":"https:\/\/portesdesiris.ch\/de\/wp-json\/wp\/v2\/types\/page"}],"author":[{"embeddable":true,"href":"https:\/\/portesdesiris.ch\/de\/wp-json\/wp\/v2\/users\/6"}],"replies":[{"embeddable":true,"href":"https:\/\/portesdesiris.ch\/de\/wp-json\/wp\/v2\/comments?post=2105"}],"version-history":[{"count":0,"href":"https:\/\/portesdesiris.ch\/de\/wp-json\/wp\/v2\/pages\/2105\/revisions"}],"up":[{"embeddable":true,"href":"https:\/\/portesdesiris.ch\/de\/wp-json\/wp\/v2\/pages\/2102"}],"wp:featuredmedia":[{"embeddable":true,"href":"https:\/\/portesdesiris.ch\/de\/wp-json\/wp\/v2\/media\/366"}],"wp:attachment":[{"href":"https:\/\/portesdesiris.ch\/de\/wp-json\/wp\/v2\/media?parent=2105"}],"curies":[{"name":"wp","href":"https:\/\/api.w.org\/{rel}","templated":true}]}}