{"id":2104,"date":"2016-05-31T09:00:19","date_gmt":"2016-05-31T07:00:19","guid":{"rendered":"http:\/\/6l94bzuhd.preview.infomaniak.website\/de\/entreprises\/garden-party\/"},"modified":"2021-04-20T17:27:21","modified_gmt":"2021-04-20T15:27:21","slug":"garden-party","status":"publish","type":"page","link":"https:\/\/portesdesiris.ch\/de\/unternehmen\/garden-party\/","title":{"rendered":"Garten-Party"},"content":{"rendered":"<div class=\"wpb-content-wrapper\">\n<style type=\"text\/css\">\n\t#feslider-2104 {\n\t\tmargin-bottom: 10px;\n\t}\n<\/style>\n\n<div id=\"feslider-2104\" class=\"feslider harislab-feslider slider-pro\">\n\t<div class=\"sp-slides\">\n\n\t\n\t\t<div class=\"sp-slide\">\n\t\t\t<img decoding=\"async\" class=\"sp-image\" src=\"\" data-src=\"https:\/\/portesdesiris.ch\/wp-content\/uploads\/2019\/12\/portes-des-iris-mariage-garden-party_04.jpeg\">\n\n\t\t\t\t\t<\/div>\n\n\t\n\t\t<div class=\"sp-slide\">\n\t\t\t<img decoding=\"async\" class=\"sp-image\" src=\"\" data-src=\"https:\/\/portesdesiris.ch\/wp-content\/uploads\/2019\/12\/portes-des-iris-mariage-garden-party_05.jpeg\">\n\n\t\t\t\t\t<\/div>\n\n\t\n\t\t<div class=\"sp-slide\">\n\t\t\t<img decoding=\"async\" class=\"sp-image\" src=\"\" data-src=\"https:\/\/portesdesiris.ch\/wp-content\/uploads\/2019\/12\/portesdesiris-gardenparty.jpg\">\n\n\t\t\t\t\t<\/div>\n\n\t\n\t\t<div class=\"sp-slide\">\n\t\t\t<img decoding=\"async\" class=\"sp-image\" src=\"\" data-src=\"https:\/\/portesdesiris.ch\/wp-content\/uploads\/2019\/12\/portes-des-iris-mariage-garden-party_17.jpeg\">\n\n\t\t\t\t\t<\/div>\n\n\t\n\t\t<div class=\"sp-slide\">\n\t\t\t<img decoding=\"async\" class=\"sp-image\" src=\"\" data-src=\"https:\/\/portesdesiris.ch\/wp-content\/uploads\/2019\/12\/portes-des-iris-mariage-garden-party_02.jpeg\">\n\n\t\t\t\t\t<\/div>\n\n\t\n\t\t<div class=\"sp-slide\">\n\t\t\t<img decoding=\"async\" class=\"sp-image\" src=\"\" data-src=\"https:\/\/portesdesiris.ch\/wp-content\/uploads\/2019\/12\/portes-des-iris-mariage-garden-party_01.jpeg\">\n\n\t\t\t\n\t\t\t<p class=\"sp-layer sp-black sp-padding feslider-caption\"\n\t\t\t\tdata-position=\"bottomLeft\" data-horizontal=\"10%\" data-vertical=\"35px\" data-width=\"80%\"\n\t\t\t\tdata-show-transition=\"up\" data-show-delay=\"400\">\n\t\t\t\t2011-07-09 Vullierens, Switzerland -- Wedding Sarah &amp; Patrice -- All Photos Copyright 2011 by Daniel Zihlmann \/ Daniel Zihlmann Photographer -- DANIELZIHLMANN.COM --\t\t\t<\/p>\n\n\t\t\t\t\t<\/div>\n\n\t\n\t<\/div>\n<\/div>\n\n<p>[vc_row][vc_column width=&#8220;2\/3&#8243;][vc_column_text]Im Herzen\u00a0dieses idyllischen Panoramas, umgeben von Schlossg\u00e4rten, stehen Ihnen f\u00fcr unvergessliche Gartenparties zwei grosse Terrassen zur Verf\u00fcgung.\u00a0Bei unbest\u00e4ndigem\u00a0Wetter k\u00f6nnen Zelte f\u00fcr bis zu 1600 Personen aufgebaut\u00a0werden. Zudem ist in unmittelbaren N\u00e4he des Hauptgeb\u00e4udes eine einfache Ersatzl\u00f6sung, die alte Scheune, rasch zur Hand. Teilen Sie uns Ihre Ideen mit und wir organisieren mit Ihnen zusammen das beste Szenario f\u00fcr Ihr Event![\/vc_column_text][\/vc_column][vc_column width=&#8220;1\/3&#8243; css=&#8220;.vc_custom_1464680708211{padding-right: 0px !important;padding-left: 0px !important;background-color: #e2d2be !important;}&#8220;][vc_column_text css=&#8220;.vc_custom_1473065437976{margin-bottom: 10px !important;}&#8220;]<\/p>\n<h5 style=\"text-align: center;\"><span style=\"color: #745227;\">MEHR INFORMATIONEN<\/span><\/h5>\n<p>[\/vc_column_text][vc_row_inner][vc_column_inner width=&#8220;1\/4&#8243; offset=&#8220;vc_col-xs-3&#8243;][\/vc_column_inner][vc_column_inner width=&#8220;1\/2&#8243; offset=&#8220;vc_col-xs-6&#8243; css=&#8220;.vc_custom_1464851380274{margin-bottom: 10px !important;}&#8220;][vc_single_image image=&#8220;8517&#8243; alignment=&#8220;center&#8220; style=&#8220;vc_box_circle_2&#8243; css=&#8220;.vc_custom_1579535047824{margin-bottom: 0px !important;}&#8220;][\/vc_column_inner][vc_column_inner width=&#8220;1\/4&#8243; offset=&#8220;vc_col-xs-3&#8243;][\/vc_column_inner][\/vc_row_inner][vc_column_text css=&#8220;.vc_custom_1579535060933{margin-bottom: 10px !important;}&#8220;]<\/p>\n<p style=\"text-align: center;\"><span style=\"color: #745227;\">Aurore de Comarmond<br \/>\n<\/span><\/p>\n<p style=\"text-align: center;\"><span style=\"color: #745227;\">021 869 88 80<\/span><\/p>\n<p>[\/vc_column_text][vc_btn title=&#8220;KONTAKTIEREN SIE MICH PER EMAIL&#8220; style=&#8220;flat&#8220; color=&#8220;success&#8220; align=&#8220;center&#8220; css=&#8220;.vc_custom_1618932435265{margin-bottom: 40px !important;}&#8220; link=&#8220;url:https%3A%2F%2Fportesdesiris.ch%2Fde%2Fkontakt%2F&#8220;][\/vc_column][\/vc_row]<\/p>\n<\/div>","protected":false},"excerpt":{"rendered":"<p>Feiern Sie im Herzen dieses idyllischen Panoramas unvergessliche Garten-Parties, egal zu welcher Jahreszeit.<\/p>\n","protected":false},"author":6,"featured_media":6026,"parent":2102,"menu_order":2,"comment_status":"closed","ping_status":"closed","template":"templates\/template-evenements.php","meta":{"_acf_changed":false,"footnotes":""},"class_list":["post-2104","page","type-page","status-publish","has-post-thumbnail","hentry"],"acf":[],"yoast_head":"<!-- This site is optimized with the Yoast SEO plugin v26.7 - https:\/\/yoast.com\/wordpress\/plugins\/seo\/ -->\n<title>Garten-Party - Portes des Iris<\/title>\n<meta name=\"description\" content=\"Im Herzen eines idyllischen Panoramas unvergessliche Garten-Parties, egal zu welcher Jahreszeit. Geniessen Sie die wundersch\u00f6nen Terrassen f\u00fcr Ihren Anlass.\" \/>\n<meta name=\"robots\" content=\"index, follow, max-snippet:-1, max-image-preview:large, max-video-preview:-1\" \/>\n<link rel=\"canonical\" href=\"https:\/\/portesdesiris.ch\/de\/unternehmen\/garden-party\/\" \/>\n<meta property=\"og:locale\" content=\"de_DE\" \/>\n<meta property=\"og:type\" content=\"article\" \/>\n<meta property=\"og:title\" content=\"Garten-Party - Portes des Iris\" \/>\n<meta property=\"og:description\" content=\"Im Herzen eines idyllischen Panoramas unvergessliche Garten-Parties, egal zu welcher Jahreszeit. Geniessen Sie die wundersch\u00f6nen Terrassen f\u00fcr Ihren Anlass.\" \/>\n<meta property=\"og:url\" content=\"https:\/\/portesdesiris.ch\/de\/unternehmen\/garden-party\/\" \/>\n<meta property=\"og:site_name\" content=\"Portes des Iris\" \/>\n<meta property=\"article:publisher\" content=\"https:\/\/www.facebook.com\/portesdesiris\/\" \/>\n<meta property=\"article:modified_time\" content=\"2021-04-20T15:27:21+00:00\" \/>\n<meta property=\"og:image\" content=\"https:\/\/portesdesiris.ch\/wp-content\/uploads\/2019\/03\/FlorianDahm2016_janssens_camera1-5-HDR_edited-2_small.jpg\" \/>\n\t<meta property=\"og:image:width\" content=\"1920\" \/>\n\t<meta property=\"og:image:height\" content=\"1280\" \/>\n\t<meta property=\"og:image:type\" content=\"image\/jpeg\" \/>\n<meta name=\"twitter:card\" content=\"summary_large_image\" \/>\n<meta name=\"twitter:label1\" content=\"Gesch\u00e4tzte Lesezeit\" \/>\n\t<meta name=\"twitter:data1\" content=\"1\u00a0Minute\" \/>\n<script type=\"application\/ld+json\" class=\"yoast-schema-graph\">{\"@context\":\"https:\/\/schema.org\",\"@graph\":[{\"@type\":\"WebPage\",\"@id\":\"https:\/\/portesdesiris.ch\/de\/unternehmen\/garden-party\/\",\"url\":\"https:\/\/portesdesiris.ch\/de\/unternehmen\/garden-party\/\",\"name\":\"Garten-Party - Portes des Iris\",\"isPartOf\":{\"@id\":\"https:\/\/portesdesiris.ch\/de\/#website\"},\"primaryImageOfPage\":{\"@id\":\"https:\/\/portesdesiris.ch\/de\/unternehmen\/garden-party\/#primaryimage\"},\"image\":{\"@id\":\"https:\/\/portesdesiris.ch\/de\/unternehmen\/garden-party\/#primaryimage\"},\"thumbnailUrl\":\"https:\/\/portesdesiris.ch\/wp-content\/uploads\/2019\/03\/FlorianDahm2016_janssens_camera1-5-HDR_edited-2_small.jpg\",\"datePublished\":\"2016-05-31T07:00:19+00:00\",\"dateModified\":\"2021-04-20T15:27:21+00:00\",\"description\":\"Im Herzen eines idyllischen Panoramas unvergessliche Garten-Parties, egal zu welcher Jahreszeit. Geniessen Sie die wundersch\u00f6nen Terrassen f\u00fcr Ihren Anlass.\",\"breadcrumb\":{\"@id\":\"https:\/\/portesdesiris.ch\/de\/unternehmen\/garden-party\/#breadcrumb\"},\"inLanguage\":\"de\",\"potentialAction\":[{\"@type\":\"ReadAction\",\"target\":[\"https:\/\/portesdesiris.ch\/de\/unternehmen\/garden-party\/\"]}]},{\"@type\":\"ImageObject\",\"inLanguage\":\"de\",\"@id\":\"https:\/\/portesdesiris.ch\/de\/unternehmen\/garden-party\/#primaryimage\",\"url\":\"https:\/\/portesdesiris.ch\/wp-content\/uploads\/2019\/03\/FlorianDahm2016_janssens_camera1-5-HDR_edited-2_small.jpg\",\"contentUrl\":\"https:\/\/portesdesiris.ch\/wp-content\/uploads\/2019\/03\/FlorianDahm2016_janssens_camera1-5-HDR_edited-2_small.jpg\",\"width\":1920,\"height\":1280,\"caption\":\"Cr\u00e9dit Photo : Florian Dahm\"},{\"@type\":\"BreadcrumbList\",\"@id\":\"https:\/\/portesdesiris.ch\/de\/unternehmen\/garden-party\/#breadcrumb\",\"itemListElement\":[{\"@type\":\"ListItem\",\"position\":1,\"name\":\"Accueil\",\"item\":\"https:\/\/portesdesiris.ch\/de\/\"},{\"@type\":\"ListItem\",\"position\":2,\"name\":\"Unternehmen\",\"item\":\"https:\/\/portesdesiris.ch\/de\/unternehmen\/\"},{\"@type\":\"ListItem\",\"position\":3,\"name\":\"Garten-Party\"}]},{\"@type\":\"WebSite\",\"@id\":\"https:\/\/portesdesiris.ch\/de\/#website\",\"url\":\"https:\/\/portesdesiris.ch\/de\/\",\"name\":\"Portes des Iris\",\"description\":\"\",\"potentialAction\":[{\"@type\":\"SearchAction\",\"target\":{\"@type\":\"EntryPoint\",\"urlTemplate\":\"https:\/\/portesdesiris.ch\/de\/?s={search_term_string}\"},\"query-input\":{\"@type\":\"PropertyValueSpecification\",\"valueRequired\":true,\"valueName\":\"search_term_string\"}}],\"inLanguage\":\"de\"}]}<\/script>\n<!-- \/ Yoast SEO plugin. -->","yoast_head_json":{"title":"Garten-Party - Portes des Iris","description":"Im Herzen eines idyllischen Panoramas unvergessliche Garten-Parties, egal zu welcher Jahreszeit. Geniessen Sie die wundersch\u00f6nen Terrassen f\u00fcr Ihren Anlass.","robots":{"index":"index","follow":"follow","max-snippet":"max-snippet:-1","max-image-preview":"max-image-preview:large","max-video-preview":"max-video-preview:-1"},"canonical":"https:\/\/portesdesiris.ch\/de\/unternehmen\/garden-party\/","og_locale":"de_DE","og_type":"article","og_title":"Garten-Party - Portes des Iris","og_description":"Im Herzen eines idyllischen Panoramas unvergessliche Garten-Parties, egal zu welcher Jahreszeit. Geniessen Sie die wundersch\u00f6nen Terrassen f\u00fcr Ihren Anlass.","og_url":"https:\/\/portesdesiris.ch\/de\/unternehmen\/garden-party\/","og_site_name":"Portes des Iris","article_publisher":"https:\/\/www.facebook.com\/portesdesiris\/","article_modified_time":"2021-04-20T15:27:21+00:00","og_image":[{"width":1920,"height":1280,"url":"https:\/\/portesdesiris.ch\/wp-content\/uploads\/2019\/03\/FlorianDahm2016_janssens_camera1-5-HDR_edited-2_small.jpg","type":"image\/jpeg"}],"twitter_card":"summary_large_image","twitter_misc":{"Gesch\u00e4tzte Lesezeit":"1\u00a0Minute"},"schema":{"@context":"https:\/\/schema.org","@graph":[{"@type":"WebPage","@id":"https:\/\/portesdesiris.ch\/de\/unternehmen\/garden-party\/","url":"https:\/\/portesdesiris.ch\/de\/unternehmen\/garden-party\/","name":"Garten-Party - Portes des Iris","isPartOf":{"@id":"https:\/\/portesdesiris.ch\/de\/#website"},"primaryImageOfPage":{"@id":"https:\/\/portesdesiris.ch\/de\/unternehmen\/garden-party\/#primaryimage"},"image":{"@id":"https:\/\/portesdesiris.ch\/de\/unternehmen\/garden-party\/#primaryimage"},"thumbnailUrl":"https:\/\/portesdesiris.ch\/wp-content\/uploads\/2019\/03\/FlorianDahm2016_janssens_camera1-5-HDR_edited-2_small.jpg","datePublished":"2016-05-31T07:00:19+00:00","dateModified":"2021-04-20T15:27:21+00:00","description":"Im Herzen eines idyllischen Panoramas unvergessliche Garten-Parties, egal zu welcher Jahreszeit. Geniessen Sie die wundersch\u00f6nen Terrassen f\u00fcr Ihren Anlass.","breadcrumb":{"@id":"https:\/\/portesdesiris.ch\/de\/unternehmen\/garden-party\/#breadcrumb"},"inLanguage":"de","potentialAction":[{"@type":"ReadAction","target":["https:\/\/portesdesiris.ch\/de\/unternehmen\/garden-party\/"]}]},{"@type":"ImageObject","inLanguage":"de","@id":"https:\/\/portesdesiris.ch\/de\/unternehmen\/garden-party\/#primaryimage","url":"https:\/\/portesdesiris.ch\/wp-content\/uploads\/2019\/03\/FlorianDahm2016_janssens_camera1-5-HDR_edited-2_small.jpg","contentUrl":"https:\/\/portesdesiris.ch\/wp-content\/uploads\/2019\/03\/FlorianDahm2016_janssens_camera1-5-HDR_edited-2_small.jpg","width":1920,"height":1280,"caption":"Cr\u00e9dit Photo : Florian Dahm"},{"@type":"BreadcrumbList","@id":"https:\/\/portesdesiris.ch\/de\/unternehmen\/garden-party\/#breadcrumb","itemListElement":[{"@type":"ListItem","position":1,"name":"Accueil","item":"https:\/\/portesdesiris.ch\/de\/"},{"@type":"ListItem","position":2,"name":"Unternehmen","item":"https:\/\/portesdesiris.ch\/de\/unternehmen\/"},{"@type":"ListItem","position":3,"name":"Garten-Party"}]},{"@type":"WebSite","@id":"https:\/\/portesdesiris.ch\/de\/#website","url":"https:\/\/portesdesiris.ch\/de\/","name":"Portes des Iris","description":"","potentialAction":[{"@type":"SearchAction","target":{"@type":"EntryPoint","urlTemplate":"https:\/\/portesdesiris.ch\/de\/?s={search_term_string}"},"query-input":{"@type":"PropertyValueSpecification","valueRequired":true,"valueName":"search_term_string"}}],"inLanguage":"de"}]}},"_links":{"self":[{"href":"https:\/\/portesdesiris.ch\/de\/wp-json\/wp\/v2\/pages\/2104","targetHints":{"allow":["GET"]}}],"collection":[{"href":"https:\/\/portesdesiris.ch\/de\/wp-json\/wp\/v2\/pages"}],"about":[{"href":"https:\/\/portesdesiris.ch\/de\/wp-json\/wp\/v2\/types\/page"}],"author":[{"embeddable":true,"href":"https:\/\/portesdesiris.ch\/de\/wp-json\/wp\/v2\/users\/6"}],"replies":[{"embeddable":true,"href":"https:\/\/portesdesiris.ch\/de\/wp-json\/wp\/v2\/comments?post=2104"}],"version-history":[{"count":0,"href":"https:\/\/portesdesiris.ch\/de\/wp-json\/wp\/v2\/pages\/2104\/revisions"}],"up":[{"embeddable":true,"href":"https:\/\/portesdesiris.ch\/de\/wp-json\/wp\/v2\/pages\/2102"}],"wp:featuredmedia":[{"embeddable":true,"href":"https:\/\/portesdesiris.ch\/de\/wp-json\/wp\/v2\/media\/6026"}],"wp:attachment":[{"href":"https:\/\/portesdesiris.ch\/de\/wp-json\/wp\/v2\/media?parent=2104"}],"curies":[{"name":"wp","href":"https:\/\/api.w.org\/{rel}","templated":true}]}}