{"id":19726,"date":"2025-11-22T13:26:28","date_gmt":"2025-11-22T12:26:28","guid":{"rendered":"https:\/\/portesdesiris.ch\/unternehmen\/tavolata\/"},"modified":"2026-01-31T20:22:32","modified_gmt":"2026-01-31T19:22:32","slug":"tavolata","status":"publish","type":"page","link":"https:\/\/portesdesiris.ch\/de\/unternehmen\/tavolata\/","title":{"rendered":"La Table Secr\u00e8te du Ch\u00e2teau <br> Une Exp\u00e9rience VIP hors du temps"},"content":{"rendered":"<div class=\"wpb-content-wrapper\">\n<style type=\"text\/css\">\n\t#feslider-19726 {\n\t\tmargin-bottom: 10px;\n\t}\n<\/style>\n\n<div id=\"feslider-19726\" class=\"feslider harislab-feslider slider-pro\">\n\t<div class=\"sp-slides\">\n\n\t\n\t\t<div class=\"sp-slide\">\n\t\t\t<img decoding=\"async\" class=\"sp-image\" src=\"\" data-src=\"https:\/\/portesdesiris.ch\/wp-content\/uploads\/2025\/11\/SwissPerfection@stacycamera-4727-scaled.webp\">\n\n\t\t\t\t\t<\/div>\n\n\t\n\t\t<div class=\"sp-slide\">\n\t\t\t<img decoding=\"async\" class=\"sp-image\" src=\"\" data-src=\"https:\/\/portesdesiris.ch\/wp-content\/uploads\/2025\/10\/IMG_3315-scaled.webp\">\n\n\t\t\t\t\t<\/div>\n\n\t\n\t\t<div class=\"sp-slide\">\n\t\t\t<img decoding=\"async\" class=\"sp-image\" src=\"\" data-src=\"https:\/\/portesdesiris.ch\/wp-content\/uploads\/2025\/10\/Swissperf.webp\">\n\n\t\t\t\t\t<\/div>\n\n\t\n\t\t<div class=\"sp-slide\">\n\t\t\t<img decoding=\"async\" class=\"sp-image\" src=\"\" data-src=\"https:\/\/portesdesiris.ch\/wp-content\/uploads\/2025\/10\/IMG_3323-scaled.webp\">\n\n\t\t\t\t\t<\/div>\n\n\t\n\t<\/div>\n<\/div>\n\n<p>[vc_row][vc_column][vc_column_text css=&#8220;&#8220;]Imaginez un instant l&#8217;inattendu. Au c\u0153ur des murs historiques du Ch\u00e2teau, l\u00e0 o\u00f9 le temps semble s&#8217;\u00eatre arr\u00eat\u00e9, se cache un lieu r\u00e9serv\u00e9 aux initi\u00e9s : la Cave vo\u00fbt\u00e9e..<\/p>\n<p>Pour votre prochain \u00e9v\u00e9nement d&#8217;exception, nous vous ouvrons les portes de cet espace surprenant et hors du commun. \u00a0Sous les pierres s\u00e9culaires dans ce lieu \u00e0 la fois brut et solennel, vos convives prendront place pour un moment absolument hors du commun autour d&#8217;une seule grande table, la Tavolata. C&#8217;est l&#8217;essence m\u00eame de l&#8217;exclusivit\u00e9, loin des regards, dans une ambiance feutr\u00e9e que seule l&#8217;histoire du Ch\u00e2teau peut offrir.<\/p>\n<p>Faites de votre \u00e9v\u00e9nement un moment d&#8217;histoire inoubliable et go\u00fbtez aux profondeurs du raffinement.<\/p>\n<p>Pour des groupes jusqu&#8217;\u00e0 30 convives, traiteur exclusif impos\u00e9, horaires entre 18h et minuit.<\/p>\n<p>Des Jardins et un parc de sculptures ouverts juste pour vous d\u00e8s 18h00.<\/p>\n<p>Pour r\u00e9server une immersion sensorielle qui marquera les esprits et garantir une surprise de taille \u00e0 vos h\u00f4tes, contactez-nous![\/vc_column_text][\/vc_column][\/vc_row][vc_row][vc_column width=&#8220;1\/4&#8243;][vc_column_text css=&#8220;&#8220;]<a href=\"https:\/\/portesdesiris.ch\/wp-content\/uploads\/2025\/11\/Copie-de-Copie-de-Copie-de-Copie-de-Omnibus-Type-Flyer-1.pdf\"><img loading=\"lazy\" decoding=\"async\" class=\"alignnone wp-image-19696 size-large\" src=\"https:\/\/portesdesiris.ch\/wp-content\/uploads\/2025\/11\/Copie-de-Copie-de-Copie-de-Copie-de-Omnibus-Type-Flyer-1-731x1024.webp\" alt=\"\" width=\"731\" height=\"1024\" srcset=\"https:\/\/portesdesiris.ch\/wp-content\/uploads\/2025\/11\/Copie-de-Copie-de-Copie-de-Copie-de-Omnibus-Type-Flyer-1-731x1024.webp 731w, https:\/\/portesdesiris.ch\/wp-content\/uploads\/2025\/11\/Copie-de-Copie-de-Copie-de-Copie-de-Omnibus-Type-Flyer-1-214x300.webp 214w, https:\/\/portesdesiris.ch\/wp-content\/uploads\/2025\/11\/Copie-de-Copie-de-Copie-de-Copie-de-Omnibus-Type-Flyer-1-768x1076.webp 768w, https:\/\/portesdesiris.ch\/wp-content\/uploads\/2025\/11\/Copie-de-Copie-de-Copie-de-Copie-de-Omnibus-Type-Flyer-1-1097x1536.webp 1097w, https:\/\/portesdesiris.ch\/wp-content\/uploads\/2025\/11\/Copie-de-Copie-de-Copie-de-Copie-de-Omnibus-Type-Flyer-1.webp 1428w\" sizes=\"auto, (max-width: 731px) 100vw, 731px\" \/><\/a>[\/vc_column_text][\/vc_column][\/vc_row]<\/p>\n<\/div>","protected":false},"excerpt":{"rendered":"<p>Pour votre prochain \u00e9v\u00e9nement d&#8217;exception, nous vous ouvrons les portes de cet espace surprenant et hors du commun. <\/p>\n","protected":false},"author":15,"featured_media":19774,"parent":2102,"menu_order":1,"comment_status":"closed","ping_status":"closed","template":"templates\/template-tables.php","meta":{"_acf_changed":false,"footnotes":""},"class_list":["post-19726","page","type-page","status-publish","has-post-thumbnail","hentry"],"acf":[],"yoast_head":"<!-- This site is optimized with the Yoast SEO plugin v26.7 - https:\/\/yoast.com\/wordpress\/plugins\/seo\/ -->\n<title>La Table Secr\u00e8te du Ch\u00e2teau  Une Exp\u00e9rience VIP hors du temps - Portes des Iris<\/title>\n<meta name=\"description\" content=\"Pour votre prochain \u00e9v\u00e9nement d&#039;exception, nous vous ouvrons les portes de cet espace surprenant et hors du commun. \u00a0Sous les pierres s\u00e9culaires dans ce lieu \u00e0 la fois brut et solennel, vos convives prendront place pour un moment absolument hors du commun\" \/>\n<meta name=\"robots\" content=\"index, follow, max-snippet:-1, max-image-preview:large, max-video-preview:-1\" \/>\n<link rel=\"canonical\" href=\"https:\/\/portesdesiris.ch\/de\/unternehmen\/tavolata\/\" \/>\n<meta property=\"og:locale\" content=\"de_DE\" \/>\n<meta property=\"og:type\" content=\"article\" \/>\n<meta property=\"og:title\" content=\"La Table Secr\u00e8te du Ch\u00e2teau  Une Exp\u00e9rience VIP hors du temps - Portes des Iris\" \/>\n<meta property=\"og:description\" content=\"Pour votre prochain \u00e9v\u00e9nement d&#039;exception, nous vous ouvrons les portes de cet espace surprenant et hors du commun. \u00a0Sous les pierres s\u00e9culaires dans ce lieu \u00e0 la fois brut et solennel, vos convives prendront place pour un moment absolument hors du commun\" \/>\n<meta property=\"og:url\" content=\"https:\/\/portesdesiris.ch\/de\/unternehmen\/tavolata\/\" \/>\n<meta property=\"og:site_name\" content=\"Portes des Iris\" \/>\n<meta property=\"article:publisher\" content=\"https:\/\/www.facebook.com\/portesdesiris\/\" \/>\n<meta property=\"article:modified_time\" content=\"2026-01-31T19:22:32+00:00\" \/>\n<meta property=\"og:image\" content=\"https:\/\/portesdesiris.ch\/wp-content\/uploads\/2025\/12\/SwissPerfection_stacycamera.webp\" \/>\n\t<meta property=\"og:image:width\" content=\"1000\" \/>\n\t<meta property=\"og:image:height\" content=\"667\" \/>\n\t<meta property=\"og:image:type\" content=\"image\/jpeg\" \/>\n<meta name=\"twitter:card\" content=\"summary_large_image\" \/>\n<meta name=\"twitter:label1\" content=\"Gesch\u00e4tzte Lesezeit\" \/>\n\t<meta name=\"twitter:data1\" content=\"2\u00a0Minuten\" \/>\n<script type=\"application\/ld+json\" class=\"yoast-schema-graph\">{\"@context\":\"https:\/\/schema.org\",\"@graph\":[{\"@type\":\"WebPage\",\"@id\":\"https:\/\/portesdesiris.ch\/de\/unternehmen\/tavolata\/\",\"url\":\"https:\/\/portesdesiris.ch\/de\/unternehmen\/tavolata\/\",\"name\":\"La Table Secr\u00e8te du Ch\u00e2teau Une Exp\u00e9rience VIP hors du temps - Portes des Iris\",\"isPartOf\":{\"@id\":\"https:\/\/portesdesiris.ch\/de\/#website\"},\"primaryImageOfPage\":{\"@id\":\"https:\/\/portesdesiris.ch\/de\/unternehmen\/tavolata\/#primaryimage\"},\"image\":{\"@id\":\"https:\/\/portesdesiris.ch\/de\/unternehmen\/tavolata\/#primaryimage\"},\"thumbnailUrl\":\"https:\/\/portesdesiris.ch\/wp-content\/uploads\/2025\/12\/SwissPerfection_stacycamera.webp\",\"datePublished\":\"2025-11-22T12:26:28+00:00\",\"dateModified\":\"2026-01-31T19:22:32+00:00\",\"description\":\"Pour votre prochain \u00e9v\u00e9nement d'exception, nous vous ouvrons les portes de cet espace surprenant et hors du commun. \u00a0Sous les pierres s\u00e9culaires dans ce lieu \u00e0 la fois brut et solennel, vos convives prendront place pour un moment absolument hors du commun\",\"breadcrumb\":{\"@id\":\"https:\/\/portesdesiris.ch\/de\/unternehmen\/tavolata\/#breadcrumb\"},\"inLanguage\":\"de\",\"potentialAction\":[{\"@type\":\"ReadAction\",\"target\":[\"https:\/\/portesdesiris.ch\/de\/unternehmen\/tavolata\/\"]}]},{\"@type\":\"ImageObject\",\"inLanguage\":\"de\",\"@id\":\"https:\/\/portesdesiris.ch\/de\/unternehmen\/tavolata\/#primaryimage\",\"url\":\"https:\/\/portesdesiris.ch\/wp-content\/uploads\/2025\/12\/SwissPerfection_stacycamera.webp\",\"contentUrl\":\"https:\/\/portesdesiris.ch\/wp-content\/uploads\/2025\/12\/SwissPerfection_stacycamera.webp\",\"width\":1000,\"height\":667},{\"@type\":\"BreadcrumbList\",\"@id\":\"https:\/\/portesdesiris.ch\/de\/unternehmen\/tavolata\/#breadcrumb\",\"itemListElement\":[{\"@type\":\"ListItem\",\"position\":1,\"name\":\"Accueil\",\"item\":\"https:\/\/portesdesiris.ch\/de\/\"},{\"@type\":\"ListItem\",\"position\":2,\"name\":\"Unternehmen\",\"item\":\"https:\/\/portesdesiris.ch\/de\/unternehmen\/\"},{\"@type\":\"ListItem\",\"position\":3,\"name\":\"La Table Secr\u00e8te du Ch\u00e2teau Une Exp\u00e9rience VIP hors du temps\"}]},{\"@type\":\"WebSite\",\"@id\":\"https:\/\/portesdesiris.ch\/de\/#website\",\"url\":\"https:\/\/portesdesiris.ch\/de\/\",\"name\":\"Portes des Iris\",\"description\":\"\",\"potentialAction\":[{\"@type\":\"SearchAction\",\"target\":{\"@type\":\"EntryPoint\",\"urlTemplate\":\"https:\/\/portesdesiris.ch\/de\/?s={search_term_string}\"},\"query-input\":{\"@type\":\"PropertyValueSpecification\",\"valueRequired\":true,\"valueName\":\"search_term_string\"}}],\"inLanguage\":\"de\"}]}<\/script>\n<!-- \/ Yoast SEO plugin. -->","yoast_head_json":{"title":"La Table Secr\u00e8te du Ch\u00e2teau  Une Exp\u00e9rience VIP hors du temps - Portes des Iris","description":"Pour votre prochain \u00e9v\u00e9nement d'exception, nous vous ouvrons les portes de cet espace surprenant et hors du commun. \u00a0Sous les pierres s\u00e9culaires dans ce lieu \u00e0 la fois brut et solennel, vos convives prendront place pour un moment absolument hors du commun","robots":{"index":"index","follow":"follow","max-snippet":"max-snippet:-1","max-image-preview":"max-image-preview:large","max-video-preview":"max-video-preview:-1"},"canonical":"https:\/\/portesdesiris.ch\/de\/unternehmen\/tavolata\/","og_locale":"de_DE","og_type":"article","og_title":"La Table Secr\u00e8te du Ch\u00e2teau  Une Exp\u00e9rience VIP hors du temps - Portes des Iris","og_description":"Pour votre prochain \u00e9v\u00e9nement d'exception, nous vous ouvrons les portes de cet espace surprenant et hors du commun. \u00a0Sous les pierres s\u00e9culaires dans ce lieu \u00e0 la fois brut et solennel, vos convives prendront place pour un moment absolument hors du commun","og_url":"https:\/\/portesdesiris.ch\/de\/unternehmen\/tavolata\/","og_site_name":"Portes des Iris","article_publisher":"https:\/\/www.facebook.com\/portesdesiris\/","article_modified_time":"2026-01-31T19:22:32+00:00","og_image":[{"width":1000,"height":667,"url":"https:\/\/portesdesiris.ch\/wp-content\/uploads\/2025\/12\/SwissPerfection_stacycamera.webp","type":"image\/jpeg"}],"twitter_card":"summary_large_image","twitter_misc":{"Gesch\u00e4tzte Lesezeit":"2\u00a0Minuten"},"schema":{"@context":"https:\/\/schema.org","@graph":[{"@type":"WebPage","@id":"https:\/\/portesdesiris.ch\/de\/unternehmen\/tavolata\/","url":"https:\/\/portesdesiris.ch\/de\/unternehmen\/tavolata\/","name":"La Table Secr\u00e8te du Ch\u00e2teau Une Exp\u00e9rience VIP hors du temps - Portes des Iris","isPartOf":{"@id":"https:\/\/portesdesiris.ch\/de\/#website"},"primaryImageOfPage":{"@id":"https:\/\/portesdesiris.ch\/de\/unternehmen\/tavolata\/#primaryimage"},"image":{"@id":"https:\/\/portesdesiris.ch\/de\/unternehmen\/tavolata\/#primaryimage"},"thumbnailUrl":"https:\/\/portesdesiris.ch\/wp-content\/uploads\/2025\/12\/SwissPerfection_stacycamera.webp","datePublished":"2025-11-22T12:26:28+00:00","dateModified":"2026-01-31T19:22:32+00:00","description":"Pour votre prochain \u00e9v\u00e9nement d'exception, nous vous ouvrons les portes de cet espace surprenant et hors du commun. \u00a0Sous les pierres s\u00e9culaires dans ce lieu \u00e0 la fois brut et solennel, vos convives prendront place pour un moment absolument hors du commun","breadcrumb":{"@id":"https:\/\/portesdesiris.ch\/de\/unternehmen\/tavolata\/#breadcrumb"},"inLanguage":"de","potentialAction":[{"@type":"ReadAction","target":["https:\/\/portesdesiris.ch\/de\/unternehmen\/tavolata\/"]}]},{"@type":"ImageObject","inLanguage":"de","@id":"https:\/\/portesdesiris.ch\/de\/unternehmen\/tavolata\/#primaryimage","url":"https:\/\/portesdesiris.ch\/wp-content\/uploads\/2025\/12\/SwissPerfection_stacycamera.webp","contentUrl":"https:\/\/portesdesiris.ch\/wp-content\/uploads\/2025\/12\/SwissPerfection_stacycamera.webp","width":1000,"height":667},{"@type":"BreadcrumbList","@id":"https:\/\/portesdesiris.ch\/de\/unternehmen\/tavolata\/#breadcrumb","itemListElement":[{"@type":"ListItem","position":1,"name":"Accueil","item":"https:\/\/portesdesiris.ch\/de\/"},{"@type":"ListItem","position":2,"name":"Unternehmen","item":"https:\/\/portesdesiris.ch\/de\/unternehmen\/"},{"@type":"ListItem","position":3,"name":"La Table Secr\u00e8te du Ch\u00e2teau Une Exp\u00e9rience VIP hors du temps"}]},{"@type":"WebSite","@id":"https:\/\/portesdesiris.ch\/de\/#website","url":"https:\/\/portesdesiris.ch\/de\/","name":"Portes des Iris","description":"","potentialAction":[{"@type":"SearchAction","target":{"@type":"EntryPoint","urlTemplate":"https:\/\/portesdesiris.ch\/de\/?s={search_term_string}"},"query-input":{"@type":"PropertyValueSpecification","valueRequired":true,"valueName":"search_term_string"}}],"inLanguage":"de"}]}},"_links":{"self":[{"href":"https:\/\/portesdesiris.ch\/de\/wp-json\/wp\/v2\/pages\/19726","targetHints":{"allow":["GET"]}}],"collection":[{"href":"https:\/\/portesdesiris.ch\/de\/wp-json\/wp\/v2\/pages"}],"about":[{"href":"https:\/\/portesdesiris.ch\/de\/wp-json\/wp\/v2\/types\/page"}],"author":[{"embeddable":true,"href":"https:\/\/portesdesiris.ch\/de\/wp-json\/wp\/v2\/users\/15"}],"replies":[{"embeddable":true,"href":"https:\/\/portesdesiris.ch\/de\/wp-json\/wp\/v2\/comments?post=19726"}],"version-history":[{"count":7,"href":"https:\/\/portesdesiris.ch\/de\/wp-json\/wp\/v2\/pages\/19726\/revisions"}],"predecessor-version":[{"id":19896,"href":"https:\/\/portesdesiris.ch\/de\/wp-json\/wp\/v2\/pages\/19726\/revisions\/19896"}],"up":[{"embeddable":true,"href":"https:\/\/portesdesiris.ch\/de\/wp-json\/wp\/v2\/pages\/2102"}],"wp:featuredmedia":[{"embeddable":true,"href":"https:\/\/portesdesiris.ch\/de\/wp-json\/wp\/v2\/media\/19774"}],"wp:attachment":[{"href":"https:\/\/portesdesiris.ch\/de\/wp-json\/wp\/v2\/media?parent=19726"}],"curies":[{"name":"wp","href":"https:\/\/api.w.org\/{rel}","templated":true}]}}