{"id":12419,"date":"2021-04-26T08:33:02","date_gmt":"2021-04-26T06:33:02","guid":{"rendered":"https:\/\/portesdesiris.ch\/vins\/"},"modified":"2022-12-19T14:56:07","modified_gmt":"2022-12-19T13:56:07","slug":"vins","status":"publish","type":"page","link":"https:\/\/portesdesiris.ch\/de\/vins\/","title":{"rendered":"Die Weine"},"content":{"rendered":"\n<style type=\"text\/css\">\n\t#feslider-12419 {\n\t\tmargin-bottom: 10px;\n\t}\n<\/style>\n\n<div id=\"feslider-12419\" class=\"feslider harislab-feslider slider-pro\">\n\t<div class=\"sp-slides\">\n\n\t\n\t\t<div class=\"sp-slide\">\n\t\t\t<img decoding=\"async\" class=\"sp-image\" src=\"\" data-src=\"https:\/\/portesdesiris.ch\/wp-content\/uploads\/2021\/12\/DJI_0044_Chateau_de_Vullierens_photo_Regis_Colombo_2021-copie.jpg\">\n\n\t\t\t\n\t\t\t<p class=\"sp-layer sp-black sp-padding feslider-caption\"\n\t\t\t\tdata-position=\"bottomLeft\" data-horizontal=\"10%\" data-vertical=\"35px\" data-width=\"80%\"\n\t\t\t\tdata-show-transition=\"up\" data-show-delay=\"400\">\n\t\t\t\t(c) R\u00e9gis Colombo\nwww.regiscolombo.ch\t\t\t<\/p>\n\n\t\t\t\t\t<\/div>\n\n\t\n\t\t<div class=\"sp-slide\">\n\t\t\t<img decoding=\"async\" class=\"sp-image\" src=\"\" data-src=\"https:\/\/portesdesiris.ch\/wp-content\/uploads\/2021\/11\/DJI_0133_Regis_Colombo_2018-copie-scaled-e1637241947656.jpg\">\n\n\t\t\t\n\t\t\t<p class=\"sp-layer sp-black sp-padding feslider-caption\"\n\t\t\t\tdata-position=\"bottomLeft\" data-horizontal=\"10%\" data-vertical=\"35px\" data-width=\"80%\"\n\t\t\t\tdata-show-transition=\"up\" data-show-delay=\"400\">\n\t\t\t\t(c) R\u00e9gis Colombo\nwww.regiscolombo.ch\t\t\t<\/p>\n\n\t\t\t\t\t<\/div>\n\n\t\n\t\t<div class=\"sp-slide\">\n\t\t\t<img decoding=\"async\" class=\"sp-image\" src=\"\" data-src=\"https:\/\/portesdesiris.ch\/wp-content\/uploads\/2021\/12\/0510-copie.jpg\">\n\n\t\t\t\t\t<\/div>\n\n\t\n\t<\/div>\n<\/div>\n\n<div class=\"flex flex-wrap w-full lg:w-9\/12 lg:relative\">\n<h1 class=\"text-green leading-6 font-normal w-full normal-case lg:w-full lg:leading-6 xl:leading-8 mb-4 sm:m-0\" style=\"text-align: center;\">10 REBSORTEN<br \/>\n6 HEKTAR GROSSEN WEINBERGE<br \/>\n6 WEINE<\/h1>\n<p>&nbsp;<\/p>\n<\/div>\n<div class=\"desc\">\n<p>Die historischen Rebfl\u00e4chen erstrecken sich im S\u00fcden des Schlosses auf mehr als 6 Hektar. Seit vielen Jahren wird auf dem gesamten Gut \u00f6kologischer Weinbau betrieben. Dies beinhaltet die Beobachtung der Reife nach Parzellen zur Bestimmung des Erntedatums, einen limitierten Ertrag je Rebstock, Handlese und Sortierung der Trauben zur Sortenreinhaltung.<\/p>\n<p>Zu den ausgebauten Sorten geh\u00f6ren A<span class=\"s1\">rbane,<\/span>\u00a0Chasselas, Chardonnay, Pinot meunier, Petit meslier, Pinot Noir, Gamay, Gamaret, Garanoir et Galotta<span class=\"s1\">.<span class=\"Apple-converted-space\">\u00a0<\/span><\/span><\/p>\n<p>Werden Sie f\u00fcr Liebhaber guter Weine Mitglied unseres <a href=\"https:\/\/chateauvullierens.ch\/de\/weine-club-2\/\">Wein klubs<\/a> und genie\u00dfen Sie viele Vorteile bei Ihren Eink\u00e4ufen, aber auch eine Verkostung, die von unserem \u00d6nologen in einem privaten Keller des Schlosses begleitet wird. <a href=\"https:\/\/chateauvullierens.ch\/de\/der-weinberg-und-seine-weine\/\">Die Weine des Ch\u00e2teau de Vullierens<\/a> k\u00f6nnen w\u00e4hrend der Er\u00f6ffnung der G\u00e4rten in der Boutique verkostet und gekauft werden.<\/p>\n<p>Die 6 verf\u00fcgbaren Crus sind wie folgt: Chasselas, Galotta, Gamaret, Garanoir, Pinot Noir und Ros\u00e9 de Gamaret-Garanoir.<\/p>\n<p>Verkauf auf dem Anwesen ganzj\u00e4hrig \u00fcber die folgende Nummer 021 869 88 80 oder in unserem <a href=\"https:\/\/chateauvullierens.ch\/categorie-produit\/vins-du-domaine\/\">Online-Shop.<\/a><\/p>\n<\/div>\n<p style=\"text-align: center;\"><img loading=\"lazy\" decoding=\"async\" class=\"alignnone wp-image-12382\" src=\"https:\/\/portesdesiris.ch\/wp-content\/uploads\/2021\/04\/Vin_Chasselas_2019-328x1024.jpg\" alt=\"\" width=\"188\" height=\"587\" srcset=\"https:\/\/portesdesiris.ch\/wp-content\/uploads\/2021\/04\/Vin_Chasselas_2019-328x1024.jpg 328w, https:\/\/portesdesiris.ch\/wp-content\/uploads\/2021\/04\/Vin_Chasselas_2019-96x300.jpg 96w, https:\/\/portesdesiris.ch\/wp-content\/uploads\/2021\/04\/Vin_Chasselas_2019-768x2400.jpg 768w, https:\/\/portesdesiris.ch\/wp-content\/uploads\/2021\/04\/Vin_Chasselas_2019-492x1536.jpg 492w, https:\/\/portesdesiris.ch\/wp-content\/uploads\/2021\/04\/Vin_Chasselas_2019-655x2048.jpg 655w, https:\/\/portesdesiris.ch\/wp-content\/uploads\/2021\/04\/Vin_Chasselas_2019-scaled.jpg 614w\" sizes=\"auto, (max-width: 188px) 100vw, 188px\" \/>\u00a0 \u00a0 \u00a0 \u00a0<img loading=\"lazy\" decoding=\"async\" class=\"alignnone wp-image-12388\" src=\"https:\/\/portesdesiris.ch\/wp-content\/uploads\/2021\/04\/Vin_Gamaret-Garanoir-Rose-2019-328x1024.jpg\" alt=\"\" width=\"188\" height=\"587\" srcset=\"https:\/\/portesdesiris.ch\/wp-content\/uploads\/2021\/04\/Vin_Gamaret-Garanoir-Rose-2019-328x1024.jpg 328w, https:\/\/portesdesiris.ch\/wp-content\/uploads\/2021\/04\/Vin_Gamaret-Garanoir-Rose-2019-96x300.jpg 96w, https:\/\/portesdesiris.ch\/wp-content\/uploads\/2021\/04\/Vin_Gamaret-Garanoir-Rose-2019-768x2400.jpg 768w, https:\/\/portesdesiris.ch\/wp-content\/uploads\/2021\/04\/Vin_Gamaret-Garanoir-Rose-2019-492x1536.jpg 492w, https:\/\/portesdesiris.ch\/wp-content\/uploads\/2021\/04\/Vin_Gamaret-Garanoir-Rose-2019-655x2048.jpg 655w, https:\/\/portesdesiris.ch\/wp-content\/uploads\/2021\/04\/Vin_Gamaret-Garanoir-Rose-2019-scaled.jpg 614w\" sizes=\"auto, (max-width: 188px) 100vw, 188px\" \/>\u00a0 \u00a0 \u00a0\u00a0<img loading=\"lazy\" decoding=\"async\" class=\"alignnone wp-image-12385\" src=\"https:\/\/portesdesiris.ch\/wp-content\/uploads\/2021\/04\/Vin_Galotta_2018-328x1024.jpg\" alt=\"\" width=\"188\" height=\"587\" srcset=\"https:\/\/portesdesiris.ch\/wp-content\/uploads\/2021\/04\/Vin_Galotta_2018-328x1024.jpg 328w, https:\/\/portesdesiris.ch\/wp-content\/uploads\/2021\/04\/Vin_Galotta_2018-96x300.jpg 96w, https:\/\/portesdesiris.ch\/wp-content\/uploads\/2021\/04\/Vin_Galotta_2018-768x2400.jpg 768w, https:\/\/portesdesiris.ch\/wp-content\/uploads\/2021\/04\/Vin_Galotta_2018-492x1536.jpg 492w, https:\/\/portesdesiris.ch\/wp-content\/uploads\/2021\/04\/Vin_Galotta_2018-655x2048.jpg 655w, https:\/\/portesdesiris.ch\/wp-content\/uploads\/2021\/04\/Vin_Galotta_2018-scaled.jpg 614w\" sizes=\"auto, (max-width: 188px) 100vw, 188px\" \/><\/p>\n<p>&nbsp;<\/p>\n<p style=\"text-align: center;\"><img loading=\"lazy\" decoding=\"async\" class=\"alignnone size-thumbnail wp-image-12392\" src=\"https:\/\/portesdesiris.ch\/wp-content\/uploads\/2021\/04\/GPVS-argent_30x300-150x150.png\" alt=\"\" width=\"150\" height=\"150\" srcset=\"https:\/\/portesdesiris.ch\/wp-content\/uploads\/2021\/04\/GPVS-argent_30x300-150x150.png 150w, https:\/\/portesdesiris.ch\/wp-content\/uploads\/2021\/04\/GPVS-argent_30x300.png 300w\" sizes=\"auto, (max-width: 150px) 100vw, 150px\" \/>\u00a0 \u00a0 \u00a0 \u00a0\u00a0<img loading=\"lazy\" decoding=\"async\" class=\"alignnone size-thumbnail wp-image-12395\" src=\"https:\/\/portesdesiris.ch\/wp-content\/uploads\/2021\/04\/GPVS-or_300x300-150x150.png\" alt=\"\" width=\"150\" height=\"150\" srcset=\"https:\/\/portesdesiris.ch\/wp-content\/uploads\/2021\/04\/GPVS-or_300x300-150x150.png 150w, https:\/\/portesdesiris.ch\/wp-content\/uploads\/2021\/04\/GPVS-or_300x300.png 300w\" sizes=\"auto, (max-width: 150px) 100vw, 150px\" \/>\u00a0 \u00a0 \u00a0\u00a0<img loading=\"lazy\" decoding=\"async\" class=\"alignnone size-thumbnail wp-image-12398\" src=\"https:\/\/portesdesiris.ch\/wp-content\/uploads\/2021\/04\/Vin_Vaudois_Argent_30x300-150x150.png\" alt=\"\" width=\"150\" height=\"150\" srcset=\"https:\/\/portesdesiris.ch\/wp-content\/uploads\/2021\/04\/Vin_Vaudois_Argent_30x300-150x150.png 150w, https:\/\/portesdesiris.ch\/wp-content\/uploads\/2021\/04\/Vin_Vaudois_Argent_30x300.png 300w\" sizes=\"auto, (max-width: 150px) 100vw, 150px\" \/>\u00a0 \u00a0 \u00a0\u00a0<img loading=\"lazy\" decoding=\"async\" class=\"alignnone size-thumbnail wp-image-12401\" src=\"https:\/\/portesdesiris.ch\/wp-content\/uploads\/2021\/04\/Vin_Vaudois_Or_300x300-150x150.png\" alt=\"\" width=\"150\" height=\"150\" srcset=\"https:\/\/portesdesiris.ch\/wp-content\/uploads\/2021\/04\/Vin_Vaudois_Or_300x300-150x150.png 150w, https:\/\/portesdesiris.ch\/wp-content\/uploads\/2021\/04\/Vin_Vaudois_Or_300x300.png 300w\" sizes=\"auto, (max-width: 150px) 100vw, 150px\" \/>\u00a0 \u00a0 \u00a0 \u00a0<img loading=\"lazy\" decoding=\"async\" class=\"alignnone size-thumbnail wp-image-12404\" src=\"https:\/\/portesdesiris.ch\/wp-content\/uploads\/2021\/04\/Falstaff_300x300-150x150.png\" alt=\"\" width=\"150\" height=\"150\" srcset=\"https:\/\/portesdesiris.ch\/wp-content\/uploads\/2021\/04\/Falstaff_300x300-150x150.png 150w, https:\/\/portesdesiris.ch\/wp-content\/uploads\/2021\/04\/Falstaff_300x300.png 300w\" sizes=\"auto, (max-width: 150px) 100vw, 150px\" \/><\/p>\n","protected":false},"excerpt":{"rendered":"<p>5 Rebsorten, 6 Hektar grossen Weinberge und 7 Weine<\/p>\n","protected":false},"author":6,"featured_media":12417,"parent":0,"menu_order":0,"comment_status":"closed","ping_status":"closed","template":"","meta":{"_acf_changed":false,"footnotes":""},"class_list":["post-12419","page","type-page","status-publish","has-post-thumbnail","hentry"],"acf":[],"yoast_head":"<!-- This site is optimized with the Yoast SEO plugin v26.7 - https:\/\/yoast.com\/wordpress\/plugins\/seo\/ -->\n<title>Die Weine - Portes des Iris<\/title>\n<meta name=\"robots\" content=\"index, follow, max-snippet:-1, max-image-preview:large, max-video-preview:-1\" \/>\n<link rel=\"canonical\" href=\"https:\/\/portesdesiris.ch\/vins-vaudois\/\" \/>\n<meta property=\"og:locale\" content=\"de_DE\" \/>\n<meta property=\"og:type\" content=\"article\" \/>\n<meta property=\"og:title\" content=\"Die Weine - Portes des Iris\" \/>\n<meta property=\"og:description\" content=\"5 Rebsorten, 6 Hektar grossen Weinberge und 7 Weine\" \/>\n<meta property=\"og:url\" content=\"https:\/\/portesdesiris.ch\/vins-vaudois\/\" \/>\n<meta property=\"og:site_name\" content=\"Portes des Iris\" \/>\n<meta property=\"article:publisher\" content=\"https:\/\/www.facebook.com\/portesdesiris\/\" \/>\n<meta property=\"article:modified_time\" content=\"2022-12-19T13:56:07+00:00\" \/>\n<meta property=\"og:image\" content=\"https:\/\/portesdesiris.ch\/wp-content\/uploads\/2021\/04\/IMG_0199-1024x768.jpg\" \/>\n\t<meta property=\"og:image:width\" content=\"1024\" \/>\n\t<meta property=\"og:image:height\" content=\"768\" \/>\n\t<meta property=\"og:image:type\" content=\"image\/jpeg\" \/>\n<meta name=\"twitter:card\" content=\"summary_large_image\" \/>\n<meta name=\"twitter:label1\" content=\"Gesch\u00e4tzte Lesezeit\" \/>\n\t<meta name=\"twitter:data1\" content=\"3\u00a0Minuten\" \/>\n<script type=\"application\/ld+json\" class=\"yoast-schema-graph\">{\"@context\":\"https:\/\/schema.org\",\"@graph\":[{\"@type\":\"WebPage\",\"@id\":\"https:\/\/portesdesiris.ch\/vins-vaudois\/\",\"url\":\"https:\/\/portesdesiris.ch\/vins-vaudois\/\",\"name\":\"Die Weine - Portes des Iris\",\"isPartOf\":{\"@id\":\"https:\/\/portesdesiris.ch\/de\/#website\"},\"primaryImageOfPage\":{\"@id\":\"https:\/\/portesdesiris.ch\/vins-vaudois\/#primaryimage\"},\"image\":{\"@id\":\"https:\/\/portesdesiris.ch\/vins-vaudois\/#primaryimage\"},\"thumbnailUrl\":\"https:\/\/portesdesiris.ch\/wp-content\/uploads\/2021\/04\/IMG_0199.jpg\",\"datePublished\":\"2021-04-26T06:33:02+00:00\",\"dateModified\":\"2022-12-19T13:56:07+00:00\",\"breadcrumb\":{\"@id\":\"https:\/\/portesdesiris.ch\/vins-vaudois\/#breadcrumb\"},\"inLanguage\":\"de\",\"potentialAction\":[{\"@type\":\"ReadAction\",\"target\":[\"https:\/\/portesdesiris.ch\/vins-vaudois\/\"]}]},{\"@type\":\"ImageObject\",\"inLanguage\":\"de\",\"@id\":\"https:\/\/portesdesiris.ch\/vins-vaudois\/#primaryimage\",\"url\":\"https:\/\/portesdesiris.ch\/wp-content\/uploads\/2021\/04\/IMG_0199.jpg\",\"contentUrl\":\"https:\/\/portesdesiris.ch\/wp-content\/uploads\/2021\/04\/IMG_0199.jpg\",\"width\":2560,\"height\":1920},{\"@type\":\"BreadcrumbList\",\"@id\":\"https:\/\/portesdesiris.ch\/vins-vaudois\/#breadcrumb\",\"itemListElement\":[{\"@type\":\"ListItem\",\"position\":1,\"name\":\"Accueil\",\"item\":\"https:\/\/portesdesiris.ch\/de\/\"},{\"@type\":\"ListItem\",\"position\":2,\"name\":\"Die Weine\"}]},{\"@type\":\"WebSite\",\"@id\":\"https:\/\/portesdesiris.ch\/de\/#website\",\"url\":\"https:\/\/portesdesiris.ch\/de\/\",\"name\":\"Portes des Iris\",\"description\":\"\",\"potentialAction\":[{\"@type\":\"SearchAction\",\"target\":{\"@type\":\"EntryPoint\",\"urlTemplate\":\"https:\/\/portesdesiris.ch\/de\/?s={search_term_string}\"},\"query-input\":{\"@type\":\"PropertyValueSpecification\",\"valueRequired\":true,\"valueName\":\"search_term_string\"}}],\"inLanguage\":\"de\"}]}<\/script>\n<!-- \/ Yoast SEO plugin. -->","yoast_head_json":{"title":"Die Weine - Portes des Iris","robots":{"index":"index","follow":"follow","max-snippet":"max-snippet:-1","max-image-preview":"max-image-preview:large","max-video-preview":"max-video-preview:-1"},"canonical":"https:\/\/portesdesiris.ch\/vins-vaudois\/","og_locale":"de_DE","og_type":"article","og_title":"Die Weine - Portes des Iris","og_description":"5 Rebsorten, 6 Hektar grossen Weinberge und 7 Weine","og_url":"https:\/\/portesdesiris.ch\/vins-vaudois\/","og_site_name":"Portes des Iris","article_publisher":"https:\/\/www.facebook.com\/portesdesiris\/","article_modified_time":"2022-12-19T13:56:07+00:00","og_image":[{"width":1024,"height":768,"url":"https:\/\/portesdesiris.ch\/wp-content\/uploads\/2021\/04\/IMG_0199-1024x768.jpg","type":"image\/jpeg"}],"twitter_card":"summary_large_image","twitter_misc":{"Gesch\u00e4tzte Lesezeit":"3\u00a0Minuten"},"schema":{"@context":"https:\/\/schema.org","@graph":[{"@type":"WebPage","@id":"https:\/\/portesdesiris.ch\/vins-vaudois\/","url":"https:\/\/portesdesiris.ch\/vins-vaudois\/","name":"Die Weine - Portes des Iris","isPartOf":{"@id":"https:\/\/portesdesiris.ch\/de\/#website"},"primaryImageOfPage":{"@id":"https:\/\/portesdesiris.ch\/vins-vaudois\/#primaryimage"},"image":{"@id":"https:\/\/portesdesiris.ch\/vins-vaudois\/#primaryimage"},"thumbnailUrl":"https:\/\/portesdesiris.ch\/wp-content\/uploads\/2021\/04\/IMG_0199.jpg","datePublished":"2021-04-26T06:33:02+00:00","dateModified":"2022-12-19T13:56:07+00:00","breadcrumb":{"@id":"https:\/\/portesdesiris.ch\/vins-vaudois\/#breadcrumb"},"inLanguage":"de","potentialAction":[{"@type":"ReadAction","target":["https:\/\/portesdesiris.ch\/vins-vaudois\/"]}]},{"@type":"ImageObject","inLanguage":"de","@id":"https:\/\/portesdesiris.ch\/vins-vaudois\/#primaryimage","url":"https:\/\/portesdesiris.ch\/wp-content\/uploads\/2021\/04\/IMG_0199.jpg","contentUrl":"https:\/\/portesdesiris.ch\/wp-content\/uploads\/2021\/04\/IMG_0199.jpg","width":2560,"height":1920},{"@type":"BreadcrumbList","@id":"https:\/\/portesdesiris.ch\/vins-vaudois\/#breadcrumb","itemListElement":[{"@type":"ListItem","position":1,"name":"Accueil","item":"https:\/\/portesdesiris.ch\/de\/"},{"@type":"ListItem","position":2,"name":"Die Weine"}]},{"@type":"WebSite","@id":"https:\/\/portesdesiris.ch\/de\/#website","url":"https:\/\/portesdesiris.ch\/de\/","name":"Portes des Iris","description":"","potentialAction":[{"@type":"SearchAction","target":{"@type":"EntryPoint","urlTemplate":"https:\/\/portesdesiris.ch\/de\/?s={search_term_string}"},"query-input":{"@type":"PropertyValueSpecification","valueRequired":true,"valueName":"search_term_string"}}],"inLanguage":"de"}]}},"_links":{"self":[{"href":"https:\/\/portesdesiris.ch\/de\/wp-json\/wp\/v2\/pages\/12419","targetHints":{"allow":["GET"]}}],"collection":[{"href":"https:\/\/portesdesiris.ch\/de\/wp-json\/wp\/v2\/pages"}],"about":[{"href":"https:\/\/portesdesiris.ch\/de\/wp-json\/wp\/v2\/types\/page"}],"author":[{"embeddable":true,"href":"https:\/\/portesdesiris.ch\/de\/wp-json\/wp\/v2\/users\/6"}],"replies":[{"embeddable":true,"href":"https:\/\/portesdesiris.ch\/de\/wp-json\/wp\/v2\/comments?post=12419"}],"version-history":[{"count":0,"href":"https:\/\/portesdesiris.ch\/de\/wp-json\/wp\/v2\/pages\/12419\/revisions"}],"wp:featuredmedia":[{"embeddable":true,"href":"https:\/\/portesdesiris.ch\/de\/wp-json\/wp\/v2\/media\/12417"}],"wp:attachment":[{"href":"https:\/\/portesdesiris.ch\/de\/wp-json\/wp\/v2\/media?parent=12419"}],"curies":[{"name":"wp","href":"https:\/\/api.w.org\/{rel}","templated":true}]}}